{"id":34283,"date":"2024-05-11T18:23:19","date_gmt":"2024-05-11T16:23:19","guid":{"rendered":"https:\/\/stephaniecesaire.com\/?post_type=product&#038;p=34283"},"modified":"2024-05-13T14:37:21","modified_gmt":"2024-05-13T12:37:21","slug":"%e3%83%8d%e3%82%aa%e3%82%ab%e3%83%bc%e3%83%ab%e3%83%bb%e7%9a%ba%e5%8a%a0%e5%b7%a5%e3%83%a9%e3%83%a0%e3%83%ac%e3%82%b6%e3%83%bc-%e6%b7%b1%e3%81%84%e3%83%bb%e3%82%ab%e3%83%bc%e3%82%ad","status":"publish","type":"product","link":"https:\/\/www.stephaniecesaire.com\/ja\/boutique\/%e3%83%90%e3%83%83%e3%82%b0\/neokarl-ja\/%e3%83%8d%e3%82%aa%e3%82%ab%e3%83%bc%e3%83%ab%e3%83%bb%e7%9a%ba%e5%8a%a0%e5%b7%a5%e3%83%a9%e3%83%a0%e3%83%ac%e3%82%b6%e3%83%bc-%e6%b7%b1%e3%81%84%e3%83%bb%e3%82%ab%e3%83%bc%e3%82%ad\/","title":{"rendered":"\u30cd\u30aa\u30ab\u30fc\u30eb\u30fb\u76ba\u52a0\u5de5\u30e9\u30e0\u30ec\u30b6\u30fc \u6df1\u3044\u30fb\u30ab\u30fc\u30ad"},"content":{"rendered":"<p><span lang=\"ZH-CN\">\u30cd\u30aa<\/span><span lang=\"ZH-CN\">\u30fb<\/span><span lang=\"ZH-CN\">\u30ab\u30fc\u30eb<\/span> <span lang=\"ZH-CN\">\u30d0\u30c3\u30b0\u306f\u3001\u67d4\u3089\u304b\u306a\u30ec\u30b6\u30fc\u306e\u30d1\u30c3\u30c1\u30ef\u30fc\u30af\u3067\u4f5c\u3089\u308c\u305f\u3001\u4e2d\u7a0b\u5ea6\u306e\u5927\u304d\u3055\u306e\u67d4\u3089\u304b\u3044\u30d0\u30c3\u30b0\u3067\u3059\u3002\u5e45\u5e83\u3044\u9769\u306e\u30d5\u30e9\u30c3\u30d7\u3067\u7559\u3081\u3001\u91d1\u5c5e\u306e\u30dc\u30bf\u30f3\u3067\u56fa\u5b9a\u3057\u307e\u3059\u3002\u30b7\u30e7\u30eb\u30c0\u30fc\u30b9\u30c8\u30e9\u30c3\u30d7\u306f\u5341\u5206\u306b\u9577\u304f\u3001\u30b7\u30e7\u30eb\u30c0\u30fc\u3067\u306e\u6301\u3061\u904b\u3073\u304c\u53ef\u80fd\u3067\u3059\u3002\u30c8\u30fc\u30d7\u306e\u7dbf\u30c4\u30a4\u30eb\u3067\u88cf\u6253\u3061\u3055\u308c\u3001\u5185\u5074\u306b\u306f\u30b8\u30c3\u30d7\u30dd\u30b1\u30c3\u30c8\u3068\u643a\u5e2f\u96fb\u8a71\u30dd\u30b1\u30c3\u30c8\u304c\u5099\u308f\u3063\u3066\u3044\u307e\u3059\u3002\u30d5\u30e9\u30f3\u30b9\u3067\u8077\u4eba\u6280\u306b\u3088\u3063\u3066\u88fd\u9020\u3055\u308c\u3066\u3044\u307e\u3059\u3002<\/span><\/p>\n","protected":false},"excerpt":{"rendered":"<p>\u3053\u306e\u67d4\u3089\u304b\u3044\u53f0\u5f62\u306e\u30d0\u30c3\u30b0\u3001\u30a2\u30f4\u30a1\u30f3\u30ae\u30e3\u30eb\u30c9\u3068\u30ce\u30b9\u30bf\u30eb\u30b8\u30a2\u304c\u8abf\u548c\u3057\u3001\u305d\u306e\u30a4\u30f3\u30b9\u30d4\u30ec\u30fc\u30b7\u30e7\u30f3\u3068\u540c\u3058\u304f\u3001\u771f\u306e\u73fe\u4ee3\u6027\u3092\u653e\u3063\u3066\u3044\u307e\u3059\u3002\u307e\u3063\u3059\u3050\u306a\u7dda\u3068\u66f2\u7dda\u304b\u3089\u6210\u308b\u3001\u9032\u5316\u3059\u308b\u30a2\u30fc\u30ad\u30c6\u30af\u30c1\u30e3\u306e\u30d1\u30c3\u30c1\u30ef\u30fc\u30af\u3092\u5f62\u4f5c\u308b\u6d41\u52d5\u7684\u306a\u30ec\u30b6\u30fc\u30dc\u30ea\u30e5\u30fc\u30e0\u3092\u7279\u5fb4\u3068\u3057\u3066\u3044\u307e\u3059\u3002\u4e38\u307f\u3092\u5e2f\u3073\u305f\u30b3\u30fc\u30ca\u30fc\u306e\u30d5\u30ed\u30f3\u30c8\u306f\u3001\u5358\u7d14\u306b\u9769\u306e\u30d5\u30e9\u30c3\u30d7\u3068\u91d1\u5c5e\u306e\u30dc\u30bf\u30f3\u3067\u98fe\u3089\u308c\u3001\u305d\u306e\u5927\u304d\u306a\u30b7\u30e7\u30eb\u30c0\u30fc\u30b9\u30c8\u30e9\u30c3\u30d7\u306f\u81ea\u7531\u3067\u73fe\u4ee3\u7684\u306a\u5370\u8c61\u3092\u4e0e\u3048\u307e\u3059\u3002<\/p>\n","protected":false},"featured_media":34272,"template":"","meta":[],"product_cat":[1567],"product_tag":[],"class_list":{"0":"post-34283","1":"product","2":"type-product","3":"status-publish","4":"has-post-thumbnail","6":"product_cat-neokarl-ja","7":"product_shipping_class-classe-de-livraison-3","8":"pa_porte-333","9":"pa_volume-335","11":"first","12":"outofstock","13":"taxable","14":"shipping-taxable","15":"purchasable","16":"product-type-simple"},"yoast_head":"<!-- This site is optimized with the Yoast SEO plugin v23.1 - https:\/\/yoast.com\/wordpress\/plugins\/seo\/ -->\n<title>\u30c8\u30fc\u30c8\u30d0\u30c3\u30b0 \u30cd\u30aa\u30ab\u30fc\u30eb\u30fb\u76ba\u52a0\u5de5\u30e9\u30e0\u30ec\u30b6\u30fc \u6df1\u3044\u30fb\u30ab\u30fc\u30ad - C\u00e9saire - Fabriqu\u00e9 en France<\/title>\n<meta name=\"description\" content=\"\u3053\u306e\u67d4\u3089\u304b\u3044\u53f0\u5f62\u306e\u30d0\u30c3\u30b0\u3001\u30a2\u30f4\u30a1\u30f3\u30ae\u30e3\u30eb\u30c9\u3068\u30ce\u30b9\u30bf\u30eb\u30b8\u30a2\u304c\u8abf\u548c\u3057\u3001\u305d\u306e\u30a4\u30f3\u30b9\u30d4\u30ec\u30fc\u30b7\u30e7\u30f3\u3068\u540c\u3058\u304f\u3001\u771f\u306e\u73fe\u4ee3\u6027\u3092\u653e\u3063\u3066\u3044\u307e\u3059\" \/>\n<meta name=\"robots\" content=\"index, follow, max-snippet:-1, max-image-preview:large, max-video-preview:-1\" \/>\n<link rel=\"canonical\" href=\"https:\/\/www.stephaniecesaire.com\/ja\/boutique\/%e3%83%90%e3%83%83%e3%82%b0\/neokarl-ja\/%e3%83%8d%e3%82%aa%e3%82%ab%e3%83%bc%e3%83%ab%e3%83%bb%e7%9a%ba%e5%8a%a0%e5%b7%a5%e3%83%a9%e3%83%a0%e3%83%ac%e3%82%b6%e3%83%bc-%e6%b7%b1%e3%81%84%e3%83%bb%e3%82%ab%e3%83%bc%e3%82%ad\/\" \/>\n<meta property=\"og:locale\" content=\"ja_JP\" \/>\n<meta property=\"og:type\" content=\"article\" \/>\n<meta property=\"og:title\" content=\"\u30c8\u30fc\u30c8\u30d0\u30c3\u30b0 \u30cd\u30aa\u30ab\u30fc\u30eb\u30fb\u76ba\u52a0\u5de5\u30e9\u30e0\u30ec\u30b6\u30fc \u6df1\u3044\u30fb\u30ab\u30fc\u30ad - C\u00e9saire - Fabriqu\u00e9 en France\" \/>\n<meta property=\"og:description\" content=\"\u3053\u306e\u67d4\u3089\u304b\u3044\u53f0\u5f62\u306e\u30d0\u30c3\u30b0\u3001\u30a2\u30f4\u30a1\u30f3\u30ae\u30e3\u30eb\u30c9\u3068\u30ce\u30b9\u30bf\u30eb\u30b8\u30a2\u304c\u8abf\u548c\u3057\u3001\u305d\u306e\u30a4\u30f3\u30b9\u30d4\u30ec\u30fc\u30b7\u30e7\u30f3\u3068\u540c\u3058\u304f\u3001\u771f\u306e\u73fe\u4ee3\u6027\u3092\u653e\u3063\u3066\u3044\u307e\u3059\" \/>\n<meta property=\"og:url\" content=\"https:\/\/www.stephaniecesaire.com\/ja\/boutique\/%e3%83%90%e3%83%83%e3%82%b0\/neokarl-ja\/%e3%83%8d%e3%82%aa%e3%82%ab%e3%83%bc%e3%83%ab%e3%83%bb%e7%9a%ba%e5%8a%a0%e5%b7%a5%e3%83%a9%e3%83%a0%e3%83%ac%e3%82%b6%e3%83%bc-%e6%b7%b1%e3%81%84%e3%83%bb%e3%82%ab%e3%83%bc%e3%82%ad\/\" \/>\n<meta property=\"og:site_name\" content=\"C\u00e9saire\" \/>\n<meta property=\"article:publisher\" content=\"https:\/\/www.facebook.com\/cesaireparis\/\" \/>\n<meta property=\"article:modified_time\" content=\"2024-05-13T12:37:21+00:00\" \/>\n<meta property=\"og:image\" content=\"https:\/\/www.stephaniecesaire.com\/wp-content\/uploads\/2024\/05\/NeokarlNUGKakiFace-jpg.webp\" \/>\n\t<meta property=\"og:image:width\" content=\"630\" \/>\n\t<meta property=\"og:image:height\" content=\"945\" \/>\n\t<meta property=\"og:image:type\" content=\"image\/jpeg\" \/>\n<meta name=\"twitter:card\" content=\"summary_large_image\" \/>\n<meta name=\"twitter:label1\" content=\"\u63a8\u5b9a\u8aad\u307f\u53d6\u308a\u6642\u9593\" \/>\n\t<meta name=\"twitter:data1\" content=\"1\u5206\" \/>\n<script type=\"application\/ld+json\" class=\"yoast-schema-graph\">{\"@context\":\"https:\/\/schema.org\",\"@graph\":[{\"@type\":\"WebPage\",\"@id\":\"https:\/\/www.stephaniecesaire.com\/ja\/boutique\/%e3%83%90%e3%83%83%e3%82%b0\/neokarl-ja\/%e3%83%8d%e3%82%aa%e3%82%ab%e3%83%bc%e3%83%ab%e3%83%bb%e7%9a%ba%e5%8a%a0%e5%b7%a5%e3%83%a9%e3%83%a0%e3%83%ac%e3%82%b6%e3%83%bc-%e6%b7%b1%e3%81%84%e3%83%bb%e3%82%ab%e3%83%bc%e3%82%ad\/\",\"url\":\"https:\/\/www.stephaniecesaire.com\/ja\/boutique\/%e3%83%90%e3%83%83%e3%82%b0\/neokarl-ja\/%e3%83%8d%e3%82%aa%e3%82%ab%e3%83%bc%e3%83%ab%e3%83%bb%e7%9a%ba%e5%8a%a0%e5%b7%a5%e3%83%a9%e3%83%a0%e3%83%ac%e3%82%b6%e3%83%bc-%e6%b7%b1%e3%81%84%e3%83%bb%e3%82%ab%e3%83%bc%e3%82%ad\/\",\"name\":\"\u30c8\u30fc\u30c8\u30d0\u30c3\u30b0 \u30cd\u30aa\u30ab\u30fc\u30eb\u30fb\u76ba\u52a0\u5de5\u30e9\u30e0\u30ec\u30b6\u30fc \u6df1\u3044\u30fb\u30ab\u30fc\u30ad - C\u00e9saire - Fabriqu\u00e9 en France\",\"isPartOf\":{\"@id\":\"https:\/\/www.stephaniecesaire.com\/ja\/#website\"},\"primaryImageOfPage\":{\"@id\":\"https:\/\/www.stephaniecesaire.com\/ja\/boutique\/%e3%83%90%e3%83%83%e3%82%b0\/neokarl-ja\/%e3%83%8d%e3%82%aa%e3%82%ab%e3%83%bc%e3%83%ab%e3%83%bb%e7%9a%ba%e5%8a%a0%e5%b7%a5%e3%83%a9%e3%83%a0%e3%83%ac%e3%82%b6%e3%83%bc-%e6%b7%b1%e3%81%84%e3%83%bb%e3%82%ab%e3%83%bc%e3%82%ad\/#primaryimage\"},\"image\":{\"@id\":\"https:\/\/www.stephaniecesaire.com\/ja\/boutique\/%e3%83%90%e3%83%83%e3%82%b0\/neokarl-ja\/%e3%83%8d%e3%82%aa%e3%82%ab%e3%83%bc%e3%83%ab%e3%83%bb%e7%9a%ba%e5%8a%a0%e5%b7%a5%e3%83%a9%e3%83%a0%e3%83%ac%e3%82%b6%e3%83%bc-%e6%b7%b1%e3%81%84%e3%83%bb%e3%82%ab%e3%83%bc%e3%82%ad\/#primaryimage\"},\"thumbnailUrl\":\"https:\/\/www.stephaniecesaire.com\/wp-content\/uploads\/2024\/05\/NeokarlNUGKakiFace-jpg.webp\",\"datePublished\":\"2024-05-11T16:23:19+00:00\",\"dateModified\":\"2024-05-13T12:37:21+00:00\",\"description\":\"\u3053\u306e\u67d4\u3089\u304b\u3044\u53f0\u5f62\u306e\u30d0\u30c3\u30b0\u3001\u30a2\u30f4\u30a1\u30f3\u30ae\u30e3\u30eb\u30c9\u3068\u30ce\u30b9\u30bf\u30eb\u30b8\u30a2\u304c\u8abf\u548c\u3057\u3001\u305d\u306e\u30a4\u30f3\u30b9\u30d4\u30ec\u30fc\u30b7\u30e7\u30f3\u3068\u540c\u3058\u304f\u3001\u771f\u306e\u73fe\u4ee3\u6027\u3092\u653e\u3063\u3066\u3044\u307e\u3059\",\"breadcrumb\":{\"@id\":\"https:\/\/www.stephaniecesaire.com\/ja\/boutique\/%e3%83%90%e3%83%83%e3%82%b0\/neokarl-ja\/%e3%83%8d%e3%82%aa%e3%82%ab%e3%83%bc%e3%83%ab%e3%83%bb%e7%9a%ba%e5%8a%a0%e5%b7%a5%e3%83%a9%e3%83%a0%e3%83%ac%e3%82%b6%e3%83%bc-%e6%b7%b1%e3%81%84%e3%83%bb%e3%82%ab%e3%83%bc%e3%82%ad\/#breadcrumb\"},\"inLanguage\":\"ja\",\"potentialAction\":[{\"@type\":\"ReadAction\",\"target\":[\"https:\/\/www.stephaniecesaire.com\/ja\/boutique\/%e3%83%90%e3%83%83%e3%82%b0\/neokarl-ja\/%e3%83%8d%e3%82%aa%e3%82%ab%e3%83%bc%e3%83%ab%e3%83%bb%e7%9a%ba%e5%8a%a0%e5%b7%a5%e3%83%a9%e3%83%a0%e3%83%ac%e3%82%b6%e3%83%bc-%e6%b7%b1%e3%81%84%e3%83%bb%e3%82%ab%e3%83%bc%e3%82%ad\/\"]}]},{\"@type\":\"ImageObject\",\"inLanguage\":\"ja\",\"@id\":\"https:\/\/www.stephaniecesaire.com\/ja\/boutique\/%e3%83%90%e3%83%83%e3%82%b0\/neokarl-ja\/%e3%83%8d%e3%82%aa%e3%82%ab%e3%83%bc%e3%83%ab%e3%83%bb%e7%9a%ba%e5%8a%a0%e5%b7%a5%e3%83%a9%e3%83%a0%e3%83%ac%e3%82%b6%e3%83%bc-%e6%b7%b1%e3%81%84%e3%83%bb%e3%82%ab%e3%83%bc%e3%82%ad\/#primaryimage\",\"url\":\"https:\/\/www.stephaniecesaire.com\/wp-content\/uploads\/2024\/05\/NeokarlNUGKakiFace-jpg.webp\",\"contentUrl\":\"https:\/\/www.stephaniecesaire.com\/wp-content\/uploads\/2024\/05\/NeokarlNUGKakiFace-jpg.webp\",\"width\":630,\"height\":945,\"caption\":\"\u30cd\u30aa\u30ab\u30fc\u30eb \u30bb\u30bc\u30fc\u30eb \u30d1\u30ea \u30b7\u30e7\u30c3\u30d4\u30f3\u30b0\u30d0\u30c3\u30b0 \u30d5\u30e9\u30f3\u30b9\u88fd\"},{\"@type\":\"BreadcrumbList\",\"@id\":\"https:\/\/www.stephaniecesaire.com\/ja\/boutique\/%e3%83%90%e3%83%83%e3%82%b0\/neokarl-ja\/%e3%83%8d%e3%82%aa%e3%82%ab%e3%83%bc%e3%83%ab%e3%83%bb%e7%9a%ba%e5%8a%a0%e5%b7%a5%e3%83%a9%e3%83%a0%e3%83%ac%e3%82%b6%e3%83%bc-%e6%b7%b1%e3%81%84%e3%83%bb%e3%82%ab%e3%83%bc%e3%82%ad\/#breadcrumb\",\"itemListElement\":[{\"@type\":\"ListItem\",\"position\":1,\"name\":\"Accueil\",\"item\":\"https:\/\/www.stephaniecesaire.com\/ja\/\"},{\"@type\":\"ListItem\",\"position\":2,\"name\":\"\u30b7\u30e7\u30c3\u30d7\",\"item\":\"https:\/\/www.stephaniecesaire.com\/ja\/%e3%82%b7%e3%83%a7%e3%83%83%e3%83%97\/\"},{\"@type\":\"ListItem\",\"position\":3,\"name\":\"\u30cd\u30aa\u30ab\u30fc\u30eb\u30fb\u76ba\u52a0\u5de5\u30e9\u30e0\u30ec\u30b6\u30fc \u6df1\u3044\u30fb\u30ab\u30fc\u30ad\"}]},{\"@type\":\"WebSite\",\"@id\":\"https:\/\/www.stephaniecesaire.com\/ja\/#website\",\"url\":\"https:\/\/www.stephaniecesaire.com\/ja\/\",\"name\":\"St\u00e9phanie C\u00e9saire\",\"description\":\"Sac cr\u00e9ateur made in France - Maroquinerie de luxe\",\"publisher\":{\"@id\":\"https:\/\/www.stephaniecesaire.com\/ja\/#organization\"},\"potentialAction\":[{\"@type\":\"SearchAction\",\"target\":{\"@type\":\"EntryPoint\",\"urlTemplate\":\"https:\/\/www.stephaniecesaire.com\/ja\/?s={search_term_string}\"},\"query-input\":\"required name=search_term_string\"}],\"inLanguage\":\"ja\"},{\"@type\":\"Organization\",\"@id\":\"https:\/\/www.stephaniecesaire.com\/ja\/#organization\",\"name\":\"St\u00e9phanie C\u00e9saire\",\"url\":\"https:\/\/www.stephaniecesaire.com\/ja\/\",\"logo\":{\"@type\":\"ImageObject\",\"inLanguage\":\"ja\",\"@id\":\"https:\/\/www.stephaniecesaire.com\/ja\/#\/schema\/logo\/image\/\",\"url\":\"https:\/\/www.stephaniecesaire.com\/wp-content\/uploads\/2023\/10\/favicon.png\",\"contentUrl\":\"https:\/\/www.stephaniecesaire.com\/wp-content\/uploads\/2023\/10\/favicon.png\",\"width\":512,\"height\":512,\"caption\":\"St\u00e9phanie C\u00e9saire\"},\"image\":{\"@id\":\"https:\/\/www.stephaniecesaire.com\/ja\/#\/schema\/logo\/image\/\"},\"sameAs\":[\"https:\/\/www.facebook.com\/cesaireparis\/\",\"https:\/\/www.pinterest.fr\/cesaireparis\/\",\"https:\/\/www.instagram.com\/cesaireparis.official\/\"]}]}<\/script>\n<!-- \/ Yoast SEO plugin. -->","yoast_head_json":{"title":"\u30c8\u30fc\u30c8\u30d0\u30c3\u30b0 \u30cd\u30aa\u30ab\u30fc\u30eb\u30fb\u76ba\u52a0\u5de5\u30e9\u30e0\u30ec\u30b6\u30fc \u6df1\u3044\u30fb\u30ab\u30fc\u30ad - C\u00e9saire - Fabriqu\u00e9 en France","description":"\u3053\u306e\u67d4\u3089\u304b\u3044\u53f0\u5f62\u306e\u30d0\u30c3\u30b0\u3001\u30a2\u30f4\u30a1\u30f3\u30ae\u30e3\u30eb\u30c9\u3068\u30ce\u30b9\u30bf\u30eb\u30b8\u30a2\u304c\u8abf\u548c\u3057\u3001\u305d\u306e\u30a4\u30f3\u30b9\u30d4\u30ec\u30fc\u30b7\u30e7\u30f3\u3068\u540c\u3058\u304f\u3001\u771f\u306e\u73fe\u4ee3\u6027\u3092\u653e\u3063\u3066\u3044\u307e\u3059","robots":{"index":"index","follow":"follow","max-snippet":"max-snippet:-1","max-image-preview":"max-image-preview:large","max-video-preview":"max-video-preview:-1"},"canonical":"https:\/\/www.stephaniecesaire.com\/ja\/boutique\/%e3%83%90%e3%83%83%e3%82%b0\/neokarl-ja\/%e3%83%8d%e3%82%aa%e3%82%ab%e3%83%bc%e3%83%ab%e3%83%bb%e7%9a%ba%e5%8a%a0%e5%b7%a5%e3%83%a9%e3%83%a0%e3%83%ac%e3%82%b6%e3%83%bc-%e6%b7%b1%e3%81%84%e3%83%bb%e3%82%ab%e3%83%bc%e3%82%ad\/","og_locale":"ja_JP","og_type":"article","og_title":"\u30c8\u30fc\u30c8\u30d0\u30c3\u30b0 \u30cd\u30aa\u30ab\u30fc\u30eb\u30fb\u76ba\u52a0\u5de5\u30e9\u30e0\u30ec\u30b6\u30fc \u6df1\u3044\u30fb\u30ab\u30fc\u30ad - C\u00e9saire - Fabriqu\u00e9 en France","og_description":"\u3053\u306e\u67d4\u3089\u304b\u3044\u53f0\u5f62\u306e\u30d0\u30c3\u30b0\u3001\u30a2\u30f4\u30a1\u30f3\u30ae\u30e3\u30eb\u30c9\u3068\u30ce\u30b9\u30bf\u30eb\u30b8\u30a2\u304c\u8abf\u548c\u3057\u3001\u305d\u306e\u30a4\u30f3\u30b9\u30d4\u30ec\u30fc\u30b7\u30e7\u30f3\u3068\u540c\u3058\u304f\u3001\u771f\u306e\u73fe\u4ee3\u6027\u3092\u653e\u3063\u3066\u3044\u307e\u3059","og_url":"https:\/\/www.stephaniecesaire.com\/ja\/boutique\/%e3%83%90%e3%83%83%e3%82%b0\/neokarl-ja\/%e3%83%8d%e3%82%aa%e3%82%ab%e3%83%bc%e3%83%ab%e3%83%bb%e7%9a%ba%e5%8a%a0%e5%b7%a5%e3%83%a9%e3%83%a0%e3%83%ac%e3%82%b6%e3%83%bc-%e6%b7%b1%e3%81%84%e3%83%bb%e3%82%ab%e3%83%bc%e3%82%ad\/","og_site_name":"C\u00e9saire","article_publisher":"https:\/\/www.facebook.com\/cesaireparis\/","article_modified_time":"2024-05-13T12:37:21+00:00","og_image":[{"width":630,"height":945,"url":"https:\/\/www.stephaniecesaire.com\/wp-content\/uploads\/2024\/05\/NeokarlNUGKakiFace-jpg.webp","type":"image\/jpeg"}],"twitter_card":"summary_large_image","twitter_misc":{"\u63a8\u5b9a\u8aad\u307f\u53d6\u308a\u6642\u9593":"1\u5206"},"schema":{"@context":"https:\/\/schema.org","@graph":[{"@type":"WebPage","@id":"https:\/\/www.stephaniecesaire.com\/ja\/boutique\/%e3%83%90%e3%83%83%e3%82%b0\/neokarl-ja\/%e3%83%8d%e3%82%aa%e3%82%ab%e3%83%bc%e3%83%ab%e3%83%bb%e7%9a%ba%e5%8a%a0%e5%b7%a5%e3%83%a9%e3%83%a0%e3%83%ac%e3%82%b6%e3%83%bc-%e6%b7%b1%e3%81%84%e3%83%bb%e3%82%ab%e3%83%bc%e3%82%ad\/","url":"https:\/\/www.stephaniecesaire.com\/ja\/boutique\/%e3%83%90%e3%83%83%e3%82%b0\/neokarl-ja\/%e3%83%8d%e3%82%aa%e3%82%ab%e3%83%bc%e3%83%ab%e3%83%bb%e7%9a%ba%e5%8a%a0%e5%b7%a5%e3%83%a9%e3%83%a0%e3%83%ac%e3%82%b6%e3%83%bc-%e6%b7%b1%e3%81%84%e3%83%bb%e3%82%ab%e3%83%bc%e3%82%ad\/","name":"\u30c8\u30fc\u30c8\u30d0\u30c3\u30b0 \u30cd\u30aa\u30ab\u30fc\u30eb\u30fb\u76ba\u52a0\u5de5\u30e9\u30e0\u30ec\u30b6\u30fc \u6df1\u3044\u30fb\u30ab\u30fc\u30ad - C\u00e9saire - Fabriqu\u00e9 en France","isPartOf":{"@id":"https:\/\/www.stephaniecesaire.com\/ja\/#website"},"primaryImageOfPage":{"@id":"https:\/\/www.stephaniecesaire.com\/ja\/boutique\/%e3%83%90%e3%83%83%e3%82%b0\/neokarl-ja\/%e3%83%8d%e3%82%aa%e3%82%ab%e3%83%bc%e3%83%ab%e3%83%bb%e7%9a%ba%e5%8a%a0%e5%b7%a5%e3%83%a9%e3%83%a0%e3%83%ac%e3%82%b6%e3%83%bc-%e6%b7%b1%e3%81%84%e3%83%bb%e3%82%ab%e3%83%bc%e3%82%ad\/#primaryimage"},"image":{"@id":"https:\/\/www.stephaniecesaire.com\/ja\/boutique\/%e3%83%90%e3%83%83%e3%82%b0\/neokarl-ja\/%e3%83%8d%e3%82%aa%e3%82%ab%e3%83%bc%e3%83%ab%e3%83%bb%e7%9a%ba%e5%8a%a0%e5%b7%a5%e3%83%a9%e3%83%a0%e3%83%ac%e3%82%b6%e3%83%bc-%e6%b7%b1%e3%81%84%e3%83%bb%e3%82%ab%e3%83%bc%e3%82%ad\/#primaryimage"},"thumbnailUrl":"https:\/\/www.stephaniecesaire.com\/wp-content\/uploads\/2024\/05\/NeokarlNUGKakiFace-jpg.webp","datePublished":"2024-05-11T16:23:19+00:00","dateModified":"2024-05-13T12:37:21+00:00","description":"\u3053\u306e\u67d4\u3089\u304b\u3044\u53f0\u5f62\u306e\u30d0\u30c3\u30b0\u3001\u30a2\u30f4\u30a1\u30f3\u30ae\u30e3\u30eb\u30c9\u3068\u30ce\u30b9\u30bf\u30eb\u30b8\u30a2\u304c\u8abf\u548c\u3057\u3001\u305d\u306e\u30a4\u30f3\u30b9\u30d4\u30ec\u30fc\u30b7\u30e7\u30f3\u3068\u540c\u3058\u304f\u3001\u771f\u306e\u73fe\u4ee3\u6027\u3092\u653e\u3063\u3066\u3044\u307e\u3059","breadcrumb":{"@id":"https:\/\/www.stephaniecesaire.com\/ja\/boutique\/%e3%83%90%e3%83%83%e3%82%b0\/neokarl-ja\/%e3%83%8d%e3%82%aa%e3%82%ab%e3%83%bc%e3%83%ab%e3%83%bb%e7%9a%ba%e5%8a%a0%e5%b7%a5%e3%83%a9%e3%83%a0%e3%83%ac%e3%82%b6%e3%83%bc-%e6%b7%b1%e3%81%84%e3%83%bb%e3%82%ab%e3%83%bc%e3%82%ad\/#breadcrumb"},"inLanguage":"ja","potentialAction":[{"@type":"ReadAction","target":["https:\/\/www.stephaniecesaire.com\/ja\/boutique\/%e3%83%90%e3%83%83%e3%82%b0\/neokarl-ja\/%e3%83%8d%e3%82%aa%e3%82%ab%e3%83%bc%e3%83%ab%e3%83%bb%e7%9a%ba%e5%8a%a0%e5%b7%a5%e3%83%a9%e3%83%a0%e3%83%ac%e3%82%b6%e3%83%bc-%e6%b7%b1%e3%81%84%e3%83%bb%e3%82%ab%e3%83%bc%e3%82%ad\/"]}]},{"@type":"ImageObject","inLanguage":"ja","@id":"https:\/\/www.stephaniecesaire.com\/ja\/boutique\/%e3%83%90%e3%83%83%e3%82%b0\/neokarl-ja\/%e3%83%8d%e3%82%aa%e3%82%ab%e3%83%bc%e3%83%ab%e3%83%bb%e7%9a%ba%e5%8a%a0%e5%b7%a5%e3%83%a9%e3%83%a0%e3%83%ac%e3%82%b6%e3%83%bc-%e6%b7%b1%e3%81%84%e3%83%bb%e3%82%ab%e3%83%bc%e3%82%ad\/#primaryimage","url":"https:\/\/www.stephaniecesaire.com\/wp-content\/uploads\/2024\/05\/NeokarlNUGKakiFace-jpg.webp","contentUrl":"https:\/\/www.stephaniecesaire.com\/wp-content\/uploads\/2024\/05\/NeokarlNUGKakiFace-jpg.webp","width":630,"height":945,"caption":"\u30cd\u30aa\u30ab\u30fc\u30eb \u30bb\u30bc\u30fc\u30eb \u30d1\u30ea \u30b7\u30e7\u30c3\u30d4\u30f3\u30b0\u30d0\u30c3\u30b0 \u30d5\u30e9\u30f3\u30b9\u88fd"},{"@type":"BreadcrumbList","@id":"https:\/\/www.stephaniecesaire.com\/ja\/boutique\/%e3%83%90%e3%83%83%e3%82%b0\/neokarl-ja\/%e3%83%8d%e3%82%aa%e3%82%ab%e3%83%bc%e3%83%ab%e3%83%bb%e7%9a%ba%e5%8a%a0%e5%b7%a5%e3%83%a9%e3%83%a0%e3%83%ac%e3%82%b6%e3%83%bc-%e6%b7%b1%e3%81%84%e3%83%bb%e3%82%ab%e3%83%bc%e3%82%ad\/#breadcrumb","itemListElement":[{"@type":"ListItem","position":1,"name":"Accueil","item":"https:\/\/www.stephaniecesaire.com\/ja\/"},{"@type":"ListItem","position":2,"name":"\u30b7\u30e7\u30c3\u30d7","item":"https:\/\/www.stephaniecesaire.com\/ja\/%e3%82%b7%e3%83%a7%e3%83%83%e3%83%97\/"},{"@type":"ListItem","position":3,"name":"\u30cd\u30aa\u30ab\u30fc\u30eb\u30fb\u76ba\u52a0\u5de5\u30e9\u30e0\u30ec\u30b6\u30fc \u6df1\u3044\u30fb\u30ab\u30fc\u30ad"}]},{"@type":"WebSite","@id":"https:\/\/www.stephaniecesaire.com\/ja\/#website","url":"https:\/\/www.stephaniecesaire.com\/ja\/","name":"St\u00e9phanie C\u00e9saire","description":"Sac cr\u00e9ateur made in France - Maroquinerie de luxe","publisher":{"@id":"https:\/\/www.stephaniecesaire.com\/ja\/#organization"},"potentialAction":[{"@type":"SearchAction","target":{"@type":"EntryPoint","urlTemplate":"https:\/\/www.stephaniecesaire.com\/ja\/?s={search_term_string}"},"query-input":"required name=search_term_string"}],"inLanguage":"ja"},{"@type":"Organization","@id":"https:\/\/www.stephaniecesaire.com\/ja\/#organization","name":"St\u00e9phanie C\u00e9saire","url":"https:\/\/www.stephaniecesaire.com\/ja\/","logo":{"@type":"ImageObject","inLanguage":"ja","@id":"https:\/\/www.stephaniecesaire.com\/ja\/#\/schema\/logo\/image\/","url":"https:\/\/www.stephaniecesaire.com\/wp-content\/uploads\/2023\/10\/favicon.png","contentUrl":"https:\/\/www.stephaniecesaire.com\/wp-content\/uploads\/2023\/10\/favicon.png","width":512,"height":512,"caption":"St\u00e9phanie C\u00e9saire"},"image":{"@id":"https:\/\/www.stephaniecesaire.com\/ja\/#\/schema\/logo\/image\/"},"sameAs":["https:\/\/www.facebook.com\/cesaireparis\/","https:\/\/www.pinterest.fr\/cesaireparis\/","https:\/\/www.instagram.com\/cesaireparis.official\/"]}]}},"_links":{"self":[{"href":"https:\/\/www.stephaniecesaire.com\/ja\/wp-json\/wp\/v2\/product\/34283","targetHints":{"allow":["GET"]}}],"collection":[{"href":"https:\/\/www.stephaniecesaire.com\/ja\/wp-json\/wp\/v2\/product"}],"about":[{"href":"https:\/\/www.stephaniecesaire.com\/ja\/wp-json\/wp\/v2\/types\/product"}],"wp:featuredmedia":[{"embeddable":true,"href":"https:\/\/www.stephaniecesaire.com\/ja\/wp-json\/wp\/v2\/media\/34272"}],"wp:attachment":[{"href":"https:\/\/www.stephaniecesaire.com\/ja\/wp-json\/wp\/v2\/media?parent=34283"}],"wp:term":[{"taxonomy":"product_cat","embeddable":true,"href":"https:\/\/www.stephaniecesaire.com\/ja\/wp-json\/wp\/v2\/product_cat?post=34283"},{"taxonomy":"product_tag","embeddable":true,"href":"https:\/\/www.stephaniecesaire.com\/ja\/wp-json\/wp\/v2\/product_tag?post=34283"}],"curies":[{"name":"wp","href":"https:\/\/api.w.org\/{rel}","templated":true}]}}