{"id":34741,"date":"2024-05-29T16:12:49","date_gmt":"2024-05-29T14:12:49","guid":{"rendered":"https:\/\/stephaniecesaire.com\/?post_type=product&#038;p=34741"},"modified":"2024-05-29T17:26:40","modified_gmt":"2024-05-29T15:26:40","slug":"%e3%82%ae%e3%83%a3%e3%83%ad%e3%83%83%e3%83%97%e3%83%bb%e4%b9%97%e7%94%a8%e9%a6%ac-%e3%82%ab%e3%83%bc%e3%83%95%e3%83%ac%e3%82%b6%e3%83%bc-%e3%83%96%e3%83%a9%e3%83%83%e3%82%af-copie","status":"publish","type":"product","link":"https:\/\/www.stephaniecesaire.com\/ja\/boutique\/%e3%83%90%e3%83%83%e3%82%b0\/%e3%82%ae%e3%83%a3%e3%83%ad%e3%83%83%e3%83%97\/%e3%82%ae%e3%83%a3%e3%83%ad%e3%83%83%e3%83%97%e3%83%bb%e4%b9%97%e7%94%a8%e9%a6%ac-%e3%82%ab%e3%83%bc%e3%83%95%e3%83%ac%e3%82%b6%e3%83%bc-%e3%83%96%e3%83%a9%e3%83%83%e3%82%af-copie\/","title":{"rendered":"\u30ae\u30e3\u30ed\u30c3\u30d7\u30fb\u4e57\u7528\u99ac \u30ab\u30fc\u30d5\u30ec\u30b6\u30fc\u30fb\u30b4\u30fc\u30eb\u30c9\uff06\u30d6\u30e9\u30c3\u30af"},"content":{"rendered":"<p>1\u30b3\u30f3\u30d1\u30fc\u30c8\u30e1\u30f3\u30c8\u306e\u5185\u90e8\u306b\u30ab\u30fc\u30d5\u30b9\u30a8\u30fc\u30c9\u306e\u88cf\u5730\u3092\u65bd\u3057\u305f\u30ae\u30e3\u30ed\u30c3\u30d7\u3002\u30ef\u30c3\u30af\u30b9\u30b3\u30c3\u30c8\u30f3\u306e\u7d10\u3067\u958b\u9589\u3067\u304d\u308b\u30b3\u30c3\u30c8\u30f3\u306e\u5185\u888b\u4ed8\u304d\u3002\u5e45\u5e83\u306e\u30b9\u30c8\u30e9\u30c3\u30d7\u306f\u30ea\u30d0\u30fc\u30b7\u30d6\u30eb\u3002\u9577\u3055\u3092\u5909\u3048\u3066\u69d8\u3005\u306a\u6301\u3061\u65b9\u3092\u304a\u697d\u3057\u307f\u3044\u305f\u3060\u3051\u307e\u3059\u3002\u30d5\u30e9\u30f3\u30b9\u88fd\u3002<\/p>\n","protected":false},"excerpt":{"rendered":"<p>\u30ae\u30e3\u30ed\u30c3\u30d7\u306f\u4ed6\u306b\u985e\u3092\u898b\u306a\u3044\u30e6\u30cb\u30fc\u30af\u306a\u30d0\u30b1\u30c4\u30d0\u30c3\u30b0\u3002\u4f1d\u7d71\u7684\u306a\u99ac\u5177\u88fd\u9020\u306e\u4e16\u754c\u304b\u3089\u53d7\u3051\u305f\u30a4\u30f3\u30b9\u30d4\u30ec\u30fc\u30b7\u30e7\u30f3\u3092\u3001\u4e38\u307f\u306e\u3042\u308b\u4e09\u89d2\u30d5\u30a9\u30eb\u30e0\u3068\u30ab\u30e9\u30fc\u3067\u904a\u3073\u5fc3\u3067\u8868\u73fe\u3057\u305f\u9038\u54c1\u3067\u3059\u3002\u30d5\u30ec\u30ad\u30b7\u30d6\u30eb\u306a\u30c7\u30b6\u30a4\u30f3\u306f\u3001\u8155\u306b\u4e0b\u3052\u308c\u3070\u88fe\u5e83\u304c\u308a\u306e\u5f62\u306b\u3001\u80a9\u306b\u639b\u3051\u308c\u3070\u3074\u3063\u305f\u308a\u3068\u8eab\u4f53\u306b\u6dfb\u3046\u30a2\u30a4\u30c6\u30e0\u3002\u30d0\u30a4\u30ab\u30e9\u30fc\u30e2\u30c7\u30eb\u304c\u8c4a\u5bcc\u306a\u30ae\u30e3\u30ed\u30c3\u30d7\u306f\u3001\u72ec\u7279\u306e\u30b7\u30eb\u30a8\u30c3\u30c8\u3068\u305d\u306e\u8272\u4f7f\u3044\u3067\u6ce8\u76ee\u306e\u7684\u306b\u306a\u308b\u3053\u3068\u9593\u9055\u3044\u30ca\u30b7\uff01<\/p>\n","protected":false},"featured_media":34775,"template":"","meta":[],"product_cat":[640],"product_tag":[1525],"class_list":{"0":"post-34741","1":"product","2":"type-product","3":"status-publish","4":"has-post-thumbnail","6":"product_cat-640","7":"product_tag-backorder-ja","8":"product_shipping_class-classe-de-livraison-2","9":"pa_porte-333","10":"pa_volume-339","12":"first","13":"onbackorder","14":"sold-individually","15":"taxable","16":"shipping-taxable","17":"purchasable","18":"product-type-simple"},"yoast_head":"<!-- This site is optimized with the Yoast SEO plugin v23.1 - https:\/\/yoast.com\/wordpress\/plugins\/seo\/ -->\n<title>\u30ae\u30e3\u30ed\u30c3\u30d7\u30fb\u4e57\u7528\u99ac \u30ab\u30fc\u30d5\u30ec\u30b6\u30fc\u30fb\u30b4\u30fc\u30eb\u30c9\uff06\u30d6\u30e9\u30c3\u30af - C\u00e9saire<\/title>\n<meta name=\"robots\" content=\"index, follow, max-snippet:-1, max-image-preview:large, max-video-preview:-1\" \/>\n<link rel=\"canonical\" href=\"https:\/\/www.stephaniecesaire.com\/ja\/boutique\/%e3%83%90%e3%83%83%e3%82%b0\/%e3%82%ae%e3%83%a3%e3%83%ad%e3%83%83%e3%83%97\/%e3%82%ae%e3%83%a3%e3%83%ad%e3%83%83%e3%83%97%e3%83%bb%e4%b9%97%e7%94%a8%e9%a6%ac-%e3%82%ab%e3%83%bc%e3%83%95%e3%83%ac%e3%82%b6%e3%83%bc-%e3%83%96%e3%83%a9%e3%83%83%e3%82%af-copie\/\" \/>\n<meta property=\"og:locale\" content=\"ja_JP\" \/>\n<meta property=\"og:type\" content=\"article\" \/>\n<meta property=\"og:title\" content=\"\u30ae\u30e3\u30ed\u30c3\u30d7\u30fb\u4e57\u7528\u99ac \u30ab\u30fc\u30d5\u30ec\u30b6\u30fc\u30fb\u30b4\u30fc\u30eb\u30c9\uff06\u30d6\u30e9\u30c3\u30af - C\u00e9saire\" \/>\n<meta property=\"og:description\" content=\"\u30ae\u30e3\u30ed\u30c3\u30d7\u306f\u4ed6\u306b\u985e\u3092\u898b\u306a\u3044\u30e6\u30cb\u30fc\u30af\u306a\u30d0\u30b1\u30c4\u30d0\u30c3\u30b0\u3002\u4f1d\u7d71\u7684\u306a\u99ac\u5177\u88fd\u9020\u306e\u4e16\u754c\u304b\u3089\u53d7\u3051\u305f\u30a4\u30f3\u30b9\u30d4\u30ec\u30fc\u30b7\u30e7\u30f3\u3092\u3001\u4e38\u307f\u306e\u3042\u308b\u4e09\u89d2\u30d5\u30a9\u30eb\u30e0\u3068\u30ab\u30e9\u30fc\u3067\u904a\u3073\u5fc3\u3067\u8868\u73fe\u3057\u305f\u9038\u54c1\u3067\u3059\u3002\u30d5\u30ec\u30ad\u30b7\u30d6\u30eb\u306a\u30c7\u30b6\u30a4\u30f3\u306f\u3001\u8155\u306b\u4e0b\u3052\u308c\u3070\u88fe\u5e83\u304c\u308a\u306e\u5f62\u306b\u3001\u80a9\u306b\u639b\u3051\u308c\u3070\u3074\u3063\u305f\u308a\u3068\u8eab\u4f53\u306b\u6dfb\u3046\u30a2\u30a4\u30c6\u30e0\u3002\u30d0\u30a4\u30ab\u30e9\u30fc\u30e2\u30c7\u30eb\u304c\u8c4a\u5bcc\u306a\u30ae\u30e3\u30ed\u30c3\u30d7\u306f\u3001\u72ec\u7279\u306e\u30b7\u30eb\u30a8\u30c3\u30c8\u3068\u305d\u306e\u8272\u4f7f\u3044\u3067\u6ce8\u76ee\u306e\u7684\u306b\u306a\u308b\u3053\u3068\u9593\u9055\u3044\u30ca\u30b7\uff01\" \/>\n<meta property=\"og:url\" content=\"https:\/\/www.stephaniecesaire.com\/ja\/boutique\/%e3%83%90%e3%83%83%e3%82%b0\/%e3%82%ae%e3%83%a3%e3%83%ad%e3%83%83%e3%83%97\/%e3%82%ae%e3%83%a3%e3%83%ad%e3%83%83%e3%83%97%e3%83%bb%e4%b9%97%e7%94%a8%e9%a6%ac-%e3%82%ab%e3%83%bc%e3%83%95%e3%83%ac%e3%82%b6%e3%83%bc-%e3%83%96%e3%83%a9%e3%83%83%e3%82%af-copie\/\" \/>\n<meta property=\"og:site_name\" content=\"C\u00e9saire\" \/>\n<meta property=\"article:publisher\" content=\"https:\/\/www.facebook.com\/cesaireparis\/\" \/>\n<meta property=\"article:modified_time\" content=\"2024-05-29T15:26:40+00:00\" \/>\n<meta property=\"og:image\" content=\"https:\/\/www.stephaniecesaire.com\/wp-content\/uploads\/2024\/05\/GalopVPONoirGoldFace-jpg.webp\" \/>\n\t<meta property=\"og:image:width\" content=\"630\" \/>\n\t<meta property=\"og:image:height\" content=\"945\" \/>\n\t<meta property=\"og:image:type\" content=\"image\/jpeg\" \/>\n<meta name=\"twitter:card\" content=\"summary_large_image\" \/>\n<meta name=\"twitter:label1\" content=\"\u63a8\u5b9a\u8aad\u307f\u53d6\u308a\u6642\u9593\" \/>\n\t<meta name=\"twitter:data1\" content=\"1\u5206\" \/>\n<script type=\"application\/ld+json\" class=\"yoast-schema-graph\">{\"@context\":\"https:\/\/schema.org\",\"@graph\":[{\"@type\":\"WebPage\",\"@id\":\"https:\/\/www.stephaniecesaire.com\/ja\/boutique\/%e3%83%90%e3%83%83%e3%82%b0\/%e3%82%ae%e3%83%a3%e3%83%ad%e3%83%83%e3%83%97\/%e3%82%ae%e3%83%a3%e3%83%ad%e3%83%83%e3%83%97%e3%83%bb%e4%b9%97%e7%94%a8%e9%a6%ac-%e3%82%ab%e3%83%bc%e3%83%95%e3%83%ac%e3%82%b6%e3%83%bc-%e3%83%96%e3%83%a9%e3%83%83%e3%82%af-copie\/\",\"url\":\"https:\/\/www.stephaniecesaire.com\/ja\/boutique\/%e3%83%90%e3%83%83%e3%82%b0\/%e3%82%ae%e3%83%a3%e3%83%ad%e3%83%83%e3%83%97\/%e3%82%ae%e3%83%a3%e3%83%ad%e3%83%83%e3%83%97%e3%83%bb%e4%b9%97%e7%94%a8%e9%a6%ac-%e3%82%ab%e3%83%bc%e3%83%95%e3%83%ac%e3%82%b6%e3%83%bc-%e3%83%96%e3%83%a9%e3%83%83%e3%82%af-copie\/\",\"name\":\"\u30ae\u30e3\u30ed\u30c3\u30d7\u30fb\u4e57\u7528\u99ac \u30ab\u30fc\u30d5\u30ec\u30b6\u30fc\u30fb\u30b4\u30fc\u30eb\u30c9\uff06\u30d6\u30e9\u30c3\u30af - C\u00e9saire\",\"isPartOf\":{\"@id\":\"https:\/\/www.stephaniecesaire.com\/ja\/#website\"},\"primaryImageOfPage\":{\"@id\":\"https:\/\/www.stephaniecesaire.com\/ja\/boutique\/%e3%83%90%e3%83%83%e3%82%b0\/%e3%82%ae%e3%83%a3%e3%83%ad%e3%83%83%e3%83%97\/%e3%82%ae%e3%83%a3%e3%83%ad%e3%83%83%e3%83%97%e3%83%bb%e4%b9%97%e7%94%a8%e9%a6%ac-%e3%82%ab%e3%83%bc%e3%83%95%e3%83%ac%e3%82%b6%e3%83%bc-%e3%83%96%e3%83%a9%e3%83%83%e3%82%af-copie\/#primaryimage\"},\"image\":{\"@id\":\"https:\/\/www.stephaniecesaire.com\/ja\/boutique\/%e3%83%90%e3%83%83%e3%82%b0\/%e3%82%ae%e3%83%a3%e3%83%ad%e3%83%83%e3%83%97\/%e3%82%ae%e3%83%a3%e3%83%ad%e3%83%83%e3%83%97%e3%83%bb%e4%b9%97%e7%94%a8%e9%a6%ac-%e3%82%ab%e3%83%bc%e3%83%95%e3%83%ac%e3%82%b6%e3%83%bc-%e3%83%96%e3%83%a9%e3%83%83%e3%82%af-copie\/#primaryimage\"},\"thumbnailUrl\":\"https:\/\/www.stephaniecesaire.com\/wp-content\/uploads\/2024\/05\/GalopVPONoirGoldFace-jpg.webp\",\"datePublished\":\"2024-05-29T14:12:49+00:00\",\"dateModified\":\"2024-05-29T15:26:40+00:00\",\"breadcrumb\":{\"@id\":\"https:\/\/www.stephaniecesaire.com\/ja\/boutique\/%e3%83%90%e3%83%83%e3%82%b0\/%e3%82%ae%e3%83%a3%e3%83%ad%e3%83%83%e3%83%97\/%e3%82%ae%e3%83%a3%e3%83%ad%e3%83%83%e3%83%97%e3%83%bb%e4%b9%97%e7%94%a8%e9%a6%ac-%e3%82%ab%e3%83%bc%e3%83%95%e3%83%ac%e3%82%b6%e3%83%bc-%e3%83%96%e3%83%a9%e3%83%83%e3%82%af-copie\/#breadcrumb\"},\"inLanguage\":\"ja\",\"potentialAction\":[{\"@type\":\"ReadAction\",\"target\":[\"https:\/\/www.stephaniecesaire.com\/ja\/boutique\/%e3%83%90%e3%83%83%e3%82%b0\/%e3%82%ae%e3%83%a3%e3%83%ad%e3%83%83%e3%83%97\/%e3%82%ae%e3%83%a3%e3%83%ad%e3%83%83%e3%83%97%e3%83%bb%e4%b9%97%e7%94%a8%e9%a6%ac-%e3%82%ab%e3%83%bc%e3%83%95%e3%83%ac%e3%82%b6%e3%83%bc-%e3%83%96%e3%83%a9%e3%83%83%e3%82%af-copie\/\"]}]},{\"@type\":\"ImageObject\",\"inLanguage\":\"ja\",\"@id\":\"https:\/\/www.stephaniecesaire.com\/ja\/boutique\/%e3%83%90%e3%83%83%e3%82%b0\/%e3%82%ae%e3%83%a3%e3%83%ad%e3%83%83%e3%83%97\/%e3%82%ae%e3%83%a3%e3%83%ad%e3%83%83%e3%83%97%e3%83%bb%e4%b9%97%e7%94%a8%e9%a6%ac-%e3%82%ab%e3%83%bc%e3%83%95%e3%83%ac%e3%82%b6%e3%83%bc-%e3%83%96%e3%83%a9%e3%83%83%e3%82%af-copie\/#primaryimage\",\"url\":\"https:\/\/www.stephaniecesaire.com\/wp-content\/uploads\/2024\/05\/GalopVPONoirGoldFace-jpg.webp\",\"contentUrl\":\"https:\/\/www.stephaniecesaire.com\/wp-content\/uploads\/2024\/05\/GalopVPONoirGoldFace-jpg.webp\",\"width\":630,\"height\":945,\"caption\":\"\u30ae\u30e3\u30ed\u30c3\u30d7 \u30d0\u30b1\u30c3\u30c8\u30d0\u30c3\u30b0 - \u30bb\u30bc\u30fc\u30eb \u30d1\u30ea - \u624b\u4f5c\u308a\u30d5\u30e9\u30f3\u30b9\u30c7\u30b6\u30a4\u30ca\u30fc\u30d0\u30c3\u30b0\"},{\"@type\":\"BreadcrumbList\",\"@id\":\"https:\/\/www.stephaniecesaire.com\/ja\/boutique\/%e3%83%90%e3%83%83%e3%82%b0\/%e3%82%ae%e3%83%a3%e3%83%ad%e3%83%83%e3%83%97\/%e3%82%ae%e3%83%a3%e3%83%ad%e3%83%83%e3%83%97%e3%83%bb%e4%b9%97%e7%94%a8%e9%a6%ac-%e3%82%ab%e3%83%bc%e3%83%95%e3%83%ac%e3%82%b6%e3%83%bc-%e3%83%96%e3%83%a9%e3%83%83%e3%82%af-copie\/#breadcrumb\",\"itemListElement\":[{\"@type\":\"ListItem\",\"position\":1,\"name\":\"Accueil\",\"item\":\"https:\/\/www.stephaniecesaire.com\/ja\/\"},{\"@type\":\"ListItem\",\"position\":2,\"name\":\"\u30b7\u30e7\u30c3\u30d7\",\"item\":\"https:\/\/www.stephaniecesaire.com\/ja\/%e3%82%b7%e3%83%a7%e3%83%83%e3%83%97\/\"},{\"@type\":\"ListItem\",\"position\":3,\"name\":\"\u30ae\u30e3\u30ed\u30c3\u30d7\u30fb\u4e57\u7528\u99ac \u30ab\u30fc\u30d5\u30ec\u30b6\u30fc\u30fb\u30b4\u30fc\u30eb\u30c9\uff06\u30d6\u30e9\u30c3\u30af\"}]},{\"@type\":\"WebSite\",\"@id\":\"https:\/\/www.stephaniecesaire.com\/ja\/#website\",\"url\":\"https:\/\/www.stephaniecesaire.com\/ja\/\",\"name\":\"St\u00e9phanie C\u00e9saire\",\"description\":\"Sac cr\u00e9ateur made in France - Maroquinerie de luxe\",\"publisher\":{\"@id\":\"https:\/\/www.stephaniecesaire.com\/ja\/#organization\"},\"potentialAction\":[{\"@type\":\"SearchAction\",\"target\":{\"@type\":\"EntryPoint\",\"urlTemplate\":\"https:\/\/www.stephaniecesaire.com\/ja\/?s={search_term_string}\"},\"query-input\":\"required name=search_term_string\"}],\"inLanguage\":\"ja\"},{\"@type\":\"Organization\",\"@id\":\"https:\/\/www.stephaniecesaire.com\/ja\/#organization\",\"name\":\"St\u00e9phanie C\u00e9saire\",\"url\":\"https:\/\/www.stephaniecesaire.com\/ja\/\",\"logo\":{\"@type\":\"ImageObject\",\"inLanguage\":\"ja\",\"@id\":\"https:\/\/www.stephaniecesaire.com\/ja\/#\/schema\/logo\/image\/\",\"url\":\"https:\/\/www.stephaniecesaire.com\/wp-content\/uploads\/2023\/10\/favicon.png\",\"contentUrl\":\"https:\/\/www.stephaniecesaire.com\/wp-content\/uploads\/2023\/10\/favicon.png\",\"width\":512,\"height\":512,\"caption\":\"St\u00e9phanie C\u00e9saire\"},\"image\":{\"@id\":\"https:\/\/www.stephaniecesaire.com\/ja\/#\/schema\/logo\/image\/\"},\"sameAs\":[\"https:\/\/www.facebook.com\/cesaireparis\/\",\"https:\/\/www.pinterest.fr\/cesaireparis\/\",\"https:\/\/www.instagram.com\/cesaireparis.official\/\"]}]}<\/script>\n<!-- \/ Yoast SEO plugin. -->","yoast_head_json":{"title":"\u30ae\u30e3\u30ed\u30c3\u30d7\u30fb\u4e57\u7528\u99ac \u30ab\u30fc\u30d5\u30ec\u30b6\u30fc\u30fb\u30b4\u30fc\u30eb\u30c9\uff06\u30d6\u30e9\u30c3\u30af - C\u00e9saire","robots":{"index":"index","follow":"follow","max-snippet":"max-snippet:-1","max-image-preview":"max-image-preview:large","max-video-preview":"max-video-preview:-1"},"canonical":"https:\/\/www.stephaniecesaire.com\/ja\/boutique\/%e3%83%90%e3%83%83%e3%82%b0\/%e3%82%ae%e3%83%a3%e3%83%ad%e3%83%83%e3%83%97\/%e3%82%ae%e3%83%a3%e3%83%ad%e3%83%83%e3%83%97%e3%83%bb%e4%b9%97%e7%94%a8%e9%a6%ac-%e3%82%ab%e3%83%bc%e3%83%95%e3%83%ac%e3%82%b6%e3%83%bc-%e3%83%96%e3%83%a9%e3%83%83%e3%82%af-copie\/","og_locale":"ja_JP","og_type":"article","og_title":"\u30ae\u30e3\u30ed\u30c3\u30d7\u30fb\u4e57\u7528\u99ac \u30ab\u30fc\u30d5\u30ec\u30b6\u30fc\u30fb\u30b4\u30fc\u30eb\u30c9\uff06\u30d6\u30e9\u30c3\u30af - C\u00e9saire","og_description":"\u30ae\u30e3\u30ed\u30c3\u30d7\u306f\u4ed6\u306b\u985e\u3092\u898b\u306a\u3044\u30e6\u30cb\u30fc\u30af\u306a\u30d0\u30b1\u30c4\u30d0\u30c3\u30b0\u3002\u4f1d\u7d71\u7684\u306a\u99ac\u5177\u88fd\u9020\u306e\u4e16\u754c\u304b\u3089\u53d7\u3051\u305f\u30a4\u30f3\u30b9\u30d4\u30ec\u30fc\u30b7\u30e7\u30f3\u3092\u3001\u4e38\u307f\u306e\u3042\u308b\u4e09\u89d2\u30d5\u30a9\u30eb\u30e0\u3068\u30ab\u30e9\u30fc\u3067\u904a\u3073\u5fc3\u3067\u8868\u73fe\u3057\u305f\u9038\u54c1\u3067\u3059\u3002\u30d5\u30ec\u30ad\u30b7\u30d6\u30eb\u306a\u30c7\u30b6\u30a4\u30f3\u306f\u3001\u8155\u306b\u4e0b\u3052\u308c\u3070\u88fe\u5e83\u304c\u308a\u306e\u5f62\u306b\u3001\u80a9\u306b\u639b\u3051\u308c\u3070\u3074\u3063\u305f\u308a\u3068\u8eab\u4f53\u306b\u6dfb\u3046\u30a2\u30a4\u30c6\u30e0\u3002\u30d0\u30a4\u30ab\u30e9\u30fc\u30e2\u30c7\u30eb\u304c\u8c4a\u5bcc\u306a\u30ae\u30e3\u30ed\u30c3\u30d7\u306f\u3001\u72ec\u7279\u306e\u30b7\u30eb\u30a8\u30c3\u30c8\u3068\u305d\u306e\u8272\u4f7f\u3044\u3067\u6ce8\u76ee\u306e\u7684\u306b\u306a\u308b\u3053\u3068\u9593\u9055\u3044\u30ca\u30b7\uff01","og_url":"https:\/\/www.stephaniecesaire.com\/ja\/boutique\/%e3%83%90%e3%83%83%e3%82%b0\/%e3%82%ae%e3%83%a3%e3%83%ad%e3%83%83%e3%83%97\/%e3%82%ae%e3%83%a3%e3%83%ad%e3%83%83%e3%83%97%e3%83%bb%e4%b9%97%e7%94%a8%e9%a6%ac-%e3%82%ab%e3%83%bc%e3%83%95%e3%83%ac%e3%82%b6%e3%83%bc-%e3%83%96%e3%83%a9%e3%83%83%e3%82%af-copie\/","og_site_name":"C\u00e9saire","article_publisher":"https:\/\/www.facebook.com\/cesaireparis\/","article_modified_time":"2024-05-29T15:26:40+00:00","og_image":[{"width":630,"height":945,"url":"https:\/\/www.stephaniecesaire.com\/wp-content\/uploads\/2024\/05\/GalopVPONoirGoldFace-jpg.webp","type":"image\/jpeg"}],"twitter_card":"summary_large_image","twitter_misc":{"\u63a8\u5b9a\u8aad\u307f\u53d6\u308a\u6642\u9593":"1\u5206"},"schema":{"@context":"https:\/\/schema.org","@graph":[{"@type":"WebPage","@id":"https:\/\/www.stephaniecesaire.com\/ja\/boutique\/%e3%83%90%e3%83%83%e3%82%b0\/%e3%82%ae%e3%83%a3%e3%83%ad%e3%83%83%e3%83%97\/%e3%82%ae%e3%83%a3%e3%83%ad%e3%83%83%e3%83%97%e3%83%bb%e4%b9%97%e7%94%a8%e9%a6%ac-%e3%82%ab%e3%83%bc%e3%83%95%e3%83%ac%e3%82%b6%e3%83%bc-%e3%83%96%e3%83%a9%e3%83%83%e3%82%af-copie\/","url":"https:\/\/www.stephaniecesaire.com\/ja\/boutique\/%e3%83%90%e3%83%83%e3%82%b0\/%e3%82%ae%e3%83%a3%e3%83%ad%e3%83%83%e3%83%97\/%e3%82%ae%e3%83%a3%e3%83%ad%e3%83%83%e3%83%97%e3%83%bb%e4%b9%97%e7%94%a8%e9%a6%ac-%e3%82%ab%e3%83%bc%e3%83%95%e3%83%ac%e3%82%b6%e3%83%bc-%e3%83%96%e3%83%a9%e3%83%83%e3%82%af-copie\/","name":"\u30ae\u30e3\u30ed\u30c3\u30d7\u30fb\u4e57\u7528\u99ac \u30ab\u30fc\u30d5\u30ec\u30b6\u30fc\u30fb\u30b4\u30fc\u30eb\u30c9\uff06\u30d6\u30e9\u30c3\u30af - C\u00e9saire","isPartOf":{"@id":"https:\/\/www.stephaniecesaire.com\/ja\/#website"},"primaryImageOfPage":{"@id":"https:\/\/www.stephaniecesaire.com\/ja\/boutique\/%e3%83%90%e3%83%83%e3%82%b0\/%e3%82%ae%e3%83%a3%e3%83%ad%e3%83%83%e3%83%97\/%e3%82%ae%e3%83%a3%e3%83%ad%e3%83%83%e3%83%97%e3%83%bb%e4%b9%97%e7%94%a8%e9%a6%ac-%e3%82%ab%e3%83%bc%e3%83%95%e3%83%ac%e3%82%b6%e3%83%bc-%e3%83%96%e3%83%a9%e3%83%83%e3%82%af-copie\/#primaryimage"},"image":{"@id":"https:\/\/www.stephaniecesaire.com\/ja\/boutique\/%e3%83%90%e3%83%83%e3%82%b0\/%e3%82%ae%e3%83%a3%e3%83%ad%e3%83%83%e3%83%97\/%e3%82%ae%e3%83%a3%e3%83%ad%e3%83%83%e3%83%97%e3%83%bb%e4%b9%97%e7%94%a8%e9%a6%ac-%e3%82%ab%e3%83%bc%e3%83%95%e3%83%ac%e3%82%b6%e3%83%bc-%e3%83%96%e3%83%a9%e3%83%83%e3%82%af-copie\/#primaryimage"},"thumbnailUrl":"https:\/\/www.stephaniecesaire.com\/wp-content\/uploads\/2024\/05\/GalopVPONoirGoldFace-jpg.webp","datePublished":"2024-05-29T14:12:49+00:00","dateModified":"2024-05-29T15:26:40+00:00","breadcrumb":{"@id":"https:\/\/www.stephaniecesaire.com\/ja\/boutique\/%e3%83%90%e3%83%83%e3%82%b0\/%e3%82%ae%e3%83%a3%e3%83%ad%e3%83%83%e3%83%97\/%e3%82%ae%e3%83%a3%e3%83%ad%e3%83%83%e3%83%97%e3%83%bb%e4%b9%97%e7%94%a8%e9%a6%ac-%e3%82%ab%e3%83%bc%e3%83%95%e3%83%ac%e3%82%b6%e3%83%bc-%e3%83%96%e3%83%a9%e3%83%83%e3%82%af-copie\/#breadcrumb"},"inLanguage":"ja","potentialAction":[{"@type":"ReadAction","target":["https:\/\/www.stephaniecesaire.com\/ja\/boutique\/%e3%83%90%e3%83%83%e3%82%b0\/%e3%82%ae%e3%83%a3%e3%83%ad%e3%83%83%e3%83%97\/%e3%82%ae%e3%83%a3%e3%83%ad%e3%83%83%e3%83%97%e3%83%bb%e4%b9%97%e7%94%a8%e9%a6%ac-%e3%82%ab%e3%83%bc%e3%83%95%e3%83%ac%e3%82%b6%e3%83%bc-%e3%83%96%e3%83%a9%e3%83%83%e3%82%af-copie\/"]}]},{"@type":"ImageObject","inLanguage":"ja","@id":"https:\/\/www.stephaniecesaire.com\/ja\/boutique\/%e3%83%90%e3%83%83%e3%82%b0\/%e3%82%ae%e3%83%a3%e3%83%ad%e3%83%83%e3%83%97\/%e3%82%ae%e3%83%a3%e3%83%ad%e3%83%83%e3%83%97%e3%83%bb%e4%b9%97%e7%94%a8%e9%a6%ac-%e3%82%ab%e3%83%bc%e3%83%95%e3%83%ac%e3%82%b6%e3%83%bc-%e3%83%96%e3%83%a9%e3%83%83%e3%82%af-copie\/#primaryimage","url":"https:\/\/www.stephaniecesaire.com\/wp-content\/uploads\/2024\/05\/GalopVPONoirGoldFace-jpg.webp","contentUrl":"https:\/\/www.stephaniecesaire.com\/wp-content\/uploads\/2024\/05\/GalopVPONoirGoldFace-jpg.webp","width":630,"height":945,"caption":"\u30ae\u30e3\u30ed\u30c3\u30d7 \u30d0\u30b1\u30c3\u30c8\u30d0\u30c3\u30b0 - \u30bb\u30bc\u30fc\u30eb \u30d1\u30ea - \u624b\u4f5c\u308a\u30d5\u30e9\u30f3\u30b9\u30c7\u30b6\u30a4\u30ca\u30fc\u30d0\u30c3\u30b0"},{"@type":"BreadcrumbList","@id":"https:\/\/www.stephaniecesaire.com\/ja\/boutique\/%e3%83%90%e3%83%83%e3%82%b0\/%e3%82%ae%e3%83%a3%e3%83%ad%e3%83%83%e3%83%97\/%e3%82%ae%e3%83%a3%e3%83%ad%e3%83%83%e3%83%97%e3%83%bb%e4%b9%97%e7%94%a8%e9%a6%ac-%e3%82%ab%e3%83%bc%e3%83%95%e3%83%ac%e3%82%b6%e3%83%bc-%e3%83%96%e3%83%a9%e3%83%83%e3%82%af-copie\/#breadcrumb","itemListElement":[{"@type":"ListItem","position":1,"name":"Accueil","item":"https:\/\/www.stephaniecesaire.com\/ja\/"},{"@type":"ListItem","position":2,"name":"\u30b7\u30e7\u30c3\u30d7","item":"https:\/\/www.stephaniecesaire.com\/ja\/%e3%82%b7%e3%83%a7%e3%83%83%e3%83%97\/"},{"@type":"ListItem","position":3,"name":"\u30ae\u30e3\u30ed\u30c3\u30d7\u30fb\u4e57\u7528\u99ac \u30ab\u30fc\u30d5\u30ec\u30b6\u30fc\u30fb\u30b4\u30fc\u30eb\u30c9\uff06\u30d6\u30e9\u30c3\u30af"}]},{"@type":"WebSite","@id":"https:\/\/www.stephaniecesaire.com\/ja\/#website","url":"https:\/\/www.stephaniecesaire.com\/ja\/","name":"St\u00e9phanie C\u00e9saire","description":"Sac cr\u00e9ateur made in France - Maroquinerie de luxe","publisher":{"@id":"https:\/\/www.stephaniecesaire.com\/ja\/#organization"},"potentialAction":[{"@type":"SearchAction","target":{"@type":"EntryPoint","urlTemplate":"https:\/\/www.stephaniecesaire.com\/ja\/?s={search_term_string}"},"query-input":"required name=search_term_string"}],"inLanguage":"ja"},{"@type":"Organization","@id":"https:\/\/www.stephaniecesaire.com\/ja\/#organization","name":"St\u00e9phanie C\u00e9saire","url":"https:\/\/www.stephaniecesaire.com\/ja\/","logo":{"@type":"ImageObject","inLanguage":"ja","@id":"https:\/\/www.stephaniecesaire.com\/ja\/#\/schema\/logo\/image\/","url":"https:\/\/www.stephaniecesaire.com\/wp-content\/uploads\/2023\/10\/favicon.png","contentUrl":"https:\/\/www.stephaniecesaire.com\/wp-content\/uploads\/2023\/10\/favicon.png","width":512,"height":512,"caption":"St\u00e9phanie C\u00e9saire"},"image":{"@id":"https:\/\/www.stephaniecesaire.com\/ja\/#\/schema\/logo\/image\/"},"sameAs":["https:\/\/www.facebook.com\/cesaireparis\/","https:\/\/www.pinterest.fr\/cesaireparis\/","https:\/\/www.instagram.com\/cesaireparis.official\/"]}]}},"_links":{"self":[{"href":"https:\/\/www.stephaniecesaire.com\/ja\/wp-json\/wp\/v2\/product\/34741","targetHints":{"allow":["GET"]}}],"collection":[{"href":"https:\/\/www.stephaniecesaire.com\/ja\/wp-json\/wp\/v2\/product"}],"about":[{"href":"https:\/\/www.stephaniecesaire.com\/ja\/wp-json\/wp\/v2\/types\/product"}],"wp:featuredmedia":[{"embeddable":true,"href":"https:\/\/www.stephaniecesaire.com\/ja\/wp-json\/wp\/v2\/media\/34775"}],"wp:attachment":[{"href":"https:\/\/www.stephaniecesaire.com\/ja\/wp-json\/wp\/v2\/media?parent=34741"}],"wp:term":[{"taxonomy":"product_cat","embeddable":true,"href":"https:\/\/www.stephaniecesaire.com\/ja\/wp-json\/wp\/v2\/product_cat?post=34741"},{"taxonomy":"product_tag","embeddable":true,"href":"https:\/\/www.stephaniecesaire.com\/ja\/wp-json\/wp\/v2\/product_tag?post=34741"}],"curies":[{"name":"wp","href":"https:\/\/api.w.org\/{rel}","templated":true}]}}