{"id":35418,"date":"2024-07-08T15:13:58","date_gmt":"2024-07-08T13:13:58","guid":{"rendered":"https:\/\/stephaniecesaire.com\/?post_type=product&#038;p=35418"},"modified":"2024-07-08T15:28:18","modified_gmt":"2024-07-08T13:28:18","slug":"%e3%82%bd%e3%83%8b%e3%82%a2%e3%83%bb%e3%82%af%e3%83%ad%e3%82%b3%e3%83%80%e3%82%a4%e3%83%ab%e5%9e%8b%e6%8a%bc%e3%81%97%e3%83%a9%e3%83%a0%e3%82%b9%e3%82%ad%e3%83%b3%e3%83%bb%e3%83%86%e3%83%a9%e3%82%b3","status":"publish","type":"product","link":"https:\/\/www.stephaniecesaire.com\/ja\/boutique\/%e3%83%90%e3%83%83%e3%82%b0\/%e3%82%bd%e3%83%8b%e3%82%a2\/%e3%82%bd%e3%83%8b%e3%82%a2%e3%83%bb%e3%82%af%e3%83%ad%e3%82%b3%e3%83%80%e3%82%a4%e3%83%ab%e5%9e%8b%e6%8a%bc%e3%81%97%e3%83%a9%e3%83%a0%e3%82%b9%e3%82%ad%e3%83%b3%e3%83%bb%e3%83%86%e3%83%a9%e3%82%b3\/","title":{"rendered":"\u30bd\u30cb\u30a2\u30fb\u30af\u30ed\u30b3\u30c0\u30a4\u30eb\u578b\u62bc\u3057\u30e9\u30e0\u30b9\u30ad\u30f3\u30fb \u30c1\u30e7\u30b3\u30ec\u30fc\u30c8"},"content":{"rendered":"<p>\u30bd\u30cb\u30a2\u306f\u624b\u9996\u306b\u639b\u3051\u305f\u308a\u3001\u30b7\u30f3\u30d7\u30eb\u306b\u624b\u3067\u304a\u6301\u3061\u3044\u305f\u3060\u3051\u308b\u30cf\u30f3\u30c9\u30d0\u30c3\u30b0\u3002\u67d4\u3089\u304b\u306a\u30ec\u30b6\u30fc\u88fd\u306e\u201c\u30de\u30d5\u30e9\u30fc\u201d\u3092\u6298\u308a\u305f\u305f\u307f\u3001\u89d2\u88fd\u306e\u30ea\u30f3\u30b0\u3067\u7559\u3081\u3066\u8f2a\u306b\u3057\u305f\u90e8\u5206\u304c\u6301\u3061\u624b\u306b\u306a\u308a\u307e\u3059\u3002\u30d0\u30c3\u30b0\u306e\u53ce\u7d0d\u90e8\u5206\u3068\u3057\u3066\u3001\u30d5\u30a1\u30b9\u30ca\u30fc\u4ed8\u304d\u306e\u30b3\u30f3\u30d1\u30fc\u30c8\u30e1\u30f3\u30c8\u3092\u30de\u30d5\u30e9\u30fc\u306e\u4e21\u7aef\u306b\u3042\u3064\u3089\u3048\u307e\u3057\u305f\u3002\u67d4\u3089\u304b\u306a2\u3064\u306e\u53ce\u7d0d\u90e8\u5206\u306f\u30b3\u30c3\u30c8\u30f3\u30b5\u30fc\u30b8\u306e\u88cf\u5730\u4ed8\u304d\u3067\u3059\u3002\u30d5\u30e9\u30f3\u30b9\u88fd\u3002<\/p>\n","protected":false},"excerpt":{"rendered":"<p>\u67d4\u3089\u304b\u306a\u30ec\u30b6\u30fc\u3067\u4ed5\u7acb\u3066\u305f\u201c\u30de\u30d5\u30e9\u30fc\u201d\u3092\u6298\u308a\u305f\u305f\u307f\u3001\u89d2\u88fd\u306e\u30ea\u30f3\u30b0\u3067\u7559\u3081\u308b\u3068\u3044\u3046\u500b\u6027\u7684\u306a\u30c7\u30b6\u30a4\u30f3\u306e\u30bd\u30cb\u30a2\u3002\u624b\u9996\u306e\u5468\u308a\u306b\u30b5\u30e9\u30c3\u3068\u639b\u3051\u305f\u308a\u30b7\u30f3\u30d7\u30eb\u306b\u624b\u3067\u6301\u3064\u3060\u3051\u3067\u3001\u5b98\u80fd\u7684\u3067\u30aa\u30ea\u30b8\u30ca\u30ea\u30c6\u30a3\u30fc\u6ea2\u308c\u308b\u30df\u30cb\u30de\u30eb\u306a\u4f47\u307e\u3044\u304c\u5b8c\u6210\u3057\u307e\u3059\u3002<\/p>\n<p><img loading=\"lazy\" decoding=\"async\" class=\"alignnone  wp-image-35408\" src=\"https:\/\/stephaniecesaire.com\/wp-content\/uploads\/2024\/07\/SoniaAnneauxChoix-jpg.webp\" alt=\"Pochette design Sonia - C\u00e9saire Paris - Sac \u00e0 main cr\u00e9ateur fabriqu\u00e9 en France\" width=\"398\" height=\"77\" srcset=\"https:\/\/www.stephaniecesaire.com\/wp-content\/uploads\/2024\/07\/SoniaAnneauxChoix-jpg.webp 2400w, https:\/\/www.stephaniecesaire.com\/wp-content\/uploads\/2024\/07\/SoniaAnneauxChoix-300x58.webp 300w, https:\/\/www.stephaniecesaire.com\/wp-content\/uploads\/2024\/07\/SoniaAnneauxChoix-1024x199.webp 1024w, https:\/\/www.stephaniecesaire.com\/wp-content\/uploads\/2024\/07\/SoniaAnneauxChoix-768x149.webp 768w, https:\/\/www.stephaniecesaire.com\/wp-content\/uploads\/2024\/07\/SoniaAnneauxChoix-1536x298.webp 1536w, https:\/\/www.stephaniecesaire.com\/wp-content\/uploads\/2024\/07\/SoniaAnneauxChoix-2048x398.webp 2048w, https:\/\/www.stephaniecesaire.com\/wp-content\/uploads\/2024\/07\/SoniaAnneauxChoix-150x29.webp 150w, https:\/\/www.stephaniecesaire.com\/wp-content\/uploads\/2024\/07\/SoniaAnneauxChoix-450x87.webp 450w, https:\/\/www.stephaniecesaire.com\/wp-content\/uploads\/2024\/07\/SoniaAnneauxChoix-1000x194.webp 1000w\" sizes=\"auto, (max-width: 398px) 100vw, 398px\" \/><\/p>\n<p><em>\u30bd\u30cb\u30a2\u306f\u30db\u30fc\u30f3\u30ea\u30f3\u30b0\u3092\u3064\u3051\u3066\u3044\u307e\u3059\u3002 \u30cb\u30c3\u30b1\u30eb\u30e1\u30bf\u30eb\u30ea\u30f3\u30b0\u307e\u305f\u306f\u30e9\u30a4\u30c8\u307e\u305f\u306f\u30c0\u30fc\u30af\u30a6\u30c3\u30c9\u30ea\u30f3\u30b0\u3068\u4ea4\u63db\u3067\u304d\u307e\u3059\uff08<a href=\"https:\/\/www.stephaniecesaire.com\/cesaire-invites-kente-project-art-labo\/?lang=en\">\u30b1\u30f3\u30c6\u30d7\u30ed\u30b8\u30a7\u30af\u30c8\u3068\u5171\u540c\u3067<\/a>\uff09\u3002 \u3053\u306e\u5834\u5408\u3001\u3054\u6ce8\u6587\u6642\u306b\u9078\u629e\u5185\u5bb9\u3092\u3054\u6307\u5b9a\u304f\u3060\u3055\u3044\u3002<\/em><\/p>\n","protected":false},"featured_media":35383,"template":"","meta":[],"product_cat":[663],"product_tag":[1525,673],"class_list":{"0":"post-35418","1":"product","2":"type-product","3":"status-publish","4":"has-post-thumbnail","6":"product_cat-663","7":"product_tag-backorder-ja","8":"product_tag-673","9":"pa_volume-sacs-souples-ja","10":"pa_volume-337","12":"first","13":"onbackorder","14":"sold-individually","15":"taxable","16":"shipping-taxable","17":"purchasable","18":"product-type-simple"},"yoast_head":"<!-- This site is optimized with the Yoast SEO plugin v23.1 - https:\/\/yoast.com\/wordpress\/plugins\/seo\/ -->\n<title>Pochette \u30bd\u30cb\u30a2\u30fb\u30af\u30ed\u30b3\u30c0\u30a4\u30eb\u578b\u62bc\u3057\u30e9\u30e0\u30b9\u30ad\u30f3\u30fb \u30c1\u30e7\u30b3\u30ec\u30fc\u30c8 - C\u00e9saire sac fabriqu\u00e9 en France<\/title>\n<meta name=\"description\" content=\"Pochette insolite, \u00e9charpe de cuir souple maintenue pli\u00e9e par un anneau de corne, Sonia est un petit sac qui se glisse autour du poignet ou se tient simplement dans la main pour une silhouette originale au minimalisme sensuel.\" \/>\n<meta name=\"robots\" content=\"index, follow, max-snippet:-1, max-image-preview:large, max-video-preview:-1\" \/>\n<link rel=\"canonical\" href=\"https:\/\/www.stephaniecesaire.com\/ja\/boutique\/%e3%83%90%e3%83%83%e3%82%b0\/%e3%82%bd%e3%83%8b%e3%82%a2\/%e3%82%bd%e3%83%8b%e3%82%a2%e3%83%bb%e3%82%af%e3%83%ad%e3%82%b3%e3%83%80%e3%82%a4%e3%83%ab%e5%9e%8b%e6%8a%bc%e3%81%97%e3%83%a9%e3%83%a0%e3%82%b9%e3%82%ad%e3%83%b3%e3%83%bb%e3%83%86%e3%83%a9%e3%82%b3\/\" \/>\n<meta property=\"og:locale\" content=\"ja_JP\" \/>\n<meta property=\"og:type\" content=\"article\" \/>\n<meta property=\"og:title\" content=\"Pochette \u30bd\u30cb\u30a2\u30fb\u30af\u30ed\u30b3\u30c0\u30a4\u30eb\u578b\u62bc\u3057\u30e9\u30e0\u30b9\u30ad\u30f3\u30fb \u30c1\u30e7\u30b3\u30ec\u30fc\u30c8 - C\u00e9saire sac fabriqu\u00e9 en France\" \/>\n<meta property=\"og:description\" content=\"Pochette insolite, \u00e9charpe de cuir souple maintenue pli\u00e9e par un anneau de corne, Sonia est un petit sac qui se glisse autour du poignet ou se tient simplement dans la main pour une silhouette originale au minimalisme sensuel.\" \/>\n<meta property=\"og:url\" content=\"https:\/\/www.stephaniecesaire.com\/ja\/boutique\/%e3%83%90%e3%83%83%e3%82%b0\/%e3%82%bd%e3%83%8b%e3%82%a2\/%e3%82%bd%e3%83%8b%e3%82%a2%e3%83%bb%e3%82%af%e3%83%ad%e3%82%b3%e3%83%80%e3%82%a4%e3%83%ab%e5%9e%8b%e6%8a%bc%e3%81%97%e3%83%a9%e3%83%a0%e3%82%b9%e3%82%ad%e3%83%b3%e3%83%bb%e3%83%86%e3%83%a9%e3%82%b3\/\" \/>\n<meta property=\"og:site_name\" content=\"C\u00e9saire\" \/>\n<meta property=\"article:publisher\" content=\"https:\/\/www.facebook.com\/cesaireparis\/\" \/>\n<meta property=\"article:modified_time\" content=\"2024-07-08T13:28:18+00:00\" \/>\n<meta property=\"og:image\" content=\"https:\/\/www.stephaniecesaire.com\/wp-content\/uploads\/2024\/07\/SoniaAGCChocoProfil-jpg.webp\" \/>\n\t<meta property=\"og:image:width\" content=\"630\" \/>\n\t<meta property=\"og:image:height\" content=\"945\" \/>\n\t<meta property=\"og:image:type\" content=\"image\/jpeg\" \/>\n<meta name=\"twitter:card\" content=\"summary_large_image\" \/>\n<meta name=\"twitter:label1\" content=\"\u63a8\u5b9a\u8aad\u307f\u53d6\u308a\u6642\u9593\" \/>\n\t<meta name=\"twitter:data1\" content=\"1\u5206\" \/>\n<script type=\"application\/ld+json\" class=\"yoast-schema-graph\">{\"@context\":\"https:\/\/schema.org\",\"@graph\":[{\"@type\":\"WebPage\",\"@id\":\"https:\/\/www.stephaniecesaire.com\/ja\/boutique\/%e3%83%90%e3%83%83%e3%82%b0\/%e3%82%bd%e3%83%8b%e3%82%a2\/%e3%82%bd%e3%83%8b%e3%82%a2%e3%83%bb%e3%82%af%e3%83%ad%e3%82%b3%e3%83%80%e3%82%a4%e3%83%ab%e5%9e%8b%e6%8a%bc%e3%81%97%e3%83%a9%e3%83%a0%e3%82%b9%e3%82%ad%e3%83%b3%e3%83%bb%e3%83%86%e3%83%a9%e3%82%b3\/\",\"url\":\"https:\/\/www.stephaniecesaire.com\/ja\/boutique\/%e3%83%90%e3%83%83%e3%82%b0\/%e3%82%bd%e3%83%8b%e3%82%a2\/%e3%82%bd%e3%83%8b%e3%82%a2%e3%83%bb%e3%82%af%e3%83%ad%e3%82%b3%e3%83%80%e3%82%a4%e3%83%ab%e5%9e%8b%e6%8a%bc%e3%81%97%e3%83%a9%e3%83%a0%e3%82%b9%e3%82%ad%e3%83%b3%e3%83%bb%e3%83%86%e3%83%a9%e3%82%b3\/\",\"name\":\"Pochette \u30bd\u30cb\u30a2\u30fb\u30af\u30ed\u30b3\u30c0\u30a4\u30eb\u578b\u62bc\u3057\u30e9\u30e0\u30b9\u30ad\u30f3\u30fb \u30c1\u30e7\u30b3\u30ec\u30fc\u30c8 - C\u00e9saire sac fabriqu\u00e9 en France\",\"isPartOf\":{\"@id\":\"https:\/\/www.stephaniecesaire.com\/ja\/#website\"},\"primaryImageOfPage\":{\"@id\":\"https:\/\/www.stephaniecesaire.com\/ja\/boutique\/%e3%83%90%e3%83%83%e3%82%b0\/%e3%82%bd%e3%83%8b%e3%82%a2\/%e3%82%bd%e3%83%8b%e3%82%a2%e3%83%bb%e3%82%af%e3%83%ad%e3%82%b3%e3%83%80%e3%82%a4%e3%83%ab%e5%9e%8b%e6%8a%bc%e3%81%97%e3%83%a9%e3%83%a0%e3%82%b9%e3%82%ad%e3%83%b3%e3%83%bb%e3%83%86%e3%83%a9%e3%82%b3\/#primaryimage\"},\"image\":{\"@id\":\"https:\/\/www.stephaniecesaire.com\/ja\/boutique\/%e3%83%90%e3%83%83%e3%82%b0\/%e3%82%bd%e3%83%8b%e3%82%a2\/%e3%82%bd%e3%83%8b%e3%82%a2%e3%83%bb%e3%82%af%e3%83%ad%e3%82%b3%e3%83%80%e3%82%a4%e3%83%ab%e5%9e%8b%e6%8a%bc%e3%81%97%e3%83%a9%e3%83%a0%e3%82%b9%e3%82%ad%e3%83%b3%e3%83%bb%e3%83%86%e3%83%a9%e3%82%b3\/#primaryimage\"},\"thumbnailUrl\":\"https:\/\/www.stephaniecesaire.com\/wp-content\/uploads\/2024\/07\/SoniaAGCChocoProfil-jpg.webp\",\"datePublished\":\"2024-07-08T13:13:58+00:00\",\"dateModified\":\"2024-07-08T13:28:18+00:00\",\"description\":\"Pochette insolite, \u00e9charpe de cuir souple maintenue pli\u00e9e par un anneau de corne, Sonia est un petit sac qui se glisse autour du poignet ou se tient simplement dans la main pour une silhouette originale au minimalisme sensuel.\",\"breadcrumb\":{\"@id\":\"https:\/\/www.stephaniecesaire.com\/ja\/boutique\/%e3%83%90%e3%83%83%e3%82%b0\/%e3%82%bd%e3%83%8b%e3%82%a2\/%e3%82%bd%e3%83%8b%e3%82%a2%e3%83%bb%e3%82%af%e3%83%ad%e3%82%b3%e3%83%80%e3%82%a4%e3%83%ab%e5%9e%8b%e6%8a%bc%e3%81%97%e3%83%a9%e3%83%a0%e3%82%b9%e3%82%ad%e3%83%b3%e3%83%bb%e3%83%86%e3%83%a9%e3%82%b3\/#breadcrumb\"},\"inLanguage\":\"ja\",\"potentialAction\":[{\"@type\":\"ReadAction\",\"target\":[\"https:\/\/www.stephaniecesaire.com\/ja\/boutique\/%e3%83%90%e3%83%83%e3%82%b0\/%e3%82%bd%e3%83%8b%e3%82%a2\/%e3%82%bd%e3%83%8b%e3%82%a2%e3%83%bb%e3%82%af%e3%83%ad%e3%82%b3%e3%83%80%e3%82%a4%e3%83%ab%e5%9e%8b%e6%8a%bc%e3%81%97%e3%83%a9%e3%83%a0%e3%82%b9%e3%82%ad%e3%83%b3%e3%83%bb%e3%83%86%e3%83%a9%e3%82%b3\/\"]}]},{\"@type\":\"ImageObject\",\"inLanguage\":\"ja\",\"@id\":\"https:\/\/www.stephaniecesaire.com\/ja\/boutique\/%e3%83%90%e3%83%83%e3%82%b0\/%e3%82%bd%e3%83%8b%e3%82%a2\/%e3%82%bd%e3%83%8b%e3%82%a2%e3%83%bb%e3%82%af%e3%83%ad%e3%82%b3%e3%83%80%e3%82%a4%e3%83%ab%e5%9e%8b%e6%8a%bc%e3%81%97%e3%83%a9%e3%83%a0%e3%82%b9%e3%82%ad%e3%83%b3%e3%83%bb%e3%83%86%e3%83%a9%e3%82%b3\/#primaryimage\",\"url\":\"https:\/\/www.stephaniecesaire.com\/wp-content\/uploads\/2024\/07\/SoniaAGCChocoProfil-jpg.webp\",\"contentUrl\":\"https:\/\/www.stephaniecesaire.com\/wp-content\/uploads\/2024\/07\/SoniaAGCChocoProfil-jpg.webp\",\"width\":630,\"height\":945,\"caption\":\"Pochette design Sonia - C\u00e9saire Paris - Sac \u00e0 main cr\u00e9ateur fabriqu\u00e9 en France\"},{\"@type\":\"BreadcrumbList\",\"@id\":\"https:\/\/www.stephaniecesaire.com\/ja\/boutique\/%e3%83%90%e3%83%83%e3%82%b0\/%e3%82%bd%e3%83%8b%e3%82%a2\/%e3%82%bd%e3%83%8b%e3%82%a2%e3%83%bb%e3%82%af%e3%83%ad%e3%82%b3%e3%83%80%e3%82%a4%e3%83%ab%e5%9e%8b%e6%8a%bc%e3%81%97%e3%83%a9%e3%83%a0%e3%82%b9%e3%82%ad%e3%83%b3%e3%83%bb%e3%83%86%e3%83%a9%e3%82%b3\/#breadcrumb\",\"itemListElement\":[{\"@type\":\"ListItem\",\"position\":1,\"name\":\"Accueil\",\"item\":\"https:\/\/www.stephaniecesaire.com\/ja\/\"},{\"@type\":\"ListItem\",\"position\":2,\"name\":\"\u30b7\u30e7\u30c3\u30d7\",\"item\":\"https:\/\/www.stephaniecesaire.com\/ja\/%e3%82%b7%e3%83%a7%e3%83%83%e3%83%97\/\"},{\"@type\":\"ListItem\",\"position\":3,\"name\":\"\u30bd\u30cb\u30a2\u30fb\u30af\u30ed\u30b3\u30c0\u30a4\u30eb\u578b\u62bc\u3057\u30e9\u30e0\u30b9\u30ad\u30f3\u30fb \u30c1\u30e7\u30b3\u30ec\u30fc\u30c8\"}]},{\"@type\":\"WebSite\",\"@id\":\"https:\/\/www.stephaniecesaire.com\/ja\/#website\",\"url\":\"https:\/\/www.stephaniecesaire.com\/ja\/\",\"name\":\"St\u00e9phanie C\u00e9saire\",\"description\":\"Sac cr\u00e9ateur made in France - Maroquinerie de luxe\",\"publisher\":{\"@id\":\"https:\/\/www.stephaniecesaire.com\/ja\/#organization\"},\"potentialAction\":[{\"@type\":\"SearchAction\",\"target\":{\"@type\":\"EntryPoint\",\"urlTemplate\":\"https:\/\/www.stephaniecesaire.com\/ja\/?s={search_term_string}\"},\"query-input\":\"required name=search_term_string\"}],\"inLanguage\":\"ja\"},{\"@type\":\"Organization\",\"@id\":\"https:\/\/www.stephaniecesaire.com\/ja\/#organization\",\"name\":\"St\u00e9phanie C\u00e9saire\",\"url\":\"https:\/\/www.stephaniecesaire.com\/ja\/\",\"logo\":{\"@type\":\"ImageObject\",\"inLanguage\":\"ja\",\"@id\":\"https:\/\/www.stephaniecesaire.com\/ja\/#\/schema\/logo\/image\/\",\"url\":\"https:\/\/www.stephaniecesaire.com\/wp-content\/uploads\/2023\/10\/favicon.png\",\"contentUrl\":\"https:\/\/www.stephaniecesaire.com\/wp-content\/uploads\/2023\/10\/favicon.png\",\"width\":512,\"height\":512,\"caption\":\"St\u00e9phanie C\u00e9saire\"},\"image\":{\"@id\":\"https:\/\/www.stephaniecesaire.com\/ja\/#\/schema\/logo\/image\/\"},\"sameAs\":[\"https:\/\/www.facebook.com\/cesaireparis\/\",\"https:\/\/www.pinterest.fr\/cesaireparis\/\",\"https:\/\/www.instagram.com\/cesaireparis.official\/\"]}]}<\/script>\n<!-- \/ Yoast SEO plugin. -->","yoast_head_json":{"title":"Pochette \u30bd\u30cb\u30a2\u30fb\u30af\u30ed\u30b3\u30c0\u30a4\u30eb\u578b\u62bc\u3057\u30e9\u30e0\u30b9\u30ad\u30f3\u30fb \u30c1\u30e7\u30b3\u30ec\u30fc\u30c8 - C\u00e9saire sac fabriqu\u00e9 en France","description":"Pochette insolite, \u00e9charpe de cuir souple maintenue pli\u00e9e par un anneau de corne, Sonia est un petit sac qui se glisse autour du poignet ou se tient simplement dans la main pour une silhouette originale au minimalisme sensuel.","robots":{"index":"index","follow":"follow","max-snippet":"max-snippet:-1","max-image-preview":"max-image-preview:large","max-video-preview":"max-video-preview:-1"},"canonical":"https:\/\/www.stephaniecesaire.com\/ja\/boutique\/%e3%83%90%e3%83%83%e3%82%b0\/%e3%82%bd%e3%83%8b%e3%82%a2\/%e3%82%bd%e3%83%8b%e3%82%a2%e3%83%bb%e3%82%af%e3%83%ad%e3%82%b3%e3%83%80%e3%82%a4%e3%83%ab%e5%9e%8b%e6%8a%bc%e3%81%97%e3%83%a9%e3%83%a0%e3%82%b9%e3%82%ad%e3%83%b3%e3%83%bb%e3%83%86%e3%83%a9%e3%82%b3\/","og_locale":"ja_JP","og_type":"article","og_title":"Pochette \u30bd\u30cb\u30a2\u30fb\u30af\u30ed\u30b3\u30c0\u30a4\u30eb\u578b\u62bc\u3057\u30e9\u30e0\u30b9\u30ad\u30f3\u30fb \u30c1\u30e7\u30b3\u30ec\u30fc\u30c8 - C\u00e9saire sac fabriqu\u00e9 en France","og_description":"Pochette insolite, \u00e9charpe de cuir souple maintenue pli\u00e9e par un anneau de corne, Sonia est un petit sac qui se glisse autour du poignet ou se tient simplement dans la main pour une silhouette originale au minimalisme sensuel.","og_url":"https:\/\/www.stephaniecesaire.com\/ja\/boutique\/%e3%83%90%e3%83%83%e3%82%b0\/%e3%82%bd%e3%83%8b%e3%82%a2\/%e3%82%bd%e3%83%8b%e3%82%a2%e3%83%bb%e3%82%af%e3%83%ad%e3%82%b3%e3%83%80%e3%82%a4%e3%83%ab%e5%9e%8b%e6%8a%bc%e3%81%97%e3%83%a9%e3%83%a0%e3%82%b9%e3%82%ad%e3%83%b3%e3%83%bb%e3%83%86%e3%83%a9%e3%82%b3\/","og_site_name":"C\u00e9saire","article_publisher":"https:\/\/www.facebook.com\/cesaireparis\/","article_modified_time":"2024-07-08T13:28:18+00:00","og_image":[{"width":630,"height":945,"url":"https:\/\/www.stephaniecesaire.com\/wp-content\/uploads\/2024\/07\/SoniaAGCChocoProfil-jpg.webp","type":"image\/jpeg"}],"twitter_card":"summary_large_image","twitter_misc":{"\u63a8\u5b9a\u8aad\u307f\u53d6\u308a\u6642\u9593":"1\u5206"},"schema":{"@context":"https:\/\/schema.org","@graph":[{"@type":"WebPage","@id":"https:\/\/www.stephaniecesaire.com\/ja\/boutique\/%e3%83%90%e3%83%83%e3%82%b0\/%e3%82%bd%e3%83%8b%e3%82%a2\/%e3%82%bd%e3%83%8b%e3%82%a2%e3%83%bb%e3%82%af%e3%83%ad%e3%82%b3%e3%83%80%e3%82%a4%e3%83%ab%e5%9e%8b%e6%8a%bc%e3%81%97%e3%83%a9%e3%83%a0%e3%82%b9%e3%82%ad%e3%83%b3%e3%83%bb%e3%83%86%e3%83%a9%e3%82%b3\/","url":"https:\/\/www.stephaniecesaire.com\/ja\/boutique\/%e3%83%90%e3%83%83%e3%82%b0\/%e3%82%bd%e3%83%8b%e3%82%a2\/%e3%82%bd%e3%83%8b%e3%82%a2%e3%83%bb%e3%82%af%e3%83%ad%e3%82%b3%e3%83%80%e3%82%a4%e3%83%ab%e5%9e%8b%e6%8a%bc%e3%81%97%e3%83%a9%e3%83%a0%e3%82%b9%e3%82%ad%e3%83%b3%e3%83%bb%e3%83%86%e3%83%a9%e3%82%b3\/","name":"Pochette \u30bd\u30cb\u30a2\u30fb\u30af\u30ed\u30b3\u30c0\u30a4\u30eb\u578b\u62bc\u3057\u30e9\u30e0\u30b9\u30ad\u30f3\u30fb \u30c1\u30e7\u30b3\u30ec\u30fc\u30c8 - C\u00e9saire sac fabriqu\u00e9 en France","isPartOf":{"@id":"https:\/\/www.stephaniecesaire.com\/ja\/#website"},"primaryImageOfPage":{"@id":"https:\/\/www.stephaniecesaire.com\/ja\/boutique\/%e3%83%90%e3%83%83%e3%82%b0\/%e3%82%bd%e3%83%8b%e3%82%a2\/%e3%82%bd%e3%83%8b%e3%82%a2%e3%83%bb%e3%82%af%e3%83%ad%e3%82%b3%e3%83%80%e3%82%a4%e3%83%ab%e5%9e%8b%e6%8a%bc%e3%81%97%e3%83%a9%e3%83%a0%e3%82%b9%e3%82%ad%e3%83%b3%e3%83%bb%e3%83%86%e3%83%a9%e3%82%b3\/#primaryimage"},"image":{"@id":"https:\/\/www.stephaniecesaire.com\/ja\/boutique\/%e3%83%90%e3%83%83%e3%82%b0\/%e3%82%bd%e3%83%8b%e3%82%a2\/%e3%82%bd%e3%83%8b%e3%82%a2%e3%83%bb%e3%82%af%e3%83%ad%e3%82%b3%e3%83%80%e3%82%a4%e3%83%ab%e5%9e%8b%e6%8a%bc%e3%81%97%e3%83%a9%e3%83%a0%e3%82%b9%e3%82%ad%e3%83%b3%e3%83%bb%e3%83%86%e3%83%a9%e3%82%b3\/#primaryimage"},"thumbnailUrl":"https:\/\/www.stephaniecesaire.com\/wp-content\/uploads\/2024\/07\/SoniaAGCChocoProfil-jpg.webp","datePublished":"2024-07-08T13:13:58+00:00","dateModified":"2024-07-08T13:28:18+00:00","description":"Pochette insolite, \u00e9charpe de cuir souple maintenue pli\u00e9e par un anneau de corne, Sonia est un petit sac qui se glisse autour du poignet ou se tient simplement dans la main pour une silhouette originale au minimalisme sensuel.","breadcrumb":{"@id":"https:\/\/www.stephaniecesaire.com\/ja\/boutique\/%e3%83%90%e3%83%83%e3%82%b0\/%e3%82%bd%e3%83%8b%e3%82%a2\/%e3%82%bd%e3%83%8b%e3%82%a2%e3%83%bb%e3%82%af%e3%83%ad%e3%82%b3%e3%83%80%e3%82%a4%e3%83%ab%e5%9e%8b%e6%8a%bc%e3%81%97%e3%83%a9%e3%83%a0%e3%82%b9%e3%82%ad%e3%83%b3%e3%83%bb%e3%83%86%e3%83%a9%e3%82%b3\/#breadcrumb"},"inLanguage":"ja","potentialAction":[{"@type":"ReadAction","target":["https:\/\/www.stephaniecesaire.com\/ja\/boutique\/%e3%83%90%e3%83%83%e3%82%b0\/%e3%82%bd%e3%83%8b%e3%82%a2\/%e3%82%bd%e3%83%8b%e3%82%a2%e3%83%bb%e3%82%af%e3%83%ad%e3%82%b3%e3%83%80%e3%82%a4%e3%83%ab%e5%9e%8b%e6%8a%bc%e3%81%97%e3%83%a9%e3%83%a0%e3%82%b9%e3%82%ad%e3%83%b3%e3%83%bb%e3%83%86%e3%83%a9%e3%82%b3\/"]}]},{"@type":"ImageObject","inLanguage":"ja","@id":"https:\/\/www.stephaniecesaire.com\/ja\/boutique\/%e3%83%90%e3%83%83%e3%82%b0\/%e3%82%bd%e3%83%8b%e3%82%a2\/%e3%82%bd%e3%83%8b%e3%82%a2%e3%83%bb%e3%82%af%e3%83%ad%e3%82%b3%e3%83%80%e3%82%a4%e3%83%ab%e5%9e%8b%e6%8a%bc%e3%81%97%e3%83%a9%e3%83%a0%e3%82%b9%e3%82%ad%e3%83%b3%e3%83%bb%e3%83%86%e3%83%a9%e3%82%b3\/#primaryimage","url":"https:\/\/www.stephaniecesaire.com\/wp-content\/uploads\/2024\/07\/SoniaAGCChocoProfil-jpg.webp","contentUrl":"https:\/\/www.stephaniecesaire.com\/wp-content\/uploads\/2024\/07\/SoniaAGCChocoProfil-jpg.webp","width":630,"height":945,"caption":"Pochette design Sonia - C\u00e9saire Paris - Sac \u00e0 main cr\u00e9ateur fabriqu\u00e9 en France"},{"@type":"BreadcrumbList","@id":"https:\/\/www.stephaniecesaire.com\/ja\/boutique\/%e3%83%90%e3%83%83%e3%82%b0\/%e3%82%bd%e3%83%8b%e3%82%a2\/%e3%82%bd%e3%83%8b%e3%82%a2%e3%83%bb%e3%82%af%e3%83%ad%e3%82%b3%e3%83%80%e3%82%a4%e3%83%ab%e5%9e%8b%e6%8a%bc%e3%81%97%e3%83%a9%e3%83%a0%e3%82%b9%e3%82%ad%e3%83%b3%e3%83%bb%e3%83%86%e3%83%a9%e3%82%b3\/#breadcrumb","itemListElement":[{"@type":"ListItem","position":1,"name":"Accueil","item":"https:\/\/www.stephaniecesaire.com\/ja\/"},{"@type":"ListItem","position":2,"name":"\u30b7\u30e7\u30c3\u30d7","item":"https:\/\/www.stephaniecesaire.com\/ja\/%e3%82%b7%e3%83%a7%e3%83%83%e3%83%97\/"},{"@type":"ListItem","position":3,"name":"\u30bd\u30cb\u30a2\u30fb\u30af\u30ed\u30b3\u30c0\u30a4\u30eb\u578b\u62bc\u3057\u30e9\u30e0\u30b9\u30ad\u30f3\u30fb \u30c1\u30e7\u30b3\u30ec\u30fc\u30c8"}]},{"@type":"WebSite","@id":"https:\/\/www.stephaniecesaire.com\/ja\/#website","url":"https:\/\/www.stephaniecesaire.com\/ja\/","name":"St\u00e9phanie C\u00e9saire","description":"Sac cr\u00e9ateur made in France - Maroquinerie de luxe","publisher":{"@id":"https:\/\/www.stephaniecesaire.com\/ja\/#organization"},"potentialAction":[{"@type":"SearchAction","target":{"@type":"EntryPoint","urlTemplate":"https:\/\/www.stephaniecesaire.com\/ja\/?s={search_term_string}"},"query-input":"required name=search_term_string"}],"inLanguage":"ja"},{"@type":"Organization","@id":"https:\/\/www.stephaniecesaire.com\/ja\/#organization","name":"St\u00e9phanie C\u00e9saire","url":"https:\/\/www.stephaniecesaire.com\/ja\/","logo":{"@type":"ImageObject","inLanguage":"ja","@id":"https:\/\/www.stephaniecesaire.com\/ja\/#\/schema\/logo\/image\/","url":"https:\/\/www.stephaniecesaire.com\/wp-content\/uploads\/2023\/10\/favicon.png","contentUrl":"https:\/\/www.stephaniecesaire.com\/wp-content\/uploads\/2023\/10\/favicon.png","width":512,"height":512,"caption":"St\u00e9phanie C\u00e9saire"},"image":{"@id":"https:\/\/www.stephaniecesaire.com\/ja\/#\/schema\/logo\/image\/"},"sameAs":["https:\/\/www.facebook.com\/cesaireparis\/","https:\/\/www.pinterest.fr\/cesaireparis\/","https:\/\/www.instagram.com\/cesaireparis.official\/"]}]}},"_links":{"self":[{"href":"https:\/\/www.stephaniecesaire.com\/ja\/wp-json\/wp\/v2\/product\/35418","targetHints":{"allow":["GET"]}}],"collection":[{"href":"https:\/\/www.stephaniecesaire.com\/ja\/wp-json\/wp\/v2\/product"}],"about":[{"href":"https:\/\/www.stephaniecesaire.com\/ja\/wp-json\/wp\/v2\/types\/product"}],"wp:featuredmedia":[{"embeddable":true,"href":"https:\/\/www.stephaniecesaire.com\/ja\/wp-json\/wp\/v2\/media\/35383"}],"wp:attachment":[{"href":"https:\/\/www.stephaniecesaire.com\/ja\/wp-json\/wp\/v2\/media?parent=35418"}],"wp:term":[{"taxonomy":"product_cat","embeddable":true,"href":"https:\/\/www.stephaniecesaire.com\/ja\/wp-json\/wp\/v2\/product_cat?post=35418"},{"taxonomy":"product_tag","embeddable":true,"href":"https:\/\/www.stephaniecesaire.com\/ja\/wp-json\/wp\/v2\/product_tag?post=35418"}],"curies":[{"name":"wp","href":"https:\/\/api.w.org\/{rel}","templated":true}]}}