{"id":36269,"date":"2024-10-23T12:27:22","date_gmt":"2024-10-23T10:27:22","guid":{"rendered":"https:\/\/stephaniecesaire.com\/?post_type=product&#038;p=36269"},"modified":"2024-10-23T12:38:40","modified_gmt":"2024-10-23T10:38:40","slug":"%e3%81%b0%e3%81%b2%e3%81%82%e3%83%bb%e7%b7%a8%e3%81%bf%e8%be%bc%e3%81%bf%e3%83%a9%e3%83%a0%e3%82%b9%e3%82%ad%e3%83%b3%e3%83%ac%e3%82%b6%e3%83%bc%e3%83%bb%e5%a4%9a%e8%89%b2%e3%81%ae-%ef%bc%86-2","status":"publish","type":"product","link":"https:\/\/www.stephaniecesaire.com\/ja\/boutique\/%e3%83%90%e3%83%83%e3%82%b0\/%e3%81%b0%e3%81%b2%e3%81%82\/%e3%81%b0%e3%81%b2%e3%81%82%e3%83%bb%e7%b7%a8%e3%81%bf%e8%be%bc%e3%81%bf%e3%83%a9%e3%83%a0%e3%82%b9%e3%82%ad%e3%83%b3%e3%83%ac%e3%82%b6%e3%83%bc%e3%83%bb%e5%a4%9a%e8%89%b2%e3%81%ae-%ef%bc%86-2\/","title":{"rendered":"\u3070\u3072\u3042\u30fb\u30a6\u30fc\u30d6\u30f3\u30e9\u30e0\u30b9\u30ad\u30f3\u30ec\u30b6\u30fc\uff06\u30b5\u30c6\u30f3\u30ab\u30fc\u30d5\u30fb\u96f7\u96e8"},"content":{"rendered":"<p>\u30dd\u30b7\u30a7\u30c3\u30c8\u30fb\u30d0\u30a4\u30a2\u306f\u624b\u3067\u304a\u6301\u3061\u3044\u305f\u3060\u304f\u304b\u3001\u80a9\u306b\u639b\u3051\u3066\u304a\u6301\u3061\u3044\u305f\u3060\u3051\u307e\u3059\u3002\u30cf\u30f3\u30c9\u30eb\u306b\u306f\u771f\u936e\u30e1\u30c3\u30ad\u306e\u30d0\u30c3\u30af\u30eb\u304c2\u3064\u4ed8\u3044\u3066\u3044\u307e\u3059\u3002\u78c1\u77f3\u3067\u958b\u9589\u3059\u308b\u4f7f\u3044\u3084\u3059\u3044\u30d0\u30a4\u30a2\u306e\u5185\u90e8\u306f\u7acb\u4f53\u7684\u30672\u3064\u306b\u5206\u304b\u308c\u3066\u3044\u307e\u3059\u3002\u5927\u5c0f\u306e\u30d5\u30a1\u30b9\u30ca\u30fc\u30dd\u30b1\u30c3\u30c8\u304c1\u3064\u305a\u3064\u4ed8\u3044\u3066\u3044\u307e\u3059\u3002\u30d5\u30e9\u30f3\u30b9\u88fd<\/p>\n","protected":false},"excerpt":{"rendered":"<p>\u30b0\u30e9\u30e0\u30fc\u30eb\u306a\u30d0\u30a4\u30a2\u306f\u30012\u7a2e\u985e\u306e\u6301\u3061\u65b9\u304c\u51fa\u6765\u308b\u3001\u975e\u5e38\u306b\u30b7\u30c3\u30af\u3067\u30d5\u30a7\u30df\u30cb\u30f3\u306a\u7acb\u4f53\u7684\u306a\u30dd\u30b7\u30a7\u30c3\u30c8\u3067\u3059\u3002\u30d0\u30a4\u30a2\u306e\u30a2\u30af\u30bb\u30f3\u30c8\u306f\u305d\u306e\u30cf\u30f3\u30c9\u30eb\u3002\u73fe\u4ee3\u7684\u306a\u614b\u5ea6\u3092\u6f14\u51fa\u3057\u3001\u7aef\u6b63\u3067\u5e7e\u4f55\u5b66\u7684\u306a\u30e9\u30a4\u30f3\u3092\u5f15\u304d\u7acb\u305f\u305b\u307e\u3059\u3002<\/p>\n","protected":false},"featured_media":36254,"template":"","meta":[],"product_cat":[633],"product_tag":[],"class_list":{"0":"post-36269","1":"product","2":"type-product","3":"status-publish","4":"has-post-thumbnail","6":"product_cat-633","7":"product_shipping_class-classe-de-livraison-1","8":"pa_porte-333","9":"pa_porte-329","10":"pa_volume-sacs-tresses-ja","11":"pa_volume-337","13":"first","14":"instock","15":"sold-individually","16":"taxable","17":"shipping-taxable","18":"purchasable","19":"product-type-simple"},"yoast_head":"<!-- This site is optimized with the Yoast SEO plugin v23.1 - https:\/\/yoast.com\/wordpress\/plugins\/seo\/ -->\n<title>\u30d0\u30b2\u30c3\u30c8\u30d0\u30c3\u30b0 \u3070\u3072\u3042 - \u30d5\u30e9\u30f3\u30b9\u88fd\u30b5\u30c3\u30af\u30c8\u30ec\u30bb - \u30bb\u30bc\u30fc\u30eb \u30d1\u30ea<\/title>\n<meta name=\"description\" content=\"\u30b0\u30e9\u30de\u30e9\u30b9\u306a\u30d0\u30a4\u30a2\u306f\u3001\u69cb\u9020\u7684\u306a\u30c7\u30b6\u30a4\u30f3\u304c\u7279\u5fb4\u306e\u7d20\u6674\u3089\u3057\u3044\u30a4\u30d6\u30cb\u30f3\u30b0\u30af\u30e9\u30c3\u30c1\u3067\u3001\u975e\u5e38\u306b\u30b7\u30c3\u30af\u3067\u30d5\u30a7\u30df\u30cb\u30f3\u306a2\u901a\u308a\u306e\u6301\u3061\u65b9\u3067\u9a5a\u304d\u3068\u9b45\u529b\u3092\u4e0e\u3048\u3001\u73fe\u4ee3\u7684\u306a\u96f0\u56f2\u6c17\u3092\u4fdd\u8a3c\u3057\u307e\u3059\u3002\" \/>\n<meta name=\"robots\" content=\"index, follow, max-snippet:-1, max-image-preview:large, max-video-preview:-1\" \/>\n<link rel=\"canonical\" href=\"https:\/\/www.stephaniecesaire.com\/ja\/boutique\/%e3%83%90%e3%83%83%e3%82%b0\/%e3%81%b0%e3%81%b2%e3%81%82\/%e3%81%b0%e3%81%b2%e3%81%82%e3%83%bb%e7%b7%a8%e3%81%bf%e8%be%bc%e3%81%bf%e3%83%a9%e3%83%a0%e3%82%b9%e3%82%ad%e3%83%b3%e3%83%ac%e3%82%b6%e3%83%bc%e3%83%bb%e5%a4%9a%e8%89%b2%e3%81%ae-%ef%bc%86-2\/\" \/>\n<meta property=\"og:locale\" content=\"ja_JP\" \/>\n<meta property=\"og:type\" content=\"article\" \/>\n<meta property=\"og:title\" content=\"\u30d0\u30b2\u30c3\u30c8\u30d0\u30c3\u30b0 \u3070\u3072\u3042 - \u30d5\u30e9\u30f3\u30b9\u88fd\u30b5\u30c3\u30af\u30c8\u30ec\u30bb - \u30bb\u30bc\u30fc\u30eb \u30d1\u30ea\" \/>\n<meta property=\"og:description\" content=\"\u30b0\u30e9\u30de\u30e9\u30b9\u306a\u30d0\u30a4\u30a2\u306f\u3001\u69cb\u9020\u7684\u306a\u30c7\u30b6\u30a4\u30f3\u304c\u7279\u5fb4\u306e\u7d20\u6674\u3089\u3057\u3044\u30a4\u30d6\u30cb\u30f3\u30b0\u30af\u30e9\u30c3\u30c1\u3067\u3001\u975e\u5e38\u306b\u30b7\u30c3\u30af\u3067\u30d5\u30a7\u30df\u30cb\u30f3\u306a2\u901a\u308a\u306e\u6301\u3061\u65b9\u3067\u9a5a\u304d\u3068\u9b45\u529b\u3092\u4e0e\u3048\u3001\u73fe\u4ee3\u7684\u306a\u96f0\u56f2\u6c17\u3092\u4fdd\u8a3c\u3057\u307e\u3059\u3002\" \/>\n<meta property=\"og:url\" content=\"https:\/\/www.stephaniecesaire.com\/ja\/boutique\/%e3%83%90%e3%83%83%e3%82%b0\/%e3%81%b0%e3%81%b2%e3%81%82\/%e3%81%b0%e3%81%b2%e3%81%82%e3%83%bb%e7%b7%a8%e3%81%bf%e8%be%bc%e3%81%bf%e3%83%a9%e3%83%a0%e3%82%b9%e3%82%ad%e3%83%b3%e3%83%ac%e3%82%b6%e3%83%bc%e3%83%bb%e5%a4%9a%e8%89%b2%e3%81%ae-%ef%bc%86-2\/\" \/>\n<meta property=\"og:site_name\" content=\"C\u00e9saire\" \/>\n<meta property=\"article:publisher\" content=\"https:\/\/www.facebook.com\/cesaireparis\/\" \/>\n<meta property=\"article:modified_time\" content=\"2024-10-23T10:38:40+00:00\" \/>\n<meta property=\"og:image\" content=\"https:\/\/www.stephaniecesaire.com\/wp-content\/uploads\/2024\/10\/BahiaTresOrageFace-jpg.webp\" \/>\n\t<meta property=\"og:image:width\" content=\"630\" \/>\n\t<meta property=\"og:image:height\" content=\"945\" \/>\n\t<meta property=\"og:image:type\" content=\"image\/jpeg\" \/>\n<meta name=\"twitter:card\" content=\"summary_large_image\" \/>\n<meta name=\"twitter:label1\" content=\"\u63a8\u5b9a\u8aad\u307f\u53d6\u308a\u6642\u9593\" \/>\n\t<meta name=\"twitter:data1\" content=\"1\u5206\" \/>\n<script type=\"application\/ld+json\" class=\"yoast-schema-graph\">{\"@context\":\"https:\/\/schema.org\",\"@graph\":[{\"@type\":\"WebPage\",\"@id\":\"https:\/\/www.stephaniecesaire.com\/ja\/boutique\/%e3%83%90%e3%83%83%e3%82%b0\/%e3%81%b0%e3%81%b2%e3%81%82\/%e3%81%b0%e3%81%b2%e3%81%82%e3%83%bb%e7%b7%a8%e3%81%bf%e8%be%bc%e3%81%bf%e3%83%a9%e3%83%a0%e3%82%b9%e3%82%ad%e3%83%b3%e3%83%ac%e3%82%b6%e3%83%bc%e3%83%bb%e5%a4%9a%e8%89%b2%e3%81%ae-%ef%bc%86-2\/\",\"url\":\"https:\/\/www.stephaniecesaire.com\/ja\/boutique\/%e3%83%90%e3%83%83%e3%82%b0\/%e3%81%b0%e3%81%b2%e3%81%82\/%e3%81%b0%e3%81%b2%e3%81%82%e3%83%bb%e7%b7%a8%e3%81%bf%e8%be%bc%e3%81%bf%e3%83%a9%e3%83%a0%e3%82%b9%e3%82%ad%e3%83%b3%e3%83%ac%e3%82%b6%e3%83%bc%e3%83%bb%e5%a4%9a%e8%89%b2%e3%81%ae-%ef%bc%86-2\/\",\"name\":\"\u30d0\u30b2\u30c3\u30c8\u30d0\u30c3\u30b0 \u3070\u3072\u3042 - \u30d5\u30e9\u30f3\u30b9\u88fd\u30b5\u30c3\u30af\u30c8\u30ec\u30bb - \u30bb\u30bc\u30fc\u30eb \u30d1\u30ea\",\"isPartOf\":{\"@id\":\"https:\/\/www.stephaniecesaire.com\/ja\/#website\"},\"primaryImageOfPage\":{\"@id\":\"https:\/\/www.stephaniecesaire.com\/ja\/boutique\/%e3%83%90%e3%83%83%e3%82%b0\/%e3%81%b0%e3%81%b2%e3%81%82\/%e3%81%b0%e3%81%b2%e3%81%82%e3%83%bb%e7%b7%a8%e3%81%bf%e8%be%bc%e3%81%bf%e3%83%a9%e3%83%a0%e3%82%b9%e3%82%ad%e3%83%b3%e3%83%ac%e3%82%b6%e3%83%bc%e3%83%bb%e5%a4%9a%e8%89%b2%e3%81%ae-%ef%bc%86-2\/#primaryimage\"},\"image\":{\"@id\":\"https:\/\/www.stephaniecesaire.com\/ja\/boutique\/%e3%83%90%e3%83%83%e3%82%b0\/%e3%81%b0%e3%81%b2%e3%81%82\/%e3%81%b0%e3%81%b2%e3%81%82%e3%83%bb%e7%b7%a8%e3%81%bf%e8%be%bc%e3%81%bf%e3%83%a9%e3%83%a0%e3%82%b9%e3%82%ad%e3%83%b3%e3%83%ac%e3%82%b6%e3%83%bc%e3%83%bb%e5%a4%9a%e8%89%b2%e3%81%ae-%ef%bc%86-2\/#primaryimage\"},\"thumbnailUrl\":\"https:\/\/www.stephaniecesaire.com\/wp-content\/uploads\/2024\/10\/BahiaTresOrageFace-jpg.webp\",\"datePublished\":\"2024-10-23T10:27:22+00:00\",\"dateModified\":\"2024-10-23T10:38:40+00:00\",\"description\":\"\u30b0\u30e9\u30de\u30e9\u30b9\u306a\u30d0\u30a4\u30a2\u306f\u3001\u69cb\u9020\u7684\u306a\u30c7\u30b6\u30a4\u30f3\u304c\u7279\u5fb4\u306e\u7d20\u6674\u3089\u3057\u3044\u30a4\u30d6\u30cb\u30f3\u30b0\u30af\u30e9\u30c3\u30c1\u3067\u3001\u975e\u5e38\u306b\u30b7\u30c3\u30af\u3067\u30d5\u30a7\u30df\u30cb\u30f3\u306a2\u901a\u308a\u306e\u6301\u3061\u65b9\u3067\u9a5a\u304d\u3068\u9b45\u529b\u3092\u4e0e\u3048\u3001\u73fe\u4ee3\u7684\u306a\u96f0\u56f2\u6c17\u3092\u4fdd\u8a3c\u3057\u307e\u3059\u3002\",\"breadcrumb\":{\"@id\":\"https:\/\/www.stephaniecesaire.com\/ja\/boutique\/%e3%83%90%e3%83%83%e3%82%b0\/%e3%81%b0%e3%81%b2%e3%81%82\/%e3%81%b0%e3%81%b2%e3%81%82%e3%83%bb%e7%b7%a8%e3%81%bf%e8%be%bc%e3%81%bf%e3%83%a9%e3%83%a0%e3%82%b9%e3%82%ad%e3%83%b3%e3%83%ac%e3%82%b6%e3%83%bc%e3%83%bb%e5%a4%9a%e8%89%b2%e3%81%ae-%ef%bc%86-2\/#breadcrumb\"},\"inLanguage\":\"ja\",\"potentialAction\":[{\"@type\":\"ReadAction\",\"target\":[\"https:\/\/www.stephaniecesaire.com\/ja\/boutique\/%e3%83%90%e3%83%83%e3%82%b0\/%e3%81%b0%e3%81%b2%e3%81%82\/%e3%81%b0%e3%81%b2%e3%81%82%e3%83%bb%e7%b7%a8%e3%81%bf%e8%be%bc%e3%81%bf%e3%83%a9%e3%83%a0%e3%82%b9%e3%82%ad%e3%83%b3%e3%83%ac%e3%82%b6%e3%83%bc%e3%83%bb%e5%a4%9a%e8%89%b2%e3%81%ae-%ef%bc%86-2\/\"]}]},{\"@type\":\"ImageObject\",\"inLanguage\":\"ja\",\"@id\":\"https:\/\/www.stephaniecesaire.com\/ja\/boutique\/%e3%83%90%e3%83%83%e3%82%b0\/%e3%81%b0%e3%81%b2%e3%81%82\/%e3%81%b0%e3%81%b2%e3%81%82%e3%83%bb%e7%b7%a8%e3%81%bf%e8%be%bc%e3%81%bf%e3%83%a9%e3%83%a0%e3%82%b9%e3%82%ad%e3%83%b3%e3%83%ac%e3%82%b6%e3%83%bc%e3%83%bb%e5%a4%9a%e8%89%b2%e3%81%ae-%ef%bc%86-2\/#primaryimage\",\"url\":\"https:\/\/www.stephaniecesaire.com\/wp-content\/uploads\/2024\/10\/BahiaTresOrageFace-jpg.webp\",\"contentUrl\":\"https:\/\/www.stephaniecesaire.com\/wp-content\/uploads\/2024\/10\/BahiaTresOrageFace-jpg.webp\",\"width\":630,\"height\":945,\"caption\":\"\u30d0\u30a4\u30a2 \u30dd\u30fc\u30c1 - \u30bb\u30bc\u30fc\u30eb \u30d1\u30ea - \u30e9\u30b0\u30b8\u30e5\u30a2\u30ea\u30fc \u30af\u30ea\u30a8\u30a4\u30c6\u30a3\u30d6 \u30de\u30ed\u30ad\u30cd\u30ea\u30fc - \u30d5\u30e9\u30f3\u30b9\u88fd\"},{\"@type\":\"BreadcrumbList\",\"@id\":\"https:\/\/www.stephaniecesaire.com\/ja\/boutique\/%e3%83%90%e3%83%83%e3%82%b0\/%e3%81%b0%e3%81%b2%e3%81%82\/%e3%81%b0%e3%81%b2%e3%81%82%e3%83%bb%e7%b7%a8%e3%81%bf%e8%be%bc%e3%81%bf%e3%83%a9%e3%83%a0%e3%82%b9%e3%82%ad%e3%83%b3%e3%83%ac%e3%82%b6%e3%83%bc%e3%83%bb%e5%a4%9a%e8%89%b2%e3%81%ae-%ef%bc%86-2\/#breadcrumb\",\"itemListElement\":[{\"@type\":\"ListItem\",\"position\":1,\"name\":\"Accueil\",\"item\":\"https:\/\/www.stephaniecesaire.com\/ja\/\"},{\"@type\":\"ListItem\",\"position\":2,\"name\":\"\u30b7\u30e7\u30c3\u30d7\",\"item\":\"https:\/\/www.stephaniecesaire.com\/ja\/%e3%82%b7%e3%83%a7%e3%83%83%e3%83%97\/\"},{\"@type\":\"ListItem\",\"position\":3,\"name\":\"\u3070\u3072\u3042\u30fb\u30a6\u30fc\u30d6\u30f3\u30e9\u30e0\u30b9\u30ad\u30f3\u30ec\u30b6\u30fc\uff06\u30b5\u30c6\u30f3\u30ab\u30fc\u30d5\u30fb\u96f7\u96e8\"}]},{\"@type\":\"WebSite\",\"@id\":\"https:\/\/www.stephaniecesaire.com\/ja\/#website\",\"url\":\"https:\/\/www.stephaniecesaire.com\/ja\/\",\"name\":\"St\u00e9phanie C\u00e9saire\",\"description\":\"Sac cr\u00e9ateur made in France - Maroquinerie de luxe\",\"publisher\":{\"@id\":\"https:\/\/www.stephaniecesaire.com\/ja\/#organization\"},\"potentialAction\":[{\"@type\":\"SearchAction\",\"target\":{\"@type\":\"EntryPoint\",\"urlTemplate\":\"https:\/\/www.stephaniecesaire.com\/ja\/?s={search_term_string}\"},\"query-input\":\"required name=search_term_string\"}],\"inLanguage\":\"ja\"},{\"@type\":\"Organization\",\"@id\":\"https:\/\/www.stephaniecesaire.com\/ja\/#organization\",\"name\":\"St\u00e9phanie C\u00e9saire\",\"url\":\"https:\/\/www.stephaniecesaire.com\/ja\/\",\"logo\":{\"@type\":\"ImageObject\",\"inLanguage\":\"ja\",\"@id\":\"https:\/\/www.stephaniecesaire.com\/ja\/#\/schema\/logo\/image\/\",\"url\":\"https:\/\/www.stephaniecesaire.com\/wp-content\/uploads\/2023\/10\/favicon.png\",\"contentUrl\":\"https:\/\/www.stephaniecesaire.com\/wp-content\/uploads\/2023\/10\/favicon.png\",\"width\":512,\"height\":512,\"caption\":\"St\u00e9phanie C\u00e9saire\"},\"image\":{\"@id\":\"https:\/\/www.stephaniecesaire.com\/ja\/#\/schema\/logo\/image\/\"},\"sameAs\":[\"https:\/\/www.facebook.com\/cesaireparis\/\",\"https:\/\/www.pinterest.fr\/cesaireparis\/\",\"https:\/\/www.instagram.com\/cesaireparis.official\/\"]}]}<\/script>\n<!-- \/ Yoast SEO plugin. -->","yoast_head_json":{"title":"\u30d0\u30b2\u30c3\u30c8\u30d0\u30c3\u30b0 \u3070\u3072\u3042 - \u30d5\u30e9\u30f3\u30b9\u88fd\u30b5\u30c3\u30af\u30c8\u30ec\u30bb - \u30bb\u30bc\u30fc\u30eb \u30d1\u30ea","description":"\u30b0\u30e9\u30de\u30e9\u30b9\u306a\u30d0\u30a4\u30a2\u306f\u3001\u69cb\u9020\u7684\u306a\u30c7\u30b6\u30a4\u30f3\u304c\u7279\u5fb4\u306e\u7d20\u6674\u3089\u3057\u3044\u30a4\u30d6\u30cb\u30f3\u30b0\u30af\u30e9\u30c3\u30c1\u3067\u3001\u975e\u5e38\u306b\u30b7\u30c3\u30af\u3067\u30d5\u30a7\u30df\u30cb\u30f3\u306a2\u901a\u308a\u306e\u6301\u3061\u65b9\u3067\u9a5a\u304d\u3068\u9b45\u529b\u3092\u4e0e\u3048\u3001\u73fe\u4ee3\u7684\u306a\u96f0\u56f2\u6c17\u3092\u4fdd\u8a3c\u3057\u307e\u3059\u3002","robots":{"index":"index","follow":"follow","max-snippet":"max-snippet:-1","max-image-preview":"max-image-preview:large","max-video-preview":"max-video-preview:-1"},"canonical":"https:\/\/www.stephaniecesaire.com\/ja\/boutique\/%e3%83%90%e3%83%83%e3%82%b0\/%e3%81%b0%e3%81%b2%e3%81%82\/%e3%81%b0%e3%81%b2%e3%81%82%e3%83%bb%e7%b7%a8%e3%81%bf%e8%be%bc%e3%81%bf%e3%83%a9%e3%83%a0%e3%82%b9%e3%82%ad%e3%83%b3%e3%83%ac%e3%82%b6%e3%83%bc%e3%83%bb%e5%a4%9a%e8%89%b2%e3%81%ae-%ef%bc%86-2\/","og_locale":"ja_JP","og_type":"article","og_title":"\u30d0\u30b2\u30c3\u30c8\u30d0\u30c3\u30b0 \u3070\u3072\u3042 - \u30d5\u30e9\u30f3\u30b9\u88fd\u30b5\u30c3\u30af\u30c8\u30ec\u30bb - \u30bb\u30bc\u30fc\u30eb \u30d1\u30ea","og_description":"\u30b0\u30e9\u30de\u30e9\u30b9\u306a\u30d0\u30a4\u30a2\u306f\u3001\u69cb\u9020\u7684\u306a\u30c7\u30b6\u30a4\u30f3\u304c\u7279\u5fb4\u306e\u7d20\u6674\u3089\u3057\u3044\u30a4\u30d6\u30cb\u30f3\u30b0\u30af\u30e9\u30c3\u30c1\u3067\u3001\u975e\u5e38\u306b\u30b7\u30c3\u30af\u3067\u30d5\u30a7\u30df\u30cb\u30f3\u306a2\u901a\u308a\u306e\u6301\u3061\u65b9\u3067\u9a5a\u304d\u3068\u9b45\u529b\u3092\u4e0e\u3048\u3001\u73fe\u4ee3\u7684\u306a\u96f0\u56f2\u6c17\u3092\u4fdd\u8a3c\u3057\u307e\u3059\u3002","og_url":"https:\/\/www.stephaniecesaire.com\/ja\/boutique\/%e3%83%90%e3%83%83%e3%82%b0\/%e3%81%b0%e3%81%b2%e3%81%82\/%e3%81%b0%e3%81%b2%e3%81%82%e3%83%bb%e7%b7%a8%e3%81%bf%e8%be%bc%e3%81%bf%e3%83%a9%e3%83%a0%e3%82%b9%e3%82%ad%e3%83%b3%e3%83%ac%e3%82%b6%e3%83%bc%e3%83%bb%e5%a4%9a%e8%89%b2%e3%81%ae-%ef%bc%86-2\/","og_site_name":"C\u00e9saire","article_publisher":"https:\/\/www.facebook.com\/cesaireparis\/","article_modified_time":"2024-10-23T10:38:40+00:00","og_image":[{"width":630,"height":945,"url":"https:\/\/www.stephaniecesaire.com\/wp-content\/uploads\/2024\/10\/BahiaTresOrageFace-jpg.webp","type":"image\/jpeg"}],"twitter_card":"summary_large_image","twitter_misc":{"\u63a8\u5b9a\u8aad\u307f\u53d6\u308a\u6642\u9593":"1\u5206"},"schema":{"@context":"https:\/\/schema.org","@graph":[{"@type":"WebPage","@id":"https:\/\/www.stephaniecesaire.com\/ja\/boutique\/%e3%83%90%e3%83%83%e3%82%b0\/%e3%81%b0%e3%81%b2%e3%81%82\/%e3%81%b0%e3%81%b2%e3%81%82%e3%83%bb%e7%b7%a8%e3%81%bf%e8%be%bc%e3%81%bf%e3%83%a9%e3%83%a0%e3%82%b9%e3%82%ad%e3%83%b3%e3%83%ac%e3%82%b6%e3%83%bc%e3%83%bb%e5%a4%9a%e8%89%b2%e3%81%ae-%ef%bc%86-2\/","url":"https:\/\/www.stephaniecesaire.com\/ja\/boutique\/%e3%83%90%e3%83%83%e3%82%b0\/%e3%81%b0%e3%81%b2%e3%81%82\/%e3%81%b0%e3%81%b2%e3%81%82%e3%83%bb%e7%b7%a8%e3%81%bf%e8%be%bc%e3%81%bf%e3%83%a9%e3%83%a0%e3%82%b9%e3%82%ad%e3%83%b3%e3%83%ac%e3%82%b6%e3%83%bc%e3%83%bb%e5%a4%9a%e8%89%b2%e3%81%ae-%ef%bc%86-2\/","name":"\u30d0\u30b2\u30c3\u30c8\u30d0\u30c3\u30b0 \u3070\u3072\u3042 - \u30d5\u30e9\u30f3\u30b9\u88fd\u30b5\u30c3\u30af\u30c8\u30ec\u30bb - \u30bb\u30bc\u30fc\u30eb \u30d1\u30ea","isPartOf":{"@id":"https:\/\/www.stephaniecesaire.com\/ja\/#website"},"primaryImageOfPage":{"@id":"https:\/\/www.stephaniecesaire.com\/ja\/boutique\/%e3%83%90%e3%83%83%e3%82%b0\/%e3%81%b0%e3%81%b2%e3%81%82\/%e3%81%b0%e3%81%b2%e3%81%82%e3%83%bb%e7%b7%a8%e3%81%bf%e8%be%bc%e3%81%bf%e3%83%a9%e3%83%a0%e3%82%b9%e3%82%ad%e3%83%b3%e3%83%ac%e3%82%b6%e3%83%bc%e3%83%bb%e5%a4%9a%e8%89%b2%e3%81%ae-%ef%bc%86-2\/#primaryimage"},"image":{"@id":"https:\/\/www.stephaniecesaire.com\/ja\/boutique\/%e3%83%90%e3%83%83%e3%82%b0\/%e3%81%b0%e3%81%b2%e3%81%82\/%e3%81%b0%e3%81%b2%e3%81%82%e3%83%bb%e7%b7%a8%e3%81%bf%e8%be%bc%e3%81%bf%e3%83%a9%e3%83%a0%e3%82%b9%e3%82%ad%e3%83%b3%e3%83%ac%e3%82%b6%e3%83%bc%e3%83%bb%e5%a4%9a%e8%89%b2%e3%81%ae-%ef%bc%86-2\/#primaryimage"},"thumbnailUrl":"https:\/\/www.stephaniecesaire.com\/wp-content\/uploads\/2024\/10\/BahiaTresOrageFace-jpg.webp","datePublished":"2024-10-23T10:27:22+00:00","dateModified":"2024-10-23T10:38:40+00:00","description":"\u30b0\u30e9\u30de\u30e9\u30b9\u306a\u30d0\u30a4\u30a2\u306f\u3001\u69cb\u9020\u7684\u306a\u30c7\u30b6\u30a4\u30f3\u304c\u7279\u5fb4\u306e\u7d20\u6674\u3089\u3057\u3044\u30a4\u30d6\u30cb\u30f3\u30b0\u30af\u30e9\u30c3\u30c1\u3067\u3001\u975e\u5e38\u306b\u30b7\u30c3\u30af\u3067\u30d5\u30a7\u30df\u30cb\u30f3\u306a2\u901a\u308a\u306e\u6301\u3061\u65b9\u3067\u9a5a\u304d\u3068\u9b45\u529b\u3092\u4e0e\u3048\u3001\u73fe\u4ee3\u7684\u306a\u96f0\u56f2\u6c17\u3092\u4fdd\u8a3c\u3057\u307e\u3059\u3002","breadcrumb":{"@id":"https:\/\/www.stephaniecesaire.com\/ja\/boutique\/%e3%83%90%e3%83%83%e3%82%b0\/%e3%81%b0%e3%81%b2%e3%81%82\/%e3%81%b0%e3%81%b2%e3%81%82%e3%83%bb%e7%b7%a8%e3%81%bf%e8%be%bc%e3%81%bf%e3%83%a9%e3%83%a0%e3%82%b9%e3%82%ad%e3%83%b3%e3%83%ac%e3%82%b6%e3%83%bc%e3%83%bb%e5%a4%9a%e8%89%b2%e3%81%ae-%ef%bc%86-2\/#breadcrumb"},"inLanguage":"ja","potentialAction":[{"@type":"ReadAction","target":["https:\/\/www.stephaniecesaire.com\/ja\/boutique\/%e3%83%90%e3%83%83%e3%82%b0\/%e3%81%b0%e3%81%b2%e3%81%82\/%e3%81%b0%e3%81%b2%e3%81%82%e3%83%bb%e7%b7%a8%e3%81%bf%e8%be%bc%e3%81%bf%e3%83%a9%e3%83%a0%e3%82%b9%e3%82%ad%e3%83%b3%e3%83%ac%e3%82%b6%e3%83%bc%e3%83%bb%e5%a4%9a%e8%89%b2%e3%81%ae-%ef%bc%86-2\/"]}]},{"@type":"ImageObject","inLanguage":"ja","@id":"https:\/\/www.stephaniecesaire.com\/ja\/boutique\/%e3%83%90%e3%83%83%e3%82%b0\/%e3%81%b0%e3%81%b2%e3%81%82\/%e3%81%b0%e3%81%b2%e3%81%82%e3%83%bb%e7%b7%a8%e3%81%bf%e8%be%bc%e3%81%bf%e3%83%a9%e3%83%a0%e3%82%b9%e3%82%ad%e3%83%b3%e3%83%ac%e3%82%b6%e3%83%bc%e3%83%bb%e5%a4%9a%e8%89%b2%e3%81%ae-%ef%bc%86-2\/#primaryimage","url":"https:\/\/www.stephaniecesaire.com\/wp-content\/uploads\/2024\/10\/BahiaTresOrageFace-jpg.webp","contentUrl":"https:\/\/www.stephaniecesaire.com\/wp-content\/uploads\/2024\/10\/BahiaTresOrageFace-jpg.webp","width":630,"height":945,"caption":"\u30d0\u30a4\u30a2 \u30dd\u30fc\u30c1 - \u30bb\u30bc\u30fc\u30eb \u30d1\u30ea - \u30e9\u30b0\u30b8\u30e5\u30a2\u30ea\u30fc \u30af\u30ea\u30a8\u30a4\u30c6\u30a3\u30d6 \u30de\u30ed\u30ad\u30cd\u30ea\u30fc - \u30d5\u30e9\u30f3\u30b9\u88fd"},{"@type":"BreadcrumbList","@id":"https:\/\/www.stephaniecesaire.com\/ja\/boutique\/%e3%83%90%e3%83%83%e3%82%b0\/%e3%81%b0%e3%81%b2%e3%81%82\/%e3%81%b0%e3%81%b2%e3%81%82%e3%83%bb%e7%b7%a8%e3%81%bf%e8%be%bc%e3%81%bf%e3%83%a9%e3%83%a0%e3%82%b9%e3%82%ad%e3%83%b3%e3%83%ac%e3%82%b6%e3%83%bc%e3%83%bb%e5%a4%9a%e8%89%b2%e3%81%ae-%ef%bc%86-2\/#breadcrumb","itemListElement":[{"@type":"ListItem","position":1,"name":"Accueil","item":"https:\/\/www.stephaniecesaire.com\/ja\/"},{"@type":"ListItem","position":2,"name":"\u30b7\u30e7\u30c3\u30d7","item":"https:\/\/www.stephaniecesaire.com\/ja\/%e3%82%b7%e3%83%a7%e3%83%83%e3%83%97\/"},{"@type":"ListItem","position":3,"name":"\u3070\u3072\u3042\u30fb\u30a6\u30fc\u30d6\u30f3\u30e9\u30e0\u30b9\u30ad\u30f3\u30ec\u30b6\u30fc\uff06\u30b5\u30c6\u30f3\u30ab\u30fc\u30d5\u30fb\u96f7\u96e8"}]},{"@type":"WebSite","@id":"https:\/\/www.stephaniecesaire.com\/ja\/#website","url":"https:\/\/www.stephaniecesaire.com\/ja\/","name":"St\u00e9phanie C\u00e9saire","description":"Sac cr\u00e9ateur made in France - Maroquinerie de luxe","publisher":{"@id":"https:\/\/www.stephaniecesaire.com\/ja\/#organization"},"potentialAction":[{"@type":"SearchAction","target":{"@type":"EntryPoint","urlTemplate":"https:\/\/www.stephaniecesaire.com\/ja\/?s={search_term_string}"},"query-input":"required name=search_term_string"}],"inLanguage":"ja"},{"@type":"Organization","@id":"https:\/\/www.stephaniecesaire.com\/ja\/#organization","name":"St\u00e9phanie C\u00e9saire","url":"https:\/\/www.stephaniecesaire.com\/ja\/","logo":{"@type":"ImageObject","inLanguage":"ja","@id":"https:\/\/www.stephaniecesaire.com\/ja\/#\/schema\/logo\/image\/","url":"https:\/\/www.stephaniecesaire.com\/wp-content\/uploads\/2023\/10\/favicon.png","contentUrl":"https:\/\/www.stephaniecesaire.com\/wp-content\/uploads\/2023\/10\/favicon.png","width":512,"height":512,"caption":"St\u00e9phanie C\u00e9saire"},"image":{"@id":"https:\/\/www.stephaniecesaire.com\/ja\/#\/schema\/logo\/image\/"},"sameAs":["https:\/\/www.facebook.com\/cesaireparis\/","https:\/\/www.pinterest.fr\/cesaireparis\/","https:\/\/www.instagram.com\/cesaireparis.official\/"]}]}},"_links":{"self":[{"href":"https:\/\/www.stephaniecesaire.com\/ja\/wp-json\/wp\/v2\/product\/36269","targetHints":{"allow":["GET"]}}],"collection":[{"href":"https:\/\/www.stephaniecesaire.com\/ja\/wp-json\/wp\/v2\/product"}],"about":[{"href":"https:\/\/www.stephaniecesaire.com\/ja\/wp-json\/wp\/v2\/types\/product"}],"wp:featuredmedia":[{"embeddable":true,"href":"https:\/\/www.stephaniecesaire.com\/ja\/wp-json\/wp\/v2\/media\/36254"}],"wp:attachment":[{"href":"https:\/\/www.stephaniecesaire.com\/ja\/wp-json\/wp\/v2\/media?parent=36269"}],"wp:term":[{"taxonomy":"product_cat","embeddable":true,"href":"https:\/\/www.stephaniecesaire.com\/ja\/wp-json\/wp\/v2\/product_cat?post=36269"},{"taxonomy":"product_tag","embeddable":true,"href":"https:\/\/www.stephaniecesaire.com\/ja\/wp-json\/wp\/v2\/product_tag?post=36269"}],"curies":[{"name":"wp","href":"https:\/\/api.w.org\/{rel}","templated":true}]}}