{"id":37162,"date":"2024-12-17T19:03:28","date_gmt":"2024-12-17T18:03:28","guid":{"rendered":"https:\/\/www.stephaniecesaire.com\/?post_type=product&#038;p=37162"},"modified":"2024-12-17T19:13:00","modified_gmt":"2024-12-17T18:13:00","slug":"%e3%83%90%e3%83%ad%e3%82%bf%e3%83%b3%e3%83%bb%e3%83%8c%e3%83%90%e3%83%83%e3%82%af%e3%82%ab%e3%83%bc%e3%83%95%e3%82%b9%e3%82%ad%e3%83%b3%e3%81%a8%e3%82%b5%e3%83%89%e3%83%ab%e3%82%ab%e3%83%bc%e3%83%95","status":"publish","type":"product","link":"https:\/\/www.stephaniecesaire.com\/ja\/boutique\/%e3%83%90%e3%83%83%e3%82%b0\/ballotin-ja\/%e3%83%90%e3%83%ad%e3%82%bf%e3%83%b3%e3%83%bb%e3%83%8c%e3%83%90%e3%83%83%e3%82%af%e3%82%ab%e3%83%bc%e3%83%95%e3%82%b9%e3%82%ad%e3%83%b3%e3%81%a8%e3%82%b5%e3%83%89%e3%83%ab%e3%82%ab%e3%83%bc%e3%83%95\/","title":{"rendered":"\u30d0\u30ed\u30bf\u30f3\u30fb\u4e57\u7528\u99ac \u30ab\u30fc\u30d5\u30ec\u30b6\u30fc \u30d6\u30e9\u30c3\u30af\u30fb\u30de\u30c7\u30e5\u30fc\u30ed"},"content":{"rendered":"<p>\u30d0\u30ed\u30bf\u30f3\u30d0\u30c3\u30b0\u306f\u3001\u4e38\u307f\u3092\u5e2f\u3073\u305f\u5c0f\u3055\u306a\u9769\u306e\u30b7\u30ea\u30f3\u30c0\u30fc\u3067\u3059\u3002\u591a\u69d8\u306a\u6301\u3061\u65b9\u304c\u53ef\u80fd\u306a\u7d30\u3044\u30b9\u30e9\u30a4\u30c9\u30b9\u30c8\u30e9\u30c3\u30d7\u304c\u3042\u308a\u3001\u4e2d\u592e\u306b\u91d1\u5c5e\u88fd\u306e\u30b8\u30c3\u30d1\u30fc\u3067\u9589\u3058\u307e\u3059\u3002\u5185\u5074\u306b\u306f\u30c8\u30fc\u30d7\u306e\u7dbf\u30c4\u30a4\u30eb\u304c\u5f35\u3089\u308c\u3066\u3044\u307e\u3059\u3002\u30d5\u30e9\u30f3\u30b9\u3067\u8077\u4eba\u306e\u624b\u306b\u3088\u308a\u88fd\u4f5c\u3055\u308c\u3066\u3044\u307e\u3059\u3002<\/p>\n","protected":false},"excerpt":{"rendered":"<p>\u9769\u304c\u7e4a\u7d30\u306b\u5dfb\u304b\u308c\u305f\u30df\u30cb\u30b5\u30fc\u30ad\u30e5\u30e9\u30fc\u30d0\u30ed\u30bf\u30f3\u30d0\u30c3\u30b0\u306f\u3001\u7d30\u3044\u30b9\u30e9\u30a4\u30c9\u30b9\u30c8\u30e9\u30c3\u30d7\u304c\u30ea\u30dc\u30f3\u306e\u3088\u3046\u306b\u5305\u307f\u8fbc\u307f\u307e\u3059\u3002\u307e\u308b\u3067\u7cf8\u904a\u3073\u306e\u3088\u3046\u306b\u3001\u3053\u306e\u9769\u306e\u30ea\u30dc\u30f3\u306f\u3001\u3053\u306e\u5c0f\u3055\u306a\u9769\u306e\u30dc\u30ea\u30e5\u30fc\u30e0\u3092\u3001\u30af\u30e9\u30b7\u30c3\u30af\u306a\u30b9\u30bf\u30a4\u30eb\u304b\u3089\u65ac\u65b0\u306a\u30b9\u30bf\u30a4\u30eb\u307e\u3067\u3001\u3055\u307e\u3056\u307e\u306a\u65b9\u6cd5\u3067\u6301\u3061\u6b69\u3051\u308b\u3088\u3046\u306b\u3057\u307e\u3059\u3002\u5168\u9577\u306b\u308f\u305f\u308b\u30b8\u30c3\u30d1\u30fc\u304c\u5f15\u304d\u7acb\u3066\u3001\u305d\u306e\u9032\u5316\u3059\u308b\u30c7\u30b6\u30a4\u30f3\u306f\u9a5a\u304d\u3092\u3082\u305f\u3089\u3057\u3001\u500b\u6027\u3092\u81ea\u4fe1\u3092\u6301\u3063\u3066\u793a\u3057\u307e\u3059\u3002<\/p>\n","protected":false},"featured_media":37177,"template":"","meta":[],"product_cat":[1530],"product_tag":[],"class_list":{"0":"post-37162","1":"product","2":"type-product","3":"status-publish","4":"has-post-thumbnail","6":"product_cat-ballotin-ja","7":"product_shipping_class-classe-de-livraison-1","8":"pa_porte-333","9":"pa_porte-329","10":"pa_volume-337","12":"first","13":"outofstock","14":"taxable","15":"shipping-taxable","16":"purchasable","17":"product-type-simple"},"yoast_head":"<!-- This site is optimized with the Yoast SEO plugin v23.1 - https:\/\/yoast.com\/wordpress\/plugins\/seo\/ -->\n<title>\u30d0\u30ed\u30bf\u30f3 \u30d0\u30b2\u30c3\u30c8\u30d0\u30c3\u30b0 - \u30bb\u30bc\u30fc\u30eb \u30d1\u30ea \u2013 \u30d5\u30e9\u30f3\u30b9\u88fd\u30d0\u30c3\u30b0<\/title>\n<meta name=\"description\" content=\"\u7e4a\u7d30\u306b\u5dfb\u304b\u308c\u305f\u30df\u30cb\u30ec\u30b6\u30fc\u30ed\u30fc\u30eb\u3067\u3042\u308b\u30d0\u30ed\u30bf\u30f3\u30d0\u30b2\u30c3\u30c8\u30d0\u30c3\u30b0\u306f\u3001\u7d30\u3044\u30b9\u30e9\u30a4\u30c7\u30a3\u30f3\u30b0\u30b9\u30c8\u30e9\u30c3\u30d7\u306b\u5305\u307e\u308c\u3001\u3055\u307e\u3056\u307e\u306a\u6301\u3061\u65b9\u3067\u512a\u96c5\u306b\u63fa\u308c\u52d5\u304d\u307e\u3059\u3002\" \/>\n<meta name=\"robots\" content=\"index, follow, max-snippet:-1, max-image-preview:large, max-video-preview:-1\" \/>\n<link rel=\"canonical\" href=\"https:\/\/www.stephaniecesaire.com\/ja\/boutique\/%e3%83%90%e3%83%83%e3%82%b0\/ballotin-ja\/%e3%83%90%e3%83%ad%e3%82%bf%e3%83%b3%e3%83%bb%e3%83%8c%e3%83%90%e3%83%83%e3%82%af%e3%82%ab%e3%83%bc%e3%83%95%e3%82%b9%e3%82%ad%e3%83%b3%e3%81%a8%e3%82%b5%e3%83%89%e3%83%ab%e3%82%ab%e3%83%bc%e3%83%95\/\" \/>\n<meta property=\"og:locale\" content=\"ja_JP\" \/>\n<meta property=\"og:type\" content=\"article\" \/>\n<meta property=\"og:title\" content=\"\u30d0\u30ed\u30bf\u30f3 \u30d0\u30b2\u30c3\u30c8\u30d0\u30c3\u30b0 - \u30bb\u30bc\u30fc\u30eb \u30d1\u30ea \u2013 \u30d5\u30e9\u30f3\u30b9\u88fd\u30d0\u30c3\u30b0\" \/>\n<meta property=\"og:description\" content=\"\u7e4a\u7d30\u306b\u5dfb\u304b\u308c\u305f\u30df\u30cb\u30ec\u30b6\u30fc\u30ed\u30fc\u30eb\u3067\u3042\u308b\u30d0\u30ed\u30bf\u30f3\u30d0\u30b2\u30c3\u30c8\u30d0\u30c3\u30b0\u306f\u3001\u7d30\u3044\u30b9\u30e9\u30a4\u30c7\u30a3\u30f3\u30b0\u30b9\u30c8\u30e9\u30c3\u30d7\u306b\u5305\u307e\u308c\u3001\u3055\u307e\u3056\u307e\u306a\u6301\u3061\u65b9\u3067\u512a\u96c5\u306b\u63fa\u308c\u52d5\u304d\u307e\u3059\u3002\" \/>\n<meta property=\"og:url\" content=\"https:\/\/www.stephaniecesaire.com\/ja\/boutique\/%e3%83%90%e3%83%83%e3%82%b0\/ballotin-ja\/%e3%83%90%e3%83%ad%e3%82%bf%e3%83%b3%e3%83%bb%e3%83%8c%e3%83%90%e3%83%83%e3%82%af%e3%82%ab%e3%83%bc%e3%83%95%e3%82%b9%e3%82%ad%e3%83%b3%e3%81%a8%e3%82%b5%e3%83%89%e3%83%ab%e3%82%ab%e3%83%bc%e3%83%95\/\" \/>\n<meta property=\"og:site_name\" content=\"C\u00e9saire\" \/>\n<meta property=\"article:publisher\" content=\"https:\/\/www.facebook.com\/cesaireparis\/\" \/>\n<meta property=\"article:modified_time\" content=\"2024-12-17T18:13:00+00:00\" \/>\n<meta property=\"og:image\" content=\"https:\/\/www.stephaniecesaire.com\/wp-content\/uploads\/2024\/12\/BallotinNUBMaduroTroisQuart.jpg\" \/>\n\t<meta property=\"og:image:width\" content=\"630\" \/>\n\t<meta property=\"og:image:height\" content=\"945\" \/>\n\t<meta property=\"og:image:type\" content=\"image\/jpeg\" \/>\n<meta name=\"twitter:card\" content=\"summary_large_image\" \/>\n<script type=\"application\/ld+json\" class=\"yoast-schema-graph\">{\"@context\":\"https:\/\/schema.org\",\"@graph\":[{\"@type\":\"WebPage\",\"@id\":\"https:\/\/www.stephaniecesaire.com\/ja\/boutique\/%e3%83%90%e3%83%83%e3%82%b0\/ballotin-ja\/%e3%83%90%e3%83%ad%e3%82%bf%e3%83%b3%e3%83%bb%e3%83%8c%e3%83%90%e3%83%83%e3%82%af%e3%82%ab%e3%83%bc%e3%83%95%e3%82%b9%e3%82%ad%e3%83%b3%e3%81%a8%e3%82%b5%e3%83%89%e3%83%ab%e3%82%ab%e3%83%bc%e3%83%95\/\",\"url\":\"https:\/\/www.stephaniecesaire.com\/ja\/boutique\/%e3%83%90%e3%83%83%e3%82%b0\/ballotin-ja\/%e3%83%90%e3%83%ad%e3%82%bf%e3%83%b3%e3%83%bb%e3%83%8c%e3%83%90%e3%83%83%e3%82%af%e3%82%ab%e3%83%bc%e3%83%95%e3%82%b9%e3%82%ad%e3%83%b3%e3%81%a8%e3%82%b5%e3%83%89%e3%83%ab%e3%82%ab%e3%83%bc%e3%83%95\/\",\"name\":\"\u30d0\u30ed\u30bf\u30f3 \u30d0\u30b2\u30c3\u30c8\u30d0\u30c3\u30b0 - \u30bb\u30bc\u30fc\u30eb \u30d1\u30ea \u2013 \u30d5\u30e9\u30f3\u30b9\u88fd\u30d0\u30c3\u30b0\",\"isPartOf\":{\"@id\":\"https:\/\/www.stephaniecesaire.com\/ja\/#website\"},\"primaryImageOfPage\":{\"@id\":\"https:\/\/www.stephaniecesaire.com\/ja\/boutique\/%e3%83%90%e3%83%83%e3%82%b0\/ballotin-ja\/%e3%83%90%e3%83%ad%e3%82%bf%e3%83%b3%e3%83%bb%e3%83%8c%e3%83%90%e3%83%83%e3%82%af%e3%82%ab%e3%83%bc%e3%83%95%e3%82%b9%e3%82%ad%e3%83%b3%e3%81%a8%e3%82%b5%e3%83%89%e3%83%ab%e3%82%ab%e3%83%bc%e3%83%95\/#primaryimage\"},\"image\":{\"@id\":\"https:\/\/www.stephaniecesaire.com\/ja\/boutique\/%e3%83%90%e3%83%83%e3%82%b0\/ballotin-ja\/%e3%83%90%e3%83%ad%e3%82%bf%e3%83%b3%e3%83%bb%e3%83%8c%e3%83%90%e3%83%83%e3%82%af%e3%82%ab%e3%83%bc%e3%83%95%e3%82%b9%e3%82%ad%e3%83%b3%e3%81%a8%e3%82%b5%e3%83%89%e3%83%ab%e3%82%ab%e3%83%bc%e3%83%95\/#primaryimage\"},\"thumbnailUrl\":\"https:\/\/www.stephaniecesaire.com\/wp-content\/uploads\/2024\/12\/BallotinNUBMaduroTroisQuart.jpg\",\"datePublished\":\"2024-12-17T18:03:28+00:00\",\"dateModified\":\"2024-12-17T18:13:00+00:00\",\"description\":\"\u7e4a\u7d30\u306b\u5dfb\u304b\u308c\u305f\u30df\u30cb\u30ec\u30b6\u30fc\u30ed\u30fc\u30eb\u3067\u3042\u308b\u30d0\u30ed\u30bf\u30f3\u30d0\u30b2\u30c3\u30c8\u30d0\u30c3\u30b0\u306f\u3001\u7d30\u3044\u30b9\u30e9\u30a4\u30c7\u30a3\u30f3\u30b0\u30b9\u30c8\u30e9\u30c3\u30d7\u306b\u5305\u307e\u308c\u3001\u3055\u307e\u3056\u307e\u306a\u6301\u3061\u65b9\u3067\u512a\u96c5\u306b\u63fa\u308c\u52d5\u304d\u307e\u3059\u3002\",\"breadcrumb\":{\"@id\":\"https:\/\/www.stephaniecesaire.com\/ja\/boutique\/%e3%83%90%e3%83%83%e3%82%b0\/ballotin-ja\/%e3%83%90%e3%83%ad%e3%82%bf%e3%83%b3%e3%83%bb%e3%83%8c%e3%83%90%e3%83%83%e3%82%af%e3%82%ab%e3%83%bc%e3%83%95%e3%82%b9%e3%82%ad%e3%83%b3%e3%81%a8%e3%82%b5%e3%83%89%e3%83%ab%e3%82%ab%e3%83%bc%e3%83%95\/#breadcrumb\"},\"inLanguage\":\"ja\",\"potentialAction\":[{\"@type\":\"ReadAction\",\"target\":[\"https:\/\/www.stephaniecesaire.com\/ja\/boutique\/%e3%83%90%e3%83%83%e3%82%b0\/ballotin-ja\/%e3%83%90%e3%83%ad%e3%82%bf%e3%83%b3%e3%83%bb%e3%83%8c%e3%83%90%e3%83%83%e3%82%af%e3%82%ab%e3%83%bc%e3%83%95%e3%82%b9%e3%82%ad%e3%83%b3%e3%81%a8%e3%82%b5%e3%83%89%e3%83%ab%e3%82%ab%e3%83%bc%e3%83%95\/\"]}]},{\"@type\":\"ImageObject\",\"inLanguage\":\"ja\",\"@id\":\"https:\/\/www.stephaniecesaire.com\/ja\/boutique\/%e3%83%90%e3%83%83%e3%82%b0\/ballotin-ja\/%e3%83%90%e3%83%ad%e3%82%bf%e3%83%b3%e3%83%bb%e3%83%8c%e3%83%90%e3%83%83%e3%82%af%e3%82%ab%e3%83%bc%e3%83%95%e3%82%b9%e3%82%ad%e3%83%b3%e3%81%a8%e3%82%b5%e3%83%89%e3%83%ab%e3%82%ab%e3%83%bc%e3%83%95\/#primaryimage\",\"url\":\"https:\/\/www.stephaniecesaire.com\/wp-content\/uploads\/2024\/12\/BallotinNUBMaduroTroisQuart.jpg\",\"contentUrl\":\"https:\/\/www.stephaniecesaire.com\/wp-content\/uploads\/2024\/12\/BallotinNUBMaduroTroisQuart.jpg\",\"width\":630,\"height\":945,\"caption\":\"\u30d0\u30ed\u30bf\u30f3 \u30d0\u30b2\u30c3\u30c8\u30d0\u30c3\u30b0 - \u30bb\u30bc\u30fc\u30eb \u30d1\u30ea \u2013 \u30d5\u30e9\u30f3\u30b9\u88fd\u30d0\u30c3\u30b0\"},{\"@type\":\"BreadcrumbList\",\"@id\":\"https:\/\/www.stephaniecesaire.com\/ja\/boutique\/%e3%83%90%e3%83%83%e3%82%b0\/ballotin-ja\/%e3%83%90%e3%83%ad%e3%82%bf%e3%83%b3%e3%83%bb%e3%83%8c%e3%83%90%e3%83%83%e3%82%af%e3%82%ab%e3%83%bc%e3%83%95%e3%82%b9%e3%82%ad%e3%83%b3%e3%81%a8%e3%82%b5%e3%83%89%e3%83%ab%e3%82%ab%e3%83%bc%e3%83%95\/#breadcrumb\",\"itemListElement\":[{\"@type\":\"ListItem\",\"position\":1,\"name\":\"Accueil\",\"item\":\"https:\/\/www.stephaniecesaire.com\/ja\/\"},{\"@type\":\"ListItem\",\"position\":2,\"name\":\"\u30b7\u30e7\u30c3\u30d7\",\"item\":\"https:\/\/www.stephaniecesaire.com\/ja\/%e3%82%b7%e3%83%a7%e3%83%83%e3%83%97\/\"},{\"@type\":\"ListItem\",\"position\":3,\"name\":\"\u30d0\u30ed\u30bf\u30f3\u30fb\u4e57\u7528\u99ac \u30ab\u30fc\u30d5\u30ec\u30b6\u30fc \u30d6\u30e9\u30c3\u30af\u30fb\u30de\u30c7\u30e5\u30fc\u30ed\"}]},{\"@type\":\"WebSite\",\"@id\":\"https:\/\/www.stephaniecesaire.com\/ja\/#website\",\"url\":\"https:\/\/www.stephaniecesaire.com\/ja\/\",\"name\":\"St\u00e9phanie C\u00e9saire\",\"description\":\"Sac cr\u00e9ateur made in France - Maroquinerie de luxe\",\"publisher\":{\"@id\":\"https:\/\/www.stephaniecesaire.com\/ja\/#organization\"},\"potentialAction\":[{\"@type\":\"SearchAction\",\"target\":{\"@type\":\"EntryPoint\",\"urlTemplate\":\"https:\/\/www.stephaniecesaire.com\/ja\/?s={search_term_string}\"},\"query-input\":\"required name=search_term_string\"}],\"inLanguage\":\"ja\"},{\"@type\":\"Organization\",\"@id\":\"https:\/\/www.stephaniecesaire.com\/ja\/#organization\",\"name\":\"St\u00e9phanie C\u00e9saire\",\"url\":\"https:\/\/www.stephaniecesaire.com\/ja\/\",\"logo\":{\"@type\":\"ImageObject\",\"inLanguage\":\"ja\",\"@id\":\"https:\/\/www.stephaniecesaire.com\/ja\/#\/schema\/logo\/image\/\",\"url\":\"https:\/\/www.stephaniecesaire.com\/wp-content\/uploads\/2023\/10\/favicon.png\",\"contentUrl\":\"https:\/\/www.stephaniecesaire.com\/wp-content\/uploads\/2023\/10\/favicon.png\",\"width\":512,\"height\":512,\"caption\":\"St\u00e9phanie C\u00e9saire\"},\"image\":{\"@id\":\"https:\/\/www.stephaniecesaire.com\/ja\/#\/schema\/logo\/image\/\"},\"sameAs\":[\"https:\/\/www.facebook.com\/cesaireparis\/\",\"https:\/\/www.pinterest.fr\/cesaireparis\/\",\"https:\/\/www.instagram.com\/cesaireparis.official\/\"]}]}<\/script>\n<!-- \/ Yoast SEO plugin. -->","yoast_head_json":{"title":"\u30d0\u30ed\u30bf\u30f3 \u30d0\u30b2\u30c3\u30c8\u30d0\u30c3\u30b0 - \u30bb\u30bc\u30fc\u30eb \u30d1\u30ea \u2013 \u30d5\u30e9\u30f3\u30b9\u88fd\u30d0\u30c3\u30b0","description":"\u7e4a\u7d30\u306b\u5dfb\u304b\u308c\u305f\u30df\u30cb\u30ec\u30b6\u30fc\u30ed\u30fc\u30eb\u3067\u3042\u308b\u30d0\u30ed\u30bf\u30f3\u30d0\u30b2\u30c3\u30c8\u30d0\u30c3\u30b0\u306f\u3001\u7d30\u3044\u30b9\u30e9\u30a4\u30c7\u30a3\u30f3\u30b0\u30b9\u30c8\u30e9\u30c3\u30d7\u306b\u5305\u307e\u308c\u3001\u3055\u307e\u3056\u307e\u306a\u6301\u3061\u65b9\u3067\u512a\u96c5\u306b\u63fa\u308c\u52d5\u304d\u307e\u3059\u3002","robots":{"index":"index","follow":"follow","max-snippet":"max-snippet:-1","max-image-preview":"max-image-preview:large","max-video-preview":"max-video-preview:-1"},"canonical":"https:\/\/www.stephaniecesaire.com\/ja\/boutique\/%e3%83%90%e3%83%83%e3%82%b0\/ballotin-ja\/%e3%83%90%e3%83%ad%e3%82%bf%e3%83%b3%e3%83%bb%e3%83%8c%e3%83%90%e3%83%83%e3%82%af%e3%82%ab%e3%83%bc%e3%83%95%e3%82%b9%e3%82%ad%e3%83%b3%e3%81%a8%e3%82%b5%e3%83%89%e3%83%ab%e3%82%ab%e3%83%bc%e3%83%95\/","og_locale":"ja_JP","og_type":"article","og_title":"\u30d0\u30ed\u30bf\u30f3 \u30d0\u30b2\u30c3\u30c8\u30d0\u30c3\u30b0 - \u30bb\u30bc\u30fc\u30eb \u30d1\u30ea \u2013 \u30d5\u30e9\u30f3\u30b9\u88fd\u30d0\u30c3\u30b0","og_description":"\u7e4a\u7d30\u306b\u5dfb\u304b\u308c\u305f\u30df\u30cb\u30ec\u30b6\u30fc\u30ed\u30fc\u30eb\u3067\u3042\u308b\u30d0\u30ed\u30bf\u30f3\u30d0\u30b2\u30c3\u30c8\u30d0\u30c3\u30b0\u306f\u3001\u7d30\u3044\u30b9\u30e9\u30a4\u30c7\u30a3\u30f3\u30b0\u30b9\u30c8\u30e9\u30c3\u30d7\u306b\u5305\u307e\u308c\u3001\u3055\u307e\u3056\u307e\u306a\u6301\u3061\u65b9\u3067\u512a\u96c5\u306b\u63fa\u308c\u52d5\u304d\u307e\u3059\u3002","og_url":"https:\/\/www.stephaniecesaire.com\/ja\/boutique\/%e3%83%90%e3%83%83%e3%82%b0\/ballotin-ja\/%e3%83%90%e3%83%ad%e3%82%bf%e3%83%b3%e3%83%bb%e3%83%8c%e3%83%90%e3%83%83%e3%82%af%e3%82%ab%e3%83%bc%e3%83%95%e3%82%b9%e3%82%ad%e3%83%b3%e3%81%a8%e3%82%b5%e3%83%89%e3%83%ab%e3%82%ab%e3%83%bc%e3%83%95\/","og_site_name":"C\u00e9saire","article_publisher":"https:\/\/www.facebook.com\/cesaireparis\/","article_modified_time":"2024-12-17T18:13:00+00:00","og_image":[{"width":630,"height":945,"url":"https:\/\/www.stephaniecesaire.com\/wp-content\/uploads\/2024\/12\/BallotinNUBMaduroTroisQuart.jpg","type":"image\/jpeg"}],"twitter_card":"summary_large_image","schema":{"@context":"https:\/\/schema.org","@graph":[{"@type":"WebPage","@id":"https:\/\/www.stephaniecesaire.com\/ja\/boutique\/%e3%83%90%e3%83%83%e3%82%b0\/ballotin-ja\/%e3%83%90%e3%83%ad%e3%82%bf%e3%83%b3%e3%83%bb%e3%83%8c%e3%83%90%e3%83%83%e3%82%af%e3%82%ab%e3%83%bc%e3%83%95%e3%82%b9%e3%82%ad%e3%83%b3%e3%81%a8%e3%82%b5%e3%83%89%e3%83%ab%e3%82%ab%e3%83%bc%e3%83%95\/","url":"https:\/\/www.stephaniecesaire.com\/ja\/boutique\/%e3%83%90%e3%83%83%e3%82%b0\/ballotin-ja\/%e3%83%90%e3%83%ad%e3%82%bf%e3%83%b3%e3%83%bb%e3%83%8c%e3%83%90%e3%83%83%e3%82%af%e3%82%ab%e3%83%bc%e3%83%95%e3%82%b9%e3%82%ad%e3%83%b3%e3%81%a8%e3%82%b5%e3%83%89%e3%83%ab%e3%82%ab%e3%83%bc%e3%83%95\/","name":"\u30d0\u30ed\u30bf\u30f3 \u30d0\u30b2\u30c3\u30c8\u30d0\u30c3\u30b0 - \u30bb\u30bc\u30fc\u30eb \u30d1\u30ea \u2013 \u30d5\u30e9\u30f3\u30b9\u88fd\u30d0\u30c3\u30b0","isPartOf":{"@id":"https:\/\/www.stephaniecesaire.com\/ja\/#website"},"primaryImageOfPage":{"@id":"https:\/\/www.stephaniecesaire.com\/ja\/boutique\/%e3%83%90%e3%83%83%e3%82%b0\/ballotin-ja\/%e3%83%90%e3%83%ad%e3%82%bf%e3%83%b3%e3%83%bb%e3%83%8c%e3%83%90%e3%83%83%e3%82%af%e3%82%ab%e3%83%bc%e3%83%95%e3%82%b9%e3%82%ad%e3%83%b3%e3%81%a8%e3%82%b5%e3%83%89%e3%83%ab%e3%82%ab%e3%83%bc%e3%83%95\/#primaryimage"},"image":{"@id":"https:\/\/www.stephaniecesaire.com\/ja\/boutique\/%e3%83%90%e3%83%83%e3%82%b0\/ballotin-ja\/%e3%83%90%e3%83%ad%e3%82%bf%e3%83%b3%e3%83%bb%e3%83%8c%e3%83%90%e3%83%83%e3%82%af%e3%82%ab%e3%83%bc%e3%83%95%e3%82%b9%e3%82%ad%e3%83%b3%e3%81%a8%e3%82%b5%e3%83%89%e3%83%ab%e3%82%ab%e3%83%bc%e3%83%95\/#primaryimage"},"thumbnailUrl":"https:\/\/www.stephaniecesaire.com\/wp-content\/uploads\/2024\/12\/BallotinNUBMaduroTroisQuart.jpg","datePublished":"2024-12-17T18:03:28+00:00","dateModified":"2024-12-17T18:13:00+00:00","description":"\u7e4a\u7d30\u306b\u5dfb\u304b\u308c\u305f\u30df\u30cb\u30ec\u30b6\u30fc\u30ed\u30fc\u30eb\u3067\u3042\u308b\u30d0\u30ed\u30bf\u30f3\u30d0\u30b2\u30c3\u30c8\u30d0\u30c3\u30b0\u306f\u3001\u7d30\u3044\u30b9\u30e9\u30a4\u30c7\u30a3\u30f3\u30b0\u30b9\u30c8\u30e9\u30c3\u30d7\u306b\u5305\u307e\u308c\u3001\u3055\u307e\u3056\u307e\u306a\u6301\u3061\u65b9\u3067\u512a\u96c5\u306b\u63fa\u308c\u52d5\u304d\u307e\u3059\u3002","breadcrumb":{"@id":"https:\/\/www.stephaniecesaire.com\/ja\/boutique\/%e3%83%90%e3%83%83%e3%82%b0\/ballotin-ja\/%e3%83%90%e3%83%ad%e3%82%bf%e3%83%b3%e3%83%bb%e3%83%8c%e3%83%90%e3%83%83%e3%82%af%e3%82%ab%e3%83%bc%e3%83%95%e3%82%b9%e3%82%ad%e3%83%b3%e3%81%a8%e3%82%b5%e3%83%89%e3%83%ab%e3%82%ab%e3%83%bc%e3%83%95\/#breadcrumb"},"inLanguage":"ja","potentialAction":[{"@type":"ReadAction","target":["https:\/\/www.stephaniecesaire.com\/ja\/boutique\/%e3%83%90%e3%83%83%e3%82%b0\/ballotin-ja\/%e3%83%90%e3%83%ad%e3%82%bf%e3%83%b3%e3%83%bb%e3%83%8c%e3%83%90%e3%83%83%e3%82%af%e3%82%ab%e3%83%bc%e3%83%95%e3%82%b9%e3%82%ad%e3%83%b3%e3%81%a8%e3%82%b5%e3%83%89%e3%83%ab%e3%82%ab%e3%83%bc%e3%83%95\/"]}]},{"@type":"ImageObject","inLanguage":"ja","@id":"https:\/\/www.stephaniecesaire.com\/ja\/boutique\/%e3%83%90%e3%83%83%e3%82%b0\/ballotin-ja\/%e3%83%90%e3%83%ad%e3%82%bf%e3%83%b3%e3%83%bb%e3%83%8c%e3%83%90%e3%83%83%e3%82%af%e3%82%ab%e3%83%bc%e3%83%95%e3%82%b9%e3%82%ad%e3%83%b3%e3%81%a8%e3%82%b5%e3%83%89%e3%83%ab%e3%82%ab%e3%83%bc%e3%83%95\/#primaryimage","url":"https:\/\/www.stephaniecesaire.com\/wp-content\/uploads\/2024\/12\/BallotinNUBMaduroTroisQuart.jpg","contentUrl":"https:\/\/www.stephaniecesaire.com\/wp-content\/uploads\/2024\/12\/BallotinNUBMaduroTroisQuart.jpg","width":630,"height":945,"caption":"\u30d0\u30ed\u30bf\u30f3 \u30d0\u30b2\u30c3\u30c8\u30d0\u30c3\u30b0 - \u30bb\u30bc\u30fc\u30eb \u30d1\u30ea \u2013 \u30d5\u30e9\u30f3\u30b9\u88fd\u30d0\u30c3\u30b0"},{"@type":"BreadcrumbList","@id":"https:\/\/www.stephaniecesaire.com\/ja\/boutique\/%e3%83%90%e3%83%83%e3%82%b0\/ballotin-ja\/%e3%83%90%e3%83%ad%e3%82%bf%e3%83%b3%e3%83%bb%e3%83%8c%e3%83%90%e3%83%83%e3%82%af%e3%82%ab%e3%83%bc%e3%83%95%e3%82%b9%e3%82%ad%e3%83%b3%e3%81%a8%e3%82%b5%e3%83%89%e3%83%ab%e3%82%ab%e3%83%bc%e3%83%95\/#breadcrumb","itemListElement":[{"@type":"ListItem","position":1,"name":"Accueil","item":"https:\/\/www.stephaniecesaire.com\/ja\/"},{"@type":"ListItem","position":2,"name":"\u30b7\u30e7\u30c3\u30d7","item":"https:\/\/www.stephaniecesaire.com\/ja\/%e3%82%b7%e3%83%a7%e3%83%83%e3%83%97\/"},{"@type":"ListItem","position":3,"name":"\u30d0\u30ed\u30bf\u30f3\u30fb\u4e57\u7528\u99ac \u30ab\u30fc\u30d5\u30ec\u30b6\u30fc \u30d6\u30e9\u30c3\u30af\u30fb\u30de\u30c7\u30e5\u30fc\u30ed"}]},{"@type":"WebSite","@id":"https:\/\/www.stephaniecesaire.com\/ja\/#website","url":"https:\/\/www.stephaniecesaire.com\/ja\/","name":"St\u00e9phanie C\u00e9saire","description":"Sac cr\u00e9ateur made in France - Maroquinerie de luxe","publisher":{"@id":"https:\/\/www.stephaniecesaire.com\/ja\/#organization"},"potentialAction":[{"@type":"SearchAction","target":{"@type":"EntryPoint","urlTemplate":"https:\/\/www.stephaniecesaire.com\/ja\/?s={search_term_string}"},"query-input":"required name=search_term_string"}],"inLanguage":"ja"},{"@type":"Organization","@id":"https:\/\/www.stephaniecesaire.com\/ja\/#organization","name":"St\u00e9phanie C\u00e9saire","url":"https:\/\/www.stephaniecesaire.com\/ja\/","logo":{"@type":"ImageObject","inLanguage":"ja","@id":"https:\/\/www.stephaniecesaire.com\/ja\/#\/schema\/logo\/image\/","url":"https:\/\/www.stephaniecesaire.com\/wp-content\/uploads\/2023\/10\/favicon.png","contentUrl":"https:\/\/www.stephaniecesaire.com\/wp-content\/uploads\/2023\/10\/favicon.png","width":512,"height":512,"caption":"St\u00e9phanie C\u00e9saire"},"image":{"@id":"https:\/\/www.stephaniecesaire.com\/ja\/#\/schema\/logo\/image\/"},"sameAs":["https:\/\/www.facebook.com\/cesaireparis\/","https:\/\/www.pinterest.fr\/cesaireparis\/","https:\/\/www.instagram.com\/cesaireparis.official\/"]}]}},"_links":{"self":[{"href":"https:\/\/www.stephaniecesaire.com\/ja\/wp-json\/wp\/v2\/product\/37162","targetHints":{"allow":["GET"]}}],"collection":[{"href":"https:\/\/www.stephaniecesaire.com\/ja\/wp-json\/wp\/v2\/product"}],"about":[{"href":"https:\/\/www.stephaniecesaire.com\/ja\/wp-json\/wp\/v2\/types\/product"}],"wp:featuredmedia":[{"embeddable":true,"href":"https:\/\/www.stephaniecesaire.com\/ja\/wp-json\/wp\/v2\/media\/37177"}],"wp:attachment":[{"href":"https:\/\/www.stephaniecesaire.com\/ja\/wp-json\/wp\/v2\/media?parent=37162"}],"wp:term":[{"taxonomy":"product_cat","embeddable":true,"href":"https:\/\/www.stephaniecesaire.com\/ja\/wp-json\/wp\/v2\/product_cat?post=37162"},{"taxonomy":"product_tag","embeddable":true,"href":"https:\/\/www.stephaniecesaire.com\/ja\/wp-json\/wp\/v2\/product_tag?post=37162"}],"curies":[{"name":"wp","href":"https:\/\/api.w.org\/{rel}","templated":true}]}}