{"id":37494,"date":"2024-12-28T17:57:48","date_gmt":"2024-12-28T16:57:48","guid":{"rendered":"https:\/\/www.stephaniecesaire.com\/?post_type=product&#038;p=37494"},"modified":"2024-12-28T18:59:53","modified_gmt":"2024-12-28T17:59:53","slug":"%e3%82%ae%e3%83%a3%e3%83%90%e3%83%b3%e3%83%bb%e7%b7%a8%e3%81%bf%e8%be%bc%e3%81%bf%e3%83%a9%e3%83%a0%e3%82%b9%e3%82%ad%e3%83%b3%e3%83%ac%e3%82%b6%e3%83%bc%e3%83%bb%e3%82%af%e3%83%9f%e3%83%b3%ef%bc%86","status":"publish","type":"product","link":"https:\/\/www.stephaniecesaire.com\/ja\/boutique\/%e3%83%90%e3%83%83%e3%82%b0\/%e3%82%ae%e3%83%a3%e3%83%90%e3%83%b3\/%e3%82%ae%e3%83%a3%e3%83%90%e3%83%b3%e3%83%bb%e7%b7%a8%e3%81%bf%e8%be%bc%e3%81%bf%e3%83%a9%e3%83%a0%e3%82%b9%e3%82%ad%e3%83%b3%e3%83%ac%e3%82%b6%e3%83%bc%e3%83%bb%e3%82%af%e3%83%9f%e3%83%b3%ef%bc%86\/","title":{"rendered":"\u30ae\u30e3\u30d0\u30f3\u30fb\u7de8\u307f\u8fbc\u307f\u30e9\u30e0\u30b9\u30ad\u30f3\u30ec\u30b6\u30fc\u30fb\u30d6\u30eb\u30fc &#038; \u30af\u30df\u30f3"},"content":{"rendered":"<p>\u5927\u304d\u304f\u3066\u67d4\u8edf\u306a\u305f\u3081\u3001\u30b3\u30f3\u30d4\u30e5\u30fc\u30bf\u30fc\u3084\u5927\u304d\u306a\u30d0\u30a4\u30f3\u30c0\u30fc\u3092\u7c21\u5358\u306b\u904b\u3076\u3053\u3068\u304c\u3067\u304d\u307e\u3059\u3002100%\u30b3\u30c3\u30c8\u30f3\u30b5\u30fc\u30b8\u306e\u30e9\u30a4\u30cb\u30f3\u30b0\u3002\u30ae\u30e3\u30d0\u30f3\u306f\u5185\u5074\u306b\u30d5\u30a1\u30b9\u30ca\u30fc\u306e\u4ed8\u3044\u305f\u30dd\u30b1\u30c3\u30c8\u3068\u3001\u30b9\u30de\u30fc\u30c8\u30d5\u30a9\u30f3\u306b\u3082\u5bfe\u5fdc\u3059\u308b\u5927\u304d\u306a\u643a\u5e2f\u96fb\u8a71\u7528\u30dd\u30b1\u30c3\u30c8\u304c\u4ed8\u3044\u3066\u3044\u307e\u3059\u3002 \u6298\u308a\u7573\u3080\u305f\u3081\u306e\u4e8c\u3064\u306e\u30b9\u30ca\u30c3\u30d7\u30dc\u30bf\u30f3\u3001\u30ab\u30e9\u30d3\u30ca\u3068\u30db\u30fc\u30f3\u30d9\u30eb\u30c8\u306e\u30d0\u30c3\u30af\u30eb\u3001\u5e95\u90e8\u5206\u3092\u5b88\u308b\u771f\u936e\u306e\u30b9\u30bf\u30c3\u30ba\u304c\u4ed8\u3044\u3066\u3044\u307e\u3059\u3002\u30d5\u30e9\u30f3\u30b9\u88fd<\/p>\n","protected":false},"excerpt":{"rendered":"<p>\u8c4a\u304b\u3067\u69cb\u7bc9\u7684\u306a\u30dc\u30ea\u30e5\u30fc\u30e0\u304c\u529b\u5f37\u3055\u3068\u500b\u6027\u3092\u8868\u73fe\u3059\u308b\u30b7\u30e7\u30eb\u30c0\u30fc\u30d0\u30c3\u30b0\u3067\u3059\u3002\u30ae\u30e3\u30d0\u30f3\u306f\u3001\u5c11\u3057\u7121\u611b\u60f3\u306a\u96f0\u56f2\u6c17\u306e\u4e2d\u306b\u3001\u9032\u5316\u306e\u30d5\u30a9\u30eb\u30e0\u3092\u96a0\u3057\u3066\u3044\u307e\u3059\uff1a\u4e21\u7aef\u306e\u30b9\u30ca\u30c3\u30d7\u3092\u5916\u3057\u3066\u5e83\u3052\u308b\u3068\u30c8\u30fc\u30c8\u30d0\u30c3\u30b0\u306b\u5909\u8eab\u3057\u307e\u3059\u3002\u30d9\u30eb\u30c8\u3067\u30de\u30fc\u30af\u3059\u308b\u4e8b\u3067\u3001\u975e\u5e38\u306b\u30d1\u30ea\u30b8\u30a7\u30f3\u30cc\u7684\u306a\u30cb\u30e5\u30a2\u30f3\u30b9\u3092\u3082\u305f\u3089\u3057\u3066\u3044\u307e\u3059\u3002<\/p>\n","protected":false},"featured_media":37507,"template":"","meta":[],"product_cat":[639],"product_tag":[671],"class_list":{"0":"post-37494","1":"product","2":"type-product","3":"status-publish","4":"has-post-thumbnail","6":"product_cat-639","7":"product_tag-671","8":"product_shipping_class-classe-de-livraison-1","9":"pa_porte-333","10":"pa_volume-sacs-souples-ja","11":"pa_volume-sacs-tresses-ja","12":"pa_volume-335","14":"first","15":"outofstock","16":"sold-individually","17":"taxable","18":"shipping-taxable","19":"purchasable","20":"product-type-simple"},"yoast_head":"<!-- This site is optimized with the Yoast SEO plugin v23.1 - https:\/\/yoast.com\/wordpress\/plugins\/seo\/ -->\n<title>\u30ae\u30e3\u30d0\u30f3\u30fb\u7de8\u307f\u8fbc\u307f\u30e9\u30e0\u30b9\u30ad\u30f3\u30ec\u30b6\u30fc\u30fb\u30d6\u30eb\u30fc &amp; \u30af\u30df\u30f3 - C\u00e9saire<\/title>\n<meta name=\"robots\" content=\"index, follow, max-snippet:-1, max-image-preview:large, max-video-preview:-1\" \/>\n<link rel=\"canonical\" href=\"https:\/\/www.stephaniecesaire.com\/ja\/boutique\/%e3%83%90%e3%83%83%e3%82%b0\/%e3%82%ae%e3%83%a3%e3%83%90%e3%83%b3\/%e3%82%ae%e3%83%a3%e3%83%90%e3%83%b3%e3%83%bb%e7%b7%a8%e3%81%bf%e8%be%bc%e3%81%bf%e3%83%a9%e3%83%a0%e3%82%b9%e3%82%ad%e3%83%b3%e3%83%ac%e3%82%b6%e3%83%bc%e3%83%bb%e3%82%af%e3%83%9f%e3%83%b3%ef%bc%86\/\" \/>\n<meta property=\"og:locale\" content=\"ja_JP\" \/>\n<meta property=\"og:type\" content=\"article\" \/>\n<meta property=\"og:title\" content=\"\u30ae\u30e3\u30d0\u30f3\u30fb\u7de8\u307f\u8fbc\u307f\u30e9\u30e0\u30b9\u30ad\u30f3\u30ec\u30b6\u30fc\u30fb\u30d6\u30eb\u30fc &amp; \u30af\u30df\u30f3 - C\u00e9saire\" \/>\n<meta property=\"og:description\" content=\"\u8c4a\u304b\u3067\u69cb\u7bc9\u7684\u306a\u30dc\u30ea\u30e5\u30fc\u30e0\u304c\u529b\u5f37\u3055\u3068\u500b\u6027\u3092\u8868\u73fe\u3059\u308b\u30b7\u30e7\u30eb\u30c0\u30fc\u30d0\u30c3\u30b0\u3067\u3059\u3002\u30ae\u30e3\u30d0\u30f3\u306f\u3001\u5c11\u3057\u7121\u611b\u60f3\u306a\u96f0\u56f2\u6c17\u306e\u4e2d\u306b\u3001\u9032\u5316\u306e\u30d5\u30a9\u30eb\u30e0\u3092\u96a0\u3057\u3066\u3044\u307e\u3059\uff1a\u4e21\u7aef\u306e\u30b9\u30ca\u30c3\u30d7\u3092\u5916\u3057\u3066\u5e83\u3052\u308b\u3068\u30c8\u30fc\u30c8\u30d0\u30c3\u30b0\u306b\u5909\u8eab\u3057\u307e\u3059\u3002\u30d9\u30eb\u30c8\u3067\u30de\u30fc\u30af\u3059\u308b\u4e8b\u3067\u3001\u975e\u5e38\u306b\u30d1\u30ea\u30b8\u30a7\u30f3\u30cc\u7684\u306a\u30cb\u30e5\u30a2\u30f3\u30b9\u3092\u3082\u305f\u3089\u3057\u3066\u3044\u307e\u3059\u3002\" \/>\n<meta property=\"og:url\" content=\"https:\/\/www.stephaniecesaire.com\/ja\/boutique\/%e3%83%90%e3%83%83%e3%82%b0\/%e3%82%ae%e3%83%a3%e3%83%90%e3%83%b3\/%e3%82%ae%e3%83%a3%e3%83%90%e3%83%b3%e3%83%bb%e7%b7%a8%e3%81%bf%e8%be%bc%e3%81%bf%e3%83%a9%e3%83%a0%e3%82%b9%e3%82%ad%e3%83%b3%e3%83%ac%e3%82%b6%e3%83%bc%e3%83%bb%e3%82%af%e3%83%9f%e3%83%b3%ef%bc%86\/\" \/>\n<meta property=\"og:site_name\" content=\"C\u00e9saire\" \/>\n<meta property=\"article:publisher\" content=\"https:\/\/www.facebook.com\/cesaireparis\/\" \/>\n<meta property=\"article:modified_time\" content=\"2024-12-28T17:59:53+00:00\" \/>\n<meta property=\"og:image\" content=\"https:\/\/www.stephaniecesaire.com\/wp-content\/uploads\/2024\/12\/GabinTresBleuFace.jpg\" \/>\n\t<meta property=\"og:image:width\" content=\"630\" \/>\n\t<meta property=\"og:image:height\" content=\"945\" \/>\n\t<meta property=\"og:image:type\" content=\"image\/jpeg\" \/>\n<meta name=\"twitter:card\" content=\"summary_large_image\" \/>\n<meta name=\"twitter:label1\" content=\"\u63a8\u5b9a\u8aad\u307f\u53d6\u308a\u6642\u9593\" \/>\n\t<meta name=\"twitter:data1\" content=\"1\u5206\" \/>\n<script type=\"application\/ld+json\" class=\"yoast-schema-graph\">{\"@context\":\"https:\/\/schema.org\",\"@graph\":[{\"@type\":\"WebPage\",\"@id\":\"https:\/\/www.stephaniecesaire.com\/ja\/boutique\/%e3%83%90%e3%83%83%e3%82%b0\/%e3%82%ae%e3%83%a3%e3%83%90%e3%83%b3\/%e3%82%ae%e3%83%a3%e3%83%90%e3%83%b3%e3%83%bb%e7%b7%a8%e3%81%bf%e8%be%bc%e3%81%bf%e3%83%a9%e3%83%a0%e3%82%b9%e3%82%ad%e3%83%b3%e3%83%ac%e3%82%b6%e3%83%bc%e3%83%bb%e3%82%af%e3%83%9f%e3%83%b3%ef%bc%86\/\",\"url\":\"https:\/\/www.stephaniecesaire.com\/ja\/boutique\/%e3%83%90%e3%83%83%e3%82%b0\/%e3%82%ae%e3%83%a3%e3%83%90%e3%83%b3\/%e3%82%ae%e3%83%a3%e3%83%90%e3%83%b3%e3%83%bb%e7%b7%a8%e3%81%bf%e8%be%bc%e3%81%bf%e3%83%a9%e3%83%a0%e3%82%b9%e3%82%ad%e3%83%b3%e3%83%ac%e3%82%b6%e3%83%bc%e3%83%bb%e3%82%af%e3%83%9f%e3%83%b3%ef%bc%86\/\",\"name\":\"\u30ae\u30e3\u30d0\u30f3\u30fb\u7de8\u307f\u8fbc\u307f\u30e9\u30e0\u30b9\u30ad\u30f3\u30ec\u30b6\u30fc\u30fb\u30d6\u30eb\u30fc & \u30af\u30df\u30f3 - C\u00e9saire\",\"isPartOf\":{\"@id\":\"https:\/\/www.stephaniecesaire.com\/ja\/#website\"},\"primaryImageOfPage\":{\"@id\":\"https:\/\/www.stephaniecesaire.com\/ja\/boutique\/%e3%83%90%e3%83%83%e3%82%b0\/%e3%82%ae%e3%83%a3%e3%83%90%e3%83%b3\/%e3%82%ae%e3%83%a3%e3%83%90%e3%83%b3%e3%83%bb%e7%b7%a8%e3%81%bf%e8%be%bc%e3%81%bf%e3%83%a9%e3%83%a0%e3%82%b9%e3%82%ad%e3%83%b3%e3%83%ac%e3%82%b6%e3%83%bc%e3%83%bb%e3%82%af%e3%83%9f%e3%83%b3%ef%bc%86\/#primaryimage\"},\"image\":{\"@id\":\"https:\/\/www.stephaniecesaire.com\/ja\/boutique\/%e3%83%90%e3%83%83%e3%82%b0\/%e3%82%ae%e3%83%a3%e3%83%90%e3%83%b3\/%e3%82%ae%e3%83%a3%e3%83%90%e3%83%b3%e3%83%bb%e7%b7%a8%e3%81%bf%e8%be%bc%e3%81%bf%e3%83%a9%e3%83%a0%e3%82%b9%e3%82%ad%e3%83%b3%e3%83%ac%e3%82%b6%e3%83%bc%e3%83%bb%e3%82%af%e3%83%9f%e3%83%b3%ef%bc%86\/#primaryimage\"},\"thumbnailUrl\":\"https:\/\/www.stephaniecesaire.com\/wp-content\/uploads\/2024\/12\/GabinTresBleuFace.jpg\",\"datePublished\":\"2024-12-28T16:57:48+00:00\",\"dateModified\":\"2024-12-28T17:59:53+00:00\",\"breadcrumb\":{\"@id\":\"https:\/\/www.stephaniecesaire.com\/ja\/boutique\/%e3%83%90%e3%83%83%e3%82%b0\/%e3%82%ae%e3%83%a3%e3%83%90%e3%83%b3\/%e3%82%ae%e3%83%a3%e3%83%90%e3%83%b3%e3%83%bb%e7%b7%a8%e3%81%bf%e8%be%bc%e3%81%bf%e3%83%a9%e3%83%a0%e3%82%b9%e3%82%ad%e3%83%b3%e3%83%ac%e3%82%b6%e3%83%bc%e3%83%bb%e3%82%af%e3%83%9f%e3%83%b3%ef%bc%86\/#breadcrumb\"},\"inLanguage\":\"ja\",\"potentialAction\":[{\"@type\":\"ReadAction\",\"target\":[\"https:\/\/www.stephaniecesaire.com\/ja\/boutique\/%e3%83%90%e3%83%83%e3%82%b0\/%e3%82%ae%e3%83%a3%e3%83%90%e3%83%b3\/%e3%82%ae%e3%83%a3%e3%83%90%e3%83%b3%e3%83%bb%e7%b7%a8%e3%81%bf%e8%be%bc%e3%81%bf%e3%83%a9%e3%83%a0%e3%82%b9%e3%82%ad%e3%83%b3%e3%83%ac%e3%82%b6%e3%83%bc%e3%83%bb%e3%82%af%e3%83%9f%e3%83%b3%ef%bc%86\/\"]}]},{\"@type\":\"ImageObject\",\"inLanguage\":\"ja\",\"@id\":\"https:\/\/www.stephaniecesaire.com\/ja\/boutique\/%e3%83%90%e3%83%83%e3%82%b0\/%e3%82%ae%e3%83%a3%e3%83%90%e3%83%b3\/%e3%82%ae%e3%83%a3%e3%83%90%e3%83%b3%e3%83%bb%e7%b7%a8%e3%81%bf%e8%be%bc%e3%81%bf%e3%83%a9%e3%83%a0%e3%82%b9%e3%82%ad%e3%83%b3%e3%83%ac%e3%82%b6%e3%83%bc%e3%83%bb%e3%82%af%e3%83%9f%e3%83%b3%ef%bc%86\/#primaryimage\",\"url\":\"https:\/\/www.stephaniecesaire.com\/wp-content\/uploads\/2024\/12\/GabinTresBleuFace.jpg\",\"contentUrl\":\"https:\/\/www.stephaniecesaire.com\/wp-content\/uploads\/2024\/12\/GabinTresBleuFace.jpg\",\"width\":630,\"height\":945,\"caption\":\"\u5927\u578b\u306e\u7de8\u307f\u8fbc\u307f\u30c8\u30fc\u30c8\u30d0\u30c3\u30b0 \u30ac\u30d0\u30f3 - \u30c8\u30ea\u30e8\u30f3\u30ec\u30b6\u30fc - \u30c7\u30b6\u30a4\u30ca\u30fc \u30bb\u30bc\u30fc\u30eb\u30fb\u30d1\u30ea - \u30d5\u30e9\u30f3\u30b9\u88fd\"},{\"@type\":\"BreadcrumbList\",\"@id\":\"https:\/\/www.stephaniecesaire.com\/ja\/boutique\/%e3%83%90%e3%83%83%e3%82%b0\/%e3%82%ae%e3%83%a3%e3%83%90%e3%83%b3\/%e3%82%ae%e3%83%a3%e3%83%90%e3%83%b3%e3%83%bb%e7%b7%a8%e3%81%bf%e8%be%bc%e3%81%bf%e3%83%a9%e3%83%a0%e3%82%b9%e3%82%ad%e3%83%b3%e3%83%ac%e3%82%b6%e3%83%bc%e3%83%bb%e3%82%af%e3%83%9f%e3%83%b3%ef%bc%86\/#breadcrumb\",\"itemListElement\":[{\"@type\":\"ListItem\",\"position\":1,\"name\":\"Accueil\",\"item\":\"https:\/\/www.stephaniecesaire.com\/ja\/\"},{\"@type\":\"ListItem\",\"position\":2,\"name\":\"\u30b7\u30e7\u30c3\u30d7\",\"item\":\"https:\/\/www.stephaniecesaire.com\/ja\/%e3%82%b7%e3%83%a7%e3%83%83%e3%83%97\/\"},{\"@type\":\"ListItem\",\"position\":3,\"name\":\"\u30ae\u30e3\u30d0\u30f3\u30fb\u7de8\u307f\u8fbc\u307f\u30e9\u30e0\u30b9\u30ad\u30f3\u30ec\u30b6\u30fc\u30fb\u30d6\u30eb\u30fc &#038; \u30af\u30df\u30f3\"}]},{\"@type\":\"WebSite\",\"@id\":\"https:\/\/www.stephaniecesaire.com\/ja\/#website\",\"url\":\"https:\/\/www.stephaniecesaire.com\/ja\/\",\"name\":\"St\u00e9phanie C\u00e9saire\",\"description\":\"Sac cr\u00e9ateur made in France - Maroquinerie de luxe\",\"publisher\":{\"@id\":\"https:\/\/www.stephaniecesaire.com\/ja\/#organization\"},\"potentialAction\":[{\"@type\":\"SearchAction\",\"target\":{\"@type\":\"EntryPoint\",\"urlTemplate\":\"https:\/\/www.stephaniecesaire.com\/ja\/?s={search_term_string}\"},\"query-input\":\"required name=search_term_string\"}],\"inLanguage\":\"ja\"},{\"@type\":\"Organization\",\"@id\":\"https:\/\/www.stephaniecesaire.com\/ja\/#organization\",\"name\":\"St\u00e9phanie C\u00e9saire\",\"url\":\"https:\/\/www.stephaniecesaire.com\/ja\/\",\"logo\":{\"@type\":\"ImageObject\",\"inLanguage\":\"ja\",\"@id\":\"https:\/\/www.stephaniecesaire.com\/ja\/#\/schema\/logo\/image\/\",\"url\":\"https:\/\/www.stephaniecesaire.com\/wp-content\/uploads\/2023\/10\/favicon.png\",\"contentUrl\":\"https:\/\/www.stephaniecesaire.com\/wp-content\/uploads\/2023\/10\/favicon.png\",\"width\":512,\"height\":512,\"caption\":\"St\u00e9phanie C\u00e9saire\"},\"image\":{\"@id\":\"https:\/\/www.stephaniecesaire.com\/ja\/#\/schema\/logo\/image\/\"},\"sameAs\":[\"https:\/\/www.facebook.com\/cesaireparis\/\",\"https:\/\/www.pinterest.fr\/cesaireparis\/\",\"https:\/\/www.instagram.com\/cesaireparis.official\/\"]}]}<\/script>\n<!-- \/ Yoast SEO plugin. -->","yoast_head_json":{"title":"\u30ae\u30e3\u30d0\u30f3\u30fb\u7de8\u307f\u8fbc\u307f\u30e9\u30e0\u30b9\u30ad\u30f3\u30ec\u30b6\u30fc\u30fb\u30d6\u30eb\u30fc & \u30af\u30df\u30f3 - C\u00e9saire","robots":{"index":"index","follow":"follow","max-snippet":"max-snippet:-1","max-image-preview":"max-image-preview:large","max-video-preview":"max-video-preview:-1"},"canonical":"https:\/\/www.stephaniecesaire.com\/ja\/boutique\/%e3%83%90%e3%83%83%e3%82%b0\/%e3%82%ae%e3%83%a3%e3%83%90%e3%83%b3\/%e3%82%ae%e3%83%a3%e3%83%90%e3%83%b3%e3%83%bb%e7%b7%a8%e3%81%bf%e8%be%bc%e3%81%bf%e3%83%a9%e3%83%a0%e3%82%b9%e3%82%ad%e3%83%b3%e3%83%ac%e3%82%b6%e3%83%bc%e3%83%bb%e3%82%af%e3%83%9f%e3%83%b3%ef%bc%86\/","og_locale":"ja_JP","og_type":"article","og_title":"\u30ae\u30e3\u30d0\u30f3\u30fb\u7de8\u307f\u8fbc\u307f\u30e9\u30e0\u30b9\u30ad\u30f3\u30ec\u30b6\u30fc\u30fb\u30d6\u30eb\u30fc & \u30af\u30df\u30f3 - C\u00e9saire","og_description":"\u8c4a\u304b\u3067\u69cb\u7bc9\u7684\u306a\u30dc\u30ea\u30e5\u30fc\u30e0\u304c\u529b\u5f37\u3055\u3068\u500b\u6027\u3092\u8868\u73fe\u3059\u308b\u30b7\u30e7\u30eb\u30c0\u30fc\u30d0\u30c3\u30b0\u3067\u3059\u3002\u30ae\u30e3\u30d0\u30f3\u306f\u3001\u5c11\u3057\u7121\u611b\u60f3\u306a\u96f0\u56f2\u6c17\u306e\u4e2d\u306b\u3001\u9032\u5316\u306e\u30d5\u30a9\u30eb\u30e0\u3092\u96a0\u3057\u3066\u3044\u307e\u3059\uff1a\u4e21\u7aef\u306e\u30b9\u30ca\u30c3\u30d7\u3092\u5916\u3057\u3066\u5e83\u3052\u308b\u3068\u30c8\u30fc\u30c8\u30d0\u30c3\u30b0\u306b\u5909\u8eab\u3057\u307e\u3059\u3002\u30d9\u30eb\u30c8\u3067\u30de\u30fc\u30af\u3059\u308b\u4e8b\u3067\u3001\u975e\u5e38\u306b\u30d1\u30ea\u30b8\u30a7\u30f3\u30cc\u7684\u306a\u30cb\u30e5\u30a2\u30f3\u30b9\u3092\u3082\u305f\u3089\u3057\u3066\u3044\u307e\u3059\u3002","og_url":"https:\/\/www.stephaniecesaire.com\/ja\/boutique\/%e3%83%90%e3%83%83%e3%82%b0\/%e3%82%ae%e3%83%a3%e3%83%90%e3%83%b3\/%e3%82%ae%e3%83%a3%e3%83%90%e3%83%b3%e3%83%bb%e7%b7%a8%e3%81%bf%e8%be%bc%e3%81%bf%e3%83%a9%e3%83%a0%e3%82%b9%e3%82%ad%e3%83%b3%e3%83%ac%e3%82%b6%e3%83%bc%e3%83%bb%e3%82%af%e3%83%9f%e3%83%b3%ef%bc%86\/","og_site_name":"C\u00e9saire","article_publisher":"https:\/\/www.facebook.com\/cesaireparis\/","article_modified_time":"2024-12-28T17:59:53+00:00","og_image":[{"width":630,"height":945,"url":"https:\/\/www.stephaniecesaire.com\/wp-content\/uploads\/2024\/12\/GabinTresBleuFace.jpg","type":"image\/jpeg"}],"twitter_card":"summary_large_image","twitter_misc":{"\u63a8\u5b9a\u8aad\u307f\u53d6\u308a\u6642\u9593":"1\u5206"},"schema":{"@context":"https:\/\/schema.org","@graph":[{"@type":"WebPage","@id":"https:\/\/www.stephaniecesaire.com\/ja\/boutique\/%e3%83%90%e3%83%83%e3%82%b0\/%e3%82%ae%e3%83%a3%e3%83%90%e3%83%b3\/%e3%82%ae%e3%83%a3%e3%83%90%e3%83%b3%e3%83%bb%e7%b7%a8%e3%81%bf%e8%be%bc%e3%81%bf%e3%83%a9%e3%83%a0%e3%82%b9%e3%82%ad%e3%83%b3%e3%83%ac%e3%82%b6%e3%83%bc%e3%83%bb%e3%82%af%e3%83%9f%e3%83%b3%ef%bc%86\/","url":"https:\/\/www.stephaniecesaire.com\/ja\/boutique\/%e3%83%90%e3%83%83%e3%82%b0\/%e3%82%ae%e3%83%a3%e3%83%90%e3%83%b3\/%e3%82%ae%e3%83%a3%e3%83%90%e3%83%b3%e3%83%bb%e7%b7%a8%e3%81%bf%e8%be%bc%e3%81%bf%e3%83%a9%e3%83%a0%e3%82%b9%e3%82%ad%e3%83%b3%e3%83%ac%e3%82%b6%e3%83%bc%e3%83%bb%e3%82%af%e3%83%9f%e3%83%b3%ef%bc%86\/","name":"\u30ae\u30e3\u30d0\u30f3\u30fb\u7de8\u307f\u8fbc\u307f\u30e9\u30e0\u30b9\u30ad\u30f3\u30ec\u30b6\u30fc\u30fb\u30d6\u30eb\u30fc & \u30af\u30df\u30f3 - C\u00e9saire","isPartOf":{"@id":"https:\/\/www.stephaniecesaire.com\/ja\/#website"},"primaryImageOfPage":{"@id":"https:\/\/www.stephaniecesaire.com\/ja\/boutique\/%e3%83%90%e3%83%83%e3%82%b0\/%e3%82%ae%e3%83%a3%e3%83%90%e3%83%b3\/%e3%82%ae%e3%83%a3%e3%83%90%e3%83%b3%e3%83%bb%e7%b7%a8%e3%81%bf%e8%be%bc%e3%81%bf%e3%83%a9%e3%83%a0%e3%82%b9%e3%82%ad%e3%83%b3%e3%83%ac%e3%82%b6%e3%83%bc%e3%83%bb%e3%82%af%e3%83%9f%e3%83%b3%ef%bc%86\/#primaryimage"},"image":{"@id":"https:\/\/www.stephaniecesaire.com\/ja\/boutique\/%e3%83%90%e3%83%83%e3%82%b0\/%e3%82%ae%e3%83%a3%e3%83%90%e3%83%b3\/%e3%82%ae%e3%83%a3%e3%83%90%e3%83%b3%e3%83%bb%e7%b7%a8%e3%81%bf%e8%be%bc%e3%81%bf%e3%83%a9%e3%83%a0%e3%82%b9%e3%82%ad%e3%83%b3%e3%83%ac%e3%82%b6%e3%83%bc%e3%83%bb%e3%82%af%e3%83%9f%e3%83%b3%ef%bc%86\/#primaryimage"},"thumbnailUrl":"https:\/\/www.stephaniecesaire.com\/wp-content\/uploads\/2024\/12\/GabinTresBleuFace.jpg","datePublished":"2024-12-28T16:57:48+00:00","dateModified":"2024-12-28T17:59:53+00:00","breadcrumb":{"@id":"https:\/\/www.stephaniecesaire.com\/ja\/boutique\/%e3%83%90%e3%83%83%e3%82%b0\/%e3%82%ae%e3%83%a3%e3%83%90%e3%83%b3\/%e3%82%ae%e3%83%a3%e3%83%90%e3%83%b3%e3%83%bb%e7%b7%a8%e3%81%bf%e8%be%bc%e3%81%bf%e3%83%a9%e3%83%a0%e3%82%b9%e3%82%ad%e3%83%b3%e3%83%ac%e3%82%b6%e3%83%bc%e3%83%bb%e3%82%af%e3%83%9f%e3%83%b3%ef%bc%86\/#breadcrumb"},"inLanguage":"ja","potentialAction":[{"@type":"ReadAction","target":["https:\/\/www.stephaniecesaire.com\/ja\/boutique\/%e3%83%90%e3%83%83%e3%82%b0\/%e3%82%ae%e3%83%a3%e3%83%90%e3%83%b3\/%e3%82%ae%e3%83%a3%e3%83%90%e3%83%b3%e3%83%bb%e7%b7%a8%e3%81%bf%e8%be%bc%e3%81%bf%e3%83%a9%e3%83%a0%e3%82%b9%e3%82%ad%e3%83%b3%e3%83%ac%e3%82%b6%e3%83%bc%e3%83%bb%e3%82%af%e3%83%9f%e3%83%b3%ef%bc%86\/"]}]},{"@type":"ImageObject","inLanguage":"ja","@id":"https:\/\/www.stephaniecesaire.com\/ja\/boutique\/%e3%83%90%e3%83%83%e3%82%b0\/%e3%82%ae%e3%83%a3%e3%83%90%e3%83%b3\/%e3%82%ae%e3%83%a3%e3%83%90%e3%83%b3%e3%83%bb%e7%b7%a8%e3%81%bf%e8%be%bc%e3%81%bf%e3%83%a9%e3%83%a0%e3%82%b9%e3%82%ad%e3%83%b3%e3%83%ac%e3%82%b6%e3%83%bc%e3%83%bb%e3%82%af%e3%83%9f%e3%83%b3%ef%bc%86\/#primaryimage","url":"https:\/\/www.stephaniecesaire.com\/wp-content\/uploads\/2024\/12\/GabinTresBleuFace.jpg","contentUrl":"https:\/\/www.stephaniecesaire.com\/wp-content\/uploads\/2024\/12\/GabinTresBleuFace.jpg","width":630,"height":945,"caption":"\u5927\u578b\u306e\u7de8\u307f\u8fbc\u307f\u30c8\u30fc\u30c8\u30d0\u30c3\u30b0 \u30ac\u30d0\u30f3 - \u30c8\u30ea\u30e8\u30f3\u30ec\u30b6\u30fc - \u30c7\u30b6\u30a4\u30ca\u30fc \u30bb\u30bc\u30fc\u30eb\u30fb\u30d1\u30ea - \u30d5\u30e9\u30f3\u30b9\u88fd"},{"@type":"BreadcrumbList","@id":"https:\/\/www.stephaniecesaire.com\/ja\/boutique\/%e3%83%90%e3%83%83%e3%82%b0\/%e3%82%ae%e3%83%a3%e3%83%90%e3%83%b3\/%e3%82%ae%e3%83%a3%e3%83%90%e3%83%b3%e3%83%bb%e7%b7%a8%e3%81%bf%e8%be%bc%e3%81%bf%e3%83%a9%e3%83%a0%e3%82%b9%e3%82%ad%e3%83%b3%e3%83%ac%e3%82%b6%e3%83%bc%e3%83%bb%e3%82%af%e3%83%9f%e3%83%b3%ef%bc%86\/#breadcrumb","itemListElement":[{"@type":"ListItem","position":1,"name":"Accueil","item":"https:\/\/www.stephaniecesaire.com\/ja\/"},{"@type":"ListItem","position":2,"name":"\u30b7\u30e7\u30c3\u30d7","item":"https:\/\/www.stephaniecesaire.com\/ja\/%e3%82%b7%e3%83%a7%e3%83%83%e3%83%97\/"},{"@type":"ListItem","position":3,"name":"\u30ae\u30e3\u30d0\u30f3\u30fb\u7de8\u307f\u8fbc\u307f\u30e9\u30e0\u30b9\u30ad\u30f3\u30ec\u30b6\u30fc\u30fb\u30d6\u30eb\u30fc &#038; \u30af\u30df\u30f3"}]},{"@type":"WebSite","@id":"https:\/\/www.stephaniecesaire.com\/ja\/#website","url":"https:\/\/www.stephaniecesaire.com\/ja\/","name":"St\u00e9phanie C\u00e9saire","description":"Sac cr\u00e9ateur made in France - Maroquinerie de luxe","publisher":{"@id":"https:\/\/www.stephaniecesaire.com\/ja\/#organization"},"potentialAction":[{"@type":"SearchAction","target":{"@type":"EntryPoint","urlTemplate":"https:\/\/www.stephaniecesaire.com\/ja\/?s={search_term_string}"},"query-input":"required name=search_term_string"}],"inLanguage":"ja"},{"@type":"Organization","@id":"https:\/\/www.stephaniecesaire.com\/ja\/#organization","name":"St\u00e9phanie C\u00e9saire","url":"https:\/\/www.stephaniecesaire.com\/ja\/","logo":{"@type":"ImageObject","inLanguage":"ja","@id":"https:\/\/www.stephaniecesaire.com\/ja\/#\/schema\/logo\/image\/","url":"https:\/\/www.stephaniecesaire.com\/wp-content\/uploads\/2023\/10\/favicon.png","contentUrl":"https:\/\/www.stephaniecesaire.com\/wp-content\/uploads\/2023\/10\/favicon.png","width":512,"height":512,"caption":"St\u00e9phanie C\u00e9saire"},"image":{"@id":"https:\/\/www.stephaniecesaire.com\/ja\/#\/schema\/logo\/image\/"},"sameAs":["https:\/\/www.facebook.com\/cesaireparis\/","https:\/\/www.pinterest.fr\/cesaireparis\/","https:\/\/www.instagram.com\/cesaireparis.official\/"]}]}},"_links":{"self":[{"href":"https:\/\/www.stephaniecesaire.com\/ja\/wp-json\/wp\/v2\/product\/37494","targetHints":{"allow":["GET"]}}],"collection":[{"href":"https:\/\/www.stephaniecesaire.com\/ja\/wp-json\/wp\/v2\/product"}],"about":[{"href":"https:\/\/www.stephaniecesaire.com\/ja\/wp-json\/wp\/v2\/types\/product"}],"wp:featuredmedia":[{"embeddable":true,"href":"https:\/\/www.stephaniecesaire.com\/ja\/wp-json\/wp\/v2\/media\/37507"}],"wp:attachment":[{"href":"https:\/\/www.stephaniecesaire.com\/ja\/wp-json\/wp\/v2\/media?parent=37494"}],"wp:term":[{"taxonomy":"product_cat","embeddable":true,"href":"https:\/\/www.stephaniecesaire.com\/ja\/wp-json\/wp\/v2\/product_cat?post=37494"},{"taxonomy":"product_tag","embeddable":true,"href":"https:\/\/www.stephaniecesaire.com\/ja\/wp-json\/wp\/v2\/product_tag?post=37494"}],"curies":[{"name":"wp","href":"https:\/\/api.w.org\/{rel}","templated":true}]}}