{"id":38174,"date":"2025-02-25T17:42:44","date_gmt":"2025-02-25T16:42:44","guid":{"rendered":"https:\/\/www.stephaniecesaire.com\/?post_type=product&#038;p=38174"},"modified":"2025-02-25T17:51:58","modified_gmt":"2025-02-25T16:51:58","slug":"%e3%82%ac%e3%82%ac%e3%83%bb%e4%b9%97%e7%94%a8%e9%a6%ac-%e3%82%ab%e3%83%bc%e3%83%95%e3%83%ac%e3%82%b6%e3%83%bc%e3%83%bb-%e3%83%81%e3%83%a7%e3%82%b3%e3%83%ac%e3%83%bc%e3%83%88-copie","status":"publish","type":"product","link":"https:\/\/www.stephaniecesaire.com\/ja\/boutique\/%e3%83%90%e3%83%83%e3%82%b0\/%e3%82%ac%e3%82%ac\/%e3%82%ac%e3%82%ac%e3%83%bb%e4%b9%97%e7%94%a8%e9%a6%ac-%e3%82%ab%e3%83%bc%e3%83%95%e3%83%ac%e3%82%b6%e3%83%bc%e3%83%bb-%e3%83%81%e3%83%a7%e3%82%b3%e3%83%ac%e3%83%bc%e3%83%88-copie\/","title":{"rendered":"\u30ac\u30ac\u30fb \u30b0\u30ec\u30a4\u30f3\u30c9\u30fb\u30c8\u30ea\u30e8\u30f3\u30fb\u96f7\u96e8"},"content":{"rendered":"<div>\n<p>\u67d4\u3089\u304b\u306a\u30e9\u30a4\u30f3\u3067\u7e01\u53d6\u3089\u308c\u305f\u30d5\u30e9\u30c3\u30d7\u306f\u3001\u7e4a\u7d30\u306a\u30ec\u30ea\u30fc\u30d5\u30e2\u30c7\u30ea\u30f3\u30b0\u304c\u65bd\u3055\u308c\u30012\u3064\u306e\u30aa\u30fc\u30d0\u30fc\u30b5\u30a4\u30ba\u306e\u895f\u30dc\u30bf\u30f3\u3067\u9589\u3058\u3089\u308c\u3066\u3044\u307e\u3059\u3002\u30b9\u30e9\u30a4\u30c7\u30a3\u30f3\u30b0\u30b7\u30e7\u30eb\u30c0\u30fc\u30b9\u30c8\u30e9\u30c3\u30d7\u306f2\u3064\u306e\u9769\u30eb\u30fc\u30d7\u3067\u4fdd\u6301\u3055\u308c\u3001\u7570\u306a\u308b\u6301\u3061\u65b9\u306b\u8abf\u6574\u3067\u304d\u307e\u3059\u3002100\uff05\u30b3\u30c3\u30c8\u30f3\u30c4\u30a4\u30eb\u3067\u5168\u9762\u7684\u306b\u88cf\u5730\u304c\u65bd\u3055\u308c\u305f\u300c\u30ac\u30ac\u300d\u306b\u306f\u3001\u30b8\u30c3\u30d1\u30fc\u4ed8\u304d\u30dd\u30b1\u30c3\u30c8\u3068\u643a\u5e2f\u96fb\u8a71\u7528\u306e\u5927\u304d\u306a\u30dd\u30b1\u30c3\u30c8\u304c\u3042\u308a\u307e\u3059\u3002\u30ac\u30ac\u30d0\u30c3\u30b0\u306f\u30d5\u30e9\u30f3\u30b9\u3067\u624b\u4f5c\u308a\u3055\u308c\u3066\u3044\u307e\u3059\u3002<\/p>\n<\/div>\n","protected":false},"excerpt":{"rendered":"<div>\n<p>\u30e1\u30c3\u30bb\u30f3\u30b8\u30e3\u30fc\u30d0\u30c3\u30b0\u306b\u30a4\u30f3\u30b9\u30d1\u30a4\u30a2\u3055\u308c\u305f\u3001\u5dfb\u304d\u4e0a\u3052\u30d5\u30e9\u30c3\u30d7\u4ed8\u304d\u306e\u30df\u30cb\u30b5\u30b3\u30c3\u30b7\u30e5\u300c\u30ac\u30ac\u300d\u306f\u3001\u30d1\u30ea\u306e\u6563\u6b69\u306b\u30a4\u30f3\u30b9\u30d4\u30ec\u30fc\u30b7\u30e7\u30f3\u3092\u4e0e\u3048\u307e\u3059\u3002 \u66f2\u7dda\u3067\u30c7\u30b6\u30a4\u30f3\u3055\u308c\u305f\u305d\u306e\u7d14\u7c8b\u3067\u6d17\u7df4\u3055\u308c\u305f\u30e9\u30a4\u30f3\u306f\u9b45\u529b\u7684\u306a\u5916\u89b3\u3092\u63d0\u4f9b\u3057\u3001\u305d\u306e\u30b3\u30f3\u30d1\u30af\u30c8\u306a\u30dc\u30ea\u30e5\u30fc\u30e0\u304c\u6301\u3064\u4eba\u306e\u30b7\u30eb\u30a8\u30c3\u30c8\u3092\u5f15\u304d\u7acb\u3066\u307e\u3059\u3002 \u80a9\u306b\u304b\u3051\u3066\u3082\u3001\u30af\u30ed\u30b9\u30dc\u30c7\u30a3\u3068\u3057\u3066\u3082\u3001\u624b\u306b\u6301\u3063\u3066\u3082\u9b45\u529b\u7684\u3067\u3001\u305d\u306e\u30ab\u30b8\u30e5\u30a2\u30eb\u306a\u30b9\u30bf\u30a4\u30eb\u306f\u65e5\u5e38\u306e\u30ef\u30fc\u30c9\u30ed\u30fc\u30d6\u306b\u7c21\u5358\u306b\u9069\u5fdc\u3057\u307e\u3059\u3002<\/p>\n<\/div>\n","protected":false},"featured_media":38211,"template":"","meta":[],"product_cat":[1748],"product_tag":[673],"class_list":{"0":"post-38174","1":"product","2":"type-product","3":"status-publish","4":"has-post-thumbnail","6":"product_cat-1748","7":"product_tag-673","8":"product_shipping_class-classe-de-livraison-2","9":"pa_porte-331","10":"pa_porte-333","11":"pa_porte-329","12":"pa_volume-337","13":"pa_volume-339","15":"first","16":"outofstock","17":"sold-individually","18":"taxable","19":"shipping-taxable","20":"purchasable","21":"product-type-simple"},"yoast_head":"<!-- This site is optimized with the Yoast SEO plugin v23.1 - https:\/\/yoast.com\/wordpress\/plugins\/seo\/ -->\n<title>\u30df\u30cb\u30ec\u30b6\u30fc\u30b5\u30b3\u30c3\u30b7\u30e5\u5973\u6027\u7528\u30ac\u30ac - \u30bb\u30bc\u30fc\u30eb \u30d1\u30ea - \u30d5\u30e9\u30f3\u30b9\u88fd\u306e\u624b\u4f5c\u308a\u30d0\u30c3\u30b0<\/title>\n<meta name=\"description\" content=\"\u30e1\u30c3\u30bb\u30f3\u30b8\u30e3\u30fc\u30d0\u30c3\u30b0\u306b\u30a4\u30f3\u30b9\u30d1\u30a4\u30a2\u3055\u308c\u305f\u3001\u5dfb\u304d\u4e0a\u3052\u30d5\u30e9\u30c3\u30d7\u4ed8\u304d\u306e\u30df\u30cb\u30ec\u30b6\u30fc\u30b5\u30b3\u30c3\u30b7\u30e5\u300c\u30ac\u30ac\u300d\u306f\u3001\u9b45\u529b\u7684\u306a\u5916\u89b3\u3092\u63d0\u4f9b\u3057\u3001\u30d1\u30ea\u306e\u6563\u6b69\u306b\u30a4\u30f3\u30b9\u30d4\u30ec\u30fc\u30b7\u30e7\u30f3\u3092\u4e0e\u3048\u307e\u3059\u3002\" \/>\n<meta name=\"robots\" content=\"index, follow, max-snippet:-1, max-image-preview:large, max-video-preview:-1\" \/>\n<link rel=\"canonical\" href=\"https:\/\/www.stephaniecesaire.com\/ja\/boutique\/%e3%83%90%e3%83%83%e3%82%b0\/%e3%82%ac%e3%82%ac\/%e3%82%ac%e3%82%ac%e3%83%bb%e4%b9%97%e7%94%a8%e9%a6%ac-%e3%82%ab%e3%83%bc%e3%83%95%e3%83%ac%e3%82%b6%e3%83%bc%e3%83%bb-%e3%83%81%e3%83%a7%e3%82%b3%e3%83%ac%e3%83%bc%e3%83%88-copie\/\" \/>\n<meta property=\"og:locale\" content=\"ja_JP\" \/>\n<meta property=\"og:type\" content=\"article\" \/>\n<meta property=\"og:title\" content=\"\u30df\u30cb\u30ec\u30b6\u30fc\u30b5\u30b3\u30c3\u30b7\u30e5\u5973\u6027\u7528\u30ac\u30ac - \u30bb\u30bc\u30fc\u30eb \u30d1\u30ea - \u30d5\u30e9\u30f3\u30b9\u88fd\u306e\u624b\u4f5c\u308a\u30d0\u30c3\u30b0\" \/>\n<meta property=\"og:description\" content=\"\u30e1\u30c3\u30bb\u30f3\u30b8\u30e3\u30fc\u30d0\u30c3\u30b0\u306b\u30a4\u30f3\u30b9\u30d1\u30a4\u30a2\u3055\u308c\u305f\u3001\u5dfb\u304d\u4e0a\u3052\u30d5\u30e9\u30c3\u30d7\u4ed8\u304d\u306e\u30df\u30cb\u30ec\u30b6\u30fc\u30b5\u30b3\u30c3\u30b7\u30e5\u300c\u30ac\u30ac\u300d\u306f\u3001\u9b45\u529b\u7684\u306a\u5916\u89b3\u3092\u63d0\u4f9b\u3057\u3001\u30d1\u30ea\u306e\u6563\u6b69\u306b\u30a4\u30f3\u30b9\u30d4\u30ec\u30fc\u30b7\u30e7\u30f3\u3092\u4e0e\u3048\u307e\u3059\u3002\" \/>\n<meta property=\"og:url\" content=\"https:\/\/www.stephaniecesaire.com\/ja\/boutique\/%e3%83%90%e3%83%83%e3%82%b0\/%e3%82%ac%e3%82%ac\/%e3%82%ac%e3%82%ac%e3%83%bb%e4%b9%97%e7%94%a8%e9%a6%ac-%e3%82%ab%e3%83%bc%e3%83%95%e3%83%ac%e3%82%b6%e3%83%bc%e3%83%bb-%e3%83%81%e3%83%a7%e3%82%b3%e3%83%ac%e3%83%bc%e3%83%88-copie\/\" \/>\n<meta property=\"og:site_name\" content=\"C\u00e9saire\" \/>\n<meta property=\"article:publisher\" content=\"https:\/\/www.facebook.com\/cesaireparis\/\" \/>\n<meta property=\"article:modified_time\" content=\"2025-02-25T16:51:58+00:00\" \/>\n<meta property=\"og:image\" content=\"https:\/\/www.stephaniecesaire.com\/wp-content\/uploads\/2025\/02\/GagaRAGOrageFace.jpg\" \/>\n\t<meta property=\"og:image:width\" content=\"630\" \/>\n\t<meta property=\"og:image:height\" content=\"945\" \/>\n\t<meta property=\"og:image:type\" content=\"image\/jpeg\" \/>\n<meta name=\"twitter:card\" content=\"summary_large_image\" \/>\n<script type=\"application\/ld+json\" class=\"yoast-schema-graph\">{\"@context\":\"https:\/\/schema.org\",\"@graph\":[{\"@type\":\"WebPage\",\"@id\":\"https:\/\/www.stephaniecesaire.com\/ja\/boutique\/%e3%83%90%e3%83%83%e3%82%b0\/%e3%82%ac%e3%82%ac\/%e3%82%ac%e3%82%ac%e3%83%bb%e4%b9%97%e7%94%a8%e9%a6%ac-%e3%82%ab%e3%83%bc%e3%83%95%e3%83%ac%e3%82%b6%e3%83%bc%e3%83%bb-%e3%83%81%e3%83%a7%e3%82%b3%e3%83%ac%e3%83%bc%e3%83%88-copie\/\",\"url\":\"https:\/\/www.stephaniecesaire.com\/ja\/boutique\/%e3%83%90%e3%83%83%e3%82%b0\/%e3%82%ac%e3%82%ac\/%e3%82%ac%e3%82%ac%e3%83%bb%e4%b9%97%e7%94%a8%e9%a6%ac-%e3%82%ab%e3%83%bc%e3%83%95%e3%83%ac%e3%82%b6%e3%83%bc%e3%83%bb-%e3%83%81%e3%83%a7%e3%82%b3%e3%83%ac%e3%83%bc%e3%83%88-copie\/\",\"name\":\"\u30df\u30cb\u30ec\u30b6\u30fc\u30b5\u30b3\u30c3\u30b7\u30e5\u5973\u6027\u7528\u30ac\u30ac - \u30bb\u30bc\u30fc\u30eb \u30d1\u30ea - \u30d5\u30e9\u30f3\u30b9\u88fd\u306e\u624b\u4f5c\u308a\u30d0\u30c3\u30b0\",\"isPartOf\":{\"@id\":\"https:\/\/www.stephaniecesaire.com\/ja\/#website\"},\"primaryImageOfPage\":{\"@id\":\"https:\/\/www.stephaniecesaire.com\/ja\/boutique\/%e3%83%90%e3%83%83%e3%82%b0\/%e3%82%ac%e3%82%ac\/%e3%82%ac%e3%82%ac%e3%83%bb%e4%b9%97%e7%94%a8%e9%a6%ac-%e3%82%ab%e3%83%bc%e3%83%95%e3%83%ac%e3%82%b6%e3%83%bc%e3%83%bb-%e3%83%81%e3%83%a7%e3%82%b3%e3%83%ac%e3%83%bc%e3%83%88-copie\/#primaryimage\"},\"image\":{\"@id\":\"https:\/\/www.stephaniecesaire.com\/ja\/boutique\/%e3%83%90%e3%83%83%e3%82%b0\/%e3%82%ac%e3%82%ac\/%e3%82%ac%e3%82%ac%e3%83%bb%e4%b9%97%e7%94%a8%e9%a6%ac-%e3%82%ab%e3%83%bc%e3%83%95%e3%83%ac%e3%82%b6%e3%83%bc%e3%83%bb-%e3%83%81%e3%83%a7%e3%82%b3%e3%83%ac%e3%83%bc%e3%83%88-copie\/#primaryimage\"},\"thumbnailUrl\":\"https:\/\/www.stephaniecesaire.com\/wp-content\/uploads\/2025\/02\/GagaRAGOrageFace-1.jpg\",\"datePublished\":\"2025-02-25T16:42:44+00:00\",\"dateModified\":\"2025-02-25T16:51:58+00:00\",\"description\":\"\u30e1\u30c3\u30bb\u30f3\u30b8\u30e3\u30fc\u30d0\u30c3\u30b0\u306b\u30a4\u30f3\u30b9\u30d1\u30a4\u30a2\u3055\u308c\u305f\u3001\u5dfb\u304d\u4e0a\u3052\u30d5\u30e9\u30c3\u30d7\u4ed8\u304d\u306e\u30df\u30cb\u30ec\u30b6\u30fc\u30b5\u30b3\u30c3\u30b7\u30e5\u300c\u30ac\u30ac\u300d\u306f\u3001\u9b45\u529b\u7684\u306a\u5916\u89b3\u3092\u63d0\u4f9b\u3057\u3001\u30d1\u30ea\u306e\u6563\u6b69\u306b\u30a4\u30f3\u30b9\u30d4\u30ec\u30fc\u30b7\u30e7\u30f3\u3092\u4e0e\u3048\u307e\u3059\u3002\",\"breadcrumb\":{\"@id\":\"https:\/\/www.stephaniecesaire.com\/ja\/boutique\/%e3%83%90%e3%83%83%e3%82%b0\/%e3%82%ac%e3%82%ac\/%e3%82%ac%e3%82%ac%e3%83%bb%e4%b9%97%e7%94%a8%e9%a6%ac-%e3%82%ab%e3%83%bc%e3%83%95%e3%83%ac%e3%82%b6%e3%83%bc%e3%83%bb-%e3%83%81%e3%83%a7%e3%82%b3%e3%83%ac%e3%83%bc%e3%83%88-copie\/#breadcrumb\"},\"inLanguage\":\"ja\",\"potentialAction\":[{\"@type\":\"ReadAction\",\"target\":[\"https:\/\/www.stephaniecesaire.com\/ja\/boutique\/%e3%83%90%e3%83%83%e3%82%b0\/%e3%82%ac%e3%82%ac\/%e3%82%ac%e3%82%ac%e3%83%bb%e4%b9%97%e7%94%a8%e9%a6%ac-%e3%82%ab%e3%83%bc%e3%83%95%e3%83%ac%e3%82%b6%e3%83%bc%e3%83%bb-%e3%83%81%e3%83%a7%e3%82%b3%e3%83%ac%e3%83%bc%e3%83%88-copie\/\"]}]},{\"@type\":\"ImageObject\",\"inLanguage\":\"ja\",\"@id\":\"https:\/\/www.stephaniecesaire.com\/ja\/boutique\/%e3%83%90%e3%83%83%e3%82%b0\/%e3%82%ac%e3%82%ac\/%e3%82%ac%e3%82%ac%e3%83%bb%e4%b9%97%e7%94%a8%e9%a6%ac-%e3%82%ab%e3%83%bc%e3%83%95%e3%83%ac%e3%82%b6%e3%83%bc%e3%83%bb-%e3%83%81%e3%83%a7%e3%82%b3%e3%83%ac%e3%83%bc%e3%83%88-copie\/#primaryimage\",\"url\":\"https:\/\/www.stephaniecesaire.com\/wp-content\/uploads\/2025\/02\/GagaRAGOrageFace-1.jpg\",\"contentUrl\":\"https:\/\/www.stephaniecesaire.com\/wp-content\/uploads\/2025\/02\/GagaRAGOrageFace-1.jpg\",\"width\":630,\"height\":945,\"caption\":\"Sacoche bandouli\u00e8re Gaga - C\u00e9saire Paris \u2013 Sac cr\u00e9ateur fabriqu\u00e9 en France\"},{\"@type\":\"BreadcrumbList\",\"@id\":\"https:\/\/www.stephaniecesaire.com\/ja\/boutique\/%e3%83%90%e3%83%83%e3%82%b0\/%e3%82%ac%e3%82%ac\/%e3%82%ac%e3%82%ac%e3%83%bb%e4%b9%97%e7%94%a8%e9%a6%ac-%e3%82%ab%e3%83%bc%e3%83%95%e3%83%ac%e3%82%b6%e3%83%bc%e3%83%bb-%e3%83%81%e3%83%a7%e3%82%b3%e3%83%ac%e3%83%bc%e3%83%88-copie\/#breadcrumb\",\"itemListElement\":[{\"@type\":\"ListItem\",\"position\":1,\"name\":\"Accueil\",\"item\":\"https:\/\/www.stephaniecesaire.com\/ja\/\"},{\"@type\":\"ListItem\",\"position\":2,\"name\":\"\u30b7\u30e7\u30c3\u30d7\",\"item\":\"https:\/\/www.stephaniecesaire.com\/ja\/%e3%82%b7%e3%83%a7%e3%83%83%e3%83%97\/\"},{\"@type\":\"ListItem\",\"position\":3,\"name\":\"\u30ac\u30ac\u30fb \u30b0\u30ec\u30a4\u30f3\u30c9\u30fb\u30c8\u30ea\u30e8\u30f3\u30fb\u96f7\u96e8\"}]},{\"@type\":\"WebSite\",\"@id\":\"https:\/\/www.stephaniecesaire.com\/ja\/#website\",\"url\":\"https:\/\/www.stephaniecesaire.com\/ja\/\",\"name\":\"St\u00e9phanie C\u00e9saire\",\"description\":\"Sac cr\u00e9ateur made in France - Maroquinerie de luxe\",\"publisher\":{\"@id\":\"https:\/\/www.stephaniecesaire.com\/ja\/#organization\"},\"potentialAction\":[{\"@type\":\"SearchAction\",\"target\":{\"@type\":\"EntryPoint\",\"urlTemplate\":\"https:\/\/www.stephaniecesaire.com\/ja\/?s={search_term_string}\"},\"query-input\":\"required name=search_term_string\"}],\"inLanguage\":\"ja\"},{\"@type\":\"Organization\",\"@id\":\"https:\/\/www.stephaniecesaire.com\/ja\/#organization\",\"name\":\"St\u00e9phanie C\u00e9saire\",\"url\":\"https:\/\/www.stephaniecesaire.com\/ja\/\",\"logo\":{\"@type\":\"ImageObject\",\"inLanguage\":\"ja\",\"@id\":\"https:\/\/www.stephaniecesaire.com\/ja\/#\/schema\/logo\/image\/\",\"url\":\"https:\/\/www.stephaniecesaire.com\/wp-content\/uploads\/2023\/10\/favicon.png\",\"contentUrl\":\"https:\/\/www.stephaniecesaire.com\/wp-content\/uploads\/2023\/10\/favicon.png\",\"width\":512,\"height\":512,\"caption\":\"St\u00e9phanie C\u00e9saire\"},\"image\":{\"@id\":\"https:\/\/www.stephaniecesaire.com\/ja\/#\/schema\/logo\/image\/\"},\"sameAs\":[\"https:\/\/www.facebook.com\/cesaireparis\/\",\"https:\/\/www.pinterest.fr\/cesaireparis\/\",\"https:\/\/www.instagram.com\/cesaireparis.official\/\"]}]}<\/script>\n<!-- \/ Yoast SEO plugin. -->","yoast_head_json":{"title":"\u30df\u30cb\u30ec\u30b6\u30fc\u30b5\u30b3\u30c3\u30b7\u30e5\u5973\u6027\u7528\u30ac\u30ac - \u30bb\u30bc\u30fc\u30eb \u30d1\u30ea - \u30d5\u30e9\u30f3\u30b9\u88fd\u306e\u624b\u4f5c\u308a\u30d0\u30c3\u30b0","description":"\u30e1\u30c3\u30bb\u30f3\u30b8\u30e3\u30fc\u30d0\u30c3\u30b0\u306b\u30a4\u30f3\u30b9\u30d1\u30a4\u30a2\u3055\u308c\u305f\u3001\u5dfb\u304d\u4e0a\u3052\u30d5\u30e9\u30c3\u30d7\u4ed8\u304d\u306e\u30df\u30cb\u30ec\u30b6\u30fc\u30b5\u30b3\u30c3\u30b7\u30e5\u300c\u30ac\u30ac\u300d\u306f\u3001\u9b45\u529b\u7684\u306a\u5916\u89b3\u3092\u63d0\u4f9b\u3057\u3001\u30d1\u30ea\u306e\u6563\u6b69\u306b\u30a4\u30f3\u30b9\u30d4\u30ec\u30fc\u30b7\u30e7\u30f3\u3092\u4e0e\u3048\u307e\u3059\u3002","robots":{"index":"index","follow":"follow","max-snippet":"max-snippet:-1","max-image-preview":"max-image-preview:large","max-video-preview":"max-video-preview:-1"},"canonical":"https:\/\/www.stephaniecesaire.com\/ja\/boutique\/%e3%83%90%e3%83%83%e3%82%b0\/%e3%82%ac%e3%82%ac\/%e3%82%ac%e3%82%ac%e3%83%bb%e4%b9%97%e7%94%a8%e9%a6%ac-%e3%82%ab%e3%83%bc%e3%83%95%e3%83%ac%e3%82%b6%e3%83%bc%e3%83%bb-%e3%83%81%e3%83%a7%e3%82%b3%e3%83%ac%e3%83%bc%e3%83%88-copie\/","og_locale":"ja_JP","og_type":"article","og_title":"\u30df\u30cb\u30ec\u30b6\u30fc\u30b5\u30b3\u30c3\u30b7\u30e5\u5973\u6027\u7528\u30ac\u30ac - \u30bb\u30bc\u30fc\u30eb \u30d1\u30ea - \u30d5\u30e9\u30f3\u30b9\u88fd\u306e\u624b\u4f5c\u308a\u30d0\u30c3\u30b0","og_description":"\u30e1\u30c3\u30bb\u30f3\u30b8\u30e3\u30fc\u30d0\u30c3\u30b0\u306b\u30a4\u30f3\u30b9\u30d1\u30a4\u30a2\u3055\u308c\u305f\u3001\u5dfb\u304d\u4e0a\u3052\u30d5\u30e9\u30c3\u30d7\u4ed8\u304d\u306e\u30df\u30cb\u30ec\u30b6\u30fc\u30b5\u30b3\u30c3\u30b7\u30e5\u300c\u30ac\u30ac\u300d\u306f\u3001\u9b45\u529b\u7684\u306a\u5916\u89b3\u3092\u63d0\u4f9b\u3057\u3001\u30d1\u30ea\u306e\u6563\u6b69\u306b\u30a4\u30f3\u30b9\u30d4\u30ec\u30fc\u30b7\u30e7\u30f3\u3092\u4e0e\u3048\u307e\u3059\u3002","og_url":"https:\/\/www.stephaniecesaire.com\/ja\/boutique\/%e3%83%90%e3%83%83%e3%82%b0\/%e3%82%ac%e3%82%ac\/%e3%82%ac%e3%82%ac%e3%83%bb%e4%b9%97%e7%94%a8%e9%a6%ac-%e3%82%ab%e3%83%bc%e3%83%95%e3%83%ac%e3%82%b6%e3%83%bc%e3%83%bb-%e3%83%81%e3%83%a7%e3%82%b3%e3%83%ac%e3%83%bc%e3%83%88-copie\/","og_site_name":"C\u00e9saire","article_publisher":"https:\/\/www.facebook.com\/cesaireparis\/","article_modified_time":"2025-02-25T16:51:58+00:00","og_image":[{"width":630,"height":945,"url":"https:\/\/www.stephaniecesaire.com\/wp-content\/uploads\/2025\/02\/GagaRAGOrageFace.jpg","type":"image\/jpeg"}],"twitter_card":"summary_large_image","schema":{"@context":"https:\/\/schema.org","@graph":[{"@type":"WebPage","@id":"https:\/\/www.stephaniecesaire.com\/ja\/boutique\/%e3%83%90%e3%83%83%e3%82%b0\/%e3%82%ac%e3%82%ac\/%e3%82%ac%e3%82%ac%e3%83%bb%e4%b9%97%e7%94%a8%e9%a6%ac-%e3%82%ab%e3%83%bc%e3%83%95%e3%83%ac%e3%82%b6%e3%83%bc%e3%83%bb-%e3%83%81%e3%83%a7%e3%82%b3%e3%83%ac%e3%83%bc%e3%83%88-copie\/","url":"https:\/\/www.stephaniecesaire.com\/ja\/boutique\/%e3%83%90%e3%83%83%e3%82%b0\/%e3%82%ac%e3%82%ac\/%e3%82%ac%e3%82%ac%e3%83%bb%e4%b9%97%e7%94%a8%e9%a6%ac-%e3%82%ab%e3%83%bc%e3%83%95%e3%83%ac%e3%82%b6%e3%83%bc%e3%83%bb-%e3%83%81%e3%83%a7%e3%82%b3%e3%83%ac%e3%83%bc%e3%83%88-copie\/","name":"\u30df\u30cb\u30ec\u30b6\u30fc\u30b5\u30b3\u30c3\u30b7\u30e5\u5973\u6027\u7528\u30ac\u30ac - \u30bb\u30bc\u30fc\u30eb \u30d1\u30ea - \u30d5\u30e9\u30f3\u30b9\u88fd\u306e\u624b\u4f5c\u308a\u30d0\u30c3\u30b0","isPartOf":{"@id":"https:\/\/www.stephaniecesaire.com\/ja\/#website"},"primaryImageOfPage":{"@id":"https:\/\/www.stephaniecesaire.com\/ja\/boutique\/%e3%83%90%e3%83%83%e3%82%b0\/%e3%82%ac%e3%82%ac\/%e3%82%ac%e3%82%ac%e3%83%bb%e4%b9%97%e7%94%a8%e9%a6%ac-%e3%82%ab%e3%83%bc%e3%83%95%e3%83%ac%e3%82%b6%e3%83%bc%e3%83%bb-%e3%83%81%e3%83%a7%e3%82%b3%e3%83%ac%e3%83%bc%e3%83%88-copie\/#primaryimage"},"image":{"@id":"https:\/\/www.stephaniecesaire.com\/ja\/boutique\/%e3%83%90%e3%83%83%e3%82%b0\/%e3%82%ac%e3%82%ac\/%e3%82%ac%e3%82%ac%e3%83%bb%e4%b9%97%e7%94%a8%e9%a6%ac-%e3%82%ab%e3%83%bc%e3%83%95%e3%83%ac%e3%82%b6%e3%83%bc%e3%83%bb-%e3%83%81%e3%83%a7%e3%82%b3%e3%83%ac%e3%83%bc%e3%83%88-copie\/#primaryimage"},"thumbnailUrl":"https:\/\/www.stephaniecesaire.com\/wp-content\/uploads\/2025\/02\/GagaRAGOrageFace-1.jpg","datePublished":"2025-02-25T16:42:44+00:00","dateModified":"2025-02-25T16:51:58+00:00","description":"\u30e1\u30c3\u30bb\u30f3\u30b8\u30e3\u30fc\u30d0\u30c3\u30b0\u306b\u30a4\u30f3\u30b9\u30d1\u30a4\u30a2\u3055\u308c\u305f\u3001\u5dfb\u304d\u4e0a\u3052\u30d5\u30e9\u30c3\u30d7\u4ed8\u304d\u306e\u30df\u30cb\u30ec\u30b6\u30fc\u30b5\u30b3\u30c3\u30b7\u30e5\u300c\u30ac\u30ac\u300d\u306f\u3001\u9b45\u529b\u7684\u306a\u5916\u89b3\u3092\u63d0\u4f9b\u3057\u3001\u30d1\u30ea\u306e\u6563\u6b69\u306b\u30a4\u30f3\u30b9\u30d4\u30ec\u30fc\u30b7\u30e7\u30f3\u3092\u4e0e\u3048\u307e\u3059\u3002","breadcrumb":{"@id":"https:\/\/www.stephaniecesaire.com\/ja\/boutique\/%e3%83%90%e3%83%83%e3%82%b0\/%e3%82%ac%e3%82%ac\/%e3%82%ac%e3%82%ac%e3%83%bb%e4%b9%97%e7%94%a8%e9%a6%ac-%e3%82%ab%e3%83%bc%e3%83%95%e3%83%ac%e3%82%b6%e3%83%bc%e3%83%bb-%e3%83%81%e3%83%a7%e3%82%b3%e3%83%ac%e3%83%bc%e3%83%88-copie\/#breadcrumb"},"inLanguage":"ja","potentialAction":[{"@type":"ReadAction","target":["https:\/\/www.stephaniecesaire.com\/ja\/boutique\/%e3%83%90%e3%83%83%e3%82%b0\/%e3%82%ac%e3%82%ac\/%e3%82%ac%e3%82%ac%e3%83%bb%e4%b9%97%e7%94%a8%e9%a6%ac-%e3%82%ab%e3%83%bc%e3%83%95%e3%83%ac%e3%82%b6%e3%83%bc%e3%83%bb-%e3%83%81%e3%83%a7%e3%82%b3%e3%83%ac%e3%83%bc%e3%83%88-copie\/"]}]},{"@type":"ImageObject","inLanguage":"ja","@id":"https:\/\/www.stephaniecesaire.com\/ja\/boutique\/%e3%83%90%e3%83%83%e3%82%b0\/%e3%82%ac%e3%82%ac\/%e3%82%ac%e3%82%ac%e3%83%bb%e4%b9%97%e7%94%a8%e9%a6%ac-%e3%82%ab%e3%83%bc%e3%83%95%e3%83%ac%e3%82%b6%e3%83%bc%e3%83%bb-%e3%83%81%e3%83%a7%e3%82%b3%e3%83%ac%e3%83%bc%e3%83%88-copie\/#primaryimage","url":"https:\/\/www.stephaniecesaire.com\/wp-content\/uploads\/2025\/02\/GagaRAGOrageFace-1.jpg","contentUrl":"https:\/\/www.stephaniecesaire.com\/wp-content\/uploads\/2025\/02\/GagaRAGOrageFace-1.jpg","width":630,"height":945,"caption":"Sacoche bandouli\u00e8re Gaga - C\u00e9saire Paris \u2013 Sac cr\u00e9ateur fabriqu\u00e9 en France"},{"@type":"BreadcrumbList","@id":"https:\/\/www.stephaniecesaire.com\/ja\/boutique\/%e3%83%90%e3%83%83%e3%82%b0\/%e3%82%ac%e3%82%ac\/%e3%82%ac%e3%82%ac%e3%83%bb%e4%b9%97%e7%94%a8%e9%a6%ac-%e3%82%ab%e3%83%bc%e3%83%95%e3%83%ac%e3%82%b6%e3%83%bc%e3%83%bb-%e3%83%81%e3%83%a7%e3%82%b3%e3%83%ac%e3%83%bc%e3%83%88-copie\/#breadcrumb","itemListElement":[{"@type":"ListItem","position":1,"name":"Accueil","item":"https:\/\/www.stephaniecesaire.com\/ja\/"},{"@type":"ListItem","position":2,"name":"\u30b7\u30e7\u30c3\u30d7","item":"https:\/\/www.stephaniecesaire.com\/ja\/%e3%82%b7%e3%83%a7%e3%83%83%e3%83%97\/"},{"@type":"ListItem","position":3,"name":"\u30ac\u30ac\u30fb \u30b0\u30ec\u30a4\u30f3\u30c9\u30fb\u30c8\u30ea\u30e8\u30f3\u30fb\u96f7\u96e8"}]},{"@type":"WebSite","@id":"https:\/\/www.stephaniecesaire.com\/ja\/#website","url":"https:\/\/www.stephaniecesaire.com\/ja\/","name":"St\u00e9phanie C\u00e9saire","description":"Sac cr\u00e9ateur made in France - Maroquinerie de luxe","publisher":{"@id":"https:\/\/www.stephaniecesaire.com\/ja\/#organization"},"potentialAction":[{"@type":"SearchAction","target":{"@type":"EntryPoint","urlTemplate":"https:\/\/www.stephaniecesaire.com\/ja\/?s={search_term_string}"},"query-input":"required name=search_term_string"}],"inLanguage":"ja"},{"@type":"Organization","@id":"https:\/\/www.stephaniecesaire.com\/ja\/#organization","name":"St\u00e9phanie C\u00e9saire","url":"https:\/\/www.stephaniecesaire.com\/ja\/","logo":{"@type":"ImageObject","inLanguage":"ja","@id":"https:\/\/www.stephaniecesaire.com\/ja\/#\/schema\/logo\/image\/","url":"https:\/\/www.stephaniecesaire.com\/wp-content\/uploads\/2023\/10\/favicon.png","contentUrl":"https:\/\/www.stephaniecesaire.com\/wp-content\/uploads\/2023\/10\/favicon.png","width":512,"height":512,"caption":"St\u00e9phanie C\u00e9saire"},"image":{"@id":"https:\/\/www.stephaniecesaire.com\/ja\/#\/schema\/logo\/image\/"},"sameAs":["https:\/\/www.facebook.com\/cesaireparis\/","https:\/\/www.pinterest.fr\/cesaireparis\/","https:\/\/www.instagram.com\/cesaireparis.official\/"]}]}},"_links":{"self":[{"href":"https:\/\/www.stephaniecesaire.com\/ja\/wp-json\/wp\/v2\/product\/38174","targetHints":{"allow":["GET"]}}],"collection":[{"href":"https:\/\/www.stephaniecesaire.com\/ja\/wp-json\/wp\/v2\/product"}],"about":[{"href":"https:\/\/www.stephaniecesaire.com\/ja\/wp-json\/wp\/v2\/types\/product"}],"wp:featuredmedia":[{"embeddable":true,"href":"https:\/\/www.stephaniecesaire.com\/ja\/wp-json\/wp\/v2\/media\/38211"}],"wp:attachment":[{"href":"https:\/\/www.stephaniecesaire.com\/ja\/wp-json\/wp\/v2\/media?parent=38174"}],"wp:term":[{"taxonomy":"product_cat","embeddable":true,"href":"https:\/\/www.stephaniecesaire.com\/ja\/wp-json\/wp\/v2\/product_cat?post=38174"},{"taxonomy":"product_tag","embeddable":true,"href":"https:\/\/www.stephaniecesaire.com\/ja\/wp-json\/wp\/v2\/product_tag?post=38174"}],"curies":[{"name":"wp","href":"https:\/\/api.w.org\/{rel}","templated":true}]}}