{"id":39484,"date":"2025-09-02T17:36:32","date_gmt":"2025-09-02T15:36:32","guid":{"rendered":"https:\/\/www.stephaniecesaire.com\/?post_type=product&#038;p=39484"},"modified":"2025-09-02T17:42:15","modified_gmt":"2025-09-02T15:42:15","slug":"%e3%83%8e%e3%82%a6-%e3%83%bb%e3%82%b0%e3%83%ac%e3%82%a4%e3%83%b3%e3%83%89%e3%83%bb%e3%83%88%e3%83%aa%e3%83%a8%e3%83%b3%e3%83%bb%e3%82%a2%e3%83%8b%e3%82%b9%ef%bc%86%e3%83%ac%e3%83%83%e3%83%89-copie-3","status":"publish","type":"product","link":"https:\/\/www.stephaniecesaire.com\/ja\/boutique\/%e3%83%90%e3%83%83%e3%82%b0\/%e3%83%8e%e3%82%a6\/%e3%83%8e%e3%82%a6-%e3%83%bb%e3%82%b0%e3%83%ac%e3%82%a4%e3%83%b3%e3%83%89%e3%83%bb%e3%83%88%e3%83%aa%e3%83%a8%e3%83%b3%e3%83%bb%e3%82%a2%e3%83%8b%e3%82%b9%ef%bc%86%e3%83%ac%e3%83%83%e3%83%89-copie-3\/","title":{"rendered":"\u30ce\u30a6 \u30fb\u30b0\u30ec\u30a4\u30f3\u30c9\u30fb\u30c8\u30ea\u30e8\u30f3\u30fb\u30a2\u30b9\u30d5\u30a1\u30eb\u30c8\uff06\u30d0\u30cb\u30e9"},"content":{"rendered":"<p>\u5909\u5316\u3059\u308b\u30d5\u30a9\u30eb\u30e0\u304c\u611b\u3089\u3057\u3044\u30df\u30cb\u30d0\u30c3\u30b0\u30fb\u30ce\u30a6\u306e\u672c\u4f53\u306f\u3001\u30ab\u30c3\u30c8\u3057\u305f\u4e00\u679a\u9769\u304c\u7acb\u4f53\u7684\u306a\u30cd\u30c3\u30c8\u306e\u3088\u3046\u306b\u5c55\u958b\u3057\u3001\u30b9\u30e9\u30a4\u30c9\u5f0f\u306e\u7d10\u3092\u3042\u3057\u3089\u3063\u305f\u30bd\u30d5\u30c8\u30ec\u30b6\u30fc\u88fd\u306e\u30dd\u30fc\u30c1\u3092\u4e2d\u5fc3\u306b\u3001\u5909\u5316\u3059\u308b\u30de\u30b9\u30af\u306e\u3088\u3046\u306b\u52d5\u304d\u307e\u3059\u3002\u3053\u306e\u53ef\u611b\u3089\u3057\u304f\u8efd\u3084\u304b\u306a\u30cf\u30f3\u30c9\u30d0\u30c3\u30b0\u306f\u3001\u30e6\u30cb\u30fc\u30af\u3067\u5fc3\u8e8d\u308b\u30b7\u30eb\u30a8\u30c3\u30c8\u3092\u6f14\u51fa\u3057\u307e\u3059\u3002<\/p>\n","protected":false},"excerpt":{"rendered":"<p>\u30ce\u30a6\u306f\u6c38\u7d9a\u7684\u304b\u3064\u72ec\u5275\u7684\u306a\u30c7\u30b6\u30a4\u30f3\u3092\u8ffd\u6c42\u3057\u305f\u30ad\u30cd\u30c6\u30a3\u30c3\u30af\u306a\u4f5c\u54c1\u3067\u3059\u3002\u30b7\u30f3\u30d7\u30eb\u306a\u30aa\u30d6\u30b8\u30a7\u30af\u30c8\u30c7\u30b6\u30a4\u30f3\u306b\u57fa\u3065\u3044\u305f\u3001\u5909\u5316\u3059\u308b\u30d3\u30b8\u30e5\u30a2\u30eb\u30b3\u30f3\u30bb\u30d7\u30c8\u3092\u4f53\u73fe\u3057\u307e\u3057\u305f\u3002\u5e73\u7f6e\u304d\u3057\u305f\u7d20\u6750\u3092\u30ab\u30c3\u30c8\u3057\u3066\u5c55\u958b\u3059\u308b\u3068\u3044\u3046\u8c61\u5fb4\u7684\u306a\u539f\u7406\u306f\u3001\u4ed6\u306e\u7d20\u6750\u3084\u4e16\u754c\u89b3\u306b\u3082\u5fdc\u7528\u53ef\u80fd\u3067\u304d\u307e\u3059\u3002\u7a76\u6975\u306e\u30b7\u30f3\u30d7\u30eb\u3055\u3092\u63a2\u6c42\u3057\u305f\u30df\u30cb\u30de\u30eb\u306a\u30cf\u30f3\u30c9\u30e1\u30a4\u30c9\u30d0\u30c3\u30b0\u3092\u901a\u3057\u3066\u3001\u30ce\u30a6\u306f\u5730\u7403\u3068\u8abf\u548c\u3057\u305f\u30b5\u30b9\u30c6\u30ca\u30d6\u30eb\u3067\u30ec\u30b9\u30dd\u30f3\u30b7\u30d6\u30eb\u306a\u88fd\u54c1\u3092\u63d0\u6848\u3057\u307e\u3059\u3002<\/p>\n","protected":false},"featured_media":39493,"template":"","meta":[],"product_cat":[656],"product_tag":[],"class_list":{"0":"post-39484","1":"product","2":"type-product","3":"status-publish","4":"has-post-thumbnail","6":"product_cat-656","7":"pa_porte-329","8":"pa_volume-sacs-souples-ja","9":"pa_volume-337","11":"first","12":"outofstock","13":"sold-individually","14":"taxable","15":"shipping-taxable","16":"purchasable","17":"product-type-simple"},"yoast_head":"<!-- This site is optimized with the Yoast SEO plugin v23.1 - https:\/\/yoast.com\/wordpress\/plugins\/seo\/ -->\n<title>\u30df\u30cb\u30a4\u30d6\u30cb\u30f3\u30b0\u30d0\u30c3\u30b0 \u30bb\u30bc\u30fc\u30eb \u30d1\u30ea \u9ad8\u7d1a\u76ae\u9769\u88fd\u54c1<\/title>\n<meta name=\"description\" content=\"\u30ce\u30a6\u306f\u6c38\u7d9a\u7684\u304b\u3064\u72ec\u5275\u7684\u306a\u30c7\u30b6\u30a4\u30f3\u3092\u8ffd\u6c42\u3057\u305f\u30ad\u30cd\u30c6\u30a3\u30c3\u30af\u306a\u4f5c\u54c1\u3067\u3059\u3002\u30b7\u30f3\u30d7\u30eb\u306a\u30aa\u30d6\u30b8\u30a7\u30af\u30c8\u30c7\u30b6\u30a4\u30f3\u306b\u57fa\u3065\u3044\u305f\u3001\u5909\u5316\u3059\u308b\u30d3\u30b8\u30e5\u30a2\u30eb\u30b3\u30f3\u30bb\u30d7\u30c8\u3092\u4f53\u73fe\u3057\u307e\u3057\u305f\u3002\" \/>\n<meta name=\"robots\" content=\"index, follow, max-snippet:-1, max-image-preview:large, max-video-preview:-1\" \/>\n<link rel=\"canonical\" href=\"https:\/\/www.stephaniecesaire.com\/ja\/boutique\/%e3%83%90%e3%83%83%e3%82%b0\/%e3%83%8e%e3%82%a6\/%e3%83%8e%e3%82%a6-%e3%83%bb%e3%82%b0%e3%83%ac%e3%82%a4%e3%83%b3%e3%83%89%e3%83%bb%e3%83%88%e3%83%aa%e3%83%a8%e3%83%b3%e3%83%bb%e3%82%a2%e3%83%8b%e3%82%b9%ef%bc%86%e3%83%ac%e3%83%83%e3%83%89-copie-3\/\" \/>\n<meta property=\"og:locale\" content=\"ja_JP\" \/>\n<meta property=\"og:type\" content=\"article\" \/>\n<meta property=\"og:title\" content=\"\u30df\u30cb\u30a4\u30d6\u30cb\u30f3\u30b0\u30d0\u30c3\u30b0 \u30bb\u30bc\u30fc\u30eb \u30d1\u30ea \u9ad8\u7d1a\u76ae\u9769\u88fd\u54c1\" \/>\n<meta property=\"og:description\" content=\"\u30ce\u30a6\u306f\u6c38\u7d9a\u7684\u304b\u3064\u72ec\u5275\u7684\u306a\u30c7\u30b6\u30a4\u30f3\u3092\u8ffd\u6c42\u3057\u305f\u30ad\u30cd\u30c6\u30a3\u30c3\u30af\u306a\u4f5c\u54c1\u3067\u3059\u3002\u30b7\u30f3\u30d7\u30eb\u306a\u30aa\u30d6\u30b8\u30a7\u30af\u30c8\u30c7\u30b6\u30a4\u30f3\u306b\u57fa\u3065\u3044\u305f\u3001\u5909\u5316\u3059\u308b\u30d3\u30b8\u30e5\u30a2\u30eb\u30b3\u30f3\u30bb\u30d7\u30c8\u3092\u4f53\u73fe\u3057\u307e\u3057\u305f\u3002\" \/>\n<meta property=\"og:url\" content=\"https:\/\/www.stephaniecesaire.com\/ja\/boutique\/%e3%83%90%e3%83%83%e3%82%b0\/%e3%83%8e%e3%82%a6\/%e3%83%8e%e3%82%a6-%e3%83%bb%e3%82%b0%e3%83%ac%e3%82%a4%e3%83%b3%e3%83%89%e3%83%bb%e3%83%88%e3%83%aa%e3%83%a8%e3%83%b3%e3%83%bb%e3%82%a2%e3%83%8b%e3%82%b9%ef%bc%86%e3%83%ac%e3%83%83%e3%83%89-copie-3\/\" \/>\n<meta property=\"og:site_name\" content=\"C\u00e9saire\" \/>\n<meta property=\"article:publisher\" content=\"https:\/\/www.facebook.com\/cesaireparis\/\" \/>\n<meta property=\"article:modified_time\" content=\"2025-09-02T15:42:15+00:00\" \/>\n<meta property=\"og:image\" content=\"https:\/\/www.stephaniecesaire.com\/wp-content\/uploads\/2025\/09\/NoRAGAsphalteVanilleFace.jpg\" \/>\n\t<meta property=\"og:image:width\" content=\"630\" \/>\n\t<meta property=\"og:image:height\" content=\"945\" \/>\n\t<meta property=\"og:image:type\" content=\"image\/jpeg\" \/>\n<meta name=\"twitter:card\" content=\"summary_large_image\" \/>\n<script type=\"application\/ld+json\" class=\"yoast-schema-graph\">{\"@context\":\"https:\/\/schema.org\",\"@graph\":[{\"@type\":\"WebPage\",\"@id\":\"https:\/\/www.stephaniecesaire.com\/ja\/boutique\/%e3%83%90%e3%83%83%e3%82%b0\/%e3%83%8e%e3%82%a6\/%e3%83%8e%e3%82%a6-%e3%83%bb%e3%82%b0%e3%83%ac%e3%82%a4%e3%83%b3%e3%83%89%e3%83%bb%e3%83%88%e3%83%aa%e3%83%a8%e3%83%b3%e3%83%bb%e3%82%a2%e3%83%8b%e3%82%b9%ef%bc%86%e3%83%ac%e3%83%83%e3%83%89-copie-3\/\",\"url\":\"https:\/\/www.stephaniecesaire.com\/ja\/boutique\/%e3%83%90%e3%83%83%e3%82%b0\/%e3%83%8e%e3%82%a6\/%e3%83%8e%e3%82%a6-%e3%83%bb%e3%82%b0%e3%83%ac%e3%82%a4%e3%83%b3%e3%83%89%e3%83%bb%e3%83%88%e3%83%aa%e3%83%a8%e3%83%b3%e3%83%bb%e3%82%a2%e3%83%8b%e3%82%b9%ef%bc%86%e3%83%ac%e3%83%83%e3%83%89-copie-3\/\",\"name\":\"\u30df\u30cb\u30a4\u30d6\u30cb\u30f3\u30b0\u30d0\u30c3\u30b0 \u30bb\u30bc\u30fc\u30eb \u30d1\u30ea \u9ad8\u7d1a\u76ae\u9769\u88fd\u54c1\",\"isPartOf\":{\"@id\":\"https:\/\/www.stephaniecesaire.com\/ja\/#website\"},\"primaryImageOfPage\":{\"@id\":\"https:\/\/www.stephaniecesaire.com\/ja\/boutique\/%e3%83%90%e3%83%83%e3%82%b0\/%e3%83%8e%e3%82%a6\/%e3%83%8e%e3%82%a6-%e3%83%bb%e3%82%b0%e3%83%ac%e3%82%a4%e3%83%b3%e3%83%89%e3%83%bb%e3%83%88%e3%83%aa%e3%83%a8%e3%83%b3%e3%83%bb%e3%82%a2%e3%83%8b%e3%82%b9%ef%bc%86%e3%83%ac%e3%83%83%e3%83%89-copie-3\/#primaryimage\"},\"image\":{\"@id\":\"https:\/\/www.stephaniecesaire.com\/ja\/boutique\/%e3%83%90%e3%83%83%e3%82%b0\/%e3%83%8e%e3%82%a6\/%e3%83%8e%e3%82%a6-%e3%83%bb%e3%82%b0%e3%83%ac%e3%82%a4%e3%83%b3%e3%83%89%e3%83%bb%e3%83%88%e3%83%aa%e3%83%a8%e3%83%b3%e3%83%bb%e3%82%a2%e3%83%8b%e3%82%b9%ef%bc%86%e3%83%ac%e3%83%83%e3%83%89-copie-3\/#primaryimage\"},\"thumbnailUrl\":\"https:\/\/www.stephaniecesaire.com\/wp-content\/uploads\/2025\/09\/NoRAGAsphalteVanilleFace.jpg\",\"datePublished\":\"2025-09-02T15:36:32+00:00\",\"dateModified\":\"2025-09-02T15:42:15+00:00\",\"description\":\"\u30ce\u30a6\u306f\u6c38\u7d9a\u7684\u304b\u3064\u72ec\u5275\u7684\u306a\u30c7\u30b6\u30a4\u30f3\u3092\u8ffd\u6c42\u3057\u305f\u30ad\u30cd\u30c6\u30a3\u30c3\u30af\u306a\u4f5c\u54c1\u3067\u3059\u3002\u30b7\u30f3\u30d7\u30eb\u306a\u30aa\u30d6\u30b8\u30a7\u30af\u30c8\u30c7\u30b6\u30a4\u30f3\u306b\u57fa\u3065\u3044\u305f\u3001\u5909\u5316\u3059\u308b\u30d3\u30b8\u30e5\u30a2\u30eb\u30b3\u30f3\u30bb\u30d7\u30c8\u3092\u4f53\u73fe\u3057\u307e\u3057\u305f\u3002\",\"breadcrumb\":{\"@id\":\"https:\/\/www.stephaniecesaire.com\/ja\/boutique\/%e3%83%90%e3%83%83%e3%82%b0\/%e3%83%8e%e3%82%a6\/%e3%83%8e%e3%82%a6-%e3%83%bb%e3%82%b0%e3%83%ac%e3%82%a4%e3%83%b3%e3%83%89%e3%83%bb%e3%83%88%e3%83%aa%e3%83%a8%e3%83%b3%e3%83%bb%e3%82%a2%e3%83%8b%e3%82%b9%ef%bc%86%e3%83%ac%e3%83%83%e3%83%89-copie-3\/#breadcrumb\"},\"inLanguage\":\"ja\",\"potentialAction\":[{\"@type\":\"ReadAction\",\"target\":[\"https:\/\/www.stephaniecesaire.com\/ja\/boutique\/%e3%83%90%e3%83%83%e3%82%b0\/%e3%83%8e%e3%82%a6\/%e3%83%8e%e3%82%a6-%e3%83%bb%e3%82%b0%e3%83%ac%e3%82%a4%e3%83%b3%e3%83%89%e3%83%bb%e3%83%88%e3%83%aa%e3%83%a8%e3%83%b3%e3%83%bb%e3%82%a2%e3%83%8b%e3%82%b9%ef%bc%86%e3%83%ac%e3%83%83%e3%83%89-copie-3\/\"]}]},{\"@type\":\"ImageObject\",\"inLanguage\":\"ja\",\"@id\":\"https:\/\/www.stephaniecesaire.com\/ja\/boutique\/%e3%83%90%e3%83%83%e3%82%b0\/%e3%83%8e%e3%82%a6\/%e3%83%8e%e3%82%a6-%e3%83%bb%e3%82%b0%e3%83%ac%e3%82%a4%e3%83%b3%e3%83%89%e3%83%bb%e3%83%88%e3%83%aa%e3%83%a8%e3%83%b3%e3%83%bb%e3%82%a2%e3%83%8b%e3%82%b9%ef%bc%86%e3%83%ac%e3%83%83%e3%83%89-copie-3\/#primaryimage\",\"url\":\"https:\/\/www.stephaniecesaire.com\/wp-content\/uploads\/2025\/09\/NoRAGAsphalteVanilleFace.jpg\",\"contentUrl\":\"https:\/\/www.stephaniecesaire.com\/wp-content\/uploads\/2025\/09\/NoRAGAsphalteVanilleFace.jpg\",\"width\":630,\"height\":945,\"caption\":\"\u30df\u30cb \u30ce \u30d0\u30c3\u30b0 - \u30bb\u30bc\u30fc\u30eb \u30d1\u30ea - \u30d5\u30e9\u30f3\u30b9\u306e\u30ec\u30b6\u30fc\u30d0\u30c3\u30b0 \u30c7\u30b6\u30a4\u30ca\u30fc\"},{\"@type\":\"BreadcrumbList\",\"@id\":\"https:\/\/www.stephaniecesaire.com\/ja\/boutique\/%e3%83%90%e3%83%83%e3%82%b0\/%e3%83%8e%e3%82%a6\/%e3%83%8e%e3%82%a6-%e3%83%bb%e3%82%b0%e3%83%ac%e3%82%a4%e3%83%b3%e3%83%89%e3%83%bb%e3%83%88%e3%83%aa%e3%83%a8%e3%83%b3%e3%83%bb%e3%82%a2%e3%83%8b%e3%82%b9%ef%bc%86%e3%83%ac%e3%83%83%e3%83%89-copie-3\/#breadcrumb\",\"itemListElement\":[{\"@type\":\"ListItem\",\"position\":1,\"name\":\"Accueil\",\"item\":\"https:\/\/www.stephaniecesaire.com\/ja\/\"},{\"@type\":\"ListItem\",\"position\":2,\"name\":\"\u30b7\u30e7\u30c3\u30d7\",\"item\":\"https:\/\/www.stephaniecesaire.com\/ja\/%e3%82%b7%e3%83%a7%e3%83%83%e3%83%97\/\"},{\"@type\":\"ListItem\",\"position\":3,\"name\":\"\u30ce\u30a6 \u30fb\u30b0\u30ec\u30a4\u30f3\u30c9\u30fb\u30c8\u30ea\u30e8\u30f3\u30fb\u30a2\u30b9\u30d5\u30a1\u30eb\u30c8\uff06\u30d0\u30cb\u30e9\"}]},{\"@type\":\"WebSite\",\"@id\":\"https:\/\/www.stephaniecesaire.com\/ja\/#website\",\"url\":\"https:\/\/www.stephaniecesaire.com\/ja\/\",\"name\":\"St\u00e9phanie C\u00e9saire\",\"description\":\"Sac cr\u00e9ateur made in France - Maroquinerie de luxe\",\"publisher\":{\"@id\":\"https:\/\/www.stephaniecesaire.com\/ja\/#organization\"},\"potentialAction\":[{\"@type\":\"SearchAction\",\"target\":{\"@type\":\"EntryPoint\",\"urlTemplate\":\"https:\/\/www.stephaniecesaire.com\/ja\/?s={search_term_string}\"},\"query-input\":\"required name=search_term_string\"}],\"inLanguage\":\"ja\"},{\"@type\":\"Organization\",\"@id\":\"https:\/\/www.stephaniecesaire.com\/ja\/#organization\",\"name\":\"St\u00e9phanie C\u00e9saire\",\"url\":\"https:\/\/www.stephaniecesaire.com\/ja\/\",\"logo\":{\"@type\":\"ImageObject\",\"inLanguage\":\"ja\",\"@id\":\"https:\/\/www.stephaniecesaire.com\/ja\/#\/schema\/logo\/image\/\",\"url\":\"https:\/\/www.stephaniecesaire.com\/wp-content\/uploads\/2023\/10\/favicon.png\",\"contentUrl\":\"https:\/\/www.stephaniecesaire.com\/wp-content\/uploads\/2023\/10\/favicon.png\",\"width\":512,\"height\":512,\"caption\":\"St\u00e9phanie C\u00e9saire\"},\"image\":{\"@id\":\"https:\/\/www.stephaniecesaire.com\/ja\/#\/schema\/logo\/image\/\"},\"sameAs\":[\"https:\/\/www.facebook.com\/cesaireparis\/\",\"https:\/\/www.pinterest.fr\/cesaireparis\/\",\"https:\/\/www.instagram.com\/cesaireparis.official\/\"]}]}<\/script>\n<!-- \/ Yoast SEO plugin. -->","yoast_head_json":{"title":"\u30df\u30cb\u30a4\u30d6\u30cb\u30f3\u30b0\u30d0\u30c3\u30b0 \u30bb\u30bc\u30fc\u30eb \u30d1\u30ea \u9ad8\u7d1a\u76ae\u9769\u88fd\u54c1","description":"\u30ce\u30a6\u306f\u6c38\u7d9a\u7684\u304b\u3064\u72ec\u5275\u7684\u306a\u30c7\u30b6\u30a4\u30f3\u3092\u8ffd\u6c42\u3057\u305f\u30ad\u30cd\u30c6\u30a3\u30c3\u30af\u306a\u4f5c\u54c1\u3067\u3059\u3002\u30b7\u30f3\u30d7\u30eb\u306a\u30aa\u30d6\u30b8\u30a7\u30af\u30c8\u30c7\u30b6\u30a4\u30f3\u306b\u57fa\u3065\u3044\u305f\u3001\u5909\u5316\u3059\u308b\u30d3\u30b8\u30e5\u30a2\u30eb\u30b3\u30f3\u30bb\u30d7\u30c8\u3092\u4f53\u73fe\u3057\u307e\u3057\u305f\u3002","robots":{"index":"index","follow":"follow","max-snippet":"max-snippet:-1","max-image-preview":"max-image-preview:large","max-video-preview":"max-video-preview:-1"},"canonical":"https:\/\/www.stephaniecesaire.com\/ja\/boutique\/%e3%83%90%e3%83%83%e3%82%b0\/%e3%83%8e%e3%82%a6\/%e3%83%8e%e3%82%a6-%e3%83%bb%e3%82%b0%e3%83%ac%e3%82%a4%e3%83%b3%e3%83%89%e3%83%bb%e3%83%88%e3%83%aa%e3%83%a8%e3%83%b3%e3%83%bb%e3%82%a2%e3%83%8b%e3%82%b9%ef%bc%86%e3%83%ac%e3%83%83%e3%83%89-copie-3\/","og_locale":"ja_JP","og_type":"article","og_title":"\u30df\u30cb\u30a4\u30d6\u30cb\u30f3\u30b0\u30d0\u30c3\u30b0 \u30bb\u30bc\u30fc\u30eb \u30d1\u30ea \u9ad8\u7d1a\u76ae\u9769\u88fd\u54c1","og_description":"\u30ce\u30a6\u306f\u6c38\u7d9a\u7684\u304b\u3064\u72ec\u5275\u7684\u306a\u30c7\u30b6\u30a4\u30f3\u3092\u8ffd\u6c42\u3057\u305f\u30ad\u30cd\u30c6\u30a3\u30c3\u30af\u306a\u4f5c\u54c1\u3067\u3059\u3002\u30b7\u30f3\u30d7\u30eb\u306a\u30aa\u30d6\u30b8\u30a7\u30af\u30c8\u30c7\u30b6\u30a4\u30f3\u306b\u57fa\u3065\u3044\u305f\u3001\u5909\u5316\u3059\u308b\u30d3\u30b8\u30e5\u30a2\u30eb\u30b3\u30f3\u30bb\u30d7\u30c8\u3092\u4f53\u73fe\u3057\u307e\u3057\u305f\u3002","og_url":"https:\/\/www.stephaniecesaire.com\/ja\/boutique\/%e3%83%90%e3%83%83%e3%82%b0\/%e3%83%8e%e3%82%a6\/%e3%83%8e%e3%82%a6-%e3%83%bb%e3%82%b0%e3%83%ac%e3%82%a4%e3%83%b3%e3%83%89%e3%83%bb%e3%83%88%e3%83%aa%e3%83%a8%e3%83%b3%e3%83%bb%e3%82%a2%e3%83%8b%e3%82%b9%ef%bc%86%e3%83%ac%e3%83%83%e3%83%89-copie-3\/","og_site_name":"C\u00e9saire","article_publisher":"https:\/\/www.facebook.com\/cesaireparis\/","article_modified_time":"2025-09-02T15:42:15+00:00","og_image":[{"width":630,"height":945,"url":"https:\/\/www.stephaniecesaire.com\/wp-content\/uploads\/2025\/09\/NoRAGAsphalteVanilleFace.jpg","type":"image\/jpeg"}],"twitter_card":"summary_large_image","schema":{"@context":"https:\/\/schema.org","@graph":[{"@type":"WebPage","@id":"https:\/\/www.stephaniecesaire.com\/ja\/boutique\/%e3%83%90%e3%83%83%e3%82%b0\/%e3%83%8e%e3%82%a6\/%e3%83%8e%e3%82%a6-%e3%83%bb%e3%82%b0%e3%83%ac%e3%82%a4%e3%83%b3%e3%83%89%e3%83%bb%e3%83%88%e3%83%aa%e3%83%a8%e3%83%b3%e3%83%bb%e3%82%a2%e3%83%8b%e3%82%b9%ef%bc%86%e3%83%ac%e3%83%83%e3%83%89-copie-3\/","url":"https:\/\/www.stephaniecesaire.com\/ja\/boutique\/%e3%83%90%e3%83%83%e3%82%b0\/%e3%83%8e%e3%82%a6\/%e3%83%8e%e3%82%a6-%e3%83%bb%e3%82%b0%e3%83%ac%e3%82%a4%e3%83%b3%e3%83%89%e3%83%bb%e3%83%88%e3%83%aa%e3%83%a8%e3%83%b3%e3%83%bb%e3%82%a2%e3%83%8b%e3%82%b9%ef%bc%86%e3%83%ac%e3%83%83%e3%83%89-copie-3\/","name":"\u30df\u30cb\u30a4\u30d6\u30cb\u30f3\u30b0\u30d0\u30c3\u30b0 \u30bb\u30bc\u30fc\u30eb \u30d1\u30ea \u9ad8\u7d1a\u76ae\u9769\u88fd\u54c1","isPartOf":{"@id":"https:\/\/www.stephaniecesaire.com\/ja\/#website"},"primaryImageOfPage":{"@id":"https:\/\/www.stephaniecesaire.com\/ja\/boutique\/%e3%83%90%e3%83%83%e3%82%b0\/%e3%83%8e%e3%82%a6\/%e3%83%8e%e3%82%a6-%e3%83%bb%e3%82%b0%e3%83%ac%e3%82%a4%e3%83%b3%e3%83%89%e3%83%bb%e3%83%88%e3%83%aa%e3%83%a8%e3%83%b3%e3%83%bb%e3%82%a2%e3%83%8b%e3%82%b9%ef%bc%86%e3%83%ac%e3%83%83%e3%83%89-copie-3\/#primaryimage"},"image":{"@id":"https:\/\/www.stephaniecesaire.com\/ja\/boutique\/%e3%83%90%e3%83%83%e3%82%b0\/%e3%83%8e%e3%82%a6\/%e3%83%8e%e3%82%a6-%e3%83%bb%e3%82%b0%e3%83%ac%e3%82%a4%e3%83%b3%e3%83%89%e3%83%bb%e3%83%88%e3%83%aa%e3%83%a8%e3%83%b3%e3%83%bb%e3%82%a2%e3%83%8b%e3%82%b9%ef%bc%86%e3%83%ac%e3%83%83%e3%83%89-copie-3\/#primaryimage"},"thumbnailUrl":"https:\/\/www.stephaniecesaire.com\/wp-content\/uploads\/2025\/09\/NoRAGAsphalteVanilleFace.jpg","datePublished":"2025-09-02T15:36:32+00:00","dateModified":"2025-09-02T15:42:15+00:00","description":"\u30ce\u30a6\u306f\u6c38\u7d9a\u7684\u304b\u3064\u72ec\u5275\u7684\u306a\u30c7\u30b6\u30a4\u30f3\u3092\u8ffd\u6c42\u3057\u305f\u30ad\u30cd\u30c6\u30a3\u30c3\u30af\u306a\u4f5c\u54c1\u3067\u3059\u3002\u30b7\u30f3\u30d7\u30eb\u306a\u30aa\u30d6\u30b8\u30a7\u30af\u30c8\u30c7\u30b6\u30a4\u30f3\u306b\u57fa\u3065\u3044\u305f\u3001\u5909\u5316\u3059\u308b\u30d3\u30b8\u30e5\u30a2\u30eb\u30b3\u30f3\u30bb\u30d7\u30c8\u3092\u4f53\u73fe\u3057\u307e\u3057\u305f\u3002","breadcrumb":{"@id":"https:\/\/www.stephaniecesaire.com\/ja\/boutique\/%e3%83%90%e3%83%83%e3%82%b0\/%e3%83%8e%e3%82%a6\/%e3%83%8e%e3%82%a6-%e3%83%bb%e3%82%b0%e3%83%ac%e3%82%a4%e3%83%b3%e3%83%89%e3%83%bb%e3%83%88%e3%83%aa%e3%83%a8%e3%83%b3%e3%83%bb%e3%82%a2%e3%83%8b%e3%82%b9%ef%bc%86%e3%83%ac%e3%83%83%e3%83%89-copie-3\/#breadcrumb"},"inLanguage":"ja","potentialAction":[{"@type":"ReadAction","target":["https:\/\/www.stephaniecesaire.com\/ja\/boutique\/%e3%83%90%e3%83%83%e3%82%b0\/%e3%83%8e%e3%82%a6\/%e3%83%8e%e3%82%a6-%e3%83%bb%e3%82%b0%e3%83%ac%e3%82%a4%e3%83%b3%e3%83%89%e3%83%bb%e3%83%88%e3%83%aa%e3%83%a8%e3%83%b3%e3%83%bb%e3%82%a2%e3%83%8b%e3%82%b9%ef%bc%86%e3%83%ac%e3%83%83%e3%83%89-copie-3\/"]}]},{"@type":"ImageObject","inLanguage":"ja","@id":"https:\/\/www.stephaniecesaire.com\/ja\/boutique\/%e3%83%90%e3%83%83%e3%82%b0\/%e3%83%8e%e3%82%a6\/%e3%83%8e%e3%82%a6-%e3%83%bb%e3%82%b0%e3%83%ac%e3%82%a4%e3%83%b3%e3%83%89%e3%83%bb%e3%83%88%e3%83%aa%e3%83%a8%e3%83%b3%e3%83%bb%e3%82%a2%e3%83%8b%e3%82%b9%ef%bc%86%e3%83%ac%e3%83%83%e3%83%89-copie-3\/#primaryimage","url":"https:\/\/www.stephaniecesaire.com\/wp-content\/uploads\/2025\/09\/NoRAGAsphalteVanilleFace.jpg","contentUrl":"https:\/\/www.stephaniecesaire.com\/wp-content\/uploads\/2025\/09\/NoRAGAsphalteVanilleFace.jpg","width":630,"height":945,"caption":"\u30df\u30cb \u30ce \u30d0\u30c3\u30b0 - \u30bb\u30bc\u30fc\u30eb \u30d1\u30ea - \u30d5\u30e9\u30f3\u30b9\u306e\u30ec\u30b6\u30fc\u30d0\u30c3\u30b0 \u30c7\u30b6\u30a4\u30ca\u30fc"},{"@type":"BreadcrumbList","@id":"https:\/\/www.stephaniecesaire.com\/ja\/boutique\/%e3%83%90%e3%83%83%e3%82%b0\/%e3%83%8e%e3%82%a6\/%e3%83%8e%e3%82%a6-%e3%83%bb%e3%82%b0%e3%83%ac%e3%82%a4%e3%83%b3%e3%83%89%e3%83%bb%e3%83%88%e3%83%aa%e3%83%a8%e3%83%b3%e3%83%bb%e3%82%a2%e3%83%8b%e3%82%b9%ef%bc%86%e3%83%ac%e3%83%83%e3%83%89-copie-3\/#breadcrumb","itemListElement":[{"@type":"ListItem","position":1,"name":"Accueil","item":"https:\/\/www.stephaniecesaire.com\/ja\/"},{"@type":"ListItem","position":2,"name":"\u30b7\u30e7\u30c3\u30d7","item":"https:\/\/www.stephaniecesaire.com\/ja\/%e3%82%b7%e3%83%a7%e3%83%83%e3%83%97\/"},{"@type":"ListItem","position":3,"name":"\u30ce\u30a6 \u30fb\u30b0\u30ec\u30a4\u30f3\u30c9\u30fb\u30c8\u30ea\u30e8\u30f3\u30fb\u30a2\u30b9\u30d5\u30a1\u30eb\u30c8\uff06\u30d0\u30cb\u30e9"}]},{"@type":"WebSite","@id":"https:\/\/www.stephaniecesaire.com\/ja\/#website","url":"https:\/\/www.stephaniecesaire.com\/ja\/","name":"St\u00e9phanie C\u00e9saire","description":"Sac cr\u00e9ateur made in France - Maroquinerie de luxe","publisher":{"@id":"https:\/\/www.stephaniecesaire.com\/ja\/#organization"},"potentialAction":[{"@type":"SearchAction","target":{"@type":"EntryPoint","urlTemplate":"https:\/\/www.stephaniecesaire.com\/ja\/?s={search_term_string}"},"query-input":"required name=search_term_string"}],"inLanguage":"ja"},{"@type":"Organization","@id":"https:\/\/www.stephaniecesaire.com\/ja\/#organization","name":"St\u00e9phanie C\u00e9saire","url":"https:\/\/www.stephaniecesaire.com\/ja\/","logo":{"@type":"ImageObject","inLanguage":"ja","@id":"https:\/\/www.stephaniecesaire.com\/ja\/#\/schema\/logo\/image\/","url":"https:\/\/www.stephaniecesaire.com\/wp-content\/uploads\/2023\/10\/favicon.png","contentUrl":"https:\/\/www.stephaniecesaire.com\/wp-content\/uploads\/2023\/10\/favicon.png","width":512,"height":512,"caption":"St\u00e9phanie C\u00e9saire"},"image":{"@id":"https:\/\/www.stephaniecesaire.com\/ja\/#\/schema\/logo\/image\/"},"sameAs":["https:\/\/www.facebook.com\/cesaireparis\/","https:\/\/www.pinterest.fr\/cesaireparis\/","https:\/\/www.instagram.com\/cesaireparis.official\/"]}]}},"_links":{"self":[{"href":"https:\/\/www.stephaniecesaire.com\/ja\/wp-json\/wp\/v2\/product\/39484","targetHints":{"allow":["GET"]}}],"collection":[{"href":"https:\/\/www.stephaniecesaire.com\/ja\/wp-json\/wp\/v2\/product"}],"about":[{"href":"https:\/\/www.stephaniecesaire.com\/ja\/wp-json\/wp\/v2\/types\/product"}],"wp:featuredmedia":[{"embeddable":true,"href":"https:\/\/www.stephaniecesaire.com\/ja\/wp-json\/wp\/v2\/media\/39493"}],"wp:attachment":[{"href":"https:\/\/www.stephaniecesaire.com\/ja\/wp-json\/wp\/v2\/media?parent=39484"}],"wp:term":[{"taxonomy":"product_cat","embeddable":true,"href":"https:\/\/www.stephaniecesaire.com\/ja\/wp-json\/wp\/v2\/product_cat?post=39484"},{"taxonomy":"product_tag","embeddable":true,"href":"https:\/\/www.stephaniecesaire.com\/ja\/wp-json\/wp\/v2\/product_tag?post=39484"}],"curies":[{"name":"wp","href":"https:\/\/api.w.org\/{rel}","templated":true}]}}