{"id":39884,"date":"2025-12-03T16:46:32","date_gmt":"2025-12-03T15:46:32","guid":{"rendered":"https:\/\/www.stephaniecesaire.com\/?post_type=product&#038;p=39884"},"modified":"2025-12-03T17:04:08","modified_gmt":"2025-12-03T16:04:08","slug":"%e3%82%a8%e3%83%9e%e3%83%bb%e3%83%9e%e3%83%83%e3%83%88%e3%82%ab%e3%83%bc%e3%83%95%e3%83%ac%e3%82%b6%e3%83%bc%e3%83%bb%e3%83%8f%e3%83%90%e3%83%8a-copie","status":"publish","type":"product","link":"https:\/\/www.stephaniecesaire.com\/ja\/boutique\/%e3%83%90%e3%83%83%e3%82%b0\/%e3%82%a8%e3%83%9e\/%e3%82%a8%e3%83%9e%e3%83%bb%e3%83%9e%e3%83%83%e3%83%88%e3%82%ab%e3%83%bc%e3%83%95%e3%83%ac%e3%82%b6%e3%83%bc%e3%83%bb%e3%83%8f%e3%83%90%e3%83%8a-copie\/","title":{"rendered":"\u30a8\u30de\u30fb\u30de\u30c3\u30c8\u30ab\u30fc\u30d5\u30ec\u30b6\u30fc\u30fb\u30d0\u30fc\u30ac\u30f3\u30c7\u30a3\u8272"},"content":{"rendered":"<p>\u9769\u88fd\u306e\u30b7\u30e7\u30eb\u30c0\u30fc\u30b9\u30c8\u30e9\u30c3\u30d7\u306f\u91d1\u5c5e\u88fd\u306e\u30ea\u30f3\u30b0\u3067\u9577\u3055\u3092\u8abf\u7bc0\u3067\u304d\u3001\u304a\u597d\u304d\u306a\u9577\u3055\u3067\u659c\u3081\u639b\u3051\u3057\u305f\u308a\u3001\u30b5\u30e9\u3063\u3068\u80a9\u306b\u639b\u3051\u308b\u3060\u3051\u3067\u30aa\u30b7\u30e3\u30ec\u306b\u6c7a\u307e\u308a\u307e\u3059\u3002\u30d0\u30c3\u30b0\u672c\u4f53\u3092\u5305\u307f\u8fbc\u3080\u3088\u3046\u306a\u30d5\u30e9\u30c3\u30d7\u306f\u895f\u30dc\u30bf\u30f3\u3067\u958b\u9589\u53ef\u80fd\u3002\u30b3\u30c3\u30c8\u30f3\u30b5\u30fc\u30b8\u306e\u88cf\u5730\u4ed8\u304d\u306e\u5185\u90e8\u306b\u306f\u3001\u30ec\u30b6\u30fc\u306e\u30d5\u30e9\u30c3\u30c8\u30dd\u30b1\u30c3\u30c8\u3082\u4ed8\u5c5e\u3002\u30d5\u30e9\u30f3\u30b9\u88fd\u3002<\/p>\n","protected":false},"excerpt":{"rendered":"<p>\u30a8\u30de\u306f\u30f4\u30a3\u30f3\u30c6\u30fc\u30b8\u30ab\u30fc\u306e\u30dc\u30c7\u30a3\u3092\u30a4\u30e1\u30fc\u30b8\u3057\u305f\u90fd\u4f1a\u7684\u306a\u30b5\u30b3\u30c3\u30b7\u30e5\u3002\u30d0\u30c3\u30b0\u672c\u4f53\u3092\u5305\u307f\u8fbc\u3080\u3088\u3046\u306a\u30d5\u30e9\u30c3\u30d7\u3092\u5e45\u5e83\u30ec\u30b6\u30fc\u30d9\u30ed\u3092\u30dc\u30bf\u30f3\u3067\u7559\u3081\u308b\u30c7\u30b6\u30a4\u30f3\u304c\u3001\u5c0f\u3055\u306a\u30b9\u30dd\u30fc\u30c4\u30ab\u30fc\u306e\u3088\u3046\u306a\u6d41\u7dda\u578b\u3092\u6f14\u51fa\u3057\u307e\u3059\u3002\u30b5\u30c9\u30eb\u30b9\u30c6\u30c3\u30c1\u306b2\u3064\u306e\u30ea\u30f3\u30b0\u3092\u3042\u3057\u3089\u3063\u305f\u30b7\u30f3\u30d7\u30eb\u306a\u88c5\u98fe\u306f\u3001\u30aa\u30fc\u30bb\u30f3\u30c6\u30a3\u30c3\u30af\u00d7\u30df\u30cb\u30de\u30eb\u306a\u9b45\u529b\u3092\u9ad8\u3081\u3066\u304f\u308c\u307e\u3059\u3002<\/p>\n","protected":false},"featured_media":39911,"template":"","meta":[],"product_cat":[637],"product_tag":[673],"class_list":{"0":"post-39884","1":"product","2":"type-product","3":"status-publish","4":"has-post-thumbnail","6":"product_cat-637","7":"product_tag-673","8":"pa_porte-331","9":"pa_porte-333","11":"first","12":"instock","13":"sold-individually","14":"taxable","15":"shipping-taxable","16":"purchasable","17":"product-type-simple"},"yoast_head":"<!-- This site is optimized with the Yoast SEO plugin v23.1 - https:\/\/yoast.com\/wordpress\/plugins\/seo\/ -->\n<title>\u30f4\u30a3\u30f3\u30c6\u30fc\u30b8\u30c7\u30b6\u30a4\u30ca\u30fc\u306e\u30af\u30ed\u30b9\u30dc\u30c7\u30a3\u30d0\u30c3\u30b0 - \u30bb\u30bc\u30fc\u30eb \u30d1\u30ea - \u30d5\u30e9\u30f3\u30b9\u88fd<\/title>\n<meta name=\"description\" content=\"strap, give this structured mini racer an aerodynamic look. \u30a8\u30de\u306f\u3001\u30f4\u30a3\u30f3\u30c6\u30fc\u30b8\u611f\u6f02\u3046\u5c0f\u3055\u306a\u90fd\u5e02\u7528\u30b7\u30e7\u30eb\u30c0\u30fc\u30d0\u30c3\u30b0\u3067\u3001\u80a9\u639b\u3051\u307e\u305f\u306f\u30af\u30ed\u30b9\u30dc\u30c7\u30a3\u3068\u3057\u3066\u4f7f\u7528\u3067\u304d\u307e\u3059\u3002\u5305\u307f\u8fbc\u3080\u3088\u3046\u306a\u30d5\u30e9\u30c3\u30d7\u3068\u3001\u5e45\u5e83\u306e\u30dc\u30bf\u30f3\u4ed8\u304d\u30ec\u30b6\u30fc\u30b9\u30c8\u30e9\u30c3\u30d7\u304c\u3001\u3053\u306e\u30df\u30cb\u30fb\u30dc\u30ea\u30fc\u30c9\u306b\u30a8\u30a2\u30ed\u30c0\u30a4\u30ca\u30df\u30c3\u30af\u306a\u5370\u8c61\u3092\u4e0e\u3048\u3066\u3044\u307e\u3059\u3002\" \/>\n<meta name=\"robots\" content=\"index, follow, max-snippet:-1, max-image-preview:large, max-video-preview:-1\" \/>\n<link rel=\"canonical\" href=\"https:\/\/www.stephaniecesaire.com\/ja\/boutique\/%e3%83%90%e3%83%83%e3%82%b0\/%e3%82%a8%e3%83%9e\/%e3%82%a8%e3%83%9e%e3%83%bb%e3%83%9e%e3%83%83%e3%83%88%e3%82%ab%e3%83%bc%e3%83%95%e3%83%ac%e3%82%b6%e3%83%bc%e3%83%bb%e3%83%8f%e3%83%90%e3%83%8a-copie\/\" \/>\n<meta property=\"og:locale\" content=\"ja_JP\" \/>\n<meta property=\"og:type\" content=\"article\" \/>\n<meta property=\"og:title\" content=\"\u30f4\u30a3\u30f3\u30c6\u30fc\u30b8\u30c7\u30b6\u30a4\u30ca\u30fc\u306e\u30af\u30ed\u30b9\u30dc\u30c7\u30a3\u30d0\u30c3\u30b0 - \u30bb\u30bc\u30fc\u30eb \u30d1\u30ea - \u30d5\u30e9\u30f3\u30b9\u88fd\" \/>\n<meta property=\"og:description\" content=\"strap, give this structured mini racer an aerodynamic look. \u30a8\u30de\u306f\u3001\u30f4\u30a3\u30f3\u30c6\u30fc\u30b8\u611f\u6f02\u3046\u5c0f\u3055\u306a\u90fd\u5e02\u7528\u30b7\u30e7\u30eb\u30c0\u30fc\u30d0\u30c3\u30b0\u3067\u3001\u80a9\u639b\u3051\u307e\u305f\u306f\u30af\u30ed\u30b9\u30dc\u30c7\u30a3\u3068\u3057\u3066\u4f7f\u7528\u3067\u304d\u307e\u3059\u3002\u5305\u307f\u8fbc\u3080\u3088\u3046\u306a\u30d5\u30e9\u30c3\u30d7\u3068\u3001\u5e45\u5e83\u306e\u30dc\u30bf\u30f3\u4ed8\u304d\u30ec\u30b6\u30fc\u30b9\u30c8\u30e9\u30c3\u30d7\u304c\u3001\u3053\u306e\u30df\u30cb\u30fb\u30dc\u30ea\u30fc\u30c9\u306b\u30a8\u30a2\u30ed\u30c0\u30a4\u30ca\u30df\u30c3\u30af\u306a\u5370\u8c61\u3092\u4e0e\u3048\u3066\u3044\u307e\u3059\u3002\" \/>\n<meta property=\"og:url\" content=\"https:\/\/www.stephaniecesaire.com\/ja\/boutique\/%e3%83%90%e3%83%83%e3%82%b0\/%e3%82%a8%e3%83%9e\/%e3%82%a8%e3%83%9e%e3%83%bb%e3%83%9e%e3%83%83%e3%83%88%e3%82%ab%e3%83%bc%e3%83%95%e3%83%ac%e3%82%b6%e3%83%bc%e3%83%bb%e3%83%8f%e3%83%90%e3%83%8a-copie\/\" \/>\n<meta property=\"og:site_name\" content=\"C\u00e9saire\" \/>\n<meta property=\"article:publisher\" content=\"https:\/\/www.facebook.com\/cesaireparis\/\" \/>\n<meta property=\"article:modified_time\" content=\"2025-12-03T16:04:08+00:00\" \/>\n<meta property=\"og:image\" content=\"https:\/\/www.stephaniecesaire.com\/wp-content\/uploads\/2025\/12\/EmaVLSBordeauxFace.jpg\" \/>\n\t<meta property=\"og:image:width\" content=\"630\" \/>\n\t<meta property=\"og:image:height\" content=\"945\" \/>\n\t<meta property=\"og:image:type\" content=\"image\/jpeg\" \/>\n<meta name=\"twitter:card\" content=\"summary_large_image\" \/>\n<meta name=\"twitter:label1\" content=\"\u63a8\u5b9a\u8aad\u307f\u53d6\u308a\u6642\u9593\" \/>\n\t<meta name=\"twitter:data1\" content=\"1\u5206\" \/>\n<script type=\"application\/ld+json\" class=\"yoast-schema-graph\">{\"@context\":\"https:\/\/schema.org\",\"@graph\":[{\"@type\":\"WebPage\",\"@id\":\"https:\/\/www.stephaniecesaire.com\/ja\/boutique\/%e3%83%90%e3%83%83%e3%82%b0\/%e3%82%a8%e3%83%9e\/%e3%82%a8%e3%83%9e%e3%83%bb%e3%83%9e%e3%83%83%e3%83%88%e3%82%ab%e3%83%bc%e3%83%95%e3%83%ac%e3%82%b6%e3%83%bc%e3%83%bb%e3%83%8f%e3%83%90%e3%83%8a-copie\/\",\"url\":\"https:\/\/www.stephaniecesaire.com\/ja\/boutique\/%e3%83%90%e3%83%83%e3%82%b0\/%e3%82%a8%e3%83%9e\/%e3%82%a8%e3%83%9e%e3%83%bb%e3%83%9e%e3%83%83%e3%83%88%e3%82%ab%e3%83%bc%e3%83%95%e3%83%ac%e3%82%b6%e3%83%bc%e3%83%bb%e3%83%8f%e3%83%90%e3%83%8a-copie\/\",\"name\":\"\u30f4\u30a3\u30f3\u30c6\u30fc\u30b8\u30c7\u30b6\u30a4\u30ca\u30fc\u306e\u30af\u30ed\u30b9\u30dc\u30c7\u30a3\u30d0\u30c3\u30b0 - \u30bb\u30bc\u30fc\u30eb \u30d1\u30ea - \u30d5\u30e9\u30f3\u30b9\u88fd\",\"isPartOf\":{\"@id\":\"https:\/\/www.stephaniecesaire.com\/ja\/#website\"},\"primaryImageOfPage\":{\"@id\":\"https:\/\/www.stephaniecesaire.com\/ja\/boutique\/%e3%83%90%e3%83%83%e3%82%b0\/%e3%82%a8%e3%83%9e\/%e3%82%a8%e3%83%9e%e3%83%bb%e3%83%9e%e3%83%83%e3%83%88%e3%82%ab%e3%83%bc%e3%83%95%e3%83%ac%e3%82%b6%e3%83%bc%e3%83%bb%e3%83%8f%e3%83%90%e3%83%8a-copie\/#primaryimage\"},\"image\":{\"@id\":\"https:\/\/www.stephaniecesaire.com\/ja\/boutique\/%e3%83%90%e3%83%83%e3%82%b0\/%e3%82%a8%e3%83%9e\/%e3%82%a8%e3%83%9e%e3%83%bb%e3%83%9e%e3%83%83%e3%83%88%e3%82%ab%e3%83%bc%e3%83%95%e3%83%ac%e3%82%b6%e3%83%bc%e3%83%bb%e3%83%8f%e3%83%90%e3%83%8a-copie\/#primaryimage\"},\"thumbnailUrl\":\"https:\/\/www.stephaniecesaire.com\/wp-content\/uploads\/2025\/12\/EmaVLSBordeauxProfil.jpg\",\"datePublished\":\"2025-12-03T15:46:32+00:00\",\"dateModified\":\"2025-12-03T16:04:08+00:00\",\"description\":\"strap, give this structured mini racer an aerodynamic look. \u30a8\u30de\u306f\u3001\u30f4\u30a3\u30f3\u30c6\u30fc\u30b8\u611f\u6f02\u3046\u5c0f\u3055\u306a\u90fd\u5e02\u7528\u30b7\u30e7\u30eb\u30c0\u30fc\u30d0\u30c3\u30b0\u3067\u3001\u80a9\u639b\u3051\u307e\u305f\u306f\u30af\u30ed\u30b9\u30dc\u30c7\u30a3\u3068\u3057\u3066\u4f7f\u7528\u3067\u304d\u307e\u3059\u3002\u5305\u307f\u8fbc\u3080\u3088\u3046\u306a\u30d5\u30e9\u30c3\u30d7\u3068\u3001\u5e45\u5e83\u306e\u30dc\u30bf\u30f3\u4ed8\u304d\u30ec\u30b6\u30fc\u30b9\u30c8\u30e9\u30c3\u30d7\u304c\u3001\u3053\u306e\u30df\u30cb\u30fb\u30dc\u30ea\u30fc\u30c9\u306b\u30a8\u30a2\u30ed\u30c0\u30a4\u30ca\u30df\u30c3\u30af\u306a\u5370\u8c61\u3092\u4e0e\u3048\u3066\u3044\u307e\u3059\u3002\",\"breadcrumb\":{\"@id\":\"https:\/\/www.stephaniecesaire.com\/ja\/boutique\/%e3%83%90%e3%83%83%e3%82%b0\/%e3%82%a8%e3%83%9e\/%e3%82%a8%e3%83%9e%e3%83%bb%e3%83%9e%e3%83%83%e3%83%88%e3%82%ab%e3%83%bc%e3%83%95%e3%83%ac%e3%82%b6%e3%83%bc%e3%83%bb%e3%83%8f%e3%83%90%e3%83%8a-copie\/#breadcrumb\"},\"inLanguage\":\"ja\",\"potentialAction\":[{\"@type\":\"ReadAction\",\"target\":[\"https:\/\/www.stephaniecesaire.com\/ja\/boutique\/%e3%83%90%e3%83%83%e3%82%b0\/%e3%82%a8%e3%83%9e\/%e3%82%a8%e3%83%9e%e3%83%bb%e3%83%9e%e3%83%83%e3%83%88%e3%82%ab%e3%83%bc%e3%83%95%e3%83%ac%e3%82%b6%e3%83%bc%e3%83%bb%e3%83%8f%e3%83%90%e3%83%8a-copie\/\"]}]},{\"@type\":\"ImageObject\",\"inLanguage\":\"ja\",\"@id\":\"https:\/\/www.stephaniecesaire.com\/ja\/boutique\/%e3%83%90%e3%83%83%e3%82%b0\/%e3%82%a8%e3%83%9e\/%e3%82%a8%e3%83%9e%e3%83%bb%e3%83%9e%e3%83%83%e3%83%88%e3%82%ab%e3%83%bc%e3%83%95%e3%83%ac%e3%82%b6%e3%83%bc%e3%83%bb%e3%83%8f%e3%83%90%e3%83%8a-copie\/#primaryimage\",\"url\":\"https:\/\/www.stephaniecesaire.com\/wp-content\/uploads\/2025\/12\/EmaVLSBordeauxProfil.jpg\",\"contentUrl\":\"https:\/\/www.stephaniecesaire.com\/wp-content\/uploads\/2025\/12\/EmaVLSBordeauxProfil.jpg\",\"width\":630,\"height\":945,\"caption\":\"\u30f4\u30a3\u30f3\u30c6\u30fc\u30b8\u30c7\u30b6\u30a4\u30ca\u30fc\u306e\u30af\u30ed\u30b9\u30dc\u30c7\u30a3\u30d0\u30c3\u30b0 - \u30bb\u30bc\u30fc\u30eb \u30d1\u30ea - \u30d5\u30e9\u30f3\u30b9\u88fd\"},{\"@type\":\"BreadcrumbList\",\"@id\":\"https:\/\/www.stephaniecesaire.com\/ja\/boutique\/%e3%83%90%e3%83%83%e3%82%b0\/%e3%82%a8%e3%83%9e\/%e3%82%a8%e3%83%9e%e3%83%bb%e3%83%9e%e3%83%83%e3%83%88%e3%82%ab%e3%83%bc%e3%83%95%e3%83%ac%e3%82%b6%e3%83%bc%e3%83%bb%e3%83%8f%e3%83%90%e3%83%8a-copie\/#breadcrumb\",\"itemListElement\":[{\"@type\":\"ListItem\",\"position\":1,\"name\":\"Accueil\",\"item\":\"https:\/\/www.stephaniecesaire.com\/ja\/\"},{\"@type\":\"ListItem\",\"position\":2,\"name\":\"\u30b7\u30e7\u30c3\u30d7\",\"item\":\"https:\/\/www.stephaniecesaire.com\/ja\/%e3%82%b7%e3%83%a7%e3%83%83%e3%83%97\/\"},{\"@type\":\"ListItem\",\"position\":3,\"name\":\"\u30a8\u30de\u30fb\u30de\u30c3\u30c8\u30ab\u30fc\u30d5\u30ec\u30b6\u30fc\u30fb\u30d0\u30fc\u30ac\u30f3\u30c7\u30a3\u8272\"}]},{\"@type\":\"WebSite\",\"@id\":\"https:\/\/www.stephaniecesaire.com\/ja\/#website\",\"url\":\"https:\/\/www.stephaniecesaire.com\/ja\/\",\"name\":\"St\u00e9phanie C\u00e9saire\",\"description\":\"Sac cr\u00e9ateur made in France - Maroquinerie de luxe\",\"publisher\":{\"@id\":\"https:\/\/www.stephaniecesaire.com\/ja\/#organization\"},\"potentialAction\":[{\"@type\":\"SearchAction\",\"target\":{\"@type\":\"EntryPoint\",\"urlTemplate\":\"https:\/\/www.stephaniecesaire.com\/ja\/?s={search_term_string}\"},\"query-input\":\"required name=search_term_string\"}],\"inLanguage\":\"ja\"},{\"@type\":\"Organization\",\"@id\":\"https:\/\/www.stephaniecesaire.com\/ja\/#organization\",\"name\":\"St\u00e9phanie C\u00e9saire\",\"url\":\"https:\/\/www.stephaniecesaire.com\/ja\/\",\"logo\":{\"@type\":\"ImageObject\",\"inLanguage\":\"ja\",\"@id\":\"https:\/\/www.stephaniecesaire.com\/ja\/#\/schema\/logo\/image\/\",\"url\":\"https:\/\/www.stephaniecesaire.com\/wp-content\/uploads\/2023\/10\/favicon.png\",\"contentUrl\":\"https:\/\/www.stephaniecesaire.com\/wp-content\/uploads\/2023\/10\/favicon.png\",\"width\":512,\"height\":512,\"caption\":\"St\u00e9phanie C\u00e9saire\"},\"image\":{\"@id\":\"https:\/\/www.stephaniecesaire.com\/ja\/#\/schema\/logo\/image\/\"},\"sameAs\":[\"https:\/\/www.facebook.com\/cesaireparis\/\",\"https:\/\/www.pinterest.fr\/cesaireparis\/\",\"https:\/\/www.instagram.com\/cesaireparis.official\/\"]}]}<\/script>\n<!-- \/ Yoast SEO plugin. -->","yoast_head_json":{"title":"\u30f4\u30a3\u30f3\u30c6\u30fc\u30b8\u30c7\u30b6\u30a4\u30ca\u30fc\u306e\u30af\u30ed\u30b9\u30dc\u30c7\u30a3\u30d0\u30c3\u30b0 - \u30bb\u30bc\u30fc\u30eb \u30d1\u30ea - \u30d5\u30e9\u30f3\u30b9\u88fd","description":"strap, give this structured mini racer an aerodynamic look. \u30a8\u30de\u306f\u3001\u30f4\u30a3\u30f3\u30c6\u30fc\u30b8\u611f\u6f02\u3046\u5c0f\u3055\u306a\u90fd\u5e02\u7528\u30b7\u30e7\u30eb\u30c0\u30fc\u30d0\u30c3\u30b0\u3067\u3001\u80a9\u639b\u3051\u307e\u305f\u306f\u30af\u30ed\u30b9\u30dc\u30c7\u30a3\u3068\u3057\u3066\u4f7f\u7528\u3067\u304d\u307e\u3059\u3002\u5305\u307f\u8fbc\u3080\u3088\u3046\u306a\u30d5\u30e9\u30c3\u30d7\u3068\u3001\u5e45\u5e83\u306e\u30dc\u30bf\u30f3\u4ed8\u304d\u30ec\u30b6\u30fc\u30b9\u30c8\u30e9\u30c3\u30d7\u304c\u3001\u3053\u306e\u30df\u30cb\u30fb\u30dc\u30ea\u30fc\u30c9\u306b\u30a8\u30a2\u30ed\u30c0\u30a4\u30ca\u30df\u30c3\u30af\u306a\u5370\u8c61\u3092\u4e0e\u3048\u3066\u3044\u307e\u3059\u3002","robots":{"index":"index","follow":"follow","max-snippet":"max-snippet:-1","max-image-preview":"max-image-preview:large","max-video-preview":"max-video-preview:-1"},"canonical":"https:\/\/www.stephaniecesaire.com\/ja\/boutique\/%e3%83%90%e3%83%83%e3%82%b0\/%e3%82%a8%e3%83%9e\/%e3%82%a8%e3%83%9e%e3%83%bb%e3%83%9e%e3%83%83%e3%83%88%e3%82%ab%e3%83%bc%e3%83%95%e3%83%ac%e3%82%b6%e3%83%bc%e3%83%bb%e3%83%8f%e3%83%90%e3%83%8a-copie\/","og_locale":"ja_JP","og_type":"article","og_title":"\u30f4\u30a3\u30f3\u30c6\u30fc\u30b8\u30c7\u30b6\u30a4\u30ca\u30fc\u306e\u30af\u30ed\u30b9\u30dc\u30c7\u30a3\u30d0\u30c3\u30b0 - \u30bb\u30bc\u30fc\u30eb \u30d1\u30ea - \u30d5\u30e9\u30f3\u30b9\u88fd","og_description":"strap, give this structured mini racer an aerodynamic look. \u30a8\u30de\u306f\u3001\u30f4\u30a3\u30f3\u30c6\u30fc\u30b8\u611f\u6f02\u3046\u5c0f\u3055\u306a\u90fd\u5e02\u7528\u30b7\u30e7\u30eb\u30c0\u30fc\u30d0\u30c3\u30b0\u3067\u3001\u80a9\u639b\u3051\u307e\u305f\u306f\u30af\u30ed\u30b9\u30dc\u30c7\u30a3\u3068\u3057\u3066\u4f7f\u7528\u3067\u304d\u307e\u3059\u3002\u5305\u307f\u8fbc\u3080\u3088\u3046\u306a\u30d5\u30e9\u30c3\u30d7\u3068\u3001\u5e45\u5e83\u306e\u30dc\u30bf\u30f3\u4ed8\u304d\u30ec\u30b6\u30fc\u30b9\u30c8\u30e9\u30c3\u30d7\u304c\u3001\u3053\u306e\u30df\u30cb\u30fb\u30dc\u30ea\u30fc\u30c9\u306b\u30a8\u30a2\u30ed\u30c0\u30a4\u30ca\u30df\u30c3\u30af\u306a\u5370\u8c61\u3092\u4e0e\u3048\u3066\u3044\u307e\u3059\u3002","og_url":"https:\/\/www.stephaniecesaire.com\/ja\/boutique\/%e3%83%90%e3%83%83%e3%82%b0\/%e3%82%a8%e3%83%9e\/%e3%82%a8%e3%83%9e%e3%83%bb%e3%83%9e%e3%83%83%e3%83%88%e3%82%ab%e3%83%bc%e3%83%95%e3%83%ac%e3%82%b6%e3%83%bc%e3%83%bb%e3%83%8f%e3%83%90%e3%83%8a-copie\/","og_site_name":"C\u00e9saire","article_publisher":"https:\/\/www.facebook.com\/cesaireparis\/","article_modified_time":"2025-12-03T16:04:08+00:00","og_image":[{"width":630,"height":945,"url":"https:\/\/www.stephaniecesaire.com\/wp-content\/uploads\/2025\/12\/EmaVLSBordeauxFace.jpg","type":"image\/jpeg"}],"twitter_card":"summary_large_image","twitter_misc":{"\u63a8\u5b9a\u8aad\u307f\u53d6\u308a\u6642\u9593":"1\u5206"},"schema":{"@context":"https:\/\/schema.org","@graph":[{"@type":"WebPage","@id":"https:\/\/www.stephaniecesaire.com\/ja\/boutique\/%e3%83%90%e3%83%83%e3%82%b0\/%e3%82%a8%e3%83%9e\/%e3%82%a8%e3%83%9e%e3%83%bb%e3%83%9e%e3%83%83%e3%83%88%e3%82%ab%e3%83%bc%e3%83%95%e3%83%ac%e3%82%b6%e3%83%bc%e3%83%bb%e3%83%8f%e3%83%90%e3%83%8a-copie\/","url":"https:\/\/www.stephaniecesaire.com\/ja\/boutique\/%e3%83%90%e3%83%83%e3%82%b0\/%e3%82%a8%e3%83%9e\/%e3%82%a8%e3%83%9e%e3%83%bb%e3%83%9e%e3%83%83%e3%83%88%e3%82%ab%e3%83%bc%e3%83%95%e3%83%ac%e3%82%b6%e3%83%bc%e3%83%bb%e3%83%8f%e3%83%90%e3%83%8a-copie\/","name":"\u30f4\u30a3\u30f3\u30c6\u30fc\u30b8\u30c7\u30b6\u30a4\u30ca\u30fc\u306e\u30af\u30ed\u30b9\u30dc\u30c7\u30a3\u30d0\u30c3\u30b0 - \u30bb\u30bc\u30fc\u30eb \u30d1\u30ea - \u30d5\u30e9\u30f3\u30b9\u88fd","isPartOf":{"@id":"https:\/\/www.stephaniecesaire.com\/ja\/#website"},"primaryImageOfPage":{"@id":"https:\/\/www.stephaniecesaire.com\/ja\/boutique\/%e3%83%90%e3%83%83%e3%82%b0\/%e3%82%a8%e3%83%9e\/%e3%82%a8%e3%83%9e%e3%83%bb%e3%83%9e%e3%83%83%e3%83%88%e3%82%ab%e3%83%bc%e3%83%95%e3%83%ac%e3%82%b6%e3%83%bc%e3%83%bb%e3%83%8f%e3%83%90%e3%83%8a-copie\/#primaryimage"},"image":{"@id":"https:\/\/www.stephaniecesaire.com\/ja\/boutique\/%e3%83%90%e3%83%83%e3%82%b0\/%e3%82%a8%e3%83%9e\/%e3%82%a8%e3%83%9e%e3%83%bb%e3%83%9e%e3%83%83%e3%83%88%e3%82%ab%e3%83%bc%e3%83%95%e3%83%ac%e3%82%b6%e3%83%bc%e3%83%bb%e3%83%8f%e3%83%90%e3%83%8a-copie\/#primaryimage"},"thumbnailUrl":"https:\/\/www.stephaniecesaire.com\/wp-content\/uploads\/2025\/12\/EmaVLSBordeauxProfil.jpg","datePublished":"2025-12-03T15:46:32+00:00","dateModified":"2025-12-03T16:04:08+00:00","description":"strap, give this structured mini racer an aerodynamic look. \u30a8\u30de\u306f\u3001\u30f4\u30a3\u30f3\u30c6\u30fc\u30b8\u611f\u6f02\u3046\u5c0f\u3055\u306a\u90fd\u5e02\u7528\u30b7\u30e7\u30eb\u30c0\u30fc\u30d0\u30c3\u30b0\u3067\u3001\u80a9\u639b\u3051\u307e\u305f\u306f\u30af\u30ed\u30b9\u30dc\u30c7\u30a3\u3068\u3057\u3066\u4f7f\u7528\u3067\u304d\u307e\u3059\u3002\u5305\u307f\u8fbc\u3080\u3088\u3046\u306a\u30d5\u30e9\u30c3\u30d7\u3068\u3001\u5e45\u5e83\u306e\u30dc\u30bf\u30f3\u4ed8\u304d\u30ec\u30b6\u30fc\u30b9\u30c8\u30e9\u30c3\u30d7\u304c\u3001\u3053\u306e\u30df\u30cb\u30fb\u30dc\u30ea\u30fc\u30c9\u306b\u30a8\u30a2\u30ed\u30c0\u30a4\u30ca\u30df\u30c3\u30af\u306a\u5370\u8c61\u3092\u4e0e\u3048\u3066\u3044\u307e\u3059\u3002","breadcrumb":{"@id":"https:\/\/www.stephaniecesaire.com\/ja\/boutique\/%e3%83%90%e3%83%83%e3%82%b0\/%e3%82%a8%e3%83%9e\/%e3%82%a8%e3%83%9e%e3%83%bb%e3%83%9e%e3%83%83%e3%83%88%e3%82%ab%e3%83%bc%e3%83%95%e3%83%ac%e3%82%b6%e3%83%bc%e3%83%bb%e3%83%8f%e3%83%90%e3%83%8a-copie\/#breadcrumb"},"inLanguage":"ja","potentialAction":[{"@type":"ReadAction","target":["https:\/\/www.stephaniecesaire.com\/ja\/boutique\/%e3%83%90%e3%83%83%e3%82%b0\/%e3%82%a8%e3%83%9e\/%e3%82%a8%e3%83%9e%e3%83%bb%e3%83%9e%e3%83%83%e3%83%88%e3%82%ab%e3%83%bc%e3%83%95%e3%83%ac%e3%82%b6%e3%83%bc%e3%83%bb%e3%83%8f%e3%83%90%e3%83%8a-copie\/"]}]},{"@type":"ImageObject","inLanguage":"ja","@id":"https:\/\/www.stephaniecesaire.com\/ja\/boutique\/%e3%83%90%e3%83%83%e3%82%b0\/%e3%82%a8%e3%83%9e\/%e3%82%a8%e3%83%9e%e3%83%bb%e3%83%9e%e3%83%83%e3%83%88%e3%82%ab%e3%83%bc%e3%83%95%e3%83%ac%e3%82%b6%e3%83%bc%e3%83%bb%e3%83%8f%e3%83%90%e3%83%8a-copie\/#primaryimage","url":"https:\/\/www.stephaniecesaire.com\/wp-content\/uploads\/2025\/12\/EmaVLSBordeauxProfil.jpg","contentUrl":"https:\/\/www.stephaniecesaire.com\/wp-content\/uploads\/2025\/12\/EmaVLSBordeauxProfil.jpg","width":630,"height":945,"caption":"\u30f4\u30a3\u30f3\u30c6\u30fc\u30b8\u30c7\u30b6\u30a4\u30ca\u30fc\u306e\u30af\u30ed\u30b9\u30dc\u30c7\u30a3\u30d0\u30c3\u30b0 - \u30bb\u30bc\u30fc\u30eb \u30d1\u30ea - \u30d5\u30e9\u30f3\u30b9\u88fd"},{"@type":"BreadcrumbList","@id":"https:\/\/www.stephaniecesaire.com\/ja\/boutique\/%e3%83%90%e3%83%83%e3%82%b0\/%e3%82%a8%e3%83%9e\/%e3%82%a8%e3%83%9e%e3%83%bb%e3%83%9e%e3%83%83%e3%83%88%e3%82%ab%e3%83%bc%e3%83%95%e3%83%ac%e3%82%b6%e3%83%bc%e3%83%bb%e3%83%8f%e3%83%90%e3%83%8a-copie\/#breadcrumb","itemListElement":[{"@type":"ListItem","position":1,"name":"Accueil","item":"https:\/\/www.stephaniecesaire.com\/ja\/"},{"@type":"ListItem","position":2,"name":"\u30b7\u30e7\u30c3\u30d7","item":"https:\/\/www.stephaniecesaire.com\/ja\/%e3%82%b7%e3%83%a7%e3%83%83%e3%83%97\/"},{"@type":"ListItem","position":3,"name":"\u30a8\u30de\u30fb\u30de\u30c3\u30c8\u30ab\u30fc\u30d5\u30ec\u30b6\u30fc\u30fb\u30d0\u30fc\u30ac\u30f3\u30c7\u30a3\u8272"}]},{"@type":"WebSite","@id":"https:\/\/www.stephaniecesaire.com\/ja\/#website","url":"https:\/\/www.stephaniecesaire.com\/ja\/","name":"St\u00e9phanie C\u00e9saire","description":"Sac cr\u00e9ateur made in France - Maroquinerie de luxe","publisher":{"@id":"https:\/\/www.stephaniecesaire.com\/ja\/#organization"},"potentialAction":[{"@type":"SearchAction","target":{"@type":"EntryPoint","urlTemplate":"https:\/\/www.stephaniecesaire.com\/ja\/?s={search_term_string}"},"query-input":"required name=search_term_string"}],"inLanguage":"ja"},{"@type":"Organization","@id":"https:\/\/www.stephaniecesaire.com\/ja\/#organization","name":"St\u00e9phanie C\u00e9saire","url":"https:\/\/www.stephaniecesaire.com\/ja\/","logo":{"@type":"ImageObject","inLanguage":"ja","@id":"https:\/\/www.stephaniecesaire.com\/ja\/#\/schema\/logo\/image\/","url":"https:\/\/www.stephaniecesaire.com\/wp-content\/uploads\/2023\/10\/favicon.png","contentUrl":"https:\/\/www.stephaniecesaire.com\/wp-content\/uploads\/2023\/10\/favicon.png","width":512,"height":512,"caption":"St\u00e9phanie C\u00e9saire"},"image":{"@id":"https:\/\/www.stephaniecesaire.com\/ja\/#\/schema\/logo\/image\/"},"sameAs":["https:\/\/www.facebook.com\/cesaireparis\/","https:\/\/www.pinterest.fr\/cesaireparis\/","https:\/\/www.instagram.com\/cesaireparis.official\/"]}]}},"_links":{"self":[{"href":"https:\/\/www.stephaniecesaire.com\/ja\/wp-json\/wp\/v2\/product\/39884","targetHints":{"allow":["GET"]}}],"collection":[{"href":"https:\/\/www.stephaniecesaire.com\/ja\/wp-json\/wp\/v2\/product"}],"about":[{"href":"https:\/\/www.stephaniecesaire.com\/ja\/wp-json\/wp\/v2\/types\/product"}],"wp:featuredmedia":[{"embeddable":true,"href":"https:\/\/www.stephaniecesaire.com\/ja\/wp-json\/wp\/v2\/media\/39911"}],"wp:attachment":[{"href":"https:\/\/www.stephaniecesaire.com\/ja\/wp-json\/wp\/v2\/media?parent=39884"}],"wp:term":[{"taxonomy":"product_cat","embeddable":true,"href":"https:\/\/www.stephaniecesaire.com\/ja\/wp-json\/wp\/v2\/product_cat?post=39884"},{"taxonomy":"product_tag","embeddable":true,"href":"https:\/\/www.stephaniecesaire.com\/ja\/wp-json\/wp\/v2\/product_tag?post=39884"}],"curies":[{"name":"wp","href":"https:\/\/api.w.org\/{rel}","templated":true}]}}