{"id":40535,"date":"2026-02-06T16:54:54","date_gmt":"2026-02-06T15:54:54","guid":{"rendered":"https:\/\/www.stephaniecesaire.com\/?post_type=product&#038;p=40535"},"modified":"2026-02-13T15:40:30","modified_gmt":"2026-02-13T14:40:30","slug":"%e3%82%ab%e3%83%a9%e3%83%b3%e3%83%9c%e3%83%ab-%e3%83%bb%e4%b9%97%e7%94%a8%e9%a6%ac-%e3%82%ab%e3%83%bc%e3%83%95%e3%83%ac%e3%82%b6%e3%83%bc%e3%83%bb%e3%83%9e%e3%82%b9%e3%83%86%e3%82%a3%e3%83%83%e3%82%af","status":"publish","type":"product","link":"https:\/\/www.stephaniecesaire.com\/ja\/boutique\/%e3%83%90%e3%83%83%e3%82%b0\/capsule-cesaire-josephine-ja\/%e3%82%ab%e3%83%a9%e3%83%b3%e3%83%9c%e3%83%ab-%e3%83%bb%e4%b9%97%e7%94%a8%e9%a6%ac-%e3%82%ab%e3%83%bc%e3%83%95%e3%83%ac%e3%82%b6%e3%83%bc%e3%83%bb%e3%83%9e%e3%82%b9%e3%83%86%e3%82%a3%e3%83%83%e3%82%af\/","title":{"rendered":"\u30ab\u30e9\u30f3\u30dc\u30eb \u30fb \u30b8\u30e7\u30bc\u30d5\u30a3\u30fc\u30cc \u00d7 \u30bb\u30bc\u30fc\u30eb \u30ab\u30d7\u30bb\u30eb\u30fb\u30b5\u30c9\u30eb\u30ab\u30fc\u30d5\uff06\u30d7\u30ea\u30f3\u30c8\u30ab\u30fc\u30d5\u30ec\u30b6\u30fc \u30fb \u30c8\u30fc\u30d7"},"content":{"rendered":"<p>\u30ab\u30e9\u30f3\u30dc\u30fc\u30eb\u306f\u3001\u8abf\u7bc0\u53ef\u80fd\u306a\u30b9\u30c8\u30e9\u30c3\u30d7\u3068\u3001\u30ed\u30ca\u30f3\u30fb\u30de\u30c3\u30bd\u30f3\u306b\u3088\u3063\u3066\u5404\u30e2\u30c7\u30eb\u3054\u3068\u306b\u5f6b\u523b\u3055\u308c\u305f\u30aa\u30ea\u30b8\u30ca\u30eb\u30e1\u30bf\u30eb\u30ea\u30f3\u30b0\u306b\u3088\u308a\u3001\u30af\u30ed\u30b9\u30dc\u30c7\u30a3\u3067\u7740\u7528\u3067\u304d\u307e\u3059\u3002<br \/>\n\u3084\u308f\u3089\u304b\u306a\u30ec\u30b6\u30fc\u306e\u30dc\u30c7\u30a3\u306f\u3001\u4f1d\u7d71\u7684\u306a\u30b5\u30c9\u30eb\u30b9\u30c6\u30c3\u30c1\u4ed5\u4e0a\u3052\u3067\u3001\u30d5\u30a1\u30b9\u30ca\u30fc\u958b\u9589\u3092\u5099\u3048\u3066\u3044\u307e\u3059\u3002<br \/>\n\u88cf\u5730\u306f\u30b3\u30c3\u30c8\u30f3\u30c4\u30a4\u30eb\u3002<br \/>\n\u30ab\u30d7\u30bb\u30eb\u4ed5\u69d8\uff1a\u30a2\u30e9\u30f3\u30fb\u30b8\u30e7\u30bc\u30d5\u30a3\u30fc\u30cc\u306e\u4f5c\u54c1\u3092\u30e2\u30c1\u30fc\u30d5\u306b\u3057\u305f\u30c7\u30b8\u30bf\u30eb\u30d7\u30ea\u30f3\u30c8\u30ab\u30fc\u30d5\u30ec\u30b6\u30fc\u4f7f\u7528\u3002\u3059\u3079\u3066\u4e00\u70b9\u7269\u3002<\/p>\n","protected":false},"excerpt":{"rendered":"<p>\u3057\u306a\u3084\u304b\u306a\u30ec\u30b6\u30fc\u3067\u4ed5\u7acb\u3066\u3089\u308c\u305f\u30aa\u30d6\u30ed\u30f3\u30b0\u578b\u306e\u30dd\u30fc\u30c1\u3002\u659c\u3081\u639b\u3051\u3067\u8eab\u306b\u7740\u3051\u308b\u30c7\u30b6\u30a4\u30f3\u3067\u3059\u3002<br \/>\n\u30ec\u30b6\u30fc\u306e\u30d9\u30eb\u578b\u30c7\u30a3\u30c6\u30fc\u30eb\u3001\u5f6b\u523b\u306e\u3088\u3046\u306a\u30e1\u30bf\u30eb\u30ea\u30f3\u30b0\u3001\u82b1\u5f01\u306e\u3088\u3046\u306b\u5bc4\u305b\u3089\u308c\u305f\u30d7\u30ea\u30fc\u30c4\u304c\u3001\u30b8\u30e5\u30a8\u30ea\u30fc\u306e\u3088\u3046\u306a\u5b58\u5728\u611f\u3068\u8efd\u3084\u304b\u306a\u6a5f\u52d5\u6027\u3092\u3042\u308f\u305b\u6301\u3064\u30d5\u30a9\u30eb\u30e0\u3092\u751f\u307f\u51fa\u3057\u307e\u3059\u3002<br \/>\n<a href=\"https:\/\/www.instagram.com\/alainjosephineartist\/?hl=fr\" target=\"_blank\" rel=\"noopener\">\u30a2\u30e9\u30f3\u30fb\u30b8\u30e7\u30bc\u30d5\u30a3<\/a>\u30fc\u30cc\u3068\u306e\u30ab\u30d7\u30bb\u30eb\u30b3\u30ec\u30af\u30b7\u30e7\u30f3\u3067\u306f\u3001\u30ab\u30fc\u30d5\u30ec\u30b6\u30fc\u306b\u5f7c\u306e\u7d75\u753b\u306e\u65ad\u7247\u3092\u30c7\u30b8\u30bf\u30eb\u30d7\u30ea\u30f3\u30c8\u3002<br \/>\n\u4e00\u70b9\u4e00\u70b9\u304c\u4f5c\u54c1\u306e\u4e00\u90e8\u3068\u306a\u308a\u3001\u8eab\u306b\u307e\u3068\u3046\u30a2\u30fc\u30c8\u30d4\u30fc\u30b9\u3078\u3068\u6607\u83ef\u3057\u307e\u3059\u3002<\/p>\n","protected":false},"featured_media":40538,"template":"","meta":[],"product_cat":[2223],"product_tag":[673],"class_list":{"0":"post-40535","1":"product","2":"type-product","3":"status-publish","4":"has-post-thumbnail","6":"product_cat-capsule-cesaire-josephine-ja","7":"product_tag-673","8":"product_shipping_class-classe-de-livraison-2","9":"pa_porte-331","10":"pa_volume-sacs-souples-ja","11":"pa_volume-339","13":"first","14":"instock","15":"sold-individually","16":"taxable","17":"shipping-taxable","18":"purchasable","19":"product-type-simple"},"yoast_head":"<!-- This site is optimized with the Yoast SEO plugin v23.1 - https:\/\/yoast.com\/wordpress\/plugins\/seo\/ -->\n<title>\u30bb\u30bc\u30fc\u30eb \u00d7 \u30b8\u30e7\u30bc\u30d5\u30a3\u30fc\u30cc \u30ab\u30d7\u30bb\u30eb\u30b3\u30ec\u30af\u30b7\u30e7\u30f3 \u2014 \u30d5\u30e9\u30f3\u30b9\u88fd\u30fb\u6570\u91cf\u9650\u5b9a\u30ec\u30b6\u30fc\u30d0\u30c3\u30b0<\/title>\n<meta name=\"description\" content=\"\u30d5\u30e9\u30f3\u30b9\u3067\u4e01\u5be7\u306b\u88fd\u4f5c\u3055\u308c\u305f6\u70b9\u306e\u30ec\u30b6\u30fc\u30d0\u30c3\u30b0\u3002 \u753b\u5bb6\u30a2\u30e9\u30f3\u30fb\u30b8\u30e7\u30bc\u30d5\u30a3\u30fc\u30cc\u306e\u4f5c\u54c1\u304b\u3089\u7740\u60f3\u3092\u5f97\u305f\u3001\u3059\u3079\u3066\u4e00\u70b9\u7269\u306e\u30b3\u30ec\u30af\u30b7\u30e7\u30f3\u3067\u3059\u3002\" \/>\n<meta name=\"robots\" content=\"index, follow, max-snippet:-1, max-image-preview:large, max-video-preview:-1\" \/>\n<link rel=\"canonical\" href=\"https:\/\/www.stephaniecesaire.com\/ja\/boutique\/%e3%83%90%e3%83%83%e3%82%b0\/capsule-cesaire-josephine-ja\/%e3%82%ab%e3%83%a9%e3%83%b3%e3%83%9c%e3%83%ab-%e3%83%bb%e4%b9%97%e7%94%a8%e9%a6%ac-%e3%82%ab%e3%83%bc%e3%83%95%e3%83%ac%e3%82%b6%e3%83%bc%e3%83%bb%e3%83%9e%e3%82%b9%e3%83%86%e3%82%a3%e3%83%83%e3%82%af\/\" \/>\n<meta property=\"og:locale\" content=\"ja_JP\" \/>\n<meta property=\"og:type\" content=\"article\" \/>\n<meta property=\"og:title\" content=\"\u30bb\u30bc\u30fc\u30eb \u00d7 \u30b8\u30e7\u30bc\u30d5\u30a3\u30fc\u30cc \u30ab\u30d7\u30bb\u30eb\u30b3\u30ec\u30af\u30b7\u30e7\u30f3 \u2014 \u30d5\u30e9\u30f3\u30b9\u88fd\u30fb\u6570\u91cf\u9650\u5b9a\u30ec\u30b6\u30fc\u30d0\u30c3\u30b0\" \/>\n<meta property=\"og:description\" content=\"\u30d5\u30e9\u30f3\u30b9\u3067\u4e01\u5be7\u306b\u88fd\u4f5c\u3055\u308c\u305f6\u70b9\u306e\u30ec\u30b6\u30fc\u30d0\u30c3\u30b0\u3002 \u753b\u5bb6\u30a2\u30e9\u30f3\u30fb\u30b8\u30e7\u30bc\u30d5\u30a3\u30fc\u30cc\u306e\u4f5c\u54c1\u304b\u3089\u7740\u60f3\u3092\u5f97\u305f\u3001\u3059\u3079\u3066\u4e00\u70b9\u7269\u306e\u30b3\u30ec\u30af\u30b7\u30e7\u30f3\u3067\u3059\u3002\" \/>\n<meta property=\"og:url\" content=\"https:\/\/www.stephaniecesaire.com\/ja\/boutique\/%e3%83%90%e3%83%83%e3%82%b0\/capsule-cesaire-josephine-ja\/%e3%82%ab%e3%83%a9%e3%83%b3%e3%83%9c%e3%83%ab-%e3%83%bb%e4%b9%97%e7%94%a8%e9%a6%ac-%e3%82%ab%e3%83%bc%e3%83%95%e3%83%ac%e3%82%b6%e3%83%bc%e3%83%bb%e3%83%9e%e3%82%b9%e3%83%86%e3%82%a3%e3%83%83%e3%82%af\/\" \/>\n<meta property=\"og:site_name\" content=\"C\u00e9saire\" \/>\n<meta property=\"article:publisher\" content=\"https:\/\/www.facebook.com\/cesaireparis\/\" \/>\n<meta property=\"article:modified_time\" content=\"2026-02-13T14:40:30+00:00\" \/>\n<meta property=\"og:image\" content=\"https:\/\/www.stephaniecesaire.com\/wp-content\/uploads\/2026\/02\/CaramboleJOSTaupeFace.jpg\" \/>\n\t<meta property=\"og:image:width\" content=\"630\" \/>\n\t<meta property=\"og:image:height\" content=\"945\" \/>\n\t<meta property=\"og:image:type\" content=\"image\/jpeg\" \/>\n<meta name=\"twitter:card\" content=\"summary_large_image\" \/>\n<meta name=\"twitter:label1\" content=\"\u63a8\u5b9a\u8aad\u307f\u53d6\u308a\u6642\u9593\" \/>\n\t<meta name=\"twitter:data1\" content=\"1\u5206\" \/>\n<script type=\"application\/ld+json\" class=\"yoast-schema-graph\">{\"@context\":\"https:\/\/schema.org\",\"@graph\":[{\"@type\":\"WebPage\",\"@id\":\"https:\/\/www.stephaniecesaire.com\/ja\/boutique\/%e3%83%90%e3%83%83%e3%82%b0\/capsule-cesaire-josephine-ja\/%e3%82%ab%e3%83%a9%e3%83%b3%e3%83%9c%e3%83%ab-%e3%83%bb%e4%b9%97%e7%94%a8%e9%a6%ac-%e3%82%ab%e3%83%bc%e3%83%95%e3%83%ac%e3%82%b6%e3%83%bc%e3%83%bb%e3%83%9e%e3%82%b9%e3%83%86%e3%82%a3%e3%83%83%e3%82%af\/\",\"url\":\"https:\/\/www.stephaniecesaire.com\/ja\/boutique\/%e3%83%90%e3%83%83%e3%82%b0\/capsule-cesaire-josephine-ja\/%e3%82%ab%e3%83%a9%e3%83%b3%e3%83%9c%e3%83%ab-%e3%83%bb%e4%b9%97%e7%94%a8%e9%a6%ac-%e3%82%ab%e3%83%bc%e3%83%95%e3%83%ac%e3%82%b6%e3%83%bc%e3%83%bb%e3%83%9e%e3%82%b9%e3%83%86%e3%82%a3%e3%83%83%e3%82%af\/\",\"name\":\"\u30bb\u30bc\u30fc\u30eb \u00d7 \u30b8\u30e7\u30bc\u30d5\u30a3\u30fc\u30cc \u30ab\u30d7\u30bb\u30eb\u30b3\u30ec\u30af\u30b7\u30e7\u30f3 \u2014 \u30d5\u30e9\u30f3\u30b9\u88fd\u30fb\u6570\u91cf\u9650\u5b9a\u30ec\u30b6\u30fc\u30d0\u30c3\u30b0\",\"isPartOf\":{\"@id\":\"https:\/\/www.stephaniecesaire.com\/ja\/#website\"},\"primaryImageOfPage\":{\"@id\":\"https:\/\/www.stephaniecesaire.com\/ja\/boutique\/%e3%83%90%e3%83%83%e3%82%b0\/capsule-cesaire-josephine-ja\/%e3%82%ab%e3%83%a9%e3%83%b3%e3%83%9c%e3%83%ab-%e3%83%bb%e4%b9%97%e7%94%a8%e9%a6%ac-%e3%82%ab%e3%83%bc%e3%83%95%e3%83%ac%e3%82%b6%e3%83%bc%e3%83%bb%e3%83%9e%e3%82%b9%e3%83%86%e3%82%a3%e3%83%83%e3%82%af\/#primaryimage\"},\"image\":{\"@id\":\"https:\/\/www.stephaniecesaire.com\/ja\/boutique\/%e3%83%90%e3%83%83%e3%82%b0\/capsule-cesaire-josephine-ja\/%e3%82%ab%e3%83%a9%e3%83%b3%e3%83%9c%e3%83%ab-%e3%83%bb%e4%b9%97%e7%94%a8%e9%a6%ac-%e3%82%ab%e3%83%bc%e3%83%95%e3%83%ac%e3%82%b6%e3%83%bc%e3%83%bb%e3%83%9e%e3%82%b9%e3%83%86%e3%82%a3%e3%83%83%e3%82%af\/#primaryimage\"},\"thumbnailUrl\":\"https:\/\/www.stephaniecesaire.com\/wp-content\/uploads\/2026\/02\/CaramboleJOSTaupeFace.jpg\",\"datePublished\":\"2026-02-06T15:54:54+00:00\",\"dateModified\":\"2026-02-13T14:40:30+00:00\",\"description\":\"\u30d5\u30e9\u30f3\u30b9\u3067\u4e01\u5be7\u306b\u88fd\u4f5c\u3055\u308c\u305f6\u70b9\u306e\u30ec\u30b6\u30fc\u30d0\u30c3\u30b0\u3002 \u753b\u5bb6\u30a2\u30e9\u30f3\u30fb\u30b8\u30e7\u30bc\u30d5\u30a3\u30fc\u30cc\u306e\u4f5c\u54c1\u304b\u3089\u7740\u60f3\u3092\u5f97\u305f\u3001\u3059\u3079\u3066\u4e00\u70b9\u7269\u306e\u30b3\u30ec\u30af\u30b7\u30e7\u30f3\u3067\u3059\u3002\",\"breadcrumb\":{\"@id\":\"https:\/\/www.stephaniecesaire.com\/ja\/boutique\/%e3%83%90%e3%83%83%e3%82%b0\/capsule-cesaire-josephine-ja\/%e3%82%ab%e3%83%a9%e3%83%b3%e3%83%9c%e3%83%ab-%e3%83%bb%e4%b9%97%e7%94%a8%e9%a6%ac-%e3%82%ab%e3%83%bc%e3%83%95%e3%83%ac%e3%82%b6%e3%83%bc%e3%83%bb%e3%83%9e%e3%82%b9%e3%83%86%e3%82%a3%e3%83%83%e3%82%af\/#breadcrumb\"},\"inLanguage\":\"ja\",\"potentialAction\":[{\"@type\":\"ReadAction\",\"target\":[\"https:\/\/www.stephaniecesaire.com\/ja\/boutique\/%e3%83%90%e3%83%83%e3%82%b0\/capsule-cesaire-josephine-ja\/%e3%82%ab%e3%83%a9%e3%83%b3%e3%83%9c%e3%83%ab-%e3%83%bb%e4%b9%97%e7%94%a8%e9%a6%ac-%e3%82%ab%e3%83%bc%e3%83%95%e3%83%ac%e3%82%b6%e3%83%bc%e3%83%bb%e3%83%9e%e3%82%b9%e3%83%86%e3%82%a3%e3%83%83%e3%82%af\/\"]}]},{\"@type\":\"ImageObject\",\"inLanguage\":\"ja\",\"@id\":\"https:\/\/www.stephaniecesaire.com\/ja\/boutique\/%e3%83%90%e3%83%83%e3%82%b0\/capsule-cesaire-josephine-ja\/%e3%82%ab%e3%83%a9%e3%83%b3%e3%83%9c%e3%83%ab-%e3%83%bb%e4%b9%97%e7%94%a8%e9%a6%ac-%e3%82%ab%e3%83%bc%e3%83%95%e3%83%ac%e3%82%b6%e3%83%bc%e3%83%bb%e3%83%9e%e3%82%b9%e3%83%86%e3%82%a3%e3%83%83%e3%82%af\/#primaryimage\",\"url\":\"https:\/\/www.stephaniecesaire.com\/wp-content\/uploads\/2026\/02\/CaramboleJOSTaupeFace.jpg\",\"contentUrl\":\"https:\/\/www.stephaniecesaire.com\/wp-content\/uploads\/2026\/02\/CaramboleJOSTaupeFace.jpg\",\"width\":630,\"height\":945,\"caption\":\"\u30bb\u30bc\u30fc\u30eb \u00d7 \u30b8\u30e7\u30bc\u30d5\u30a3\u30fc\u30cc \u30ab\u30d7\u30bb\u30eb\u30b3\u30ec\u30af\u30b7\u30e7\u30f3 \u2014 \u30d5\u30e9\u30f3\u30b9\u88fd\u30fb\u6570\u91cf\u9650\u5b9a\u30ec\u30b6\u30fc\u30d0\u30c3\u30b0\"},{\"@type\":\"BreadcrumbList\",\"@id\":\"https:\/\/www.stephaniecesaire.com\/ja\/boutique\/%e3%83%90%e3%83%83%e3%82%b0\/capsule-cesaire-josephine-ja\/%e3%82%ab%e3%83%a9%e3%83%b3%e3%83%9c%e3%83%ab-%e3%83%bb%e4%b9%97%e7%94%a8%e9%a6%ac-%e3%82%ab%e3%83%bc%e3%83%95%e3%83%ac%e3%82%b6%e3%83%bc%e3%83%bb%e3%83%9e%e3%82%b9%e3%83%86%e3%82%a3%e3%83%83%e3%82%af\/#breadcrumb\",\"itemListElement\":[{\"@type\":\"ListItem\",\"position\":1,\"name\":\"Accueil\",\"item\":\"https:\/\/www.stephaniecesaire.com\/ja\/\"},{\"@type\":\"ListItem\",\"position\":2,\"name\":\"\u30b7\u30e7\u30c3\u30d7\",\"item\":\"https:\/\/www.stephaniecesaire.com\/ja\/%e3%82%b7%e3%83%a7%e3%83%83%e3%83%97\/\"},{\"@type\":\"ListItem\",\"position\":3,\"name\":\"\u30ab\u30e9\u30f3\u30dc\u30eb \u30fb \u30b8\u30e7\u30bc\u30d5\u30a3\u30fc\u30cc \u00d7 \u30bb\u30bc\u30fc\u30eb \u30ab\u30d7\u30bb\u30eb\u30fb\u30b5\u30c9\u30eb\u30ab\u30fc\u30d5\uff06\u30d7\u30ea\u30f3\u30c8\u30ab\u30fc\u30d5\u30ec\u30b6\u30fc \u30fb \u30c8\u30fc\u30d7\"}]},{\"@type\":\"WebSite\",\"@id\":\"https:\/\/www.stephaniecesaire.com\/ja\/#website\",\"url\":\"https:\/\/www.stephaniecesaire.com\/ja\/\",\"name\":\"St\u00e9phanie C\u00e9saire\",\"description\":\"Sac cr\u00e9ateur made in France - Maroquinerie de luxe\",\"publisher\":{\"@id\":\"https:\/\/www.stephaniecesaire.com\/ja\/#organization\"},\"potentialAction\":[{\"@type\":\"SearchAction\",\"target\":{\"@type\":\"EntryPoint\",\"urlTemplate\":\"https:\/\/www.stephaniecesaire.com\/ja\/?s={search_term_string}\"},\"query-input\":\"required name=search_term_string\"}],\"inLanguage\":\"ja\"},{\"@type\":\"Organization\",\"@id\":\"https:\/\/www.stephaniecesaire.com\/ja\/#organization\",\"name\":\"St\u00e9phanie C\u00e9saire\",\"url\":\"https:\/\/www.stephaniecesaire.com\/ja\/\",\"logo\":{\"@type\":\"ImageObject\",\"inLanguage\":\"ja\",\"@id\":\"https:\/\/www.stephaniecesaire.com\/ja\/#\/schema\/logo\/image\/\",\"url\":\"https:\/\/www.stephaniecesaire.com\/wp-content\/uploads\/2023\/10\/favicon.png\",\"contentUrl\":\"https:\/\/www.stephaniecesaire.com\/wp-content\/uploads\/2023\/10\/favicon.png\",\"width\":512,\"height\":512,\"caption\":\"St\u00e9phanie C\u00e9saire\"},\"image\":{\"@id\":\"https:\/\/www.stephaniecesaire.com\/ja\/#\/schema\/logo\/image\/\"},\"sameAs\":[\"https:\/\/www.facebook.com\/cesaireparis\/\",\"https:\/\/www.pinterest.fr\/cesaireparis\/\",\"https:\/\/www.instagram.com\/cesaireparis.official\/\"]}]}<\/script>\n<!-- \/ Yoast SEO plugin. -->","yoast_head_json":{"title":"\u30bb\u30bc\u30fc\u30eb \u00d7 \u30b8\u30e7\u30bc\u30d5\u30a3\u30fc\u30cc \u30ab\u30d7\u30bb\u30eb\u30b3\u30ec\u30af\u30b7\u30e7\u30f3 \u2014 \u30d5\u30e9\u30f3\u30b9\u88fd\u30fb\u6570\u91cf\u9650\u5b9a\u30ec\u30b6\u30fc\u30d0\u30c3\u30b0","description":"\u30d5\u30e9\u30f3\u30b9\u3067\u4e01\u5be7\u306b\u88fd\u4f5c\u3055\u308c\u305f6\u70b9\u306e\u30ec\u30b6\u30fc\u30d0\u30c3\u30b0\u3002 \u753b\u5bb6\u30a2\u30e9\u30f3\u30fb\u30b8\u30e7\u30bc\u30d5\u30a3\u30fc\u30cc\u306e\u4f5c\u54c1\u304b\u3089\u7740\u60f3\u3092\u5f97\u305f\u3001\u3059\u3079\u3066\u4e00\u70b9\u7269\u306e\u30b3\u30ec\u30af\u30b7\u30e7\u30f3\u3067\u3059\u3002","robots":{"index":"index","follow":"follow","max-snippet":"max-snippet:-1","max-image-preview":"max-image-preview:large","max-video-preview":"max-video-preview:-1"},"canonical":"https:\/\/www.stephaniecesaire.com\/ja\/boutique\/%e3%83%90%e3%83%83%e3%82%b0\/capsule-cesaire-josephine-ja\/%e3%82%ab%e3%83%a9%e3%83%b3%e3%83%9c%e3%83%ab-%e3%83%bb%e4%b9%97%e7%94%a8%e9%a6%ac-%e3%82%ab%e3%83%bc%e3%83%95%e3%83%ac%e3%82%b6%e3%83%bc%e3%83%bb%e3%83%9e%e3%82%b9%e3%83%86%e3%82%a3%e3%83%83%e3%82%af\/","og_locale":"ja_JP","og_type":"article","og_title":"\u30bb\u30bc\u30fc\u30eb \u00d7 \u30b8\u30e7\u30bc\u30d5\u30a3\u30fc\u30cc \u30ab\u30d7\u30bb\u30eb\u30b3\u30ec\u30af\u30b7\u30e7\u30f3 \u2014 \u30d5\u30e9\u30f3\u30b9\u88fd\u30fb\u6570\u91cf\u9650\u5b9a\u30ec\u30b6\u30fc\u30d0\u30c3\u30b0","og_description":"\u30d5\u30e9\u30f3\u30b9\u3067\u4e01\u5be7\u306b\u88fd\u4f5c\u3055\u308c\u305f6\u70b9\u306e\u30ec\u30b6\u30fc\u30d0\u30c3\u30b0\u3002 \u753b\u5bb6\u30a2\u30e9\u30f3\u30fb\u30b8\u30e7\u30bc\u30d5\u30a3\u30fc\u30cc\u306e\u4f5c\u54c1\u304b\u3089\u7740\u60f3\u3092\u5f97\u305f\u3001\u3059\u3079\u3066\u4e00\u70b9\u7269\u306e\u30b3\u30ec\u30af\u30b7\u30e7\u30f3\u3067\u3059\u3002","og_url":"https:\/\/www.stephaniecesaire.com\/ja\/boutique\/%e3%83%90%e3%83%83%e3%82%b0\/capsule-cesaire-josephine-ja\/%e3%82%ab%e3%83%a9%e3%83%b3%e3%83%9c%e3%83%ab-%e3%83%bb%e4%b9%97%e7%94%a8%e9%a6%ac-%e3%82%ab%e3%83%bc%e3%83%95%e3%83%ac%e3%82%b6%e3%83%bc%e3%83%bb%e3%83%9e%e3%82%b9%e3%83%86%e3%82%a3%e3%83%83%e3%82%af\/","og_site_name":"C\u00e9saire","article_publisher":"https:\/\/www.facebook.com\/cesaireparis\/","article_modified_time":"2026-02-13T14:40:30+00:00","og_image":[{"width":630,"height":945,"url":"https:\/\/www.stephaniecesaire.com\/wp-content\/uploads\/2026\/02\/CaramboleJOSTaupeFace.jpg","type":"image\/jpeg"}],"twitter_card":"summary_large_image","twitter_misc":{"\u63a8\u5b9a\u8aad\u307f\u53d6\u308a\u6642\u9593":"1\u5206"},"schema":{"@context":"https:\/\/schema.org","@graph":[{"@type":"WebPage","@id":"https:\/\/www.stephaniecesaire.com\/ja\/boutique\/%e3%83%90%e3%83%83%e3%82%b0\/capsule-cesaire-josephine-ja\/%e3%82%ab%e3%83%a9%e3%83%b3%e3%83%9c%e3%83%ab-%e3%83%bb%e4%b9%97%e7%94%a8%e9%a6%ac-%e3%82%ab%e3%83%bc%e3%83%95%e3%83%ac%e3%82%b6%e3%83%bc%e3%83%bb%e3%83%9e%e3%82%b9%e3%83%86%e3%82%a3%e3%83%83%e3%82%af\/","url":"https:\/\/www.stephaniecesaire.com\/ja\/boutique\/%e3%83%90%e3%83%83%e3%82%b0\/capsule-cesaire-josephine-ja\/%e3%82%ab%e3%83%a9%e3%83%b3%e3%83%9c%e3%83%ab-%e3%83%bb%e4%b9%97%e7%94%a8%e9%a6%ac-%e3%82%ab%e3%83%bc%e3%83%95%e3%83%ac%e3%82%b6%e3%83%bc%e3%83%bb%e3%83%9e%e3%82%b9%e3%83%86%e3%82%a3%e3%83%83%e3%82%af\/","name":"\u30bb\u30bc\u30fc\u30eb \u00d7 \u30b8\u30e7\u30bc\u30d5\u30a3\u30fc\u30cc \u30ab\u30d7\u30bb\u30eb\u30b3\u30ec\u30af\u30b7\u30e7\u30f3 \u2014 \u30d5\u30e9\u30f3\u30b9\u88fd\u30fb\u6570\u91cf\u9650\u5b9a\u30ec\u30b6\u30fc\u30d0\u30c3\u30b0","isPartOf":{"@id":"https:\/\/www.stephaniecesaire.com\/ja\/#website"},"primaryImageOfPage":{"@id":"https:\/\/www.stephaniecesaire.com\/ja\/boutique\/%e3%83%90%e3%83%83%e3%82%b0\/capsule-cesaire-josephine-ja\/%e3%82%ab%e3%83%a9%e3%83%b3%e3%83%9c%e3%83%ab-%e3%83%bb%e4%b9%97%e7%94%a8%e9%a6%ac-%e3%82%ab%e3%83%bc%e3%83%95%e3%83%ac%e3%82%b6%e3%83%bc%e3%83%bb%e3%83%9e%e3%82%b9%e3%83%86%e3%82%a3%e3%83%83%e3%82%af\/#primaryimage"},"image":{"@id":"https:\/\/www.stephaniecesaire.com\/ja\/boutique\/%e3%83%90%e3%83%83%e3%82%b0\/capsule-cesaire-josephine-ja\/%e3%82%ab%e3%83%a9%e3%83%b3%e3%83%9c%e3%83%ab-%e3%83%bb%e4%b9%97%e7%94%a8%e9%a6%ac-%e3%82%ab%e3%83%bc%e3%83%95%e3%83%ac%e3%82%b6%e3%83%bc%e3%83%bb%e3%83%9e%e3%82%b9%e3%83%86%e3%82%a3%e3%83%83%e3%82%af\/#primaryimage"},"thumbnailUrl":"https:\/\/www.stephaniecesaire.com\/wp-content\/uploads\/2026\/02\/CaramboleJOSTaupeFace.jpg","datePublished":"2026-02-06T15:54:54+00:00","dateModified":"2026-02-13T14:40:30+00:00","description":"\u30d5\u30e9\u30f3\u30b9\u3067\u4e01\u5be7\u306b\u88fd\u4f5c\u3055\u308c\u305f6\u70b9\u306e\u30ec\u30b6\u30fc\u30d0\u30c3\u30b0\u3002 \u753b\u5bb6\u30a2\u30e9\u30f3\u30fb\u30b8\u30e7\u30bc\u30d5\u30a3\u30fc\u30cc\u306e\u4f5c\u54c1\u304b\u3089\u7740\u60f3\u3092\u5f97\u305f\u3001\u3059\u3079\u3066\u4e00\u70b9\u7269\u306e\u30b3\u30ec\u30af\u30b7\u30e7\u30f3\u3067\u3059\u3002","breadcrumb":{"@id":"https:\/\/www.stephaniecesaire.com\/ja\/boutique\/%e3%83%90%e3%83%83%e3%82%b0\/capsule-cesaire-josephine-ja\/%e3%82%ab%e3%83%a9%e3%83%b3%e3%83%9c%e3%83%ab-%e3%83%bb%e4%b9%97%e7%94%a8%e9%a6%ac-%e3%82%ab%e3%83%bc%e3%83%95%e3%83%ac%e3%82%b6%e3%83%bc%e3%83%bb%e3%83%9e%e3%82%b9%e3%83%86%e3%82%a3%e3%83%83%e3%82%af\/#breadcrumb"},"inLanguage":"ja","potentialAction":[{"@type":"ReadAction","target":["https:\/\/www.stephaniecesaire.com\/ja\/boutique\/%e3%83%90%e3%83%83%e3%82%b0\/capsule-cesaire-josephine-ja\/%e3%82%ab%e3%83%a9%e3%83%b3%e3%83%9c%e3%83%ab-%e3%83%bb%e4%b9%97%e7%94%a8%e9%a6%ac-%e3%82%ab%e3%83%bc%e3%83%95%e3%83%ac%e3%82%b6%e3%83%bc%e3%83%bb%e3%83%9e%e3%82%b9%e3%83%86%e3%82%a3%e3%83%83%e3%82%af\/"]}]},{"@type":"ImageObject","inLanguage":"ja","@id":"https:\/\/www.stephaniecesaire.com\/ja\/boutique\/%e3%83%90%e3%83%83%e3%82%b0\/capsule-cesaire-josephine-ja\/%e3%82%ab%e3%83%a9%e3%83%b3%e3%83%9c%e3%83%ab-%e3%83%bb%e4%b9%97%e7%94%a8%e9%a6%ac-%e3%82%ab%e3%83%bc%e3%83%95%e3%83%ac%e3%82%b6%e3%83%bc%e3%83%bb%e3%83%9e%e3%82%b9%e3%83%86%e3%82%a3%e3%83%83%e3%82%af\/#primaryimage","url":"https:\/\/www.stephaniecesaire.com\/wp-content\/uploads\/2026\/02\/CaramboleJOSTaupeFace.jpg","contentUrl":"https:\/\/www.stephaniecesaire.com\/wp-content\/uploads\/2026\/02\/CaramboleJOSTaupeFace.jpg","width":630,"height":945,"caption":"\u30bb\u30bc\u30fc\u30eb \u00d7 \u30b8\u30e7\u30bc\u30d5\u30a3\u30fc\u30cc \u30ab\u30d7\u30bb\u30eb\u30b3\u30ec\u30af\u30b7\u30e7\u30f3 \u2014 \u30d5\u30e9\u30f3\u30b9\u88fd\u30fb\u6570\u91cf\u9650\u5b9a\u30ec\u30b6\u30fc\u30d0\u30c3\u30b0"},{"@type":"BreadcrumbList","@id":"https:\/\/www.stephaniecesaire.com\/ja\/boutique\/%e3%83%90%e3%83%83%e3%82%b0\/capsule-cesaire-josephine-ja\/%e3%82%ab%e3%83%a9%e3%83%b3%e3%83%9c%e3%83%ab-%e3%83%bb%e4%b9%97%e7%94%a8%e9%a6%ac-%e3%82%ab%e3%83%bc%e3%83%95%e3%83%ac%e3%82%b6%e3%83%bc%e3%83%bb%e3%83%9e%e3%82%b9%e3%83%86%e3%82%a3%e3%83%83%e3%82%af\/#breadcrumb","itemListElement":[{"@type":"ListItem","position":1,"name":"Accueil","item":"https:\/\/www.stephaniecesaire.com\/ja\/"},{"@type":"ListItem","position":2,"name":"\u30b7\u30e7\u30c3\u30d7","item":"https:\/\/www.stephaniecesaire.com\/ja\/%e3%82%b7%e3%83%a7%e3%83%83%e3%83%97\/"},{"@type":"ListItem","position":3,"name":"\u30ab\u30e9\u30f3\u30dc\u30eb \u30fb \u30b8\u30e7\u30bc\u30d5\u30a3\u30fc\u30cc \u00d7 \u30bb\u30bc\u30fc\u30eb \u30ab\u30d7\u30bb\u30eb\u30fb\u30b5\u30c9\u30eb\u30ab\u30fc\u30d5\uff06\u30d7\u30ea\u30f3\u30c8\u30ab\u30fc\u30d5\u30ec\u30b6\u30fc \u30fb \u30c8\u30fc\u30d7"}]},{"@type":"WebSite","@id":"https:\/\/www.stephaniecesaire.com\/ja\/#website","url":"https:\/\/www.stephaniecesaire.com\/ja\/","name":"St\u00e9phanie C\u00e9saire","description":"Sac cr\u00e9ateur made in France - Maroquinerie de luxe","publisher":{"@id":"https:\/\/www.stephaniecesaire.com\/ja\/#organization"},"potentialAction":[{"@type":"SearchAction","target":{"@type":"EntryPoint","urlTemplate":"https:\/\/www.stephaniecesaire.com\/ja\/?s={search_term_string}"},"query-input":"required name=search_term_string"}],"inLanguage":"ja"},{"@type":"Organization","@id":"https:\/\/www.stephaniecesaire.com\/ja\/#organization","name":"St\u00e9phanie C\u00e9saire","url":"https:\/\/www.stephaniecesaire.com\/ja\/","logo":{"@type":"ImageObject","inLanguage":"ja","@id":"https:\/\/www.stephaniecesaire.com\/ja\/#\/schema\/logo\/image\/","url":"https:\/\/www.stephaniecesaire.com\/wp-content\/uploads\/2023\/10\/favicon.png","contentUrl":"https:\/\/www.stephaniecesaire.com\/wp-content\/uploads\/2023\/10\/favicon.png","width":512,"height":512,"caption":"St\u00e9phanie C\u00e9saire"},"image":{"@id":"https:\/\/www.stephaniecesaire.com\/ja\/#\/schema\/logo\/image\/"},"sameAs":["https:\/\/www.facebook.com\/cesaireparis\/","https:\/\/www.pinterest.fr\/cesaireparis\/","https:\/\/www.instagram.com\/cesaireparis.official\/"]}]}},"_links":{"self":[{"href":"https:\/\/www.stephaniecesaire.com\/ja\/wp-json\/wp\/v2\/product\/40535","targetHints":{"allow":["GET"]}}],"collection":[{"href":"https:\/\/www.stephaniecesaire.com\/ja\/wp-json\/wp\/v2\/product"}],"about":[{"href":"https:\/\/www.stephaniecesaire.com\/ja\/wp-json\/wp\/v2\/types\/product"}],"wp:featuredmedia":[{"embeddable":true,"href":"https:\/\/www.stephaniecesaire.com\/ja\/wp-json\/wp\/v2\/media\/40538"}],"wp:attachment":[{"href":"https:\/\/www.stephaniecesaire.com\/ja\/wp-json\/wp\/v2\/media?parent=40535"}],"wp:term":[{"taxonomy":"product_cat","embeddable":true,"href":"https:\/\/www.stephaniecesaire.com\/ja\/wp-json\/wp\/v2\/product_cat?post=40535"},{"taxonomy":"product_tag","embeddable":true,"href":"https:\/\/www.stephaniecesaire.com\/ja\/wp-json\/wp\/v2\/product_tag?post=40535"}],"curies":[{"name":"wp","href":"https:\/\/api.w.org\/{rel}","templated":true}]}}