{"id":40842,"date":"2026-02-25T18:13:49","date_gmt":"2026-02-25T17:13:49","guid":{"rendered":"https:\/\/www.stephaniecesaire.com\/?post_type=product&#038;p=40842"},"modified":"2026-02-25T18:23:46","modified_gmt":"2026-02-25T17:23:46","slug":"%e3%83%86%e3%82%a3%e3%83%86%e3%82%a3%e3%83%bb-%e3%83%90%e3%83%96%e3%83%ab%e3%83%a9%e3%83%a0%e3%83%ac%e3%82%b6%e3%83%bc%e3%83%bb%e3%82%ab%e3%83%a9%e3%83%a1%e3%83%ab-copie-2","status":"publish","type":"product","link":"https:\/\/www.stephaniecesaire.com\/ja\/boutique\/%e3%83%90%e3%83%83%e3%82%b0\/%e3%83%86%e3%82%a3%e3%83%86%e3%82%a3\/%e3%83%86%e3%82%a3%e3%83%86%e3%82%a3%e3%83%bb-%e3%83%90%e3%83%96%e3%83%ab%e3%83%a9%e3%83%a0%e3%83%ac%e3%82%b6%e3%83%bc%e3%83%bb%e3%82%ab%e3%83%a9%e3%83%a1%e3%83%ab-copie-2\/","title":{"rendered":"\u30c6\u30a3\u30c6\u30a3\u30fb \u30d0\u30d6\u30eb\u30e9\u30e0\u30ec\u30b6\u30fc\u30fb\u30c1\u30e7\u30b3"},"content":{"rendered":"<p>\u30c6\u30a3\u30c6\u30a3\u306b\u306f\u30e9\u30a4\u30cb\u30f3\u30b0\u306f\u4ed8\u3044\u3066\u3044\u307e\u305b\u3093\u304c\u3001 100%\u30b3\u30c3\u30c8\u30f3\u306e\u888b\u304c\u4ed8\u3044\u3066\u3044\u307e\u3059\u3002\u30d9\u30eb\u30c8\u306b\u3088\u3063\u3066\u7e4b\u304c\u308c\u305f\u89d2\u30ab\u30e9\u30d3\u30ca\u30a2\u30af\u3068\u771f\u936e\u30c1\u30a7\u30fc\u30f3\u304c\u30a2\u30af\u30bb\u30b5\u30ea\u30fc\u3068\u3057\u3066\u4ed8\u3044\u3066\u3044\u307e\u3059\u3002\u30d5\u30e9\u30f3\u30b9\u88fd<\/p>\n","protected":false},"excerpt":{"rendered":"<p>\u4e38\u3044\u30dc\u30ea\u30e5\u30fc\u30e0\u3068\u826f\u8cea\u306e\u30ec\u30b6\u30fc\u3092\u7528\u3044\u305f\u3001\u3053\u306e\u30b7\u30f3\u30d7\u30eb\u3067\u660e\u5feb\u306a\u30d0\u30c3\u30b0\u306f\u3001\u30bb\u30bc\u30fc\u30eb\u3068\u3044\u3046\u30d6\u30e9\u30f3\u30c9\u306e\u30a8\u30c3\u30bb\u30f3\u30b7\u30e3\u30eb\u306a\u6301\u3061\u5473\u3092\u3046\u307e\u304f\u7d44\u307f\u5408\u308f\u305b\u305f\u3082\u306e\u3068\u306a\u3063\u3066\u3044\u307e\u3059\u3002\u3000\u30ab\u30b8\u30e5\u30a2\u30eb\u3067\u3044\u306a\u304c\u3089\u30a8\u30ec\u30ac\u30f3\u30c8\u306a\u30c6\u30a3\u30c6\u30a3\u306f\u3001\u3069\u3093\u306a\u30b9\u30bf\u30a4\u30eb\u306b\u3082\u6c17\u3055\u304f\u306b\u30b3\u30fc\u30c7\u30a3\u30cd\u30fc\u30c8\u3067\u304d\u308b\u30d0\u30c3\u30b0\u3067\u3059\u3002<\/p>\n","protected":false},"featured_media":40848,"template":"","meta":[],"product_cat":[666],"product_tag":[673,671],"class_list":{"0":"post-40842","1":"product","2":"type-product","3":"status-publish","4":"has-post-thumbnail","6":"product_cat-666","7":"product_tag-673","8":"product_tag-671","9":"product_shipping_class-classe-de-livraison-1","10":"pa_porte-333","11":"pa_volume-sacs-souples-ja","12":"pa_volume-339","14":"first","15":"instock","16":"sold-individually","17":"taxable","18":"shipping-taxable","19":"purchasable","20":"product-type-simple"},"yoast_head":"<!-- This site is optimized with the Yoast SEO plugin v23.1 - https:\/\/yoast.com\/wordpress\/plugins\/seo\/ -->\n<title>\u30c6\u30a3\u30c6\u30a3\u30fb \u30d0\u30d6\u30eb\u30e9\u30e0\u30ec\u30b6\u30fc\u30fb\u30c1\u30e7\u30b3 - C\u00e9saire<\/title>\n<meta name=\"robots\" content=\"index, follow, max-snippet:-1, max-image-preview:large, max-video-preview:-1\" \/>\n<link rel=\"canonical\" href=\"https:\/\/www.stephaniecesaire.com\/ja\/boutique\/%e3%83%90%e3%83%83%e3%82%b0\/%e3%83%86%e3%82%a3%e3%83%86%e3%82%a3\/%e3%83%86%e3%82%a3%e3%83%86%e3%82%a3%e3%83%bb-%e3%83%90%e3%83%96%e3%83%ab%e3%83%a9%e3%83%a0%e3%83%ac%e3%82%b6%e3%83%bc%e3%83%bb%e3%82%ab%e3%83%a9%e3%83%a1%e3%83%ab-copie-2\/\" \/>\n<meta property=\"og:locale\" content=\"ja_JP\" \/>\n<meta property=\"og:type\" content=\"article\" \/>\n<meta property=\"og:title\" content=\"\u30c6\u30a3\u30c6\u30a3\u30fb \u30d0\u30d6\u30eb\u30e9\u30e0\u30ec\u30b6\u30fc\u30fb\u30c1\u30e7\u30b3 - C\u00e9saire\" \/>\n<meta property=\"og:description\" content=\"\u4e38\u3044\u30dc\u30ea\u30e5\u30fc\u30e0\u3068\u826f\u8cea\u306e\u30ec\u30b6\u30fc\u3092\u7528\u3044\u305f\u3001\u3053\u306e\u30b7\u30f3\u30d7\u30eb\u3067\u660e\u5feb\u306a\u30d0\u30c3\u30b0\u306f\u3001\u30bb\u30bc\u30fc\u30eb\u3068\u3044\u3046\u30d6\u30e9\u30f3\u30c9\u306e\u30a8\u30c3\u30bb\u30f3\u30b7\u30e3\u30eb\u306a\u6301\u3061\u5473\u3092\u3046\u307e\u304f\u7d44\u307f\u5408\u308f\u305b\u305f\u3082\u306e\u3068\u306a\u3063\u3066\u3044\u307e\u3059\u3002\u3000\u30ab\u30b8\u30e5\u30a2\u30eb\u3067\u3044\u306a\u304c\u3089\u30a8\u30ec\u30ac\u30f3\u30c8\u306a\u30c6\u30a3\u30c6\u30a3\u306f\u3001\u3069\u3093\u306a\u30b9\u30bf\u30a4\u30eb\u306b\u3082\u6c17\u3055\u304f\u306b\u30b3\u30fc\u30c7\u30a3\u30cd\u30fc\u30c8\u3067\u304d\u308b\u30d0\u30c3\u30b0\u3067\u3059\u3002\" \/>\n<meta property=\"og:url\" content=\"https:\/\/www.stephaniecesaire.com\/ja\/boutique\/%e3%83%90%e3%83%83%e3%82%b0\/%e3%83%86%e3%82%a3%e3%83%86%e3%82%a3\/%e3%83%86%e3%82%a3%e3%83%86%e3%82%a3%e3%83%bb-%e3%83%90%e3%83%96%e3%83%ab%e3%83%a9%e3%83%a0%e3%83%ac%e3%82%b6%e3%83%bc%e3%83%bb%e3%82%ab%e3%83%a9%e3%83%a1%e3%83%ab-copie-2\/\" \/>\n<meta property=\"og:site_name\" content=\"C\u00e9saire\" \/>\n<meta property=\"article:publisher\" content=\"https:\/\/www.facebook.com\/cesaireparis\/\" \/>\n<meta property=\"article:modified_time\" content=\"2026-02-25T17:23:46+00:00\" \/>\n<meta property=\"og:image\" content=\"https:\/\/www.stephaniecesaire.com\/wp-content\/uploads\/2026\/02\/TITIAGBChocolatProfil.jpg\" \/>\n\t<meta property=\"og:image:width\" content=\"630\" \/>\n\t<meta property=\"og:image:height\" content=\"945\" \/>\n\t<meta property=\"og:image:type\" content=\"image\/jpeg\" \/>\n<meta name=\"twitter:card\" content=\"summary_large_image\" \/>\n<meta name=\"twitter:label1\" content=\"\u63a8\u5b9a\u8aad\u307f\u53d6\u308a\u6642\u9593\" \/>\n\t<meta name=\"twitter:data1\" content=\"1\u5206\" \/>\n<script type=\"application\/ld+json\" class=\"yoast-schema-graph\">{\"@context\":\"https:\/\/schema.org\",\"@graph\":[{\"@type\":\"WebPage\",\"@id\":\"https:\/\/www.stephaniecesaire.com\/ja\/boutique\/%e3%83%90%e3%83%83%e3%82%b0\/%e3%83%86%e3%82%a3%e3%83%86%e3%82%a3\/%e3%83%86%e3%82%a3%e3%83%86%e3%82%a3%e3%83%bb-%e3%83%90%e3%83%96%e3%83%ab%e3%83%a9%e3%83%a0%e3%83%ac%e3%82%b6%e3%83%bc%e3%83%bb%e3%82%ab%e3%83%a9%e3%83%a1%e3%83%ab-copie-2\/\",\"url\":\"https:\/\/www.stephaniecesaire.com\/ja\/boutique\/%e3%83%90%e3%83%83%e3%82%b0\/%e3%83%86%e3%82%a3%e3%83%86%e3%82%a3\/%e3%83%86%e3%82%a3%e3%83%86%e3%82%a3%e3%83%bb-%e3%83%90%e3%83%96%e3%83%ab%e3%83%a9%e3%83%a0%e3%83%ac%e3%82%b6%e3%83%bc%e3%83%bb%e3%82%ab%e3%83%a9%e3%83%a1%e3%83%ab-copie-2\/\",\"name\":\"\u30c6\u30a3\u30c6\u30a3\u30fb \u30d0\u30d6\u30eb\u30e9\u30e0\u30ec\u30b6\u30fc\u30fb\u30c1\u30e7\u30b3 - C\u00e9saire\",\"isPartOf\":{\"@id\":\"https:\/\/www.stephaniecesaire.com\/ja\/#website\"},\"primaryImageOfPage\":{\"@id\":\"https:\/\/www.stephaniecesaire.com\/ja\/boutique\/%e3%83%90%e3%83%83%e3%82%b0\/%e3%83%86%e3%82%a3%e3%83%86%e3%82%a3\/%e3%83%86%e3%82%a3%e3%83%86%e3%82%a3%e3%83%bb-%e3%83%90%e3%83%96%e3%83%ab%e3%83%a9%e3%83%a0%e3%83%ac%e3%82%b6%e3%83%bc%e3%83%bb%e3%82%ab%e3%83%a9%e3%83%a1%e3%83%ab-copie-2\/#primaryimage\"},\"image\":{\"@id\":\"https:\/\/www.stephaniecesaire.com\/ja\/boutique\/%e3%83%90%e3%83%83%e3%82%b0\/%e3%83%86%e3%82%a3%e3%83%86%e3%82%a3\/%e3%83%86%e3%82%a3%e3%83%86%e3%82%a3%e3%83%bb-%e3%83%90%e3%83%96%e3%83%ab%e3%83%a9%e3%83%a0%e3%83%ac%e3%82%b6%e3%83%bc%e3%83%bb%e3%82%ab%e3%83%a9%e3%83%a1%e3%83%ab-copie-2\/#primaryimage\"},\"thumbnailUrl\":\"https:\/\/www.stephaniecesaire.com\/wp-content\/uploads\/2026\/02\/TITIAGBChocolatProfil.jpg\",\"datePublished\":\"2026-02-25T17:13:49+00:00\",\"dateModified\":\"2026-02-25T17:23:46+00:00\",\"breadcrumb\":{\"@id\":\"https:\/\/www.stephaniecesaire.com\/ja\/boutique\/%e3%83%90%e3%83%83%e3%82%b0\/%e3%83%86%e3%82%a3%e3%83%86%e3%82%a3\/%e3%83%86%e3%82%a3%e3%83%86%e3%82%a3%e3%83%bb-%e3%83%90%e3%83%96%e3%83%ab%e3%83%a9%e3%83%a0%e3%83%ac%e3%82%b6%e3%83%bc%e3%83%bb%e3%82%ab%e3%83%a9%e3%83%a1%e3%83%ab-copie-2\/#breadcrumb\"},\"inLanguage\":\"ja\",\"potentialAction\":[{\"@type\":\"ReadAction\",\"target\":[\"https:\/\/www.stephaniecesaire.com\/ja\/boutique\/%e3%83%90%e3%83%83%e3%82%b0\/%e3%83%86%e3%82%a3%e3%83%86%e3%82%a3\/%e3%83%86%e3%82%a3%e3%83%86%e3%82%a3%e3%83%bb-%e3%83%90%e3%83%96%e3%83%ab%e3%83%a9%e3%83%a0%e3%83%ac%e3%82%b6%e3%83%bc%e3%83%bb%e3%82%ab%e3%83%a9%e3%83%a1%e3%83%ab-copie-2\/\"]}]},{\"@type\":\"ImageObject\",\"inLanguage\":\"ja\",\"@id\":\"https:\/\/www.stephaniecesaire.com\/ja\/boutique\/%e3%83%90%e3%83%83%e3%82%b0\/%e3%83%86%e3%82%a3%e3%83%86%e3%82%a3\/%e3%83%86%e3%82%a3%e3%83%86%e3%82%a3%e3%83%bb-%e3%83%90%e3%83%96%e3%83%ab%e3%83%a9%e3%83%a0%e3%83%ac%e3%82%b6%e3%83%bc%e3%83%bb%e3%82%ab%e3%83%a9%e3%83%a1%e3%83%ab-copie-2\/#primaryimage\",\"url\":\"https:\/\/www.stephaniecesaire.com\/wp-content\/uploads\/2026\/02\/TITIAGBChocolatProfil.jpg\",\"contentUrl\":\"https:\/\/www.stephaniecesaire.com\/wp-content\/uploads\/2026\/02\/TITIAGBChocolatProfil.jpg\",\"width\":630,\"height\":945,\"caption\":\"Sac Cabas Titi C\u00e9saire Paris Sac made in France\"},{\"@type\":\"BreadcrumbList\",\"@id\":\"https:\/\/www.stephaniecesaire.com\/ja\/boutique\/%e3%83%90%e3%83%83%e3%82%b0\/%e3%83%86%e3%82%a3%e3%83%86%e3%82%a3\/%e3%83%86%e3%82%a3%e3%83%86%e3%82%a3%e3%83%bb-%e3%83%90%e3%83%96%e3%83%ab%e3%83%a9%e3%83%a0%e3%83%ac%e3%82%b6%e3%83%bc%e3%83%bb%e3%82%ab%e3%83%a9%e3%83%a1%e3%83%ab-copie-2\/#breadcrumb\",\"itemListElement\":[{\"@type\":\"ListItem\",\"position\":1,\"name\":\"Accueil\",\"item\":\"https:\/\/www.stephaniecesaire.com\/ja\/\"},{\"@type\":\"ListItem\",\"position\":2,\"name\":\"\u30b7\u30e7\u30c3\u30d7\",\"item\":\"https:\/\/www.stephaniecesaire.com\/ja\/%e3%82%b7%e3%83%a7%e3%83%83%e3%83%97\/\"},{\"@type\":\"ListItem\",\"position\":3,\"name\":\"\u30c6\u30a3\u30c6\u30a3\u30fb \u30d0\u30d6\u30eb\u30e9\u30e0\u30ec\u30b6\u30fc\u30fb\u30c1\u30e7\u30b3\"}]},{\"@type\":\"WebSite\",\"@id\":\"https:\/\/www.stephaniecesaire.com\/ja\/#website\",\"url\":\"https:\/\/www.stephaniecesaire.com\/ja\/\",\"name\":\"St\u00e9phanie C\u00e9saire\",\"description\":\"Sac cr\u00e9ateur made in France - Maroquinerie de luxe\",\"publisher\":{\"@id\":\"https:\/\/www.stephaniecesaire.com\/ja\/#organization\"},\"potentialAction\":[{\"@type\":\"SearchAction\",\"target\":{\"@type\":\"EntryPoint\",\"urlTemplate\":\"https:\/\/www.stephaniecesaire.com\/ja\/?s={search_term_string}\"},\"query-input\":\"required name=search_term_string\"}],\"inLanguage\":\"ja\"},{\"@type\":\"Organization\",\"@id\":\"https:\/\/www.stephaniecesaire.com\/ja\/#organization\",\"name\":\"St\u00e9phanie C\u00e9saire\",\"url\":\"https:\/\/www.stephaniecesaire.com\/ja\/\",\"logo\":{\"@type\":\"ImageObject\",\"inLanguage\":\"ja\",\"@id\":\"https:\/\/www.stephaniecesaire.com\/ja\/#\/schema\/logo\/image\/\",\"url\":\"https:\/\/www.stephaniecesaire.com\/wp-content\/uploads\/2023\/10\/favicon.png\",\"contentUrl\":\"https:\/\/www.stephaniecesaire.com\/wp-content\/uploads\/2023\/10\/favicon.png\",\"width\":512,\"height\":512,\"caption\":\"St\u00e9phanie C\u00e9saire\"},\"image\":{\"@id\":\"https:\/\/www.stephaniecesaire.com\/ja\/#\/schema\/logo\/image\/\"},\"sameAs\":[\"https:\/\/www.facebook.com\/cesaireparis\/\",\"https:\/\/www.pinterest.fr\/cesaireparis\/\",\"https:\/\/www.instagram.com\/cesaireparis.official\/\"]}]}<\/script>\n<!-- \/ Yoast SEO plugin. -->","yoast_head_json":{"title":"\u30c6\u30a3\u30c6\u30a3\u30fb \u30d0\u30d6\u30eb\u30e9\u30e0\u30ec\u30b6\u30fc\u30fb\u30c1\u30e7\u30b3 - C\u00e9saire","robots":{"index":"index","follow":"follow","max-snippet":"max-snippet:-1","max-image-preview":"max-image-preview:large","max-video-preview":"max-video-preview:-1"},"canonical":"https:\/\/www.stephaniecesaire.com\/ja\/boutique\/%e3%83%90%e3%83%83%e3%82%b0\/%e3%83%86%e3%82%a3%e3%83%86%e3%82%a3\/%e3%83%86%e3%82%a3%e3%83%86%e3%82%a3%e3%83%bb-%e3%83%90%e3%83%96%e3%83%ab%e3%83%a9%e3%83%a0%e3%83%ac%e3%82%b6%e3%83%bc%e3%83%bb%e3%82%ab%e3%83%a9%e3%83%a1%e3%83%ab-copie-2\/","og_locale":"ja_JP","og_type":"article","og_title":"\u30c6\u30a3\u30c6\u30a3\u30fb \u30d0\u30d6\u30eb\u30e9\u30e0\u30ec\u30b6\u30fc\u30fb\u30c1\u30e7\u30b3 - C\u00e9saire","og_description":"\u4e38\u3044\u30dc\u30ea\u30e5\u30fc\u30e0\u3068\u826f\u8cea\u306e\u30ec\u30b6\u30fc\u3092\u7528\u3044\u305f\u3001\u3053\u306e\u30b7\u30f3\u30d7\u30eb\u3067\u660e\u5feb\u306a\u30d0\u30c3\u30b0\u306f\u3001\u30bb\u30bc\u30fc\u30eb\u3068\u3044\u3046\u30d6\u30e9\u30f3\u30c9\u306e\u30a8\u30c3\u30bb\u30f3\u30b7\u30e3\u30eb\u306a\u6301\u3061\u5473\u3092\u3046\u307e\u304f\u7d44\u307f\u5408\u308f\u305b\u305f\u3082\u306e\u3068\u306a\u3063\u3066\u3044\u307e\u3059\u3002\u3000\u30ab\u30b8\u30e5\u30a2\u30eb\u3067\u3044\u306a\u304c\u3089\u30a8\u30ec\u30ac\u30f3\u30c8\u306a\u30c6\u30a3\u30c6\u30a3\u306f\u3001\u3069\u3093\u306a\u30b9\u30bf\u30a4\u30eb\u306b\u3082\u6c17\u3055\u304f\u306b\u30b3\u30fc\u30c7\u30a3\u30cd\u30fc\u30c8\u3067\u304d\u308b\u30d0\u30c3\u30b0\u3067\u3059\u3002","og_url":"https:\/\/www.stephaniecesaire.com\/ja\/boutique\/%e3%83%90%e3%83%83%e3%82%b0\/%e3%83%86%e3%82%a3%e3%83%86%e3%82%a3\/%e3%83%86%e3%82%a3%e3%83%86%e3%82%a3%e3%83%bb-%e3%83%90%e3%83%96%e3%83%ab%e3%83%a9%e3%83%a0%e3%83%ac%e3%82%b6%e3%83%bc%e3%83%bb%e3%82%ab%e3%83%a9%e3%83%a1%e3%83%ab-copie-2\/","og_site_name":"C\u00e9saire","article_publisher":"https:\/\/www.facebook.com\/cesaireparis\/","article_modified_time":"2026-02-25T17:23:46+00:00","og_image":[{"width":630,"height":945,"url":"https:\/\/www.stephaniecesaire.com\/wp-content\/uploads\/2026\/02\/TITIAGBChocolatProfil.jpg","type":"image\/jpeg"}],"twitter_card":"summary_large_image","twitter_misc":{"\u63a8\u5b9a\u8aad\u307f\u53d6\u308a\u6642\u9593":"1\u5206"},"schema":{"@context":"https:\/\/schema.org","@graph":[{"@type":"WebPage","@id":"https:\/\/www.stephaniecesaire.com\/ja\/boutique\/%e3%83%90%e3%83%83%e3%82%b0\/%e3%83%86%e3%82%a3%e3%83%86%e3%82%a3\/%e3%83%86%e3%82%a3%e3%83%86%e3%82%a3%e3%83%bb-%e3%83%90%e3%83%96%e3%83%ab%e3%83%a9%e3%83%a0%e3%83%ac%e3%82%b6%e3%83%bc%e3%83%bb%e3%82%ab%e3%83%a9%e3%83%a1%e3%83%ab-copie-2\/","url":"https:\/\/www.stephaniecesaire.com\/ja\/boutique\/%e3%83%90%e3%83%83%e3%82%b0\/%e3%83%86%e3%82%a3%e3%83%86%e3%82%a3\/%e3%83%86%e3%82%a3%e3%83%86%e3%82%a3%e3%83%bb-%e3%83%90%e3%83%96%e3%83%ab%e3%83%a9%e3%83%a0%e3%83%ac%e3%82%b6%e3%83%bc%e3%83%bb%e3%82%ab%e3%83%a9%e3%83%a1%e3%83%ab-copie-2\/","name":"\u30c6\u30a3\u30c6\u30a3\u30fb \u30d0\u30d6\u30eb\u30e9\u30e0\u30ec\u30b6\u30fc\u30fb\u30c1\u30e7\u30b3 - C\u00e9saire","isPartOf":{"@id":"https:\/\/www.stephaniecesaire.com\/ja\/#website"},"primaryImageOfPage":{"@id":"https:\/\/www.stephaniecesaire.com\/ja\/boutique\/%e3%83%90%e3%83%83%e3%82%b0\/%e3%83%86%e3%82%a3%e3%83%86%e3%82%a3\/%e3%83%86%e3%82%a3%e3%83%86%e3%82%a3%e3%83%bb-%e3%83%90%e3%83%96%e3%83%ab%e3%83%a9%e3%83%a0%e3%83%ac%e3%82%b6%e3%83%bc%e3%83%bb%e3%82%ab%e3%83%a9%e3%83%a1%e3%83%ab-copie-2\/#primaryimage"},"image":{"@id":"https:\/\/www.stephaniecesaire.com\/ja\/boutique\/%e3%83%90%e3%83%83%e3%82%b0\/%e3%83%86%e3%82%a3%e3%83%86%e3%82%a3\/%e3%83%86%e3%82%a3%e3%83%86%e3%82%a3%e3%83%bb-%e3%83%90%e3%83%96%e3%83%ab%e3%83%a9%e3%83%a0%e3%83%ac%e3%82%b6%e3%83%bc%e3%83%bb%e3%82%ab%e3%83%a9%e3%83%a1%e3%83%ab-copie-2\/#primaryimage"},"thumbnailUrl":"https:\/\/www.stephaniecesaire.com\/wp-content\/uploads\/2026\/02\/TITIAGBChocolatProfil.jpg","datePublished":"2026-02-25T17:13:49+00:00","dateModified":"2026-02-25T17:23:46+00:00","breadcrumb":{"@id":"https:\/\/www.stephaniecesaire.com\/ja\/boutique\/%e3%83%90%e3%83%83%e3%82%b0\/%e3%83%86%e3%82%a3%e3%83%86%e3%82%a3\/%e3%83%86%e3%82%a3%e3%83%86%e3%82%a3%e3%83%bb-%e3%83%90%e3%83%96%e3%83%ab%e3%83%a9%e3%83%a0%e3%83%ac%e3%82%b6%e3%83%bc%e3%83%bb%e3%82%ab%e3%83%a9%e3%83%a1%e3%83%ab-copie-2\/#breadcrumb"},"inLanguage":"ja","potentialAction":[{"@type":"ReadAction","target":["https:\/\/www.stephaniecesaire.com\/ja\/boutique\/%e3%83%90%e3%83%83%e3%82%b0\/%e3%83%86%e3%82%a3%e3%83%86%e3%82%a3\/%e3%83%86%e3%82%a3%e3%83%86%e3%82%a3%e3%83%bb-%e3%83%90%e3%83%96%e3%83%ab%e3%83%a9%e3%83%a0%e3%83%ac%e3%82%b6%e3%83%bc%e3%83%bb%e3%82%ab%e3%83%a9%e3%83%a1%e3%83%ab-copie-2\/"]}]},{"@type":"ImageObject","inLanguage":"ja","@id":"https:\/\/www.stephaniecesaire.com\/ja\/boutique\/%e3%83%90%e3%83%83%e3%82%b0\/%e3%83%86%e3%82%a3%e3%83%86%e3%82%a3\/%e3%83%86%e3%82%a3%e3%83%86%e3%82%a3%e3%83%bb-%e3%83%90%e3%83%96%e3%83%ab%e3%83%a9%e3%83%a0%e3%83%ac%e3%82%b6%e3%83%bc%e3%83%bb%e3%82%ab%e3%83%a9%e3%83%a1%e3%83%ab-copie-2\/#primaryimage","url":"https:\/\/www.stephaniecesaire.com\/wp-content\/uploads\/2026\/02\/TITIAGBChocolatProfil.jpg","contentUrl":"https:\/\/www.stephaniecesaire.com\/wp-content\/uploads\/2026\/02\/TITIAGBChocolatProfil.jpg","width":630,"height":945,"caption":"Sac Cabas Titi C\u00e9saire Paris Sac made in France"},{"@type":"BreadcrumbList","@id":"https:\/\/www.stephaniecesaire.com\/ja\/boutique\/%e3%83%90%e3%83%83%e3%82%b0\/%e3%83%86%e3%82%a3%e3%83%86%e3%82%a3\/%e3%83%86%e3%82%a3%e3%83%86%e3%82%a3%e3%83%bb-%e3%83%90%e3%83%96%e3%83%ab%e3%83%a9%e3%83%a0%e3%83%ac%e3%82%b6%e3%83%bc%e3%83%bb%e3%82%ab%e3%83%a9%e3%83%a1%e3%83%ab-copie-2\/#breadcrumb","itemListElement":[{"@type":"ListItem","position":1,"name":"Accueil","item":"https:\/\/www.stephaniecesaire.com\/ja\/"},{"@type":"ListItem","position":2,"name":"\u30b7\u30e7\u30c3\u30d7","item":"https:\/\/www.stephaniecesaire.com\/ja\/%e3%82%b7%e3%83%a7%e3%83%83%e3%83%97\/"},{"@type":"ListItem","position":3,"name":"\u30c6\u30a3\u30c6\u30a3\u30fb \u30d0\u30d6\u30eb\u30e9\u30e0\u30ec\u30b6\u30fc\u30fb\u30c1\u30e7\u30b3"}]},{"@type":"WebSite","@id":"https:\/\/www.stephaniecesaire.com\/ja\/#website","url":"https:\/\/www.stephaniecesaire.com\/ja\/","name":"St\u00e9phanie C\u00e9saire","description":"Sac cr\u00e9ateur made in France - Maroquinerie de luxe","publisher":{"@id":"https:\/\/www.stephaniecesaire.com\/ja\/#organization"},"potentialAction":[{"@type":"SearchAction","target":{"@type":"EntryPoint","urlTemplate":"https:\/\/www.stephaniecesaire.com\/ja\/?s={search_term_string}"},"query-input":"required name=search_term_string"}],"inLanguage":"ja"},{"@type":"Organization","@id":"https:\/\/www.stephaniecesaire.com\/ja\/#organization","name":"St\u00e9phanie C\u00e9saire","url":"https:\/\/www.stephaniecesaire.com\/ja\/","logo":{"@type":"ImageObject","inLanguage":"ja","@id":"https:\/\/www.stephaniecesaire.com\/ja\/#\/schema\/logo\/image\/","url":"https:\/\/www.stephaniecesaire.com\/wp-content\/uploads\/2023\/10\/favicon.png","contentUrl":"https:\/\/www.stephaniecesaire.com\/wp-content\/uploads\/2023\/10\/favicon.png","width":512,"height":512,"caption":"St\u00e9phanie C\u00e9saire"},"image":{"@id":"https:\/\/www.stephaniecesaire.com\/ja\/#\/schema\/logo\/image\/"},"sameAs":["https:\/\/www.facebook.com\/cesaireparis\/","https:\/\/www.pinterest.fr\/cesaireparis\/","https:\/\/www.instagram.com\/cesaireparis.official\/"]}]}},"_links":{"self":[{"href":"https:\/\/www.stephaniecesaire.com\/ja\/wp-json\/wp\/v2\/product\/40842","targetHints":{"allow":["GET"]}}],"collection":[{"href":"https:\/\/www.stephaniecesaire.com\/ja\/wp-json\/wp\/v2\/product"}],"about":[{"href":"https:\/\/www.stephaniecesaire.com\/ja\/wp-json\/wp\/v2\/types\/product"}],"wp:featuredmedia":[{"embeddable":true,"href":"https:\/\/www.stephaniecesaire.com\/ja\/wp-json\/wp\/v2\/media\/40848"}],"wp:attachment":[{"href":"https:\/\/www.stephaniecesaire.com\/ja\/wp-json\/wp\/v2\/media?parent=40842"}],"wp:term":[{"taxonomy":"product_cat","embeddable":true,"href":"https:\/\/www.stephaniecesaire.com\/ja\/wp-json\/wp\/v2\/product_cat?post=40842"},{"taxonomy":"product_tag","embeddable":true,"href":"https:\/\/www.stephaniecesaire.com\/ja\/wp-json\/wp\/v2\/product_tag?post=40842"}],"curies":[{"name":"wp","href":"https:\/\/api.w.org\/{rel}","templated":true}]}}