{"id":41040,"date":"2026-03-07T16:46:58","date_gmt":"2026-03-07T15:46:58","guid":{"rendered":"https:\/\/www.stephaniecesaire.com\/?post_type=product&#038;p=41040"},"modified":"2026-03-07T17:19:33","modified_gmt":"2026-03-07T16:19:33","slug":"%e3%83%8a%e3%83%ab%e3%82%b7%e3%82%b9%e3%83%bb%e3%82%b0%e3%83%ac%e3%82%a4%e3%83%b3%e3%83%88%e3%83%aa%e3%83%a8%e3%83%b3%e3%83%ac%e3%82%b6%e3%83%bc-%e3%83%bb%e3%83%96%e3%83%ad%e3%83%b3%e3%82%ba-copie","status":"publish","type":"product","link":"https:\/\/www.stephaniecesaire.com\/ja\/boutique\/%e3%83%90%e3%83%83%e3%82%b0\/narcisse-ja\/%e3%83%8a%e3%83%ab%e3%82%b7%e3%82%b9%e3%83%bb%e3%82%b0%e3%83%ac%e3%82%a4%e3%83%b3%e3%83%88%e3%83%aa%e3%83%a8%e3%83%b3%e3%83%ac%e3%82%b6%e3%83%bc-%e3%83%bb%e3%83%96%e3%83%ad%e3%83%b3%e3%82%ba-copie\/","title":{"rendered":"\u30ca\u30eb\u30b7\u30b9\u30fb\u4e57\u7528\u99ac \u30ab\u30fc\u30d5\u30ec\u30b6\u30fc\u30fb \u30b9\u30ec\u30fc\u30c8"},"content":{"rendered":"<p>\u30ca\u30eb\u30b7\u30b9\u306f\u3001\u4e00\u672c\u306e\u30cf\u30f3\u30c9\u30eb\u3092\u5099\u3048\u305f\u30b7\u30e7\u30eb\u30c0\u30fc\u30d0\u30c3\u30b0\u3067\u3059\u3002<br \/>\n\u30de\u30b0\u30cd\u30c3\u30c8\u7559\u3081\u3067\u958b\u9589\u3057\u3001\u5185\u88c5\u306f\u30c8\u30fc\u30d7\u30ab\u30e9\u30fc\u306e\u30b3\u30c3\u30c8\u30f3\u30c4\u30a4\u30eb\u3067\u4ed5\u7acb\u3066\u3089\u308c\u3001\u30d5\u30a1\u30b9\u30ca\u30fc\u4ed8\u304d\u30dd\u30b1\u30c3\u30c8\u3068\u643a\u5e2f\u7528\u30dd\u30b1\u30c3\u30c8\u3092\u5099\u3048\u3066\u3044\u307e\u3059\u3002\u5e95\u9762\u306b\u306f\u5e95\u92f2\u304c\u65bd\u3055\u308c\u3066\u3044\u307e\u3059\u3002\u30ca\u30eb\u30b7\u30b9\u306f\u30d5\u30e9\u30f3\u30b9\u88fd\u3067\u3059\u3002<\/p>\n","protected":false},"excerpt":{"rendered":"<p>\u30ca\u30eb\u30b7\u30b9\u306f\u3001\u30b9\u30c6\u30d5\u30a1\u30cb\u30fc\u30fb\u30bb\u30bc\u30fc\u30eb\u306e\u5275\u4f5c\u306b\u304a\u3051\u308b\u672c\u8cea\u7684\u306a\u7f8e\u610f\u8b58\u3092\u7684\u78ba\u306b\u4f53\u73fe\u3057\u3066\u3044\u307e\u3059\u3002<br \/>\n\u63a7\u3048\u3081\u3067\u6d17\u7df4\u3055\u308c\u305f\u4f47\u307e\u3044\u306e\u30d0\u30c3\u30b0\u3001\u30ca\u30eb\u30b7\u30b9\u3002\u305d\u306e\u69cb\u9020\u306f\u3001\u529b\u5f37\u304f\u65bd\u3055\u308c\u305f\u30bb\u30ea\u30a8\u4ed5\u4e0a\u3052\u306e\u30b9\u30c6\u30c3\u30c1\u306b\u3088\u3063\u3066\u6d6e\u304b\u3073\u4e0a\u304c\u308a\u3001\u5b98\u80fd\u7684\u306a\u30ec\u30b6\u30fc\u304c\u305d\u306e\u4e0a\u306b\u9759\u304b\u306b\u91cd\u306d\u3089\u308c\u307e\u3059\u3002<br \/>\n\u8efd\u3084\u304b\u306a\u30c8\u30e9\u30da\u30fc\u30ba\u578b\u306e\u30b7\u30eb\u30a8\u30c3\u30c8\u306f\u3001\u6df1\u304f\u6298\u308a\u8fd4\u3055\u308c\u305f\u5b58\u5728\u611f\u306e\u3042\u308b\u895f\u5143\u306b\u3088\u3063\u3066\u969b\u7acb\u3061\u3001\u30d5\u30eb\u30b0\u30ec\u30a4\u30f3\u30ec\u30b6\u30fc\u306e\u3057\u306a\u3084\u304b\u3055\u3068\u4e38\u307f\u3092\u540c\u6642\u306b\u611f\u3058\u3055\u305b\u307e\u3059\u3002<br \/>\n\u3084\u308f\u3089\u304b\u306a\u66f2\u7dda\u3092\u63cf\u304f\u4e00\u672c\u306e\u30cf\u30f3\u30c9\u30eb\u306f\u3001\u3053\u306e\u90fd\u4f1a\u7684\u306a\u30dc\u30ea\u30e5\u30fc\u30e0\u304b\u3089\u830e\u306e\u3088\u3046\u306b\u7acb\u3061\u4e0a\u304c\u308a\u3001\u3069\u3053\u304b\u81ea\u5df1\u3092\u898b\u3064\u3081\u308b\u3088\u3046\u306a\u3001\u7a4f\u3084\u304b\u3067\u30ca\u30eb\u30b7\u30b9\u30c6\u30a3\u30c3\u30af\u306a\u7f8e\u3057\u3055\u3092\u5bbf\u3057\u3066\u3044\u307e\u3059\u3002<\/p>\n","protected":false},"featured_media":41055,"template":"","meta":[],"product_cat":[2193],"product_tag":[673],"class_list":{"0":"post-41040","1":"product","2":"type-product","3":"status-publish","4":"has-post-thumbnail","6":"product_cat-narcisse-ja","7":"product_tag-673","8":"product_shipping_class-classe-de-livraison-3","9":"pa_porte-333","10":"pa_volume-339","12":"first","13":"onbackorder","14":"taxable","15":"shipping-taxable","16":"purchasable","17":"product-type-simple"},"yoast_head":"<!-- This site is optimized with the Yoast SEO plugin v23.1 - https:\/\/yoast.com\/wordpress\/plugins\/seo\/ -->\n<title>\u30ca\u30eb\u30b7\u30b9\uff5c\u69cb\u7bc9\u7684\u306a\u80a9\u639b\u3051\u30ec\u30b6\u30fc\u30d0\u30c3\u30b0\uff5c\u30bb\u30bc\u30fc\u30eb\u30fb\u30d1\u30ea\uff5c\u30d5\u30e9\u30f3\u30b9\u88fd<\/title>\n<meta name=\"description\" content=\"\u30ca\u30eb\u30b7\u30b9\u306f\u3001\u30d5\u30eb\u30b0\u30ec\u30a4\u30f3\u30ec\u30b6\u30fc\u3092\u4f7f\u7528\u3057\u305f\u69cb\u7bc9\u7684\u306a\u80a9\u639b\u3051\u30d0\u30c3\u30b0\u3002\u30a8\u30d4\u30e5\u30a2\u306a\u30c7\u30b6\u30a4\u30f3\u3068\u969b\u7acb\u3064\u30bb\u30ea\u30a8\u4ed5\u4e0a\u3052\u304c\u7279\u5fb4\u306e\u3001\u30bb\u30bc\u30fc\u30eb\u30fb\u30d1\u30ea\u306b\u3088\u308b\u30d5\u30e9\u30f3\u30b9\u88fd\u30d0\u30c3\u30b0\u3067\u3059\u3002\" \/>\n<meta name=\"robots\" content=\"index, follow, max-snippet:-1, max-image-preview:large, max-video-preview:-1\" \/>\n<link rel=\"canonical\" href=\"https:\/\/www.stephaniecesaire.com\/ja\/boutique\/%e3%83%90%e3%83%83%e3%82%b0\/narcisse-ja\/%e3%83%8a%e3%83%ab%e3%82%b7%e3%82%b9%e3%83%bb%e3%82%b0%e3%83%ac%e3%82%a4%e3%83%b3%e3%83%88%e3%83%aa%e3%83%a8%e3%83%b3%e3%83%ac%e3%82%b6%e3%83%bc-%e3%83%bb%e3%83%96%e3%83%ad%e3%83%b3%e3%82%ba-copie\/\" \/>\n<meta property=\"og:locale\" content=\"ja_JP\" \/>\n<meta property=\"og:type\" content=\"article\" \/>\n<meta property=\"og:title\" content=\"\u30ca\u30eb\u30b7\u30b9\uff5c\u69cb\u7bc9\u7684\u306a\u80a9\u639b\u3051\u30ec\u30b6\u30fc\u30d0\u30c3\u30b0\uff5c\u30bb\u30bc\u30fc\u30eb\u30fb\u30d1\u30ea\uff5c\u30d5\u30e9\u30f3\u30b9\u88fd\" \/>\n<meta property=\"og:description\" content=\"\u30ca\u30eb\u30b7\u30b9\u306f\u3001\u30d5\u30eb\u30b0\u30ec\u30a4\u30f3\u30ec\u30b6\u30fc\u3092\u4f7f\u7528\u3057\u305f\u69cb\u7bc9\u7684\u306a\u80a9\u639b\u3051\u30d0\u30c3\u30b0\u3002\u30a8\u30d4\u30e5\u30a2\u306a\u30c7\u30b6\u30a4\u30f3\u3068\u969b\u7acb\u3064\u30bb\u30ea\u30a8\u4ed5\u4e0a\u3052\u304c\u7279\u5fb4\u306e\u3001\u30bb\u30bc\u30fc\u30eb\u30fb\u30d1\u30ea\u306b\u3088\u308b\u30d5\u30e9\u30f3\u30b9\u88fd\u30d0\u30c3\u30b0\u3067\u3059\u3002\" \/>\n<meta property=\"og:url\" content=\"https:\/\/www.stephaniecesaire.com\/ja\/boutique\/%e3%83%90%e3%83%83%e3%82%b0\/narcisse-ja\/%e3%83%8a%e3%83%ab%e3%82%b7%e3%82%b9%e3%83%bb%e3%82%b0%e3%83%ac%e3%82%a4%e3%83%b3%e3%83%88%e3%83%aa%e3%83%a8%e3%83%b3%e3%83%ac%e3%82%b6%e3%83%bc-%e3%83%bb%e3%83%96%e3%83%ad%e3%83%b3%e3%82%ba-copie\/\" \/>\n<meta property=\"og:site_name\" content=\"C\u00e9saire\" \/>\n<meta property=\"article:publisher\" content=\"https:\/\/www.facebook.com\/cesaireparis\/\" \/>\n<meta property=\"article:modified_time\" content=\"2026-03-07T16:19:33+00:00\" \/>\n<meta property=\"og:image\" content=\"https:\/\/www.stephaniecesaire.com\/wp-content\/uploads\/2026\/03\/NarcisseVPOArdoiseProfil.jpg\" \/>\n\t<meta property=\"og:image:width\" content=\"630\" \/>\n\t<meta property=\"og:image:height\" content=\"945\" \/>\n\t<meta property=\"og:image:type\" content=\"image\/jpeg\" \/>\n<meta name=\"twitter:card\" content=\"summary_large_image\" \/>\n<script type=\"application\/ld+json\" class=\"yoast-schema-graph\">{\"@context\":\"https:\/\/schema.org\",\"@graph\":[{\"@type\":\"WebPage\",\"@id\":\"https:\/\/www.stephaniecesaire.com\/ja\/boutique\/%e3%83%90%e3%83%83%e3%82%b0\/narcisse-ja\/%e3%83%8a%e3%83%ab%e3%82%b7%e3%82%b9%e3%83%bb%e3%82%b0%e3%83%ac%e3%82%a4%e3%83%b3%e3%83%88%e3%83%aa%e3%83%a8%e3%83%b3%e3%83%ac%e3%82%b6%e3%83%bc-%e3%83%bb%e3%83%96%e3%83%ad%e3%83%b3%e3%82%ba-copie\/\",\"url\":\"https:\/\/www.stephaniecesaire.com\/ja\/boutique\/%e3%83%90%e3%83%83%e3%82%b0\/narcisse-ja\/%e3%83%8a%e3%83%ab%e3%82%b7%e3%82%b9%e3%83%bb%e3%82%b0%e3%83%ac%e3%82%a4%e3%83%b3%e3%83%88%e3%83%aa%e3%83%a8%e3%83%b3%e3%83%ac%e3%82%b6%e3%83%bc-%e3%83%bb%e3%83%96%e3%83%ad%e3%83%b3%e3%82%ba-copie\/\",\"name\":\"\u30ca\u30eb\u30b7\u30b9\uff5c\u69cb\u7bc9\u7684\u306a\u80a9\u639b\u3051\u30ec\u30b6\u30fc\u30d0\u30c3\u30b0\uff5c\u30bb\u30bc\u30fc\u30eb\u30fb\u30d1\u30ea\uff5c\u30d5\u30e9\u30f3\u30b9\u88fd\",\"isPartOf\":{\"@id\":\"https:\/\/www.stephaniecesaire.com\/ja\/#website\"},\"primaryImageOfPage\":{\"@id\":\"https:\/\/www.stephaniecesaire.com\/ja\/boutique\/%e3%83%90%e3%83%83%e3%82%b0\/narcisse-ja\/%e3%83%8a%e3%83%ab%e3%82%b7%e3%82%b9%e3%83%bb%e3%82%b0%e3%83%ac%e3%82%a4%e3%83%b3%e3%83%88%e3%83%aa%e3%83%a8%e3%83%b3%e3%83%ac%e3%82%b6%e3%83%bc-%e3%83%bb%e3%83%96%e3%83%ad%e3%83%b3%e3%82%ba-copie\/#primaryimage\"},\"image\":{\"@id\":\"https:\/\/www.stephaniecesaire.com\/ja\/boutique\/%e3%83%90%e3%83%83%e3%82%b0\/narcisse-ja\/%e3%83%8a%e3%83%ab%e3%82%b7%e3%82%b9%e3%83%bb%e3%82%b0%e3%83%ac%e3%82%a4%e3%83%b3%e3%83%88%e3%83%aa%e3%83%a8%e3%83%b3%e3%83%ac%e3%82%b6%e3%83%bc-%e3%83%bb%e3%83%96%e3%83%ad%e3%83%b3%e3%82%ba-copie\/#primaryimage\"},\"thumbnailUrl\":\"https:\/\/www.stephaniecesaire.com\/wp-content\/uploads\/2026\/03\/NarcisseVPOArdoiseProfil.jpg\",\"datePublished\":\"2026-03-07T15:46:58+00:00\",\"dateModified\":\"2026-03-07T16:19:33+00:00\",\"description\":\"\u30ca\u30eb\u30b7\u30b9\u306f\u3001\u30d5\u30eb\u30b0\u30ec\u30a4\u30f3\u30ec\u30b6\u30fc\u3092\u4f7f\u7528\u3057\u305f\u69cb\u7bc9\u7684\u306a\u80a9\u639b\u3051\u30d0\u30c3\u30b0\u3002\u30a8\u30d4\u30e5\u30a2\u306a\u30c7\u30b6\u30a4\u30f3\u3068\u969b\u7acb\u3064\u30bb\u30ea\u30a8\u4ed5\u4e0a\u3052\u304c\u7279\u5fb4\u306e\u3001\u30bb\u30bc\u30fc\u30eb\u30fb\u30d1\u30ea\u306b\u3088\u308b\u30d5\u30e9\u30f3\u30b9\u88fd\u30d0\u30c3\u30b0\u3067\u3059\u3002\",\"breadcrumb\":{\"@id\":\"https:\/\/www.stephaniecesaire.com\/ja\/boutique\/%e3%83%90%e3%83%83%e3%82%b0\/narcisse-ja\/%e3%83%8a%e3%83%ab%e3%82%b7%e3%82%b9%e3%83%bb%e3%82%b0%e3%83%ac%e3%82%a4%e3%83%b3%e3%83%88%e3%83%aa%e3%83%a8%e3%83%b3%e3%83%ac%e3%82%b6%e3%83%bc-%e3%83%bb%e3%83%96%e3%83%ad%e3%83%b3%e3%82%ba-copie\/#breadcrumb\"},\"inLanguage\":\"ja\",\"potentialAction\":[{\"@type\":\"ReadAction\",\"target\":[\"https:\/\/www.stephaniecesaire.com\/ja\/boutique\/%e3%83%90%e3%83%83%e3%82%b0\/narcisse-ja\/%e3%83%8a%e3%83%ab%e3%82%b7%e3%82%b9%e3%83%bb%e3%82%b0%e3%83%ac%e3%82%a4%e3%83%b3%e3%83%88%e3%83%aa%e3%83%a8%e3%83%b3%e3%83%ac%e3%82%b6%e3%83%bc-%e3%83%bb%e3%83%96%e3%83%ad%e3%83%b3%e3%82%ba-copie\/\"]}]},{\"@type\":\"ImageObject\",\"inLanguage\":\"ja\",\"@id\":\"https:\/\/www.stephaniecesaire.com\/ja\/boutique\/%e3%83%90%e3%83%83%e3%82%b0\/narcisse-ja\/%e3%83%8a%e3%83%ab%e3%82%b7%e3%82%b9%e3%83%bb%e3%82%b0%e3%83%ac%e3%82%a4%e3%83%b3%e3%83%88%e3%83%aa%e3%83%a8%e3%83%b3%e3%83%ac%e3%82%b6%e3%83%bc-%e3%83%bb%e3%83%96%e3%83%ad%e3%83%b3%e3%82%ba-copie\/#primaryimage\",\"url\":\"https:\/\/www.stephaniecesaire.com\/wp-content\/uploads\/2026\/03\/NarcisseVPOArdoiseProfil.jpg\",\"contentUrl\":\"https:\/\/www.stephaniecesaire.com\/wp-content\/uploads\/2026\/03\/NarcisseVPOArdoiseProfil.jpg\",\"width\":630,\"height\":945,\"caption\":\"\u30ca\u30eb\u30b7\u30b9\uff5c\u69cb\u7bc9\u7684\u306a\u80a9\u639b\u3051\u30ec\u30b6\u30fc\u30d0\u30c3\u30b0\uff5c\u30bb\u30bc\u30fc\u30eb\u30fb\u30d1\u30ea\uff5c\u30d5\u30e9\u30f3\u30b9\u88fdNarcisse \u2013 Sac \u00e9paule structur\u00e9 | C\u00e9saire Paris | maroquinerie Fran\u00e7aise\"},{\"@type\":\"BreadcrumbList\",\"@id\":\"https:\/\/www.stephaniecesaire.com\/ja\/boutique\/%e3%83%90%e3%83%83%e3%82%b0\/narcisse-ja\/%e3%83%8a%e3%83%ab%e3%82%b7%e3%82%b9%e3%83%bb%e3%82%b0%e3%83%ac%e3%82%a4%e3%83%b3%e3%83%88%e3%83%aa%e3%83%a8%e3%83%b3%e3%83%ac%e3%82%b6%e3%83%bc-%e3%83%bb%e3%83%96%e3%83%ad%e3%83%b3%e3%82%ba-copie\/#breadcrumb\",\"itemListElement\":[{\"@type\":\"ListItem\",\"position\":1,\"name\":\"Accueil\",\"item\":\"https:\/\/www.stephaniecesaire.com\/ja\/\"},{\"@type\":\"ListItem\",\"position\":2,\"name\":\"\u30b7\u30e7\u30c3\u30d7\",\"item\":\"https:\/\/www.stephaniecesaire.com\/ja\/%e3%82%b7%e3%83%a7%e3%83%83%e3%83%97\/\"},{\"@type\":\"ListItem\",\"position\":3,\"name\":\"\u30ca\u30eb\u30b7\u30b9\u30fb\u4e57\u7528\u99ac \u30ab\u30fc\u30d5\u30ec\u30b6\u30fc\u30fb \u30b9\u30ec\u30fc\u30c8\"}]},{\"@type\":\"WebSite\",\"@id\":\"https:\/\/www.stephaniecesaire.com\/ja\/#website\",\"url\":\"https:\/\/www.stephaniecesaire.com\/ja\/\",\"name\":\"St\u00e9phanie C\u00e9saire\",\"description\":\"Sac cr\u00e9ateur made in France - Maroquinerie de luxe\",\"publisher\":{\"@id\":\"https:\/\/www.stephaniecesaire.com\/ja\/#organization\"},\"potentialAction\":[{\"@type\":\"SearchAction\",\"target\":{\"@type\":\"EntryPoint\",\"urlTemplate\":\"https:\/\/www.stephaniecesaire.com\/ja\/?s={search_term_string}\"},\"query-input\":\"required name=search_term_string\"}],\"inLanguage\":\"ja\"},{\"@type\":\"Organization\",\"@id\":\"https:\/\/www.stephaniecesaire.com\/ja\/#organization\",\"name\":\"St\u00e9phanie C\u00e9saire\",\"url\":\"https:\/\/www.stephaniecesaire.com\/ja\/\",\"logo\":{\"@type\":\"ImageObject\",\"inLanguage\":\"ja\",\"@id\":\"https:\/\/www.stephaniecesaire.com\/ja\/#\/schema\/logo\/image\/\",\"url\":\"https:\/\/www.stephaniecesaire.com\/wp-content\/uploads\/2023\/10\/favicon.png\",\"contentUrl\":\"https:\/\/www.stephaniecesaire.com\/wp-content\/uploads\/2023\/10\/favicon.png\",\"width\":512,\"height\":512,\"caption\":\"St\u00e9phanie C\u00e9saire\"},\"image\":{\"@id\":\"https:\/\/www.stephaniecesaire.com\/ja\/#\/schema\/logo\/image\/\"},\"sameAs\":[\"https:\/\/www.facebook.com\/cesaireparis\/\",\"https:\/\/www.pinterest.fr\/cesaireparis\/\",\"https:\/\/www.instagram.com\/cesaireparis.official\/\"]}]}<\/script>\n<!-- \/ Yoast SEO plugin. -->","yoast_head_json":{"title":"\u30ca\u30eb\u30b7\u30b9\uff5c\u69cb\u7bc9\u7684\u306a\u80a9\u639b\u3051\u30ec\u30b6\u30fc\u30d0\u30c3\u30b0\uff5c\u30bb\u30bc\u30fc\u30eb\u30fb\u30d1\u30ea\uff5c\u30d5\u30e9\u30f3\u30b9\u88fd","description":"\u30ca\u30eb\u30b7\u30b9\u306f\u3001\u30d5\u30eb\u30b0\u30ec\u30a4\u30f3\u30ec\u30b6\u30fc\u3092\u4f7f\u7528\u3057\u305f\u69cb\u7bc9\u7684\u306a\u80a9\u639b\u3051\u30d0\u30c3\u30b0\u3002\u30a8\u30d4\u30e5\u30a2\u306a\u30c7\u30b6\u30a4\u30f3\u3068\u969b\u7acb\u3064\u30bb\u30ea\u30a8\u4ed5\u4e0a\u3052\u304c\u7279\u5fb4\u306e\u3001\u30bb\u30bc\u30fc\u30eb\u30fb\u30d1\u30ea\u306b\u3088\u308b\u30d5\u30e9\u30f3\u30b9\u88fd\u30d0\u30c3\u30b0\u3067\u3059\u3002","robots":{"index":"index","follow":"follow","max-snippet":"max-snippet:-1","max-image-preview":"max-image-preview:large","max-video-preview":"max-video-preview:-1"},"canonical":"https:\/\/www.stephaniecesaire.com\/ja\/boutique\/%e3%83%90%e3%83%83%e3%82%b0\/narcisse-ja\/%e3%83%8a%e3%83%ab%e3%82%b7%e3%82%b9%e3%83%bb%e3%82%b0%e3%83%ac%e3%82%a4%e3%83%b3%e3%83%88%e3%83%aa%e3%83%a8%e3%83%b3%e3%83%ac%e3%82%b6%e3%83%bc-%e3%83%bb%e3%83%96%e3%83%ad%e3%83%b3%e3%82%ba-copie\/","og_locale":"ja_JP","og_type":"article","og_title":"\u30ca\u30eb\u30b7\u30b9\uff5c\u69cb\u7bc9\u7684\u306a\u80a9\u639b\u3051\u30ec\u30b6\u30fc\u30d0\u30c3\u30b0\uff5c\u30bb\u30bc\u30fc\u30eb\u30fb\u30d1\u30ea\uff5c\u30d5\u30e9\u30f3\u30b9\u88fd","og_description":"\u30ca\u30eb\u30b7\u30b9\u306f\u3001\u30d5\u30eb\u30b0\u30ec\u30a4\u30f3\u30ec\u30b6\u30fc\u3092\u4f7f\u7528\u3057\u305f\u69cb\u7bc9\u7684\u306a\u80a9\u639b\u3051\u30d0\u30c3\u30b0\u3002\u30a8\u30d4\u30e5\u30a2\u306a\u30c7\u30b6\u30a4\u30f3\u3068\u969b\u7acb\u3064\u30bb\u30ea\u30a8\u4ed5\u4e0a\u3052\u304c\u7279\u5fb4\u306e\u3001\u30bb\u30bc\u30fc\u30eb\u30fb\u30d1\u30ea\u306b\u3088\u308b\u30d5\u30e9\u30f3\u30b9\u88fd\u30d0\u30c3\u30b0\u3067\u3059\u3002","og_url":"https:\/\/www.stephaniecesaire.com\/ja\/boutique\/%e3%83%90%e3%83%83%e3%82%b0\/narcisse-ja\/%e3%83%8a%e3%83%ab%e3%82%b7%e3%82%b9%e3%83%bb%e3%82%b0%e3%83%ac%e3%82%a4%e3%83%b3%e3%83%88%e3%83%aa%e3%83%a8%e3%83%b3%e3%83%ac%e3%82%b6%e3%83%bc-%e3%83%bb%e3%83%96%e3%83%ad%e3%83%b3%e3%82%ba-copie\/","og_site_name":"C\u00e9saire","article_publisher":"https:\/\/www.facebook.com\/cesaireparis\/","article_modified_time":"2026-03-07T16:19:33+00:00","og_image":[{"width":630,"height":945,"url":"https:\/\/www.stephaniecesaire.com\/wp-content\/uploads\/2026\/03\/NarcisseVPOArdoiseProfil.jpg","type":"image\/jpeg"}],"twitter_card":"summary_large_image","schema":{"@context":"https:\/\/schema.org","@graph":[{"@type":"WebPage","@id":"https:\/\/www.stephaniecesaire.com\/ja\/boutique\/%e3%83%90%e3%83%83%e3%82%b0\/narcisse-ja\/%e3%83%8a%e3%83%ab%e3%82%b7%e3%82%b9%e3%83%bb%e3%82%b0%e3%83%ac%e3%82%a4%e3%83%b3%e3%83%88%e3%83%aa%e3%83%a8%e3%83%b3%e3%83%ac%e3%82%b6%e3%83%bc-%e3%83%bb%e3%83%96%e3%83%ad%e3%83%b3%e3%82%ba-copie\/","url":"https:\/\/www.stephaniecesaire.com\/ja\/boutique\/%e3%83%90%e3%83%83%e3%82%b0\/narcisse-ja\/%e3%83%8a%e3%83%ab%e3%82%b7%e3%82%b9%e3%83%bb%e3%82%b0%e3%83%ac%e3%82%a4%e3%83%b3%e3%83%88%e3%83%aa%e3%83%a8%e3%83%b3%e3%83%ac%e3%82%b6%e3%83%bc-%e3%83%bb%e3%83%96%e3%83%ad%e3%83%b3%e3%82%ba-copie\/","name":"\u30ca\u30eb\u30b7\u30b9\uff5c\u69cb\u7bc9\u7684\u306a\u80a9\u639b\u3051\u30ec\u30b6\u30fc\u30d0\u30c3\u30b0\uff5c\u30bb\u30bc\u30fc\u30eb\u30fb\u30d1\u30ea\uff5c\u30d5\u30e9\u30f3\u30b9\u88fd","isPartOf":{"@id":"https:\/\/www.stephaniecesaire.com\/ja\/#website"},"primaryImageOfPage":{"@id":"https:\/\/www.stephaniecesaire.com\/ja\/boutique\/%e3%83%90%e3%83%83%e3%82%b0\/narcisse-ja\/%e3%83%8a%e3%83%ab%e3%82%b7%e3%82%b9%e3%83%bb%e3%82%b0%e3%83%ac%e3%82%a4%e3%83%b3%e3%83%88%e3%83%aa%e3%83%a8%e3%83%b3%e3%83%ac%e3%82%b6%e3%83%bc-%e3%83%bb%e3%83%96%e3%83%ad%e3%83%b3%e3%82%ba-copie\/#primaryimage"},"image":{"@id":"https:\/\/www.stephaniecesaire.com\/ja\/boutique\/%e3%83%90%e3%83%83%e3%82%b0\/narcisse-ja\/%e3%83%8a%e3%83%ab%e3%82%b7%e3%82%b9%e3%83%bb%e3%82%b0%e3%83%ac%e3%82%a4%e3%83%b3%e3%83%88%e3%83%aa%e3%83%a8%e3%83%b3%e3%83%ac%e3%82%b6%e3%83%bc-%e3%83%bb%e3%83%96%e3%83%ad%e3%83%b3%e3%82%ba-copie\/#primaryimage"},"thumbnailUrl":"https:\/\/www.stephaniecesaire.com\/wp-content\/uploads\/2026\/03\/NarcisseVPOArdoiseProfil.jpg","datePublished":"2026-03-07T15:46:58+00:00","dateModified":"2026-03-07T16:19:33+00:00","description":"\u30ca\u30eb\u30b7\u30b9\u306f\u3001\u30d5\u30eb\u30b0\u30ec\u30a4\u30f3\u30ec\u30b6\u30fc\u3092\u4f7f\u7528\u3057\u305f\u69cb\u7bc9\u7684\u306a\u80a9\u639b\u3051\u30d0\u30c3\u30b0\u3002\u30a8\u30d4\u30e5\u30a2\u306a\u30c7\u30b6\u30a4\u30f3\u3068\u969b\u7acb\u3064\u30bb\u30ea\u30a8\u4ed5\u4e0a\u3052\u304c\u7279\u5fb4\u306e\u3001\u30bb\u30bc\u30fc\u30eb\u30fb\u30d1\u30ea\u306b\u3088\u308b\u30d5\u30e9\u30f3\u30b9\u88fd\u30d0\u30c3\u30b0\u3067\u3059\u3002","breadcrumb":{"@id":"https:\/\/www.stephaniecesaire.com\/ja\/boutique\/%e3%83%90%e3%83%83%e3%82%b0\/narcisse-ja\/%e3%83%8a%e3%83%ab%e3%82%b7%e3%82%b9%e3%83%bb%e3%82%b0%e3%83%ac%e3%82%a4%e3%83%b3%e3%83%88%e3%83%aa%e3%83%a8%e3%83%b3%e3%83%ac%e3%82%b6%e3%83%bc-%e3%83%bb%e3%83%96%e3%83%ad%e3%83%b3%e3%82%ba-copie\/#breadcrumb"},"inLanguage":"ja","potentialAction":[{"@type":"ReadAction","target":["https:\/\/www.stephaniecesaire.com\/ja\/boutique\/%e3%83%90%e3%83%83%e3%82%b0\/narcisse-ja\/%e3%83%8a%e3%83%ab%e3%82%b7%e3%82%b9%e3%83%bb%e3%82%b0%e3%83%ac%e3%82%a4%e3%83%b3%e3%83%88%e3%83%aa%e3%83%a8%e3%83%b3%e3%83%ac%e3%82%b6%e3%83%bc-%e3%83%bb%e3%83%96%e3%83%ad%e3%83%b3%e3%82%ba-copie\/"]}]},{"@type":"ImageObject","inLanguage":"ja","@id":"https:\/\/www.stephaniecesaire.com\/ja\/boutique\/%e3%83%90%e3%83%83%e3%82%b0\/narcisse-ja\/%e3%83%8a%e3%83%ab%e3%82%b7%e3%82%b9%e3%83%bb%e3%82%b0%e3%83%ac%e3%82%a4%e3%83%b3%e3%83%88%e3%83%aa%e3%83%a8%e3%83%b3%e3%83%ac%e3%82%b6%e3%83%bc-%e3%83%bb%e3%83%96%e3%83%ad%e3%83%b3%e3%82%ba-copie\/#primaryimage","url":"https:\/\/www.stephaniecesaire.com\/wp-content\/uploads\/2026\/03\/NarcisseVPOArdoiseProfil.jpg","contentUrl":"https:\/\/www.stephaniecesaire.com\/wp-content\/uploads\/2026\/03\/NarcisseVPOArdoiseProfil.jpg","width":630,"height":945,"caption":"\u30ca\u30eb\u30b7\u30b9\uff5c\u69cb\u7bc9\u7684\u306a\u80a9\u639b\u3051\u30ec\u30b6\u30fc\u30d0\u30c3\u30b0\uff5c\u30bb\u30bc\u30fc\u30eb\u30fb\u30d1\u30ea\uff5c\u30d5\u30e9\u30f3\u30b9\u88fdNarcisse \u2013 Sac \u00e9paule structur\u00e9 | C\u00e9saire Paris | maroquinerie Fran\u00e7aise"},{"@type":"BreadcrumbList","@id":"https:\/\/www.stephaniecesaire.com\/ja\/boutique\/%e3%83%90%e3%83%83%e3%82%b0\/narcisse-ja\/%e3%83%8a%e3%83%ab%e3%82%b7%e3%82%b9%e3%83%bb%e3%82%b0%e3%83%ac%e3%82%a4%e3%83%b3%e3%83%88%e3%83%aa%e3%83%a8%e3%83%b3%e3%83%ac%e3%82%b6%e3%83%bc-%e3%83%bb%e3%83%96%e3%83%ad%e3%83%b3%e3%82%ba-copie\/#breadcrumb","itemListElement":[{"@type":"ListItem","position":1,"name":"Accueil","item":"https:\/\/www.stephaniecesaire.com\/ja\/"},{"@type":"ListItem","position":2,"name":"\u30b7\u30e7\u30c3\u30d7","item":"https:\/\/www.stephaniecesaire.com\/ja\/%e3%82%b7%e3%83%a7%e3%83%83%e3%83%97\/"},{"@type":"ListItem","position":3,"name":"\u30ca\u30eb\u30b7\u30b9\u30fb\u4e57\u7528\u99ac \u30ab\u30fc\u30d5\u30ec\u30b6\u30fc\u30fb \u30b9\u30ec\u30fc\u30c8"}]},{"@type":"WebSite","@id":"https:\/\/www.stephaniecesaire.com\/ja\/#website","url":"https:\/\/www.stephaniecesaire.com\/ja\/","name":"St\u00e9phanie C\u00e9saire","description":"Sac cr\u00e9ateur made in France - Maroquinerie de luxe","publisher":{"@id":"https:\/\/www.stephaniecesaire.com\/ja\/#organization"},"potentialAction":[{"@type":"SearchAction","target":{"@type":"EntryPoint","urlTemplate":"https:\/\/www.stephaniecesaire.com\/ja\/?s={search_term_string}"},"query-input":"required name=search_term_string"}],"inLanguage":"ja"},{"@type":"Organization","@id":"https:\/\/www.stephaniecesaire.com\/ja\/#organization","name":"St\u00e9phanie C\u00e9saire","url":"https:\/\/www.stephaniecesaire.com\/ja\/","logo":{"@type":"ImageObject","inLanguage":"ja","@id":"https:\/\/www.stephaniecesaire.com\/ja\/#\/schema\/logo\/image\/","url":"https:\/\/www.stephaniecesaire.com\/wp-content\/uploads\/2023\/10\/favicon.png","contentUrl":"https:\/\/www.stephaniecesaire.com\/wp-content\/uploads\/2023\/10\/favicon.png","width":512,"height":512,"caption":"St\u00e9phanie C\u00e9saire"},"image":{"@id":"https:\/\/www.stephaniecesaire.com\/ja\/#\/schema\/logo\/image\/"},"sameAs":["https:\/\/www.facebook.com\/cesaireparis\/","https:\/\/www.pinterest.fr\/cesaireparis\/","https:\/\/www.instagram.com\/cesaireparis.official\/"]}]}},"_links":{"self":[{"href":"https:\/\/www.stephaniecesaire.com\/ja\/wp-json\/wp\/v2\/product\/41040","targetHints":{"allow":["GET"]}}],"collection":[{"href":"https:\/\/www.stephaniecesaire.com\/ja\/wp-json\/wp\/v2\/product"}],"about":[{"href":"https:\/\/www.stephaniecesaire.com\/ja\/wp-json\/wp\/v2\/types\/product"}],"wp:featuredmedia":[{"embeddable":true,"href":"https:\/\/www.stephaniecesaire.com\/ja\/wp-json\/wp\/v2\/media\/41055"}],"wp:attachment":[{"href":"https:\/\/www.stephaniecesaire.com\/ja\/wp-json\/wp\/v2\/media?parent=41040"}],"wp:term":[{"taxonomy":"product_cat","embeddable":true,"href":"https:\/\/www.stephaniecesaire.com\/ja\/wp-json\/wp\/v2\/product_cat?post=41040"},{"taxonomy":"product_tag","embeddable":true,"href":"https:\/\/www.stephaniecesaire.com\/ja\/wp-json\/wp\/v2\/product_tag?post=41040"}],"curies":[{"name":"wp","href":"https:\/\/api.w.org\/{rel}","templated":true}]}}