{"id":41584,"date":"2026-04-04T18:11:33","date_gmt":"2026-04-04T16:11:33","guid":{"rendered":"https:\/\/www.stephaniecesaire.com\/?post_type=product&#038;p=41584"},"modified":"2026-04-06T14:12:11","modified_gmt":"2026-04-06T12:12:11","slug":"%e3%83%90%e3%83%ad%e3%82%bf%e3%83%b3%e3%83%bb%e4%b9%97%e7%94%a8%e9%a6%ac-%e3%82%ab%e3%83%bc%e3%83%95%e3%83%ac%e3%82%b6%e3%83%bc-%e3%83%96%e3%83%a9%e3%83%83%e3%82%af%e3%83%bb%e3%82%a2%e3%83%93%e3%82%b9","status":"publish","type":"product","link":"https:\/\/www.stephaniecesaire.com\/ja\/boutique\/%e3%83%90%e3%83%83%e3%82%b0\/confident-ja\/%e3%83%90%e3%83%ad%e3%82%bf%e3%83%b3%e3%83%bb%e4%b9%97%e7%94%a8%e9%a6%ac-%e3%82%ab%e3%83%bc%e3%83%95%e3%83%ac%e3%82%b6%e3%83%bc-%e3%83%96%e3%83%a9%e3%83%83%e3%82%af%e3%83%bb%e3%82%a2%e3%83%93%e3%82%b9\/","title":{"rendered":"\u30b3\u30f3\u30d5\u30a3\u30c0\u30f3\u30fb\u30b5\u30c9\u30eb\u30ab\u30fc\u30d5\u30b9\u30ad\u30f3\u30ec\u30b6\u30fc\u30db\u30eb\u30b9\u30bf\u30fc\u30d0\u30c3\u30b0\u30fb\u30b4\u30fc\u30eb\u30c9"},"content":{"rendered":"<p>\u7d20\u6750\u306b\u306f\u3001\u3057\u306a\u3084\u304b\u3055\u3068\u8010\u4e45\u6027\u3092\u517c\u306d\u5099\u3048\u305f\u00a0<strong>\u30b5\u30c9\u30eb\u30ab\u30fc\u30d5\u30ec\u30b6\u30fc<\/strong>\u00a0\u3092\u4f7f\u7528\u3002<br \/>\n\u4f1d\u7d71\u7684\u306a\u30b5\u30c9\u30eb\u88fd\u6cd5\u306b\u57fa\u3065\u304d\u3001\u30b3\u30d0\u4ed5\u4e0a\u3052\u3084\u7d30\u90e8\u306e\u7cbe\u5ea6\u306b\u3053\u3060\u308f\u3063\u3066\u3044\u307e\u3059\u3002<br \/>\n\u91d1\u5c5e\u88fd\u306e\u30dc\u30bf\u30f3\u7559\u3081\u306f\u3001\u5b89\u5168\u6027\u3068\u30df\u30cb\u30de\u30eb\u306a\u7f8e\u3057\u3055\u3092\u4e21\u7acb\u3002<br \/>\n\u8abf\u6574\u53ef\u80fd\u306a\u30b9\u30c8\u30e9\u30c3\u30d7\u306b\u3088\u308a\u3001\u8eab\u4f53\u306b\u30d5\u30a3\u30c3\u30c8\u3059\u308b\u30af\u30ed\u30b9\u30dc\u30c7\u30a3\u30b9\u30bf\u30a4\u30eb\u304c\u53ef\u80fd\u3067\u3059\u3002<br \/>\n\u3053\u306e <strong>\u30df\u30cb\u30de\u30eb <\/strong><strong>\u30ec\u30b6\u30fc <\/strong><strong>\u30af\u30ed\u30b9\u30dc\u30c7\u30a3\u30d0\u30c3\u30b0<\/strong>\u00a0\u306f\u3001\u30d5\u30e9\u30f3\u30b9\u306e\u30a2\u30c8\u30ea\u30a8\u3067\u88fd\u4f5c\u3055\u308c\u3066\u3044\u307e\u3059\u3002<\/p>\n","protected":false},"excerpt":{"rendered":"<p>\u30b3\u30f3\u30d5\u30a3\u30c0\u30f3(Confident) \u306f\u3001\u8eab\u4f53\u306b\u6cbf\u3063\u3066\u7740\u7528\u3059\u308b\u00a0<strong>\u30df\u30cb\u30de\u30eb\u306a\u30ec\u30b6\u30fc\u30db\u30eb\u30b9\u30bf\u30fc\u30d0\u30c3\u30b0<\/strong> \u3067\u3059\u3002\u670d\u306e\u4e0a\u304b\u3089\u3067\u3082\u3001\u5185\u5074\u3067\u3082\u3002<br \/>\n\u63a7\u3048\u3081\u3067\u3042\u308a\u306a\u304c\u3089\u5370\u8c61\u7684\u306a\u5b58\u5728\u611f\u3092\u6301\u3064\u00a0<strong>\u30e6\u30cb\u30bb\u30c3\u30af\u30b9\u306e\u30af\u30ed\u30b9\u30dc\u30c7\u30a3\u30d0\u30c3\u30b0<\/strong>\u3002<br \/>\n\u7d30\u9577\u304f\u6d41\u308c\u308b\u3088\u3046\u306a\u30d5\u30a9\u30eb\u30e0\u3068\u30b7\u30e3\u30fc\u30d7\u306a\u30b7\u30eb\u30a8\u30c3\u30c8\u304c\u3001\u8eab\u4f53\u306e\u30e9\u30a4\u30f3\u306b\u81ea\u7136\u306b\u5bc4\u308a\u6dfb\u3044\u3001\u7f8e\u3057\u304f\u5f15\u304d\u7acb\u3066\u307e\u3059\u3002<br \/>\n\u30b8\u30e3\u30b1\u30c3\u30c8\u306e\u4e0a\u3067\u306f\u30b9\u30bf\u30a4\u30eb\u3092\u969b\u7acb\u305f\u305b\u3001<br \/>\n\u5185\u5074\u3067\u306f\u9759\u304b\u306b\u96a0\u308c\u308b\u5b58\u5728\u306b\u3002<br \/>\n\u30b9\u30de\u30fc\u30c8\u30d5\u30a9\u30f3\u3001\u9375\u3001\u30d1\u30b9\u30dd\u30fc\u30c8\u306a\u3069\u3001\u65e5\u5e38\u306e\u5fc5\u9700\u54c1\u3092\u30b9\u30de\u30fc\u30c8\u306b\u53ce\u7d0d\u3067\u304d\u308b <strong>\u30b3\u30f3\u30d1\u30af\u30c8\u306a\u30ec\u30b6\u30fc\u30dd\u30fc\u30c1<\/strong>\u3002<br \/>\n\u30cf\u30f3\u30ba\u30d5\u30ea\u30fc\u3067\u5feb\u9069\u306b\u4f7f\u3048\u308b\u8a2d\u8a08\u3067\u3059\u3002<\/p>\n","protected":false},"featured_media":41681,"template":"","meta":[],"product_cat":[2318,2340],"product_tag":[673,669],"class_list":{"0":"post-41584","1":"product","2":"type-product","3":"status-publish","4":"has-post-thumbnail","6":"product_cat-confident-ja","7":"product_cat-confident-pochette-holster-ja","8":"product_tag-673","9":"product_tag-669","10":"product_shipping_class-classe-de-livraison-1","11":"pa_porte-331","12":"pa_volume-337","14":"first","15":"instock","16":"taxable","17":"shipping-taxable","18":"purchasable","19":"product-type-simple"},"yoast_head":"<!-- This site is optimized with the Yoast SEO plugin v23.1 - https:\/\/yoast.com\/wordpress\/plugins\/seo\/ -->\n<title>\u30b3\u30f3\u30d5\u30a3\u30c0\u30f3 Confident \u30ec\u30b6\u30fc \u30db\u30eb\u30b9\u30bf\u30fc\u30d0\u30c3\u30b0\uff5c\u30df\u30cb\u30de\u30eb \u30af\u30ed\u30b9\u30dc\u30c7\u30a3 \u30dd\u30fc\u30c1 \u30d5\u30e9\u30f3\u30b9\u88fd<\/title>\n<meta name=\"description\" content=\"\u30b5\u30c9\u30eb\u30ab\u30fc\u30d5\u3092\u4f7f\u7528\u3057\u305f\u30df\u30cb\u30de\u30eb\u306a\u30ec\u30b6\u30fc\u30db\u30eb\u30b9\u30bf\u30fc\u30d0\u30c3\u30b0\u3002\u30b3\u30f3\u30d1\u30af\u30c8\u3067\u30a8\u30ec\u30ac\u30f3\u30c8\u306a\u30af\u30ed\u30b9\u30dc\u30c7\u30a3\u30dd\u30fc\u30c1\u3002\u30b9\u30de\u30fc\u30c8\u30d5\u30a9\u30f3\u3084\u30d1\u30b9\u30dd\u30fc\u30c8\u306b\u6700\u9069\u3002\u30d5\u30e9\u30f3\u30b9\u88fd\u3002\" \/>\n<meta name=\"robots\" content=\"index, follow, max-snippet:-1, max-image-preview:large, max-video-preview:-1\" \/>\n<link rel=\"canonical\" href=\"https:\/\/www.stephaniecesaire.com\/ja\/boutique\/%e3%83%90%e3%83%83%e3%82%b0\/confident-ja\/%e3%83%90%e3%83%ad%e3%82%bf%e3%83%b3%e3%83%bb%e4%b9%97%e7%94%a8%e9%a6%ac-%e3%82%ab%e3%83%bc%e3%83%95%e3%83%ac%e3%82%b6%e3%83%bc-%e3%83%96%e3%83%a9%e3%83%83%e3%82%af%e3%83%bb%e3%82%a2%e3%83%93%e3%82%b9\/\" \/>\n<meta property=\"og:locale\" content=\"ja_JP\" \/>\n<meta property=\"og:type\" content=\"article\" \/>\n<meta property=\"og:title\" content=\"\u30b3\u30f3\u30d5\u30a3\u30c0\u30f3 Confident \u30ec\u30b6\u30fc \u30db\u30eb\u30b9\u30bf\u30fc\u30d0\u30c3\u30b0\uff5c\u30df\u30cb\u30de\u30eb \u30af\u30ed\u30b9\u30dc\u30c7\u30a3 \u30dd\u30fc\u30c1 \u30d5\u30e9\u30f3\u30b9\u88fd\" \/>\n<meta property=\"og:description\" content=\"\u30b5\u30c9\u30eb\u30ab\u30fc\u30d5\u3092\u4f7f\u7528\u3057\u305f\u30df\u30cb\u30de\u30eb\u306a\u30ec\u30b6\u30fc\u30db\u30eb\u30b9\u30bf\u30fc\u30d0\u30c3\u30b0\u3002\u30b3\u30f3\u30d1\u30af\u30c8\u3067\u30a8\u30ec\u30ac\u30f3\u30c8\u306a\u30af\u30ed\u30b9\u30dc\u30c7\u30a3\u30dd\u30fc\u30c1\u3002\u30b9\u30de\u30fc\u30c8\u30d5\u30a9\u30f3\u3084\u30d1\u30b9\u30dd\u30fc\u30c8\u306b\u6700\u9069\u3002\u30d5\u30e9\u30f3\u30b9\u88fd\u3002\" \/>\n<meta property=\"og:url\" content=\"https:\/\/www.stephaniecesaire.com\/ja\/boutique\/%e3%83%90%e3%83%83%e3%82%b0\/confident-ja\/%e3%83%90%e3%83%ad%e3%82%bf%e3%83%b3%e3%83%bb%e4%b9%97%e7%94%a8%e9%a6%ac-%e3%82%ab%e3%83%bc%e3%83%95%e3%83%ac%e3%82%b6%e3%83%bc-%e3%83%96%e3%83%a9%e3%83%83%e3%82%af%e3%83%bb%e3%82%a2%e3%83%93%e3%82%b9\/\" \/>\n<meta property=\"og:site_name\" content=\"C\u00e9saire\" \/>\n<meta property=\"article:publisher\" content=\"https:\/\/www.facebook.com\/cesaireparis\/\" \/>\n<meta property=\"article:modified_time\" content=\"2026-04-06T12:12:11+00:00\" \/>\n<meta property=\"og:image\" content=\"https:\/\/www.stephaniecesaire.com\/wp-content\/uploads\/2026\/04\/ConfidentVPOGoldFace-2.jpg\" \/>\n\t<meta property=\"og:image:width\" content=\"630\" \/>\n\t<meta property=\"og:image:height\" content=\"945\" \/>\n\t<meta property=\"og:image:type\" content=\"image\/jpeg\" \/>\n<meta name=\"twitter:card\" content=\"summary_large_image\" \/>\n<script type=\"application\/ld+json\" class=\"yoast-schema-graph\">{\"@context\":\"https:\/\/schema.org\",\"@graph\":[{\"@type\":\"WebPage\",\"@id\":\"https:\/\/www.stephaniecesaire.com\/ja\/boutique\/%e3%83%90%e3%83%83%e3%82%b0\/confident-ja\/%e3%83%90%e3%83%ad%e3%82%bf%e3%83%b3%e3%83%bb%e4%b9%97%e7%94%a8%e9%a6%ac-%e3%82%ab%e3%83%bc%e3%83%95%e3%83%ac%e3%82%b6%e3%83%bc-%e3%83%96%e3%83%a9%e3%83%83%e3%82%af%e3%83%bb%e3%82%a2%e3%83%93%e3%82%b9\/\",\"url\":\"https:\/\/www.stephaniecesaire.com\/ja\/boutique\/%e3%83%90%e3%83%83%e3%82%b0\/confident-ja\/%e3%83%90%e3%83%ad%e3%82%bf%e3%83%b3%e3%83%bb%e4%b9%97%e7%94%a8%e9%a6%ac-%e3%82%ab%e3%83%bc%e3%83%95%e3%83%ac%e3%82%b6%e3%83%bc-%e3%83%96%e3%83%a9%e3%83%83%e3%82%af%e3%83%bb%e3%82%a2%e3%83%93%e3%82%b9\/\",\"name\":\"\u30b3\u30f3\u30d5\u30a3\u30c0\u30f3 Confident \u30ec\u30b6\u30fc \u30db\u30eb\u30b9\u30bf\u30fc\u30d0\u30c3\u30b0\uff5c\u30df\u30cb\u30de\u30eb \u30af\u30ed\u30b9\u30dc\u30c7\u30a3 \u30dd\u30fc\u30c1 \u30d5\u30e9\u30f3\u30b9\u88fd\",\"isPartOf\":{\"@id\":\"https:\/\/www.stephaniecesaire.com\/ja\/#website\"},\"primaryImageOfPage\":{\"@id\":\"https:\/\/www.stephaniecesaire.com\/ja\/boutique\/%e3%83%90%e3%83%83%e3%82%b0\/confident-ja\/%e3%83%90%e3%83%ad%e3%82%bf%e3%83%b3%e3%83%bb%e4%b9%97%e7%94%a8%e9%a6%ac-%e3%82%ab%e3%83%bc%e3%83%95%e3%83%ac%e3%82%b6%e3%83%bc-%e3%83%96%e3%83%a9%e3%83%83%e3%82%af%e3%83%bb%e3%82%a2%e3%83%93%e3%82%b9\/#primaryimage\"},\"image\":{\"@id\":\"https:\/\/www.stephaniecesaire.com\/ja\/boutique\/%e3%83%90%e3%83%83%e3%82%b0\/confident-ja\/%e3%83%90%e3%83%ad%e3%82%bf%e3%83%b3%e3%83%bb%e4%b9%97%e7%94%a8%e9%a6%ac-%e3%82%ab%e3%83%bc%e3%83%95%e3%83%ac%e3%82%b6%e3%83%bc-%e3%83%96%e3%83%a9%e3%83%83%e3%82%af%e3%83%bb%e3%82%a2%e3%83%93%e3%82%b9\/#primaryimage\"},\"thumbnailUrl\":\"https:\/\/www.stephaniecesaire.com\/wp-content\/uploads\/2026\/04\/ConfidentVPOGoldFace-2.jpg\",\"datePublished\":\"2026-04-04T16:11:33+00:00\",\"dateModified\":\"2026-04-06T12:12:11+00:00\",\"description\":\"\u30b5\u30c9\u30eb\u30ab\u30fc\u30d5\u3092\u4f7f\u7528\u3057\u305f\u30df\u30cb\u30de\u30eb\u306a\u30ec\u30b6\u30fc\u30db\u30eb\u30b9\u30bf\u30fc\u30d0\u30c3\u30b0\u3002\u30b3\u30f3\u30d1\u30af\u30c8\u3067\u30a8\u30ec\u30ac\u30f3\u30c8\u306a\u30af\u30ed\u30b9\u30dc\u30c7\u30a3\u30dd\u30fc\u30c1\u3002\u30b9\u30de\u30fc\u30c8\u30d5\u30a9\u30f3\u3084\u30d1\u30b9\u30dd\u30fc\u30c8\u306b\u6700\u9069\u3002\u30d5\u30e9\u30f3\u30b9\u88fd\u3002\",\"breadcrumb\":{\"@id\":\"https:\/\/www.stephaniecesaire.com\/ja\/boutique\/%e3%83%90%e3%83%83%e3%82%b0\/confident-ja\/%e3%83%90%e3%83%ad%e3%82%bf%e3%83%b3%e3%83%bb%e4%b9%97%e7%94%a8%e9%a6%ac-%e3%82%ab%e3%83%bc%e3%83%95%e3%83%ac%e3%82%b6%e3%83%bc-%e3%83%96%e3%83%a9%e3%83%83%e3%82%af%e3%83%bb%e3%82%a2%e3%83%93%e3%82%b9\/#breadcrumb\"},\"inLanguage\":\"ja\",\"potentialAction\":[{\"@type\":\"ReadAction\",\"target\":[\"https:\/\/www.stephaniecesaire.com\/ja\/boutique\/%e3%83%90%e3%83%83%e3%82%b0\/confident-ja\/%e3%83%90%e3%83%ad%e3%82%bf%e3%83%b3%e3%83%bb%e4%b9%97%e7%94%a8%e9%a6%ac-%e3%82%ab%e3%83%bc%e3%83%95%e3%83%ac%e3%82%b6%e3%83%bc-%e3%83%96%e3%83%a9%e3%83%83%e3%82%af%e3%83%bb%e3%82%a2%e3%83%93%e3%82%b9\/\"]}]},{\"@type\":\"ImageObject\",\"inLanguage\":\"ja\",\"@id\":\"https:\/\/www.stephaniecesaire.com\/ja\/boutique\/%e3%83%90%e3%83%83%e3%82%b0\/confident-ja\/%e3%83%90%e3%83%ad%e3%82%bf%e3%83%b3%e3%83%bb%e4%b9%97%e7%94%a8%e9%a6%ac-%e3%82%ab%e3%83%bc%e3%83%95%e3%83%ac%e3%82%b6%e3%83%bc-%e3%83%96%e3%83%a9%e3%83%83%e3%82%af%e3%83%bb%e3%82%a2%e3%83%93%e3%82%b9\/#primaryimage\",\"url\":\"https:\/\/www.stephaniecesaire.com\/wp-content\/uploads\/2026\/04\/ConfidentVPOGoldFace-2.jpg\",\"contentUrl\":\"https:\/\/www.stephaniecesaire.com\/wp-content\/uploads\/2026\/04\/ConfidentVPOGoldFace-2.jpg\",\"width\":630,\"height\":945,\"caption\":\"\u30b3\u30f3\u30d5\u30a3\u30c0\u30f3 Confident \u30ec\u30b6\u30fc \u30db\u30eb\u30b9\u30bf\u30fc\u30d0\u30c3\u30b0\uff5c\u30df\u30cb\u30de\u30eb \u30af\u30ed\u30b9\u30dc\u30c7\u30a3 \u30dd\u30fc\u30c1 \u30d5\u30e9\u30f3\u30b9\u88fd\"},{\"@type\":\"BreadcrumbList\",\"@id\":\"https:\/\/www.stephaniecesaire.com\/ja\/boutique\/%e3%83%90%e3%83%83%e3%82%b0\/confident-ja\/%e3%83%90%e3%83%ad%e3%82%bf%e3%83%b3%e3%83%bb%e4%b9%97%e7%94%a8%e9%a6%ac-%e3%82%ab%e3%83%bc%e3%83%95%e3%83%ac%e3%82%b6%e3%83%bc-%e3%83%96%e3%83%a9%e3%83%83%e3%82%af%e3%83%bb%e3%82%a2%e3%83%93%e3%82%b9\/#breadcrumb\",\"itemListElement\":[{\"@type\":\"ListItem\",\"position\":1,\"name\":\"Accueil\",\"item\":\"https:\/\/www.stephaniecesaire.com\/ja\/\"},{\"@type\":\"ListItem\",\"position\":2,\"name\":\"\u30b7\u30e7\u30c3\u30d7\",\"item\":\"https:\/\/www.stephaniecesaire.com\/ja\/%e3%82%b7%e3%83%a7%e3%83%83%e3%83%97\/\"},{\"@type\":\"ListItem\",\"position\":3,\"name\":\"\u30b3\u30f3\u30d5\u30a3\u30c0\u30f3\u30fb\u30b5\u30c9\u30eb\u30ab\u30fc\u30d5\u30b9\u30ad\u30f3\u30ec\u30b6\u30fc\u30db\u30eb\u30b9\u30bf\u30fc\u30d0\u30c3\u30b0\u30fb\u30b4\u30fc\u30eb\u30c9\"}]},{\"@type\":\"WebSite\",\"@id\":\"https:\/\/www.stephaniecesaire.com\/ja\/#website\",\"url\":\"https:\/\/www.stephaniecesaire.com\/ja\/\",\"name\":\"St\u00e9phanie C\u00e9saire\",\"description\":\"Sac cr\u00e9ateur made in France - Maroquinerie de luxe\",\"publisher\":{\"@id\":\"https:\/\/www.stephaniecesaire.com\/ja\/#organization\"},\"potentialAction\":[{\"@type\":\"SearchAction\",\"target\":{\"@type\":\"EntryPoint\",\"urlTemplate\":\"https:\/\/www.stephaniecesaire.com\/ja\/?s={search_term_string}\"},\"query-input\":\"required name=search_term_string\"}],\"inLanguage\":\"ja\"},{\"@type\":\"Organization\",\"@id\":\"https:\/\/www.stephaniecesaire.com\/ja\/#organization\",\"name\":\"St\u00e9phanie C\u00e9saire\",\"url\":\"https:\/\/www.stephaniecesaire.com\/ja\/\",\"logo\":{\"@type\":\"ImageObject\",\"inLanguage\":\"ja\",\"@id\":\"https:\/\/www.stephaniecesaire.com\/ja\/#\/schema\/logo\/image\/\",\"url\":\"https:\/\/www.stephaniecesaire.com\/wp-content\/uploads\/2023\/10\/favicon.png\",\"contentUrl\":\"https:\/\/www.stephaniecesaire.com\/wp-content\/uploads\/2023\/10\/favicon.png\",\"width\":512,\"height\":512,\"caption\":\"St\u00e9phanie C\u00e9saire\"},\"image\":{\"@id\":\"https:\/\/www.stephaniecesaire.com\/ja\/#\/schema\/logo\/image\/\"},\"sameAs\":[\"https:\/\/www.facebook.com\/cesaireparis\/\",\"https:\/\/www.pinterest.fr\/cesaireparis\/\",\"https:\/\/www.instagram.com\/cesaireparis.official\/\"]}]}<\/script>\n<!-- \/ Yoast SEO plugin. -->","yoast_head_json":{"title":"\u30b3\u30f3\u30d5\u30a3\u30c0\u30f3 Confident \u30ec\u30b6\u30fc \u30db\u30eb\u30b9\u30bf\u30fc\u30d0\u30c3\u30b0\uff5c\u30df\u30cb\u30de\u30eb \u30af\u30ed\u30b9\u30dc\u30c7\u30a3 \u30dd\u30fc\u30c1 \u30d5\u30e9\u30f3\u30b9\u88fd","description":"\u30b5\u30c9\u30eb\u30ab\u30fc\u30d5\u3092\u4f7f\u7528\u3057\u305f\u30df\u30cb\u30de\u30eb\u306a\u30ec\u30b6\u30fc\u30db\u30eb\u30b9\u30bf\u30fc\u30d0\u30c3\u30b0\u3002\u30b3\u30f3\u30d1\u30af\u30c8\u3067\u30a8\u30ec\u30ac\u30f3\u30c8\u306a\u30af\u30ed\u30b9\u30dc\u30c7\u30a3\u30dd\u30fc\u30c1\u3002\u30b9\u30de\u30fc\u30c8\u30d5\u30a9\u30f3\u3084\u30d1\u30b9\u30dd\u30fc\u30c8\u306b\u6700\u9069\u3002\u30d5\u30e9\u30f3\u30b9\u88fd\u3002","robots":{"index":"index","follow":"follow","max-snippet":"max-snippet:-1","max-image-preview":"max-image-preview:large","max-video-preview":"max-video-preview:-1"},"canonical":"https:\/\/www.stephaniecesaire.com\/ja\/boutique\/%e3%83%90%e3%83%83%e3%82%b0\/confident-ja\/%e3%83%90%e3%83%ad%e3%82%bf%e3%83%b3%e3%83%bb%e4%b9%97%e7%94%a8%e9%a6%ac-%e3%82%ab%e3%83%bc%e3%83%95%e3%83%ac%e3%82%b6%e3%83%bc-%e3%83%96%e3%83%a9%e3%83%83%e3%82%af%e3%83%bb%e3%82%a2%e3%83%93%e3%82%b9\/","og_locale":"ja_JP","og_type":"article","og_title":"\u30b3\u30f3\u30d5\u30a3\u30c0\u30f3 Confident \u30ec\u30b6\u30fc \u30db\u30eb\u30b9\u30bf\u30fc\u30d0\u30c3\u30b0\uff5c\u30df\u30cb\u30de\u30eb \u30af\u30ed\u30b9\u30dc\u30c7\u30a3 \u30dd\u30fc\u30c1 \u30d5\u30e9\u30f3\u30b9\u88fd","og_description":"\u30b5\u30c9\u30eb\u30ab\u30fc\u30d5\u3092\u4f7f\u7528\u3057\u305f\u30df\u30cb\u30de\u30eb\u306a\u30ec\u30b6\u30fc\u30db\u30eb\u30b9\u30bf\u30fc\u30d0\u30c3\u30b0\u3002\u30b3\u30f3\u30d1\u30af\u30c8\u3067\u30a8\u30ec\u30ac\u30f3\u30c8\u306a\u30af\u30ed\u30b9\u30dc\u30c7\u30a3\u30dd\u30fc\u30c1\u3002\u30b9\u30de\u30fc\u30c8\u30d5\u30a9\u30f3\u3084\u30d1\u30b9\u30dd\u30fc\u30c8\u306b\u6700\u9069\u3002\u30d5\u30e9\u30f3\u30b9\u88fd\u3002","og_url":"https:\/\/www.stephaniecesaire.com\/ja\/boutique\/%e3%83%90%e3%83%83%e3%82%b0\/confident-ja\/%e3%83%90%e3%83%ad%e3%82%bf%e3%83%b3%e3%83%bb%e4%b9%97%e7%94%a8%e9%a6%ac-%e3%82%ab%e3%83%bc%e3%83%95%e3%83%ac%e3%82%b6%e3%83%bc-%e3%83%96%e3%83%a9%e3%83%83%e3%82%af%e3%83%bb%e3%82%a2%e3%83%93%e3%82%b9\/","og_site_name":"C\u00e9saire","article_publisher":"https:\/\/www.facebook.com\/cesaireparis\/","article_modified_time":"2026-04-06T12:12:11+00:00","og_image":[{"width":630,"height":945,"url":"https:\/\/www.stephaniecesaire.com\/wp-content\/uploads\/2026\/04\/ConfidentVPOGoldFace-2.jpg","type":"image\/jpeg"}],"twitter_card":"summary_large_image","schema":{"@context":"https:\/\/schema.org","@graph":[{"@type":"WebPage","@id":"https:\/\/www.stephaniecesaire.com\/ja\/boutique\/%e3%83%90%e3%83%83%e3%82%b0\/confident-ja\/%e3%83%90%e3%83%ad%e3%82%bf%e3%83%b3%e3%83%bb%e4%b9%97%e7%94%a8%e9%a6%ac-%e3%82%ab%e3%83%bc%e3%83%95%e3%83%ac%e3%82%b6%e3%83%bc-%e3%83%96%e3%83%a9%e3%83%83%e3%82%af%e3%83%bb%e3%82%a2%e3%83%93%e3%82%b9\/","url":"https:\/\/www.stephaniecesaire.com\/ja\/boutique\/%e3%83%90%e3%83%83%e3%82%b0\/confident-ja\/%e3%83%90%e3%83%ad%e3%82%bf%e3%83%b3%e3%83%bb%e4%b9%97%e7%94%a8%e9%a6%ac-%e3%82%ab%e3%83%bc%e3%83%95%e3%83%ac%e3%82%b6%e3%83%bc-%e3%83%96%e3%83%a9%e3%83%83%e3%82%af%e3%83%bb%e3%82%a2%e3%83%93%e3%82%b9\/","name":"\u30b3\u30f3\u30d5\u30a3\u30c0\u30f3 Confident \u30ec\u30b6\u30fc \u30db\u30eb\u30b9\u30bf\u30fc\u30d0\u30c3\u30b0\uff5c\u30df\u30cb\u30de\u30eb \u30af\u30ed\u30b9\u30dc\u30c7\u30a3 \u30dd\u30fc\u30c1 \u30d5\u30e9\u30f3\u30b9\u88fd","isPartOf":{"@id":"https:\/\/www.stephaniecesaire.com\/ja\/#website"},"primaryImageOfPage":{"@id":"https:\/\/www.stephaniecesaire.com\/ja\/boutique\/%e3%83%90%e3%83%83%e3%82%b0\/confident-ja\/%e3%83%90%e3%83%ad%e3%82%bf%e3%83%b3%e3%83%bb%e4%b9%97%e7%94%a8%e9%a6%ac-%e3%82%ab%e3%83%bc%e3%83%95%e3%83%ac%e3%82%b6%e3%83%bc-%e3%83%96%e3%83%a9%e3%83%83%e3%82%af%e3%83%bb%e3%82%a2%e3%83%93%e3%82%b9\/#primaryimage"},"image":{"@id":"https:\/\/www.stephaniecesaire.com\/ja\/boutique\/%e3%83%90%e3%83%83%e3%82%b0\/confident-ja\/%e3%83%90%e3%83%ad%e3%82%bf%e3%83%b3%e3%83%bb%e4%b9%97%e7%94%a8%e9%a6%ac-%e3%82%ab%e3%83%bc%e3%83%95%e3%83%ac%e3%82%b6%e3%83%bc-%e3%83%96%e3%83%a9%e3%83%83%e3%82%af%e3%83%bb%e3%82%a2%e3%83%93%e3%82%b9\/#primaryimage"},"thumbnailUrl":"https:\/\/www.stephaniecesaire.com\/wp-content\/uploads\/2026\/04\/ConfidentVPOGoldFace-2.jpg","datePublished":"2026-04-04T16:11:33+00:00","dateModified":"2026-04-06T12:12:11+00:00","description":"\u30b5\u30c9\u30eb\u30ab\u30fc\u30d5\u3092\u4f7f\u7528\u3057\u305f\u30df\u30cb\u30de\u30eb\u306a\u30ec\u30b6\u30fc\u30db\u30eb\u30b9\u30bf\u30fc\u30d0\u30c3\u30b0\u3002\u30b3\u30f3\u30d1\u30af\u30c8\u3067\u30a8\u30ec\u30ac\u30f3\u30c8\u306a\u30af\u30ed\u30b9\u30dc\u30c7\u30a3\u30dd\u30fc\u30c1\u3002\u30b9\u30de\u30fc\u30c8\u30d5\u30a9\u30f3\u3084\u30d1\u30b9\u30dd\u30fc\u30c8\u306b\u6700\u9069\u3002\u30d5\u30e9\u30f3\u30b9\u88fd\u3002","breadcrumb":{"@id":"https:\/\/www.stephaniecesaire.com\/ja\/boutique\/%e3%83%90%e3%83%83%e3%82%b0\/confident-ja\/%e3%83%90%e3%83%ad%e3%82%bf%e3%83%b3%e3%83%bb%e4%b9%97%e7%94%a8%e9%a6%ac-%e3%82%ab%e3%83%bc%e3%83%95%e3%83%ac%e3%82%b6%e3%83%bc-%e3%83%96%e3%83%a9%e3%83%83%e3%82%af%e3%83%bb%e3%82%a2%e3%83%93%e3%82%b9\/#breadcrumb"},"inLanguage":"ja","potentialAction":[{"@type":"ReadAction","target":["https:\/\/www.stephaniecesaire.com\/ja\/boutique\/%e3%83%90%e3%83%83%e3%82%b0\/confident-ja\/%e3%83%90%e3%83%ad%e3%82%bf%e3%83%b3%e3%83%bb%e4%b9%97%e7%94%a8%e9%a6%ac-%e3%82%ab%e3%83%bc%e3%83%95%e3%83%ac%e3%82%b6%e3%83%bc-%e3%83%96%e3%83%a9%e3%83%83%e3%82%af%e3%83%bb%e3%82%a2%e3%83%93%e3%82%b9\/"]}]},{"@type":"ImageObject","inLanguage":"ja","@id":"https:\/\/www.stephaniecesaire.com\/ja\/boutique\/%e3%83%90%e3%83%83%e3%82%b0\/confident-ja\/%e3%83%90%e3%83%ad%e3%82%bf%e3%83%b3%e3%83%bb%e4%b9%97%e7%94%a8%e9%a6%ac-%e3%82%ab%e3%83%bc%e3%83%95%e3%83%ac%e3%82%b6%e3%83%bc-%e3%83%96%e3%83%a9%e3%83%83%e3%82%af%e3%83%bb%e3%82%a2%e3%83%93%e3%82%b9\/#primaryimage","url":"https:\/\/www.stephaniecesaire.com\/wp-content\/uploads\/2026\/04\/ConfidentVPOGoldFace-2.jpg","contentUrl":"https:\/\/www.stephaniecesaire.com\/wp-content\/uploads\/2026\/04\/ConfidentVPOGoldFace-2.jpg","width":630,"height":945,"caption":"\u30b3\u30f3\u30d5\u30a3\u30c0\u30f3 Confident \u30ec\u30b6\u30fc \u30db\u30eb\u30b9\u30bf\u30fc\u30d0\u30c3\u30b0\uff5c\u30df\u30cb\u30de\u30eb \u30af\u30ed\u30b9\u30dc\u30c7\u30a3 \u30dd\u30fc\u30c1 \u30d5\u30e9\u30f3\u30b9\u88fd"},{"@type":"BreadcrumbList","@id":"https:\/\/www.stephaniecesaire.com\/ja\/boutique\/%e3%83%90%e3%83%83%e3%82%b0\/confident-ja\/%e3%83%90%e3%83%ad%e3%82%bf%e3%83%b3%e3%83%bb%e4%b9%97%e7%94%a8%e9%a6%ac-%e3%82%ab%e3%83%bc%e3%83%95%e3%83%ac%e3%82%b6%e3%83%bc-%e3%83%96%e3%83%a9%e3%83%83%e3%82%af%e3%83%bb%e3%82%a2%e3%83%93%e3%82%b9\/#breadcrumb","itemListElement":[{"@type":"ListItem","position":1,"name":"Accueil","item":"https:\/\/www.stephaniecesaire.com\/ja\/"},{"@type":"ListItem","position":2,"name":"\u30b7\u30e7\u30c3\u30d7","item":"https:\/\/www.stephaniecesaire.com\/ja\/%e3%82%b7%e3%83%a7%e3%83%83%e3%83%97\/"},{"@type":"ListItem","position":3,"name":"\u30b3\u30f3\u30d5\u30a3\u30c0\u30f3\u30fb\u30b5\u30c9\u30eb\u30ab\u30fc\u30d5\u30b9\u30ad\u30f3\u30ec\u30b6\u30fc\u30db\u30eb\u30b9\u30bf\u30fc\u30d0\u30c3\u30b0\u30fb\u30b4\u30fc\u30eb\u30c9"}]},{"@type":"WebSite","@id":"https:\/\/www.stephaniecesaire.com\/ja\/#website","url":"https:\/\/www.stephaniecesaire.com\/ja\/","name":"St\u00e9phanie C\u00e9saire","description":"Sac cr\u00e9ateur made in France - Maroquinerie de luxe","publisher":{"@id":"https:\/\/www.stephaniecesaire.com\/ja\/#organization"},"potentialAction":[{"@type":"SearchAction","target":{"@type":"EntryPoint","urlTemplate":"https:\/\/www.stephaniecesaire.com\/ja\/?s={search_term_string}"},"query-input":"required name=search_term_string"}],"inLanguage":"ja"},{"@type":"Organization","@id":"https:\/\/www.stephaniecesaire.com\/ja\/#organization","name":"St\u00e9phanie C\u00e9saire","url":"https:\/\/www.stephaniecesaire.com\/ja\/","logo":{"@type":"ImageObject","inLanguage":"ja","@id":"https:\/\/www.stephaniecesaire.com\/ja\/#\/schema\/logo\/image\/","url":"https:\/\/www.stephaniecesaire.com\/wp-content\/uploads\/2023\/10\/favicon.png","contentUrl":"https:\/\/www.stephaniecesaire.com\/wp-content\/uploads\/2023\/10\/favicon.png","width":512,"height":512,"caption":"St\u00e9phanie C\u00e9saire"},"image":{"@id":"https:\/\/www.stephaniecesaire.com\/ja\/#\/schema\/logo\/image\/"},"sameAs":["https:\/\/www.facebook.com\/cesaireparis\/","https:\/\/www.pinterest.fr\/cesaireparis\/","https:\/\/www.instagram.com\/cesaireparis.official\/"]}]}},"_links":{"self":[{"href":"https:\/\/www.stephaniecesaire.com\/ja\/wp-json\/wp\/v2\/product\/41584","targetHints":{"allow":["GET"]}}],"collection":[{"href":"https:\/\/www.stephaniecesaire.com\/ja\/wp-json\/wp\/v2\/product"}],"about":[{"href":"https:\/\/www.stephaniecesaire.com\/ja\/wp-json\/wp\/v2\/types\/product"}],"wp:featuredmedia":[{"embeddable":true,"href":"https:\/\/www.stephaniecesaire.com\/ja\/wp-json\/wp\/v2\/media\/41681"}],"wp:attachment":[{"href":"https:\/\/www.stephaniecesaire.com\/ja\/wp-json\/wp\/v2\/media?parent=41584"}],"wp:term":[{"taxonomy":"product_cat","embeddable":true,"href":"https:\/\/www.stephaniecesaire.com\/ja\/wp-json\/wp\/v2\/product_cat?post=41584"},{"taxonomy":"product_tag","embeddable":true,"href":"https:\/\/www.stephaniecesaire.com\/ja\/wp-json\/wp\/v2\/product_tag?post=41584"}],"curies":[{"name":"wp","href":"https:\/\/api.w.org\/{rel}","templated":true}]}}