{"id":41786,"date":"2026-04-29T14:48:26","date_gmt":"2026-04-29T12:48:26","guid":{"rendered":"https:\/\/www.stephaniecesaire.com\/?post_type=product&#038;p=41786"},"modified":"2026-04-29T18:20:08","modified_gmt":"2026-04-29T16:20:08","slug":"%e3%83%ab%e3%83%8d%e3%83%bb%e3%83%90%e3%83%83%e3%83%95%e3%82%a1%e3%83%ad%e3%83%bc%e3%83%bb%e3%83%ac%e3%82%b6%e3%83%bc%e3%83%bb%e3%83%96%e3%83%ad%e3%83%b3%e3%82%ba-copie","status":"publish","type":"product","link":"https:\/\/www.stephaniecesaire.com\/ja\/boutique\/%e3%83%90%e3%83%83%e3%82%b0\/%e3%83%ab%e3%83%8d\/%e3%83%ab%e3%83%8d%e3%83%bb%e3%83%90%e3%83%83%e3%83%95%e3%82%a1%e3%83%ad%e3%83%bc%e3%83%bb%e3%83%ac%e3%82%b6%e3%83%bc%e3%83%bb%e3%83%96%e3%83%ad%e3%83%b3%e3%82%ba-copie\/","title":{"rendered":"\u30eb\u30cd\u30fb\u4e57\u7528\u99ac \u30ab\u30fc\u30d5\u30ec\u30b6\u30fc\u30fb\u30b4\u30fc\u30eb\u30c9"},"content":{"rendered":"<p>\u4e01\u5be7\u306b\u4ed5\u4e0a\u3052\u305f2\u672c\u306e\u30ec\u30b6\u30fc\u30d9\u30eb\u30c8\u3068\u5e45\u5e83\u30d5\u30e9\u30c3\u30d7\u3067\u958b\u9589\u3059\u308b\u30c7\u30b6\u30a4\u30f3\u3002\u6c17\u5206\u306b\u5408\u308f\u305b\u3066\u8868\u306b\u3059\u308b\u65b9\u3092\u6c7a\u3081\u3066\u6301\u3066\u308b\u30b7\u30f3\u30b0\u30eb\u30b9\u30c8\u30e9\u30c3\u30d7\u304c\u30dd\u30a4\u30f3\u30c8\uff08\u30d9\u30eb\u30c8\u3092\u5916\u3055\u306a\u304f\u3066\u3082\u958b\u9589\u53ef\u80fd\uff09\u3002\u5185\u90e8\u306f2\u3064\u306e\u30b3\u30f3\u30d1\u30fc\u30c8\u30e1\u30f3\u30c8\u306b\u5206\u304b\u308c\u30011\u3064\u306f\u30d1\u30bd\u30b3\u30f3\u7528\u3001\u3082\u30461\u3064\u306f\u666e\u901a\u306e\u53ce\u7d0d\u3068\u3057\u3066\u304a\u4f7f\u3044\u3044\u305f\u3060\u3051\u307e\u3059\u3002\u5185\u90e8\u306b\u306f\u4fbf\u5229\u306a\u30d5\u30a1\u30b9\u30ca\u30fc\u30dd\u30b1\u30c3\u30c8\u3068\u643a\u5e2f\u7528\u306e\u30dd\u30b1\u30c3\u30c8\u3082\u4ed8\u5c5e\u3002\u30d0\u30c3\u30b0\u5e95\u90e8\u306f4\u3064\u306e\u91d1\u5c5e\u30b9\u30bf\u30c3\u30ba\u3067\u4fdd\u8b77\u3055\u308c\u3066\u3044\u307e\u3059\u3002\u30d5\u30e9\u30f3\u30b9\u88fd\u3002<\/p>\n","protected":false},"excerpt":{"rendered":"<p>\u30eb\u30cd\u306f\u30b9\u30c6\u30d5\u30a1\u30cb\u30fc\u30fb\u30bb\u30bc\u30fc\u30eb\u304c\u8003\u6848\u3057\u305f\u5927\u578b\u30c7\u30a4\u30ea\u30fc\u30d0\u30c3\u30b0\u3002\u304a\u6d12\u843d\u306b\u30d1\u30bd\u30b3\u30f3\u3092\u6301\u3061\u6b69\u304f\u306e\u306b\u3074\u3063\u305f\u308a\u306a\u30a2\u30a4\u30c6\u30e0\u3067\u3059\u3002\u5185\u90e8\u306b\u306f\u30d1\u30bd\u30b3\u30f3\u7528\u306e\u5927\u578b\u30dd\u30b1\u30c3\u30c8\u304c\u3042\u308a\u3001\u6d17\u7df4\u3055\u308c\u305f\u30c7\u30b6\u30a4\u30f3\u3067\u3042\u308a\u306a\u304c\u3089\u3082\u4f7f\u3044\u3084\u3059\u3055\u306f\u629c\u7fa4\u3002\u30b7\u30f3\u30b0\u30eb\u30b9\u30c8\u30e9\u30c3\u30d7\u3092\u80a9\u306b\u639b\u3051\u3066\u304a\u6301\u3061\u3044\u305f\u3060\u304f\u3068\u3001\u30cf\u30f3\u30b5\u30e0\u3067\u30a8\u30ec\u30ac\u30f3\u30c8\u304b\u3064\u67d4\u3089\u304b\u306a\u30e9\u30a4\u30f3\u304c\u5f15\u304d\u7acb\u3061\u307e\u3059\u3002<\/p>\n","protected":false},"featured_media":41798,"template":"","meta":[],"product_cat":[660],"product_tag":[673,671],"class_list":{"0":"post-41786","1":"product","2":"type-product","3":"status-publish","4":"has-post-thumbnail","6":"product_cat-660","7":"product_tag-673","8":"product_tag-671","9":"product_shipping_class-classe-de-livraison-4","10":"pa_porte-333","11":"pa_volume-335","13":"first","14":"instock","15":"sold-individually","16":"taxable","17":"shipping-taxable","18":"purchasable","19":"product-type-simple"},"yoast_head":"<!-- This site is optimized with the Yoast SEO plugin v23.1 - https:\/\/yoast.com\/wordpress\/plugins\/seo\/ -->\n<title>\u30ec\u30b6\u30fcPC\u30d0\u30c3\u30b0 \u30eb\u30cd (Ren\u00e9e)\uff5c \u30d5\u30e9\u30f3\u30b9\u88fd\u30b0\u30e9\u30f3\u30c9\u30fb\u30bb\u30ea\u30a8\u30c8\u30fc\u30c8<\/title>\n<meta name=\"description\" content=\"\u30eb\u30cd (Ren\u00e9e) \u306f\u3001\u30bb\u30ea\u30a8\u306e\u7cbe\u795e\u3092\u53d6\u308a\u5165\u308c\u3066\u30ec\u30b6\u30fcPC\u30d0\u30c3\u30b0\u3092\u518d\u89e3\u91c8\u3057\u305f\u30e2\u30c7\u30eb\u3002\u69cb\u7bc9\u7684\u3067\u3042\u308a\u306a\u304c\u3089\u3057\u306a\u3084\u304b\u3067\u5bb9\u91cf\u306b\u3082\u3086\u3068\u308a\u304c\u3042\u308a\u3001\u30b3\u30d0\u3092\u898b\u305b\u308b coupe franche \u306e\u4ed5\u4e0a\u3052\u3084\u99ac\u5177\u88fd\u4f5c\u306b\u7740\u60f3\u3092\u5f97\u305f\u30c7\u30a3\u30c6\u30fc\u30eb\u304c\u3001\u5b9f\u7528\u6027\u3068\u30a8\u30ec\u30ac\u30f3\u30b9\u3092\u4e21\u7acb\u3055\u305b\u307e\u3059\u3002\u30d5\u30e9\u30f3\u30b9\u88fd\u306a\u3089\u3067\u306f\u306e\u8077\u4eba\u6280\u304c\u606f\u3065\u304f\u30ec\u30b6\u30fc\u30c8\u30fc\u30c8\u3067\u3059\u3002\" \/>\n<meta name=\"robots\" content=\"index, follow, max-snippet:-1, max-image-preview:large, max-video-preview:-1\" \/>\n<link rel=\"canonical\" href=\"https:\/\/www.stephaniecesaire.com\/ja\/boutique\/%e3%83%90%e3%83%83%e3%82%b0\/%e3%83%ab%e3%83%8d\/%e3%83%ab%e3%83%8d%e3%83%bb%e3%83%90%e3%83%83%e3%83%95%e3%82%a1%e3%83%ad%e3%83%bc%e3%83%bb%e3%83%ac%e3%82%b6%e3%83%bc%e3%83%bb%e3%83%96%e3%83%ad%e3%83%b3%e3%82%ba-copie\/\" \/>\n<meta property=\"og:locale\" content=\"ja_JP\" \/>\n<meta property=\"og:type\" content=\"article\" \/>\n<meta property=\"og:title\" content=\"\u30ec\u30b6\u30fcPC\u30d0\u30c3\u30b0 \u30eb\u30cd (Ren\u00e9e)\uff5c \u30d5\u30e9\u30f3\u30b9\u88fd\u30b0\u30e9\u30f3\u30c9\u30fb\u30bb\u30ea\u30a8\u30c8\u30fc\u30c8\" \/>\n<meta property=\"og:description\" content=\"\u30eb\u30cd (Ren\u00e9e) \u306f\u3001\u30bb\u30ea\u30a8\u306e\u7cbe\u795e\u3092\u53d6\u308a\u5165\u308c\u3066\u30ec\u30b6\u30fcPC\u30d0\u30c3\u30b0\u3092\u518d\u89e3\u91c8\u3057\u305f\u30e2\u30c7\u30eb\u3002\u69cb\u7bc9\u7684\u3067\u3042\u308a\u306a\u304c\u3089\u3057\u306a\u3084\u304b\u3067\u5bb9\u91cf\u306b\u3082\u3086\u3068\u308a\u304c\u3042\u308a\u3001\u30b3\u30d0\u3092\u898b\u305b\u308b coupe franche \u306e\u4ed5\u4e0a\u3052\u3084\u99ac\u5177\u88fd\u4f5c\u306b\u7740\u60f3\u3092\u5f97\u305f\u30c7\u30a3\u30c6\u30fc\u30eb\u304c\u3001\u5b9f\u7528\u6027\u3068\u30a8\u30ec\u30ac\u30f3\u30b9\u3092\u4e21\u7acb\u3055\u305b\u307e\u3059\u3002\u30d5\u30e9\u30f3\u30b9\u88fd\u306a\u3089\u3067\u306f\u306e\u8077\u4eba\u6280\u304c\u606f\u3065\u304f\u30ec\u30b6\u30fc\u30c8\u30fc\u30c8\u3067\u3059\u3002\" \/>\n<meta property=\"og:url\" content=\"https:\/\/www.stephaniecesaire.com\/ja\/boutique\/%e3%83%90%e3%83%83%e3%82%b0\/%e3%83%ab%e3%83%8d\/%e3%83%ab%e3%83%8d%e3%83%bb%e3%83%90%e3%83%83%e3%83%95%e3%82%a1%e3%83%ad%e3%83%bc%e3%83%bb%e3%83%ac%e3%82%b6%e3%83%bc%e3%83%bb%e3%83%96%e3%83%ad%e3%83%b3%e3%82%ba-copie\/\" \/>\n<meta property=\"og:site_name\" content=\"C\u00e9saire\" \/>\n<meta property=\"article:publisher\" content=\"https:\/\/www.facebook.com\/cesaireparis\/\" \/>\n<meta property=\"article:modified_time\" content=\"2026-04-29T16:20:08+00:00\" \/>\n<meta property=\"og:image\" content=\"https:\/\/www.stephaniecesaire.com\/wp-content\/uploads\/2026\/04\/ReneeRAGGoldFace.jpg\" \/>\n\t<meta property=\"og:image:width\" content=\"630\" \/>\n\t<meta property=\"og:image:height\" content=\"945\" \/>\n\t<meta property=\"og:image:type\" content=\"image\/jpeg\" \/>\n<meta name=\"twitter:card\" content=\"summary_large_image\" \/>\n<meta name=\"twitter:label1\" content=\"\u63a8\u5b9a\u8aad\u307f\u53d6\u308a\u6642\u9593\" \/>\n\t<meta name=\"twitter:data1\" content=\"1\u5206\" \/>\n<script type=\"application\/ld+json\" class=\"yoast-schema-graph\">{\"@context\":\"https:\/\/schema.org\",\"@graph\":[{\"@type\":\"WebPage\",\"@id\":\"https:\/\/www.stephaniecesaire.com\/ja\/boutique\/%e3%83%90%e3%83%83%e3%82%b0\/%e3%83%ab%e3%83%8d\/%e3%83%ab%e3%83%8d%e3%83%bb%e3%83%90%e3%83%83%e3%83%95%e3%82%a1%e3%83%ad%e3%83%bc%e3%83%bb%e3%83%ac%e3%82%b6%e3%83%bc%e3%83%bb%e3%83%96%e3%83%ad%e3%83%b3%e3%82%ba-copie\/\",\"url\":\"https:\/\/www.stephaniecesaire.com\/ja\/boutique\/%e3%83%90%e3%83%83%e3%82%b0\/%e3%83%ab%e3%83%8d\/%e3%83%ab%e3%83%8d%e3%83%bb%e3%83%90%e3%83%83%e3%83%95%e3%82%a1%e3%83%ad%e3%83%bc%e3%83%bb%e3%83%ac%e3%82%b6%e3%83%bc%e3%83%bb%e3%83%96%e3%83%ad%e3%83%b3%e3%82%ba-copie\/\",\"name\":\"\u30ec\u30b6\u30fcPC\u30d0\u30c3\u30b0 \u30eb\u30cd (Ren\u00e9e)\uff5c \u30d5\u30e9\u30f3\u30b9\u88fd\u30b0\u30e9\u30f3\u30c9\u30fb\u30bb\u30ea\u30a8\u30c8\u30fc\u30c8\",\"isPartOf\":{\"@id\":\"https:\/\/www.stephaniecesaire.com\/ja\/#website\"},\"primaryImageOfPage\":{\"@id\":\"https:\/\/www.stephaniecesaire.com\/ja\/boutique\/%e3%83%90%e3%83%83%e3%82%b0\/%e3%83%ab%e3%83%8d\/%e3%83%ab%e3%83%8d%e3%83%bb%e3%83%90%e3%83%83%e3%83%95%e3%82%a1%e3%83%ad%e3%83%bc%e3%83%bb%e3%83%ac%e3%82%b6%e3%83%bc%e3%83%bb%e3%83%96%e3%83%ad%e3%83%b3%e3%82%ba-copie\/#primaryimage\"},\"image\":{\"@id\":\"https:\/\/www.stephaniecesaire.com\/ja\/boutique\/%e3%83%90%e3%83%83%e3%82%b0\/%e3%83%ab%e3%83%8d\/%e3%83%ab%e3%83%8d%e3%83%bb%e3%83%90%e3%83%83%e3%83%95%e3%82%a1%e3%83%ad%e3%83%bc%e3%83%bb%e3%83%ac%e3%82%b6%e3%83%bc%e3%83%bb%e3%83%96%e3%83%ad%e3%83%b3%e3%82%ba-copie\/#primaryimage\"},\"thumbnailUrl\":\"https:\/\/www.stephaniecesaire.com\/wp-content\/uploads\/2026\/04\/ReneeRAGGoldFace.jpg\",\"datePublished\":\"2026-04-29T12:48:26+00:00\",\"dateModified\":\"2026-04-29T16:20:08+00:00\",\"description\":\"\u30eb\u30cd (Ren\u00e9e) \u306f\u3001\u30bb\u30ea\u30a8\u306e\u7cbe\u795e\u3092\u53d6\u308a\u5165\u308c\u3066\u30ec\u30b6\u30fcPC\u30d0\u30c3\u30b0\u3092\u518d\u89e3\u91c8\u3057\u305f\u30e2\u30c7\u30eb\u3002\u69cb\u7bc9\u7684\u3067\u3042\u308a\u306a\u304c\u3089\u3057\u306a\u3084\u304b\u3067\u5bb9\u91cf\u306b\u3082\u3086\u3068\u308a\u304c\u3042\u308a\u3001\u30b3\u30d0\u3092\u898b\u305b\u308b coupe franche \u306e\u4ed5\u4e0a\u3052\u3084\u99ac\u5177\u88fd\u4f5c\u306b\u7740\u60f3\u3092\u5f97\u305f\u30c7\u30a3\u30c6\u30fc\u30eb\u304c\u3001\u5b9f\u7528\u6027\u3068\u30a8\u30ec\u30ac\u30f3\u30b9\u3092\u4e21\u7acb\u3055\u305b\u307e\u3059\u3002\u30d5\u30e9\u30f3\u30b9\u88fd\u306a\u3089\u3067\u306f\u306e\u8077\u4eba\u6280\u304c\u606f\u3065\u304f\u30ec\u30b6\u30fc\u30c8\u30fc\u30c8\u3067\u3059\u3002\",\"breadcrumb\":{\"@id\":\"https:\/\/www.stephaniecesaire.com\/ja\/boutique\/%e3%83%90%e3%83%83%e3%82%b0\/%e3%83%ab%e3%83%8d\/%e3%83%ab%e3%83%8d%e3%83%bb%e3%83%90%e3%83%83%e3%83%95%e3%82%a1%e3%83%ad%e3%83%bc%e3%83%bb%e3%83%ac%e3%82%b6%e3%83%bc%e3%83%bb%e3%83%96%e3%83%ad%e3%83%b3%e3%82%ba-copie\/#breadcrumb\"},\"inLanguage\":\"ja\",\"potentialAction\":[{\"@type\":\"ReadAction\",\"target\":[\"https:\/\/www.stephaniecesaire.com\/ja\/boutique\/%e3%83%90%e3%83%83%e3%82%b0\/%e3%83%ab%e3%83%8d\/%e3%83%ab%e3%83%8d%e3%83%bb%e3%83%90%e3%83%83%e3%83%95%e3%82%a1%e3%83%ad%e3%83%bc%e3%83%bb%e3%83%ac%e3%82%b6%e3%83%bc%e3%83%bb%e3%83%96%e3%83%ad%e3%83%b3%e3%82%ba-copie\/\"]}]},{\"@type\":\"ImageObject\",\"inLanguage\":\"ja\",\"@id\":\"https:\/\/www.stephaniecesaire.com\/ja\/boutique\/%e3%83%90%e3%83%83%e3%82%b0\/%e3%83%ab%e3%83%8d\/%e3%83%ab%e3%83%8d%e3%83%bb%e3%83%90%e3%83%83%e3%83%95%e3%82%a1%e3%83%ad%e3%83%bc%e3%83%bb%e3%83%ac%e3%82%b6%e3%83%bc%e3%83%bb%e3%83%96%e3%83%ad%e3%83%b3%e3%82%ba-copie\/#primaryimage\",\"url\":\"https:\/\/www.stephaniecesaire.com\/wp-content\/uploads\/2026\/04\/ReneeRAGGoldFace.jpg\",\"contentUrl\":\"https:\/\/www.stephaniecesaire.com\/wp-content\/uploads\/2026\/04\/ReneeRAGGoldFace.jpg\",\"width\":630,\"height\":945,\"caption\":\"\u30ec\u30b6\u30fcPC\u30d0\u30c3\u30b0 \u30eb\u30cd (Ren\u00e9e)\uff5c \u30d5\u30e9\u30f3\u30b9\u88fd\u30b0\u30e9\u30f3\u30c9\u30fb\u30bb\u30ea\u30a8\u30c8\u30fc\u30c8\"},{\"@type\":\"BreadcrumbList\",\"@id\":\"https:\/\/www.stephaniecesaire.com\/ja\/boutique\/%e3%83%90%e3%83%83%e3%82%b0\/%e3%83%ab%e3%83%8d\/%e3%83%ab%e3%83%8d%e3%83%bb%e3%83%90%e3%83%83%e3%83%95%e3%82%a1%e3%83%ad%e3%83%bc%e3%83%bb%e3%83%ac%e3%82%b6%e3%83%bc%e3%83%bb%e3%83%96%e3%83%ad%e3%83%b3%e3%82%ba-copie\/#breadcrumb\",\"itemListElement\":[{\"@type\":\"ListItem\",\"position\":1,\"name\":\"Accueil\",\"item\":\"https:\/\/www.stephaniecesaire.com\/ja\/\"},{\"@type\":\"ListItem\",\"position\":2,\"name\":\"\u30b7\u30e7\u30c3\u30d7\",\"item\":\"https:\/\/www.stephaniecesaire.com\/ja\/%e3%82%b7%e3%83%a7%e3%83%83%e3%83%97\/\"},{\"@type\":\"ListItem\",\"position\":3,\"name\":\"\u30eb\u30cd\u30fb\u4e57\u7528\u99ac \u30ab\u30fc\u30d5\u30ec\u30b6\u30fc\u30fb\u30b4\u30fc\u30eb\u30c9\"}]},{\"@type\":\"WebSite\",\"@id\":\"https:\/\/www.stephaniecesaire.com\/ja\/#website\",\"url\":\"https:\/\/www.stephaniecesaire.com\/ja\/\",\"name\":\"St\u00e9phanie C\u00e9saire\",\"description\":\"Sac cr\u00e9ateur made in France - Maroquinerie de luxe\",\"publisher\":{\"@id\":\"https:\/\/www.stephaniecesaire.com\/ja\/#organization\"},\"potentialAction\":[{\"@type\":\"SearchAction\",\"target\":{\"@type\":\"EntryPoint\",\"urlTemplate\":\"https:\/\/www.stephaniecesaire.com\/ja\/?s={search_term_string}\"},\"query-input\":\"required name=search_term_string\"}],\"inLanguage\":\"ja\"},{\"@type\":\"Organization\",\"@id\":\"https:\/\/www.stephaniecesaire.com\/ja\/#organization\",\"name\":\"St\u00e9phanie C\u00e9saire\",\"url\":\"https:\/\/www.stephaniecesaire.com\/ja\/\",\"logo\":{\"@type\":\"ImageObject\",\"inLanguage\":\"ja\",\"@id\":\"https:\/\/www.stephaniecesaire.com\/ja\/#\/schema\/logo\/image\/\",\"url\":\"https:\/\/www.stephaniecesaire.com\/wp-content\/uploads\/2023\/10\/favicon.png\",\"contentUrl\":\"https:\/\/www.stephaniecesaire.com\/wp-content\/uploads\/2023\/10\/favicon.png\",\"width\":512,\"height\":512,\"caption\":\"St\u00e9phanie C\u00e9saire\"},\"image\":{\"@id\":\"https:\/\/www.stephaniecesaire.com\/ja\/#\/schema\/logo\/image\/\"},\"sameAs\":[\"https:\/\/www.facebook.com\/cesaireparis\/\",\"https:\/\/www.pinterest.fr\/cesaireparis\/\",\"https:\/\/www.instagram.com\/cesaireparis.official\/\"]}]}<\/script>\n<!-- \/ Yoast SEO plugin. -->","yoast_head_json":{"title":"\u30ec\u30b6\u30fcPC\u30d0\u30c3\u30b0 \u30eb\u30cd (Ren\u00e9e)\uff5c \u30d5\u30e9\u30f3\u30b9\u88fd\u30b0\u30e9\u30f3\u30c9\u30fb\u30bb\u30ea\u30a8\u30c8\u30fc\u30c8","description":"\u30eb\u30cd (Ren\u00e9e) \u306f\u3001\u30bb\u30ea\u30a8\u306e\u7cbe\u795e\u3092\u53d6\u308a\u5165\u308c\u3066\u30ec\u30b6\u30fcPC\u30d0\u30c3\u30b0\u3092\u518d\u89e3\u91c8\u3057\u305f\u30e2\u30c7\u30eb\u3002\u69cb\u7bc9\u7684\u3067\u3042\u308a\u306a\u304c\u3089\u3057\u306a\u3084\u304b\u3067\u5bb9\u91cf\u306b\u3082\u3086\u3068\u308a\u304c\u3042\u308a\u3001\u30b3\u30d0\u3092\u898b\u305b\u308b coupe franche \u306e\u4ed5\u4e0a\u3052\u3084\u99ac\u5177\u88fd\u4f5c\u306b\u7740\u60f3\u3092\u5f97\u305f\u30c7\u30a3\u30c6\u30fc\u30eb\u304c\u3001\u5b9f\u7528\u6027\u3068\u30a8\u30ec\u30ac\u30f3\u30b9\u3092\u4e21\u7acb\u3055\u305b\u307e\u3059\u3002\u30d5\u30e9\u30f3\u30b9\u88fd\u306a\u3089\u3067\u306f\u306e\u8077\u4eba\u6280\u304c\u606f\u3065\u304f\u30ec\u30b6\u30fc\u30c8\u30fc\u30c8\u3067\u3059\u3002","robots":{"index":"index","follow":"follow","max-snippet":"max-snippet:-1","max-image-preview":"max-image-preview:large","max-video-preview":"max-video-preview:-1"},"canonical":"https:\/\/www.stephaniecesaire.com\/ja\/boutique\/%e3%83%90%e3%83%83%e3%82%b0\/%e3%83%ab%e3%83%8d\/%e3%83%ab%e3%83%8d%e3%83%bb%e3%83%90%e3%83%83%e3%83%95%e3%82%a1%e3%83%ad%e3%83%bc%e3%83%bb%e3%83%ac%e3%82%b6%e3%83%bc%e3%83%bb%e3%83%96%e3%83%ad%e3%83%b3%e3%82%ba-copie\/","og_locale":"ja_JP","og_type":"article","og_title":"\u30ec\u30b6\u30fcPC\u30d0\u30c3\u30b0 \u30eb\u30cd (Ren\u00e9e)\uff5c \u30d5\u30e9\u30f3\u30b9\u88fd\u30b0\u30e9\u30f3\u30c9\u30fb\u30bb\u30ea\u30a8\u30c8\u30fc\u30c8","og_description":"\u30eb\u30cd (Ren\u00e9e) \u306f\u3001\u30bb\u30ea\u30a8\u306e\u7cbe\u795e\u3092\u53d6\u308a\u5165\u308c\u3066\u30ec\u30b6\u30fcPC\u30d0\u30c3\u30b0\u3092\u518d\u89e3\u91c8\u3057\u305f\u30e2\u30c7\u30eb\u3002\u69cb\u7bc9\u7684\u3067\u3042\u308a\u306a\u304c\u3089\u3057\u306a\u3084\u304b\u3067\u5bb9\u91cf\u306b\u3082\u3086\u3068\u308a\u304c\u3042\u308a\u3001\u30b3\u30d0\u3092\u898b\u305b\u308b coupe franche \u306e\u4ed5\u4e0a\u3052\u3084\u99ac\u5177\u88fd\u4f5c\u306b\u7740\u60f3\u3092\u5f97\u305f\u30c7\u30a3\u30c6\u30fc\u30eb\u304c\u3001\u5b9f\u7528\u6027\u3068\u30a8\u30ec\u30ac\u30f3\u30b9\u3092\u4e21\u7acb\u3055\u305b\u307e\u3059\u3002\u30d5\u30e9\u30f3\u30b9\u88fd\u306a\u3089\u3067\u306f\u306e\u8077\u4eba\u6280\u304c\u606f\u3065\u304f\u30ec\u30b6\u30fc\u30c8\u30fc\u30c8\u3067\u3059\u3002","og_url":"https:\/\/www.stephaniecesaire.com\/ja\/boutique\/%e3%83%90%e3%83%83%e3%82%b0\/%e3%83%ab%e3%83%8d\/%e3%83%ab%e3%83%8d%e3%83%bb%e3%83%90%e3%83%83%e3%83%95%e3%82%a1%e3%83%ad%e3%83%bc%e3%83%bb%e3%83%ac%e3%82%b6%e3%83%bc%e3%83%bb%e3%83%96%e3%83%ad%e3%83%b3%e3%82%ba-copie\/","og_site_name":"C\u00e9saire","article_publisher":"https:\/\/www.facebook.com\/cesaireparis\/","article_modified_time":"2026-04-29T16:20:08+00:00","og_image":[{"width":630,"height":945,"url":"https:\/\/www.stephaniecesaire.com\/wp-content\/uploads\/2026\/04\/ReneeRAGGoldFace.jpg","type":"image\/jpeg"}],"twitter_card":"summary_large_image","twitter_misc":{"\u63a8\u5b9a\u8aad\u307f\u53d6\u308a\u6642\u9593":"1\u5206"},"schema":{"@context":"https:\/\/schema.org","@graph":[{"@type":"WebPage","@id":"https:\/\/www.stephaniecesaire.com\/ja\/boutique\/%e3%83%90%e3%83%83%e3%82%b0\/%e3%83%ab%e3%83%8d\/%e3%83%ab%e3%83%8d%e3%83%bb%e3%83%90%e3%83%83%e3%83%95%e3%82%a1%e3%83%ad%e3%83%bc%e3%83%bb%e3%83%ac%e3%82%b6%e3%83%bc%e3%83%bb%e3%83%96%e3%83%ad%e3%83%b3%e3%82%ba-copie\/","url":"https:\/\/www.stephaniecesaire.com\/ja\/boutique\/%e3%83%90%e3%83%83%e3%82%b0\/%e3%83%ab%e3%83%8d\/%e3%83%ab%e3%83%8d%e3%83%bb%e3%83%90%e3%83%83%e3%83%95%e3%82%a1%e3%83%ad%e3%83%bc%e3%83%bb%e3%83%ac%e3%82%b6%e3%83%bc%e3%83%bb%e3%83%96%e3%83%ad%e3%83%b3%e3%82%ba-copie\/","name":"\u30ec\u30b6\u30fcPC\u30d0\u30c3\u30b0 \u30eb\u30cd (Ren\u00e9e)\uff5c \u30d5\u30e9\u30f3\u30b9\u88fd\u30b0\u30e9\u30f3\u30c9\u30fb\u30bb\u30ea\u30a8\u30c8\u30fc\u30c8","isPartOf":{"@id":"https:\/\/www.stephaniecesaire.com\/ja\/#website"},"primaryImageOfPage":{"@id":"https:\/\/www.stephaniecesaire.com\/ja\/boutique\/%e3%83%90%e3%83%83%e3%82%b0\/%e3%83%ab%e3%83%8d\/%e3%83%ab%e3%83%8d%e3%83%bb%e3%83%90%e3%83%83%e3%83%95%e3%82%a1%e3%83%ad%e3%83%bc%e3%83%bb%e3%83%ac%e3%82%b6%e3%83%bc%e3%83%bb%e3%83%96%e3%83%ad%e3%83%b3%e3%82%ba-copie\/#primaryimage"},"image":{"@id":"https:\/\/www.stephaniecesaire.com\/ja\/boutique\/%e3%83%90%e3%83%83%e3%82%b0\/%e3%83%ab%e3%83%8d\/%e3%83%ab%e3%83%8d%e3%83%bb%e3%83%90%e3%83%83%e3%83%95%e3%82%a1%e3%83%ad%e3%83%bc%e3%83%bb%e3%83%ac%e3%82%b6%e3%83%bc%e3%83%bb%e3%83%96%e3%83%ad%e3%83%b3%e3%82%ba-copie\/#primaryimage"},"thumbnailUrl":"https:\/\/www.stephaniecesaire.com\/wp-content\/uploads\/2026\/04\/ReneeRAGGoldFace.jpg","datePublished":"2026-04-29T12:48:26+00:00","dateModified":"2026-04-29T16:20:08+00:00","description":"\u30eb\u30cd (Ren\u00e9e) \u306f\u3001\u30bb\u30ea\u30a8\u306e\u7cbe\u795e\u3092\u53d6\u308a\u5165\u308c\u3066\u30ec\u30b6\u30fcPC\u30d0\u30c3\u30b0\u3092\u518d\u89e3\u91c8\u3057\u305f\u30e2\u30c7\u30eb\u3002\u69cb\u7bc9\u7684\u3067\u3042\u308a\u306a\u304c\u3089\u3057\u306a\u3084\u304b\u3067\u5bb9\u91cf\u306b\u3082\u3086\u3068\u308a\u304c\u3042\u308a\u3001\u30b3\u30d0\u3092\u898b\u305b\u308b coupe franche \u306e\u4ed5\u4e0a\u3052\u3084\u99ac\u5177\u88fd\u4f5c\u306b\u7740\u60f3\u3092\u5f97\u305f\u30c7\u30a3\u30c6\u30fc\u30eb\u304c\u3001\u5b9f\u7528\u6027\u3068\u30a8\u30ec\u30ac\u30f3\u30b9\u3092\u4e21\u7acb\u3055\u305b\u307e\u3059\u3002\u30d5\u30e9\u30f3\u30b9\u88fd\u306a\u3089\u3067\u306f\u306e\u8077\u4eba\u6280\u304c\u606f\u3065\u304f\u30ec\u30b6\u30fc\u30c8\u30fc\u30c8\u3067\u3059\u3002","breadcrumb":{"@id":"https:\/\/www.stephaniecesaire.com\/ja\/boutique\/%e3%83%90%e3%83%83%e3%82%b0\/%e3%83%ab%e3%83%8d\/%e3%83%ab%e3%83%8d%e3%83%bb%e3%83%90%e3%83%83%e3%83%95%e3%82%a1%e3%83%ad%e3%83%bc%e3%83%bb%e3%83%ac%e3%82%b6%e3%83%bc%e3%83%bb%e3%83%96%e3%83%ad%e3%83%b3%e3%82%ba-copie\/#breadcrumb"},"inLanguage":"ja","potentialAction":[{"@type":"ReadAction","target":["https:\/\/www.stephaniecesaire.com\/ja\/boutique\/%e3%83%90%e3%83%83%e3%82%b0\/%e3%83%ab%e3%83%8d\/%e3%83%ab%e3%83%8d%e3%83%bb%e3%83%90%e3%83%83%e3%83%95%e3%82%a1%e3%83%ad%e3%83%bc%e3%83%bb%e3%83%ac%e3%82%b6%e3%83%bc%e3%83%bb%e3%83%96%e3%83%ad%e3%83%b3%e3%82%ba-copie\/"]}]},{"@type":"ImageObject","inLanguage":"ja","@id":"https:\/\/www.stephaniecesaire.com\/ja\/boutique\/%e3%83%90%e3%83%83%e3%82%b0\/%e3%83%ab%e3%83%8d\/%e3%83%ab%e3%83%8d%e3%83%bb%e3%83%90%e3%83%83%e3%83%95%e3%82%a1%e3%83%ad%e3%83%bc%e3%83%bb%e3%83%ac%e3%82%b6%e3%83%bc%e3%83%bb%e3%83%96%e3%83%ad%e3%83%b3%e3%82%ba-copie\/#primaryimage","url":"https:\/\/www.stephaniecesaire.com\/wp-content\/uploads\/2026\/04\/ReneeRAGGoldFace.jpg","contentUrl":"https:\/\/www.stephaniecesaire.com\/wp-content\/uploads\/2026\/04\/ReneeRAGGoldFace.jpg","width":630,"height":945,"caption":"\u30ec\u30b6\u30fcPC\u30d0\u30c3\u30b0 \u30eb\u30cd (Ren\u00e9e)\uff5c \u30d5\u30e9\u30f3\u30b9\u88fd\u30b0\u30e9\u30f3\u30c9\u30fb\u30bb\u30ea\u30a8\u30c8\u30fc\u30c8"},{"@type":"BreadcrumbList","@id":"https:\/\/www.stephaniecesaire.com\/ja\/boutique\/%e3%83%90%e3%83%83%e3%82%b0\/%e3%83%ab%e3%83%8d\/%e3%83%ab%e3%83%8d%e3%83%bb%e3%83%90%e3%83%83%e3%83%95%e3%82%a1%e3%83%ad%e3%83%bc%e3%83%bb%e3%83%ac%e3%82%b6%e3%83%bc%e3%83%bb%e3%83%96%e3%83%ad%e3%83%b3%e3%82%ba-copie\/#breadcrumb","itemListElement":[{"@type":"ListItem","position":1,"name":"Accueil","item":"https:\/\/www.stephaniecesaire.com\/ja\/"},{"@type":"ListItem","position":2,"name":"\u30b7\u30e7\u30c3\u30d7","item":"https:\/\/www.stephaniecesaire.com\/ja\/%e3%82%b7%e3%83%a7%e3%83%83%e3%83%97\/"},{"@type":"ListItem","position":3,"name":"\u30eb\u30cd\u30fb\u4e57\u7528\u99ac \u30ab\u30fc\u30d5\u30ec\u30b6\u30fc\u30fb\u30b4\u30fc\u30eb\u30c9"}]},{"@type":"WebSite","@id":"https:\/\/www.stephaniecesaire.com\/ja\/#website","url":"https:\/\/www.stephaniecesaire.com\/ja\/","name":"St\u00e9phanie C\u00e9saire","description":"Sac cr\u00e9ateur made in France - Maroquinerie de luxe","publisher":{"@id":"https:\/\/www.stephaniecesaire.com\/ja\/#organization"},"potentialAction":[{"@type":"SearchAction","target":{"@type":"EntryPoint","urlTemplate":"https:\/\/www.stephaniecesaire.com\/ja\/?s={search_term_string}"},"query-input":"required name=search_term_string"}],"inLanguage":"ja"},{"@type":"Organization","@id":"https:\/\/www.stephaniecesaire.com\/ja\/#organization","name":"St\u00e9phanie C\u00e9saire","url":"https:\/\/www.stephaniecesaire.com\/ja\/","logo":{"@type":"ImageObject","inLanguage":"ja","@id":"https:\/\/www.stephaniecesaire.com\/ja\/#\/schema\/logo\/image\/","url":"https:\/\/www.stephaniecesaire.com\/wp-content\/uploads\/2023\/10\/favicon.png","contentUrl":"https:\/\/www.stephaniecesaire.com\/wp-content\/uploads\/2023\/10\/favicon.png","width":512,"height":512,"caption":"St\u00e9phanie C\u00e9saire"},"image":{"@id":"https:\/\/www.stephaniecesaire.com\/ja\/#\/schema\/logo\/image\/"},"sameAs":["https:\/\/www.facebook.com\/cesaireparis\/","https:\/\/www.pinterest.fr\/cesaireparis\/","https:\/\/www.instagram.com\/cesaireparis.official\/"]}]}},"_links":{"self":[{"href":"https:\/\/www.stephaniecesaire.com\/ja\/wp-json\/wp\/v2\/product\/41786","targetHints":{"allow":["GET"]}}],"collection":[{"href":"https:\/\/www.stephaniecesaire.com\/ja\/wp-json\/wp\/v2\/product"}],"about":[{"href":"https:\/\/www.stephaniecesaire.com\/ja\/wp-json\/wp\/v2\/types\/product"}],"wp:featuredmedia":[{"embeddable":true,"href":"https:\/\/www.stephaniecesaire.com\/ja\/wp-json\/wp\/v2\/media\/41798"}],"wp:attachment":[{"href":"https:\/\/www.stephaniecesaire.com\/ja\/wp-json\/wp\/v2\/media?parent=41786"}],"wp:term":[{"taxonomy":"product_cat","embeddable":true,"href":"https:\/\/www.stephaniecesaire.com\/ja\/wp-json\/wp\/v2\/product_cat?post=41786"},{"taxonomy":"product_tag","embeddable":true,"href":"https:\/\/www.stephaniecesaire.com\/ja\/wp-json\/wp\/v2\/product_tag?post=41786"}],"curies":[{"name":"wp","href":"https:\/\/api.w.org\/{rel}","templated":true}]}}